{"id":3541,"date":"2017-10-11T15:45:24","date_gmt":"2017-10-11T13:45:24","guid":{"rendered":"http:\/\/www.augen-blicke-afrika.de\/blog\/?page_id=3541"},"modified":"2022-09-19T21:40:07","modified_gmt":"2022-09-19T19:40:07","slug":"calypso-rose-the-lioness-of-the-jungle","status":"publish","type":"page","link":"http:\/\/www.augen-blicke-afrika.de\/blog\/archiv\/archiv-2017\/filme-2017\/calypso-rose-the-lioness-of-the-jungle\/","title":{"rendered":"CALYPSO ROSE &#8211;  The Lioness of the Jungle"},"content":{"rendered":"<table style=\"height: 356px;\" width=\"756\">\n<thead>\n<tr>\n<td>\n<p class=\"hide-if-no-js\"><a id=\"set-post-thumbnail\" class=\"thickbox\" title=\"Beitragsbild festlegen\" href=\"http:\/\/www.augen-blicke-afrika.de\/blog\/wp-admin\/media-upload.php?post_id=1368&amp;type=image&amp;TB_iframe=1\"><img loading=\"lazy\" decoding=\"async\" class=\"attachment-post-thumbnail alignnone\" src=\"http:\/\/www.augen-blicke-afrika.de\/blog\/wp-content\/uploads\/2017\/10\/calypso_rose_paleo.jpg\" alt=\"CALYPSO ROSE - The Lioness of the Jungle\" width=\"573\" height=\"340\"><\/a><\/p>\n<h1>CALYPSO ROSE &#8211; The Lioness of the Jungle<\/h1>\n<h3>Dokumentarfilm, Kamerun \/ Frankreich 2011, R.: Pascale Obolo, 85 Min., engl. OF<\/h3>\n<\/td>\n<\/tr>\n<\/thead>\n<tbody>\n<tr>\n<td>\u201eIch bin nicht zu einer Calypso-S\u00e4ngerin geworden, ich wurde ins \u00adCalypso hineingeboren\u201c, stellt Calypso Rose fest. Schon mit f\u00fcnfzehn Jahren stand sie auf ihrer Heimatinsel Trinidad in der Karibik auf der B\u00fchne. Doch es sollte ein harter Kampf f\u00fcr sie werden, sich in der M\u00e4nnerdom\u00e4ne durchzusetzen. So entwickelte sie sich auch zu einer k\u00e4mpferischen Frauenrechtlerin. Der Film ist ein intimes Portrait der \u201eQueen of Calypso\u201c, der aufzeigt, dass ihre Musik pr\u00e4gend ist f\u00fcr den \u201eAfro-Caribbean Soul\u201c, der auch im Hip-Hop und Reggae zu Hause ist. Die Dokumentation erz\u00e4hlt die Lebensgeschichte der kraftvollen \u00adS\u00e4ngerin mit viel mitrei\u00dfender Musik und f\u00fchrt auch zu ihren famili\u00e4ren Wurzeln in Afrika.<\/td>\n<\/tr>\n<tr>\n<td style=\"border-bottom: none;\">\n<p class=\"hide-if-no-js\"><a id=\"set-post-thumbnail\" class=\"thickbox\" title=\"Beitragsbild festlegen\" href=\"http:\/\/www.augen-blicke-afrika.de\/blog\/wp-admin\/media-upload.php?post_id=1368&amp;type=image&amp;TB_iframe=1\"><img loading=\"lazy\" decoding=\"async\" class=\"attachment-post-thumbnail alignleft\" src=\"http:\/\/www.augen-blicke-afrika.de\/blog\/wp-content\/uploads\/2017\/10\/Calipso-Rose.png\" alt=\"CALYPSO ROSE - The Lioness of the Jungle\" width=\"191\" height=\"136\"><\/a><\/p>\n<p><strong>Pascale Obolo<\/strong>, geb. in Kamerun, hat sich schon fr\u00fch f\u00fcr Kunst und Musik interessiert. Nach ihrem Studium in Frankreich begleitete sie filmisch die Hip-Hop Bewegung und die Szene der Pariser Graffiti-K\u00fcnstler. Sie pro\u00adduzierte Reportagen und Dokumentationen f\u00fcr das \u00adKameruner Fernsehen. \u201eCalypso Rose\u201c wurde beim FESPACO 2013 ausgezeichnet.<\/td>\n<\/tr>\n<\/tbody>\n<\/table>\n<p><iframe loading=\"lazy\" src=\"https:\/\/www.youtube.com\/embed\/N1D2BFg0o0Y\" allowfullscreen=\"allowfullscreen\" width=\"560\" height=\"315\" frameborder=\"0\"><\/iframe><\/p>\n","protected":false},"excerpt":{"rendered":"<p>CALYPSO ROSE &#8211; The Lioness of the Jungle Dokumentarfilm, Kamerun \/ Frankreich 2011, R.: Pascale Obolo, 85 Min., engl. OF \u201eIch bin nicht zu einer Calypso-S\u00e4ngerin geworden, ich wurde ins \u00adCalypso hineingeboren\u201c, stellt Calypso Rose fest. Schon mit f\u00fcnfzehn Jahren &hellip; <a href=\"http:\/\/www.augen-blicke-afrika.de\/blog\/archiv\/archiv-2017\/filme-2017\/calypso-rose-the-lioness-of-the-jungle\/\">Weiterlesen <span class=\"meta-nav\">&rarr;<\/span><\/a><\/p>\n","protected":false},"author":3,"featured_media":5126,"parent":4179,"menu_order":0,"comment_status":"closed","ping_status":"closed","template":"afrika2017_oh.php","meta":{"footnotes":""},"class_list":["post-3541","page","type-page","status-publish","has-post-thumbnail","hentry"],"_links":{"self":[{"href":"http:\/\/www.augen-blicke-afrika.de\/blog\/wp-json\/wp\/v2\/pages\/3541","targetHints":{"allow":["GET"]}}],"collection":[{"href":"http:\/\/www.augen-blicke-afrika.de\/blog\/wp-json\/wp\/v2\/pages"}],"about":[{"href":"http:\/\/www.augen-blicke-afrika.de\/blog\/wp-json\/wp\/v2\/types\/page"}],"author":[{"embeddable":true,"href":"http:\/\/www.augen-blicke-afrika.de\/blog\/wp-json\/wp\/v2\/users\/3"}],"replies":[{"embeddable":true,"href":"http:\/\/www.augen-blicke-afrika.de\/blog\/wp-json\/wp\/v2\/comments?post=3541"}],"version-history":[{"count":4,"href":"http:\/\/www.augen-blicke-afrika.de\/blog\/wp-json\/wp\/v2\/pages\/3541\/revisions"}],"predecessor-version":[{"id":7019,"href":"http:\/\/www.augen-blicke-afrika.de\/blog\/wp-json\/wp\/v2\/pages\/3541\/revisions\/7019"}],"up":[{"embeddable":true,"href":"http:\/\/www.augen-blicke-afrika.de\/blog\/wp-json\/wp\/v2\/pages\/4179"}],"wp:featuredmedia":[{"embeddable":true,"href":"http:\/\/www.augen-blicke-afrika.de\/blog\/wp-json\/wp\/v2\/media\/5126"}],"wp:attachment":[{"href":"http:\/\/www.augen-blicke-afrika.de\/blog\/wp-json\/wp\/v2\/media?parent=3541"}],"curies":[{"name":"wp","href":"https:\/\/api.w.org\/{rel}","templated":true}]}}