{"id":3523,"date":"2017-10-11T15:32:11","date_gmt":"2017-10-11T13:32:11","guid":{"rendered":"http:\/\/www.augen-blicke-afrika.de\/blog\/?page_id=3523"},"modified":"2022-09-19T21:47:29","modified_gmt":"2022-09-19T19:47:29","slug":"kurzfilme-2","status":"publish","type":"page","link":"http:\/\/www.augen-blicke-afrika.de\/blog\/archiv\/archiv-2017\/filme-2017\/kurzfilme-2\/","title":{"rendered":"KURZFILME"},"content":{"rendered":"<h1>KURZFILME<\/h1>\n<table style=\"height: 356px;\" width=\"756\">\n<tbody>\n<tr>\n<td>\n<p class=\"hide-if-no-js\">DRY HOT SUMMERS<\/p>\n<h3>\u00c4gypten \/ Deutschland 2015, R.: Sherif El Bendary, 30 Min., arab. OF, dt. UT<\/h3>\n<p>In einem Taxi in Kairo kreuzen sich die Wege von Shawky, einem gebrechlichen alten Mann, der an Krebs leidet, und der jungen Doa, die sich hektisch auf ihre Hochzeit vorbereitet. &nbsp;In der Sommerhitze der von Fahrzeugen verstopften und staubigen Stadt verbringen sie ungewollt einen Tag zusammen, an dem sie sich und ihr Leben neu entdecken.<br \/>\n<strong>Sherif El Bendary<\/strong>, geb. 1978, lebt und arbeitet in \u00c4gypten. Er ist Absolvent des Instituts \u00adangewandter K\u00fcnste in Kairo. Er hat mehrere Spiel- und Dokumentarfilme gedreht.<\/td>\n<\/tr>\n<tr>\n<td>\n<p class=\"hide-if-no-js\">SILENCE<\/p>\n<h3>Kongo \/ Frankreich 2016, R.: Glad Amog Lemra, 14 Min., OF, engl. UT<\/h3>\n<p>Eine lange Menschenschlange vor dem B\u00fcro des Pr\u00e4sidenten. M\u00e4nner und Frauen warten wie \u00adMarionetten darauf, vorgelassen zu werden. Drinnen verteilt der Diktator unter der Aufsicht eines wei\u00dfen Mannes willk\u00fcrlich Posten und die Bodensch\u00e4tze des Landes. &nbsp;\u201eSchweigen\u201c, ein Film ohne Worte, stellt symbolisch afrikanische Vergangenheit und Gegenwart dar.<br \/>\n<strong>Glad Amog Lemra<\/strong>, kongolesischer Regisseur und Autor, lebt in Frankreich.<\/td>\n<\/tr>\n<tr>\n<td>\n<p class=\"hide-if-no-js\">A PLACE OF MYSELF<\/p>\n<h3>Ruanda 2016, R.: Marie Clementine Dusabejambo, 22 Min., OF, engl. UT<\/h3>\n<p>Die f\u00fcnfj\u00e4hrige Elikia besucht die Grundschule und ist eine eifrige Sch\u00fclerin. Aber sie ist eine Aus\u00adgesto\u00dfene, weil sie eine angeborene Pigmentst\u00f6rung hat, ihre Haut und ihre Haare sind wei\u00df. Sie leidet sehr unter dem &nbsp;Wort \u201eAlbino\u201c, das ihr die Mitsch\u00fcler h\u00e4nselnd entgegen rufen. Elikia ist entmutigt, will nicht mehr in die Schule, aber ihre Mutter k\u00e4mpft f\u00fcr sie. Und schlie\u00dflich hat sie eine Idee.<br \/>\n<strong>Marie Clementine Dusabejambo<\/strong>, 1987 in Ruanda geboren, realisierte mehrere \u00adKurzfilme in ihrer Heimat.<\/td>\n<\/tr>\n<tr>\n<td>\n<p class=\"hide-if-no-js\">LODGERS<\/p>\n<h3>England 2016, R.: Keni Ogunlola, 23 Min., engl. OF<\/h3>\n<p>England braucht gut ausgebildete Arbeitskr\u00e4fte und sucht diese weltweit. Tony und Carol aus Nigeria, beide &nbsp;Akademiker mit Berufserfahrung, wollen diese Chance ergreifen. Aber schon bei der Einreise auf dem Londoner Flughafen sto\u00dfen sie auf Hindernisse. Inspiriert von realen Erlebnissen inszeniert Keni Ogunlola eine groteske Kom\u00f6die.<br \/>\n<strong>Keni Ogunlola<\/strong> lebt in England. Er arbeitet als Schauspieler und Drehbuchautor. Er hat mehrere Kurzfilme realisiert.<\/td>\n<\/tr>\n<tr>\n<td style=\"border-bottom: none;\">\n<p class=\"hide-if-no-js\">GERRETA<\/p>\n<h3>\u00c4thiopien 2015, R.: Mantegaftot Sileshi Siyoum, 8 Min., Amharisch OF, dt. UT<\/h3>\n<p>Die Familie ist arm, die zwei kleinen Kinder haben Hunger. Der Vater macht sich auf, um Arbeit zu finden. Wenig sp\u00e4ter in einer B\u00e4ckerei: Ein Mann ruft pl\u00f6tzlich \u201eDieb\u201c und zeigt auf den jungen Vater. Eine wilde Hatz beginnt!<br \/>\n<strong>Mantegaftot Sileshi Siyoum<\/strong>, geboren in &nbsp;Addis Abeba, \u00c4thiopien, studierte Theater\u00adwissenschaften. Seit 2007 lebt er in Deutschland und arbeitet f\u00fcr die Deutsche Welle.<\/td>\n<\/tr>\n<\/tbody>\n<\/table>\n<p>&nbsp;<\/p>\n","protected":false},"excerpt":{"rendered":"<p>KURZFILME DRY HOT SUMMERS \u00c4gypten \/ Deutschland 2015, R.: Sherif El Bendary, 30 Min., arab. OF, dt. UT In einem Taxi in Kairo kreuzen sich die Wege von Shawky, einem gebrechlichen alten Mann, der an Krebs leidet, und der jungen &hellip; <a href=\"http:\/\/www.augen-blicke-afrika.de\/blog\/archiv\/archiv-2017\/filme-2017\/kurzfilme-2\/\">Weiterlesen <span class=\"meta-nav\">&rarr;<\/span><\/a><\/p>\n","protected":false},"author":3,"featured_media":5126,"parent":4179,"menu_order":0,"comment_status":"closed","ping_status":"closed","template":"afrika2017_oh.php","meta":{"footnotes":""},"class_list":["post-3523","page","type-page","status-publish","has-post-thumbnail","hentry"],"_links":{"self":[{"href":"http:\/\/www.augen-blicke-afrika.de\/blog\/wp-json\/wp\/v2\/pages\/3523","targetHints":{"allow":["GET"]}}],"collection":[{"href":"http:\/\/www.augen-blicke-afrika.de\/blog\/wp-json\/wp\/v2\/pages"}],"about":[{"href":"http:\/\/www.augen-blicke-afrika.de\/blog\/wp-json\/wp\/v2\/types\/page"}],"author":[{"embeddable":true,"href":"http:\/\/www.augen-blicke-afrika.de\/blog\/wp-json\/wp\/v2\/users\/3"}],"replies":[{"embeddable":true,"href":"http:\/\/www.augen-blicke-afrika.de\/blog\/wp-json\/wp\/v2\/comments?post=3523"}],"version-history":[{"count":12,"href":"http:\/\/www.augen-blicke-afrika.de\/blog\/wp-json\/wp\/v2\/pages\/3523\/revisions"}],"predecessor-version":[{"id":7030,"href":"http:\/\/www.augen-blicke-afrika.de\/blog\/wp-json\/wp\/v2\/pages\/3523\/revisions\/7030"}],"up":[{"embeddable":true,"href":"http:\/\/www.augen-blicke-afrika.de\/blog\/wp-json\/wp\/v2\/pages\/4179"}],"wp:featuredmedia":[{"embeddable":true,"href":"http:\/\/www.augen-blicke-afrika.de\/blog\/wp-json\/wp\/v2\/media\/5126"}],"wp:attachment":[{"href":"http:\/\/www.augen-blicke-afrika.de\/blog\/wp-json\/wp\/v2\/media?parent=3523"}],"curies":[{"name":"wp","href":"https:\/\/api.w.org\/{rel}","templated":true}]}}