{"id":3517,"date":"2017-10-11T14:50:52","date_gmt":"2017-10-11T12:50:52","guid":{"rendered":"http:\/\/www.augen-blicke-afrika.de\/blog\/?page_id=3517"},"modified":"2022-09-19T21:48:15","modified_gmt":"2022-09-19T19:48:15","slug":"larbre-sans-fruit","status":"publish","type":"page","link":"http:\/\/www.augen-blicke-afrika.de\/blog\/archiv\/archiv-2017\/filme-2017\/larbre-sans-fruit\/","title":{"rendered":"L\u2019ARBRE SANS FRUIT"},"content":{"rendered":"<table style=\"height: 356px;\" width=\"756\">\n<thead>\n<tr>\n<td>\n<p class=\"hide-if-no-js\"><a id=\"set-post-thumbnail\" class=\"thickbox\" title=\"Beitragsbild festlegen\" href=\"http:\/\/www.augen-blicke-afrika.de\/blog\/wp-admin\/media-upload.php?post_id=1368&amp;type=image&amp;TB_iframe=1\"><img loading=\"lazy\" decoding=\"async\" class=\"attachment-post-thumbnail alignnone\" src=\"http:\/\/www.augen-blicke-afrika.de\/blog\/wp-content\/uploads\/2017\/10\/index-1.jpg\" alt=\"L\u2019ARBRE SANS FRUIT\" width=\"573\" height=\"340\"><\/a><\/p>\n<h1>L\u2019ARBRE SANS FRUIT<\/h1>\n<h3>Dokumentarfilm, Niger 2016, R.: A\u00efcha Macky, 52 Min., Haussa \/ frz. OF, engl. UT<\/h3>\n<\/td>\n<\/tr>\n<\/thead>\n<tbody>\n<tr>\n<td>Verheiratet aber kinderlos &#8211; damit erf\u00fcllt eine Frau im Niger nicht die Rolle, die von ihr gesellschaftlich erwartet wird. A\u00efcha Macky, die Regisseurin des Films, ist selbst betroffen. Im Film wendet sie sich Trost suchend an ihre fr\u00fch verstorbene Mutter. Durch dieses Stilmittel entwickelt die Dokumentation gro\u00dfe N\u00e4he und Sensibilit\u00e4t in der Darstellung eines Themas, das viele Frauen betrifft. Weil sie nicht akzeptieren will, dass Kinderlosigkeit Hexerei oder Gottes Wille und eine betroffene Frau \u201ewertlos\u201c ist, geht A\u00efcha Macky mit diesem Film in die \u00d6ffentlichkeit \u2013 ein Tabubruch in der patriarchalischen Gesellschaft ihres Landes.<\/td>\n<\/tr>\n<tr>\n<td style=\"border-bottom: none;\"><strong>A\u00efcha Macky<\/strong>, geb.1982 im Niger, studierte Soziologie an der Universit\u00e4t von Niamey. Ihren Master in Dokumentarfilm erhielt sie von der Universit\u00e4t Gaston Berger in St. Louis, Senegal. \u201eL&#8217;arbre sans fruit\u201c ist ihr Deb\u00fct im langen \u00adDokumentarfilm.<\/td>\n<\/tr>\n<\/tbody>\n<\/table>\n<p>&nbsp;<\/p>\n","protected":false},"excerpt":{"rendered":"<p>L\u2019ARBRE SANS FRUIT Dokumentarfilm, Niger 2016, R.: A\u00efcha Macky, 52 Min., Haussa \/ frz. OF, engl. UT Verheiratet aber kinderlos &#8211; damit erf\u00fcllt eine Frau im Niger nicht die Rolle, die von ihr gesellschaftlich erwartet wird. A\u00efcha Macky, die Regisseurin &hellip; <a href=\"http:\/\/www.augen-blicke-afrika.de\/blog\/archiv\/archiv-2017\/filme-2017\/larbre-sans-fruit\/\">Weiterlesen <span class=\"meta-nav\">&rarr;<\/span><\/a><\/p>\n","protected":false},"author":3,"featured_media":5126,"parent":4179,"menu_order":0,"comment_status":"closed","ping_status":"closed","template":"afrika2017_oh.php","meta":{"footnotes":""},"class_list":["post-3517","page","type-page","status-publish","has-post-thumbnail","hentry"],"_links":{"self":[{"href":"http:\/\/www.augen-blicke-afrika.de\/blog\/wp-json\/wp\/v2\/pages\/3517","targetHints":{"allow":["GET"]}}],"collection":[{"href":"http:\/\/www.augen-blicke-afrika.de\/blog\/wp-json\/wp\/v2\/pages"}],"about":[{"href":"http:\/\/www.augen-blicke-afrika.de\/blog\/wp-json\/wp\/v2\/types\/page"}],"author":[{"embeddable":true,"href":"http:\/\/www.augen-blicke-afrika.de\/blog\/wp-json\/wp\/v2\/users\/3"}],"replies":[{"embeddable":true,"href":"http:\/\/www.augen-blicke-afrika.de\/blog\/wp-json\/wp\/v2\/comments?post=3517"}],"version-history":[{"count":2,"href":"http:\/\/www.augen-blicke-afrika.de\/blog\/wp-json\/wp\/v2\/pages\/3517\/revisions"}],"predecessor-version":[{"id":7031,"href":"http:\/\/www.augen-blicke-afrika.de\/blog\/wp-json\/wp\/v2\/pages\/3517\/revisions\/7031"}],"up":[{"embeddable":true,"href":"http:\/\/www.augen-blicke-afrika.de\/blog\/wp-json\/wp\/v2\/pages\/4179"}],"wp:featuredmedia":[{"embeddable":true,"href":"http:\/\/www.augen-blicke-afrika.de\/blog\/wp-json\/wp\/v2\/media\/5126"}],"wp:attachment":[{"href":"http:\/\/www.augen-blicke-afrika.de\/blog\/wp-json\/wp\/v2\/media?parent=3517"}],"curies":[{"name":"wp","href":"https:\/\/api.w.org\/{rel}","templated":true}]}}