{"id":3505,"date":"2017-10-11T14:40:43","date_gmt":"2017-10-11T12:40:43","guid":{"rendered":"http:\/\/www.augen-blicke-afrika.de\/blog\/?page_id=3505"},"modified":"2022-09-19T21:51:03","modified_gmt":"2022-09-19T19:51:03","slug":"massafat-mile-bihidayi-a-mile-in-my-shoes","status":"publish","type":"page","link":"http:\/\/www.augen-blicke-afrika.de\/blog\/archiv\/archiv-2017\/filme-2017\/massafat-mile-bihidayi-a-mile-in-my-shoes\/","title":{"rendered":"MASSAFAT MILE BIHIDAYI &#8211;  A Mile in my Shoes"},"content":{"rendered":"<table style=\"height: 356px;\" width=\"756\">\n<thead>\n<tr>\n<td>\n<p class=\"hide-if-no-js\"><a id=\"set-post-thumbnail\" class=\"thickbox\" title=\"Beitragsbild festlegen\" href=\"http:\/\/www.augen-blicke-afrika.de\/blog\/wp-admin\/media-upload.php?post_id=1368&amp;type=image&amp;TB_iframe=1\"><img loading=\"lazy\" decoding=\"async\" class=\"attachment-post-thumbnail alignnone\" src=\"http:\/\/www.augen-blicke-afrika.de\/blog\/wp-content\/uploads\/2017\/10\/hq720-e1507725352791.jpg\" alt=\"MASSAFAT MILE BIHIDAYI - A Mile in my Shoes\" width=\"573\" height=\"340\"><\/a><\/p>\n<h1>MASSAFAT MILE BIHIDAYI &#8211; A Mile in my Shoes<\/h1>\n<h3>Marokko 2016, R.: Sa\u00efd Khallaf, 115 Min., arab. OF, engl. UT<\/h3>\n<\/td>\n<\/tr>\n<\/thead>\n<tbody>\n<tr>\n<td>Saeed hat es nicht leicht gehabt in seinem Leben. Aufgewachsen im Armutsviertel von Casablanca ist er schon fr\u00fch mit den verschiedensten Formen physischer Gewalt konfrontiert. So beschlie\u00dft er als \u00adJugendlicher, sich an einer Gesellschaft zu r\u00e4chen, die ihm keine Chance bietet, die ihn abgeschrieben hat. In diesem Psychothriller sitzt Saeed als erwachsener Mann einer \u00adeinf\u00fchlsamen Journalistin gegen\u00fcber, die ihn motiviert, sich seiner \u00adVergangenheit zu stellen, sich an Schl\u00fcsselsituationen seines Lebens zu erinnern. Der Film bildet seine Lebensgeschichte auf vier Zeit\u00adebenen ab, jeweils in unterschiedlichen Darstellungsformen.<\/td>\n<\/tr>\n<tr>\n<td style=\"border-bottom: none;\">\n<p class=\"hide-if-no-js\"><a id=\"set-post-thumbnail\" class=\"thickbox\" title=\"Beitragsbild festlegen\" href=\"http:\/\/www.augen-blicke-afrika.de\/blog\/wp-admin\/media-upload.php?post_id=1368&amp;type=image&amp;TB_iframe=1\"><img loading=\"lazy\" decoding=\"async\" class=\"attachment-post-thumbnail alignleft\" src=\"http:\/\/www.augen-blicke-afrika.de\/blog\/wp-content\/uploads\/2017\/10\/V1_.jpg\" alt=\"MASSAFAT MILE BIHIDAYI - A Mile in my Shoes\" width=\"191\" height=\"136\"><\/a><\/p>\n<p><strong>Sa\u00efd Khallaf<\/strong>, marokkanischer Regisseur und \u00adDrehbuchautor, beendete 2005 sein Filmstudium in Kanada. Er widmete sich zun\u00e4chst dem Theater, \u00adsp\u00e4ter realisierte er diverse Kurzfilme und schrieb Drehb\u00fccher f\u00fcr marokkanische Regisseure. \u201eA mile in my Shoes\u201c, sein erster Langspielfilm, erhielt zahlreiche Preise auf afrikanischen Filmfestivals und in Kanada.<\/td>\n<\/tr>\n<\/tbody>\n<\/table>\n<p><iframe loading=\"lazy\" style=\"width: 560px; height: 315px;\" src=\"http:\/\/www.adorocinema.com\/_video\/iblogvision.aspx?cmedia=19551867\" width=\"560\" height=\"315\"><\/iframe><\/p>\n","protected":false},"excerpt":{"rendered":"<p>MASSAFAT MILE BIHIDAYI &#8211; A Mile in my Shoes Marokko 2016, R.: Sa\u00efd Khallaf, 115 Min., arab. OF, engl. UT Saeed hat es nicht leicht gehabt in seinem Leben. Aufgewachsen im Armutsviertel von Casablanca ist er schon fr\u00fch mit den &hellip; <a href=\"http:\/\/www.augen-blicke-afrika.de\/blog\/archiv\/archiv-2017\/filme-2017\/massafat-mile-bihidayi-a-mile-in-my-shoes\/\">Weiterlesen <span class=\"meta-nav\">&rarr;<\/span><\/a><\/p>\n","protected":false},"author":3,"featured_media":5126,"parent":4179,"menu_order":0,"comment_status":"closed","ping_status":"closed","template":"afrika2017_oh.php","meta":{"footnotes":""},"class_list":["post-3505","page","type-page","status-publish","has-post-thumbnail","hentry"],"_links":{"self":[{"href":"http:\/\/www.augen-blicke-afrika.de\/blog\/wp-json\/wp\/v2\/pages\/3505","targetHints":{"allow":["GET"]}}],"collection":[{"href":"http:\/\/www.augen-blicke-afrika.de\/blog\/wp-json\/wp\/v2\/pages"}],"about":[{"href":"http:\/\/www.augen-blicke-afrika.de\/blog\/wp-json\/wp\/v2\/types\/page"}],"author":[{"embeddable":true,"href":"http:\/\/www.augen-blicke-afrika.de\/blog\/wp-json\/wp\/v2\/users\/3"}],"replies":[{"embeddable":true,"href":"http:\/\/www.augen-blicke-afrika.de\/blog\/wp-json\/wp\/v2\/comments?post=3505"}],"version-history":[{"count":3,"href":"http:\/\/www.augen-blicke-afrika.de\/blog\/wp-json\/wp\/v2\/pages\/3505\/revisions"}],"predecessor-version":[{"id":7036,"href":"http:\/\/www.augen-blicke-afrika.de\/blog\/wp-json\/wp\/v2\/pages\/3505\/revisions\/7036"}],"up":[{"embeddable":true,"href":"http:\/\/www.augen-blicke-afrika.de\/blog\/wp-json\/wp\/v2\/pages\/4179"}],"wp:featuredmedia":[{"embeddable":true,"href":"http:\/\/www.augen-blicke-afrika.de\/blog\/wp-json\/wp\/v2\/media\/5126"}],"wp:attachment":[{"href":"http:\/\/www.augen-blicke-afrika.de\/blog\/wp-json\/wp\/v2\/media?parent=3505"}],"curies":[{"name":"wp","href":"https:\/\/api.w.org\/{rel}","templated":true}]}}