{"id":3497,"date":"2017-10-11T14:31:50","date_gmt":"2017-10-11T12:31:50","guid":{"rendered":"http:\/\/www.augen-blicke-afrika.de\/blog\/?page_id=3497"},"modified":"2022-09-19T21:51:37","modified_gmt":"2022-09-19T19:51:37","slug":"medan-vi-lever-while-we-live","status":"publish","type":"page","link":"http:\/\/www.augen-blicke-afrika.de\/blog\/archiv\/archiv-2017\/filme-2017\/medan-vi-lever-while-we-live\/","title":{"rendered":"MEDAN VI LEVER &#8211;  While we Live"},"content":{"rendered":"<table style=\"height: 356px;\" width=\"756\">\n<thead>\n<tr>\n<td>\n<p class=\"hide-if-no-js\"><a id=\"set-post-thumbnail\" class=\"thickbox\" title=\"Beitragsbild festlegen\" href=\"http:\/\/www.augen-blicke-afrika.de\/blog\/wp-admin\/media-upload.php?post_id=1368&amp;type=image&amp;TB_iframe=1\"><img loading=\"lazy\" decoding=\"async\" class=\"attachment-post-thumbnail alignnone\" src=\"http:\/\/www.augen-blicke-afrika.de\/blog\/wp-content\/uploads\/2017\/10\/d5ac8374-1bef-4755-b4f3-715531472cc8-1.jpg\" alt=\"MEDAN VI LEVER - While we Live\" width=\"573\" height=\"340\"><\/a><\/p>\n<h1>MEDAN VI LEVER &#8211; While we Live<\/h1>\n<h3>Schweden \/ Burkina Faso 2016, R.: Dani Kouyat\u00e9, 89 Min., schwed. \/ engl. \/ Mandingo OF, engl. UT<\/h3>\n<\/td>\n<\/tr>\n<\/thead>\n<tbody>\n<tr>\n<td>Kandia, geboren in Gambia, lebt seit drei\u00dfig Jahren in Schweden. Sie arbeitet als \u00c4rztin und muss ihren Sohn Ibbe nach dem fr\u00fchen Tod ihres schwedischen Mannes alleine gro\u00dfziehen. Inzwischen ist sie Mitte f\u00fcnfzig, ihr Sohn entgleitet ihr immer mehr. Ihn interessiert nur eine Karriere als Hip-Hopper. Auch die schwedischen Gro\u00dfeltern sind ratlos und selbst auf der Suche nach neuen Lebensinhalten als Rentner. Der vertrauensw\u00fcrdige Ansprechpartner f\u00fcr alle ist der Taxifahrer Sekou, einst selbst aus Gambia gekommen. Kandia f\u00fchlt sich zunehmend fremd und alleine in der schwedischen Gesellschaft und beschlie\u00dft, in ihre alte Heimat zur\u00fcckzukehren. Als sich Ibbes Tr\u00e4ume von einer Musikerkarriere zerschlagen und er in eine schwere Depression verf\u00e4llt, schickt ihn \u201eOnkel\u201c Sekou auch nach Gambia. Und dort kann er endlich die Musik machen, die ihm Spa\u00df macht, und auch seiner Mutter wird klar, wo sie hingeh\u00f6rt. Der Film beleuchtet vielschichtig die Suche nach Identit\u00e4t &#8211; ein sehr universelles Thema!<\/td>\n<\/tr>\n<tr>\n<td style=\"border-bottom: none;\">\n<p class=\"hide-if-no-js\"><a id=\"set-post-thumbnail\" class=\"thickbox\" title=\"Beitragsbild festlegen\" href=\"http:\/\/www.augen-blicke-afrika.de\/blog\/wp-admin\/media-upload.php?post_id=1368&amp;type=image&amp;TB_iframe=1\"><img loading=\"lazy\" decoding=\"async\" class=\"attachment-post-thumbnail alignleft\" src=\"http:\/\/www.augen-blicke-afrika.de\/blog\/wp-content\/uploads\/2017\/10\/PastedGraphic-6.jpg\" alt=\"MEDAN VI LEVER - While we Live\" width=\"191\" height=\"136\"><\/a><\/p>\n<p><strong>Dani Kouyat\u00e9<\/strong>, geb. 1961 in Obervolta \/ Burkina Faso, lebt heute in Schweden. Er absolvierte eine Filmaus\u00adbildung in Ouagadougo und Paris. Ab 1989 drehte er \u00adzun\u00e4chst Kurzfilme. 1995 folgte der mehrfach aus\u00adgezeichnete Spielfilm \u201eDas Erbe des Griots\u201c und 2013 \u00ad\u201eSoleils\u201c.<\/td>\n<\/tr>\n<\/tbody>\n<\/table>\n<p><iframe loading=\"lazy\" src=\"https:\/\/www.youtube.com\/embed\/LtHkB1wkick\" allowfullscreen=\"allowfullscreen\" width=\"560\" height=\"315\" frameborder=\"0\"><\/iframe><\/p>\n","protected":false},"excerpt":{"rendered":"<p>MEDAN VI LEVER &#8211; While we Live Schweden \/ Burkina Faso 2016, R.: Dani Kouyat\u00e9, 89 Min., schwed. \/ engl. \/ Mandingo OF, engl. UT Kandia, geboren in Gambia, lebt seit drei\u00dfig Jahren in Schweden. Sie arbeitet als \u00c4rztin und &hellip; <a href=\"http:\/\/www.augen-blicke-afrika.de\/blog\/archiv\/archiv-2017\/filme-2017\/medan-vi-lever-while-we-live\/\">Weiterlesen <span class=\"meta-nav\">&rarr;<\/span><\/a><\/p>\n","protected":false},"author":3,"featured_media":5126,"parent":4179,"menu_order":0,"comment_status":"closed","ping_status":"closed","template":"afrika2017_oh.php","meta":{"footnotes":""},"class_list":["post-3497","page","type-page","status-publish","has-post-thumbnail","hentry"],"_links":{"self":[{"href":"http:\/\/www.augen-blicke-afrika.de\/blog\/wp-json\/wp\/v2\/pages\/3497","targetHints":{"allow":["GET"]}}],"collection":[{"href":"http:\/\/www.augen-blicke-afrika.de\/blog\/wp-json\/wp\/v2\/pages"}],"about":[{"href":"http:\/\/www.augen-blicke-afrika.de\/blog\/wp-json\/wp\/v2\/types\/page"}],"author":[{"embeddable":true,"href":"http:\/\/www.augen-blicke-afrika.de\/blog\/wp-json\/wp\/v2\/users\/3"}],"replies":[{"embeddable":true,"href":"http:\/\/www.augen-blicke-afrika.de\/blog\/wp-json\/wp\/v2\/comments?post=3497"}],"version-history":[{"count":4,"href":"http:\/\/www.augen-blicke-afrika.de\/blog\/wp-json\/wp\/v2\/pages\/3497\/revisions"}],"predecessor-version":[{"id":7037,"href":"http:\/\/www.augen-blicke-afrika.de\/blog\/wp-json\/wp\/v2\/pages\/3497\/revisions\/7037"}],"up":[{"embeddable":true,"href":"http:\/\/www.augen-blicke-afrika.de\/blog\/wp-json\/wp\/v2\/pages\/4179"}],"wp:featuredmedia":[{"embeddable":true,"href":"http:\/\/www.augen-blicke-afrika.de\/blog\/wp-json\/wp\/v2\/media\/5126"}],"wp:attachment":[{"href":"http:\/\/www.augen-blicke-afrika.de\/blog\/wp-json\/wp\/v2\/media?parent=3497"}],"curies":[{"name":"wp","href":"https:\/\/api.w.org\/{rel}","templated":true}]}}