{"id":3491,"date":"2017-10-11T14:25:16","date_gmt":"2017-10-11T12:25:16","guid":{"rendered":"http:\/\/www.augen-blicke-afrika.de\/blog\/?page_id=3491"},"modified":"2022-09-19T21:40:38","modified_gmt":"2022-09-19T19:40:38","slug":"a-story-of-sahel-sounds","status":"publish","type":"page","link":"http:\/\/www.augen-blicke-afrika.de\/blog\/archiv\/archiv-2017\/filme-2017\/a-story-of-sahel-sounds\/","title":{"rendered":"A STORY OF SAHEL SOUNDS"},"content":{"rendered":"<table style=\"height: 356px;\" width=\"756\">\n<thead>\n<tr>\n<td>\n<p class=\"hide-if-no-js\"><a id=\"set-post-thumbnail\" class=\"thickbox\" title=\"Beitragsbild festlegen\" href=\"http:\/\/www.augen-blicke-afrika.de\/blog\/wp-admin\/media-upload.php?post_id=1368&amp;type=image&amp;TB_iframe=1\"><img loading=\"lazy\" decoding=\"async\" class=\"attachment-post-thumbnail alignnone\" src=\"http:\/\/www.augen-blicke-afrika.de\/blog\/wp-content\/uploads\/2017\/10\/A_Story_of_-Sahel_Sounds_2.jpg\" alt=\"A STORY OF SAHEL SOUNDS\" width=\"573\" height=\"340\"><\/a><\/p>\n<h1>A STORY OF SAHEL SOUNDS<\/h1>\n<h3>Dokumentarfilm, Deutschland 2016, R.: neopan kollektiv, 82 Min., engl. \/ frz. \/ Tamasheq OF, dt. UT<\/h3>\n<\/td>\n<\/tr>\n<\/thead>\n<tbody>\n<tr>\n<td>Sahel Blues &#8211; die Musik der W\u00fcste! Bekannte Vertreter dieses Sounds wie Bombino, Tamikrest, Mdou Moctar und Tinariwen touren mittlerweile regelm\u00e4\u00dfig durch Europa und den Rest der westlichen Welt. Das Filmkollektiv trifft und begleitet den Amerikaner Christopher \u00adKirkley, der fasziniert ist von den musikalischen Sch\u00e4tzen im Niger. Sein Projekt \u201eSahel Sounds\u201c ist Blog, Schallplattenlabel und vor allem eine Plattform, \u00fcber die er Kunst und Musik aus dem Sahel abseits des Mainstreams ver\u00f6ffentlicht. Kirkley begibt sich auf Spurensuche von der Hauptstadt Niamey bis nach Agadez und trifft dabei an entlegenen Orten auf die unterschiedlichsten Musiker, w\u00fchlt in verstaubten \u00adArchiven und erlebt spontane Konzerte unterm Sternenhimmel, bei denen der typische Gitarrensound der modernen Sahel-Musik erst \u00aderklingt, nachdem die Elektrik m\u00fchsam zusammengebastelt ist.<\/td>\n<\/tr>\n<tr>\n<td style=\"border-bottom: none;\">\n<p class=\"hide-if-no-js\"><a id=\"set-post-thumbnail\" class=\"thickbox\" title=\"Beitragsbild festlegen\" href=\"http:\/\/www.augen-blicke-afrika.de\/blog\/wp-admin\/media-upload.php?post_id=1368&amp;type=image&amp;TB_iframe=1\"><img loading=\"lazy\" decoding=\"async\" class=\"attachment-post-thumbnail alignleft\" src=\"http:\/\/www.augen-blicke-afrika.de\/blog\/wp-content\/uploads\/2017\/10\/264_n.jpg\" alt=\"A STORY OF SAHEL SOUNDS\" width=\"191\" height=\"136\"><\/a><\/p>\n<p><strong>neopan kollektiv Stuttgart:<\/strong><br \/>\n<strong>Tobias Adam<\/strong>, Set-Ton und Sounddesign<br \/>\n<strong>Markus Milcke<\/strong>, Fotograf und Kameramann<br \/>\n<strong>Florian Kl\u00e4ger<\/strong>, Filmschnitt<\/td>\n<\/tr>\n<\/tbody>\n<\/table>\n<p><iframe loading=\"lazy\" src=\"https:\/\/www.youtube.com\/embed\/bTrqtL6x3gg\" allowfullscreen=\"allowfullscreen\" width=\"560\" height=\"315\" frameborder=\"0\"><\/iframe><\/p>\n","protected":false},"excerpt":{"rendered":"<p>A STORY OF SAHEL SOUNDS Dokumentarfilm, Deutschland 2016, R.: neopan kollektiv, 82 Min., engl. \/ frz. \/ Tamasheq OF, dt. UT Sahel Blues &#8211; die Musik der W\u00fcste! Bekannte Vertreter dieses Sounds wie Bombino, Tamikrest, Mdou Moctar und Tinariwen touren &hellip; <a href=\"http:\/\/www.augen-blicke-afrika.de\/blog\/archiv\/archiv-2017\/filme-2017\/a-story-of-sahel-sounds\/\">Weiterlesen <span class=\"meta-nav\">&rarr;<\/span><\/a><\/p>\n","protected":false},"author":3,"featured_media":5126,"parent":4179,"menu_order":0,"comment_status":"closed","ping_status":"closed","template":"afrika2017_oh.php","meta":{"footnotes":""},"class_list":["post-3491","page","type-page","status-publish","has-post-thumbnail","hentry"],"_links":{"self":[{"href":"http:\/\/www.augen-blicke-afrika.de\/blog\/wp-json\/wp\/v2\/pages\/3491","targetHints":{"allow":["GET"]}}],"collection":[{"href":"http:\/\/www.augen-blicke-afrika.de\/blog\/wp-json\/wp\/v2\/pages"}],"about":[{"href":"http:\/\/www.augen-blicke-afrika.de\/blog\/wp-json\/wp\/v2\/types\/page"}],"author":[{"embeddable":true,"href":"http:\/\/www.augen-blicke-afrika.de\/blog\/wp-json\/wp\/v2\/users\/3"}],"replies":[{"embeddable":true,"href":"http:\/\/www.augen-blicke-afrika.de\/blog\/wp-json\/wp\/v2\/comments?post=3491"}],"version-history":[{"count":4,"href":"http:\/\/www.augen-blicke-afrika.de\/blog\/wp-json\/wp\/v2\/pages\/3491\/revisions"}],"predecessor-version":[{"id":7020,"href":"http:\/\/www.augen-blicke-afrika.de\/blog\/wp-json\/wp\/v2\/pages\/3491\/revisions\/7020"}],"up":[{"embeddable":true,"href":"http:\/\/www.augen-blicke-afrika.de\/blog\/wp-json\/wp\/v2\/pages\/4179"}],"wp:featuredmedia":[{"embeddable":true,"href":"http:\/\/www.augen-blicke-afrika.de\/blog\/wp-json\/wp\/v2\/media\/5126"}],"wp:attachment":[{"href":"http:\/\/www.augen-blicke-afrika.de\/blog\/wp-json\/wp\/v2\/media?parent=3491"}],"curies":[{"name":"wp","href":"https:\/\/api.w.org\/{rel}","templated":true}]}}