{"id":3482,"date":"2017-10-11T13:23:32","date_gmt":"2017-10-11T11:23:32","guid":{"rendered":"http:\/\/www.augen-blicke-afrika.de\/blog\/?page_id=3482"},"modified":"2022-09-19T21:45:43","modified_gmt":"2022-09-19T19:45:43","slug":"inxeba-the-wound","status":"publish","type":"page","link":"http:\/\/www.augen-blicke-afrika.de\/blog\/archiv\/archiv-2017\/filme-2017\/inxeba-the-wound\/","title":{"rendered":"INXEBA &#8211;  The Wound"},"content":{"rendered":"<table style=\"height: 356px;\" width=\"756\">\n<thead>\n<tr>\n<td>\n<p class=\"hide-if-no-js\"><a id=\"set-post-thumbnail\" class=\"thickbox\" title=\"Beitragsbild festlegen\" href=\"http:\/\/www.augen-blicke-afrika.de\/blog\/wp-admin\/media-upload.php?post_id=1368&amp;type=image&amp;TB_iframe=1\"><img loading=\"lazy\" decoding=\"async\" class=\"attachment-post-thumbnail alignnone\" src=\"http:\/\/www.augen-blicke-afrika.de\/blog\/wp-content\/uploads\/2017\/10\/3-formatOriginal-1.jpg\" alt=\"INXEBA - The Wound\" width=\"573\" height=\"340\"><\/a><\/p>\n<h1>INXEBA &#8211; The Wound<\/h1>\n<h3>S\u00fcdafrika 2016, R.: John Trengove, 89 Min., Xhosa OF, dt. UT<\/h3>\n<\/td>\n<\/tr>\n<\/thead>\n<tbody>\n<tr>\n<td>Eastern Cape, S\u00fcdafrika: Der einsame, allein lebende Fabrikarbeiter Xolani nimmt sich eine Auszeit von seinem Job, um als Helfer das j\u00e4hrliche Beschneidungsritual der Xhosa zu begleiten, das den \u00dcbergang zum Mannesalter markiert. W\u00e4hrend dieser von Machismo und Aggressionen gepr\u00e4gten Initiationszeit k\u00fcmmert sich Xolani um den jungen Kwanda, der auf Wunsch seines Vaters das traditionelle Ritual durchstehen muss. Schon bald kommt der aufm\u00fcpfige Stadtjunge hinter das bestgeh\u00fctete Geheimnis seines Betreuers: Xolani liebt einen verheirateten Mann aus dem Dorf. Und seine Liebe wird auf eine harte Probe gestellt, denn keiner darf in dieser traditionellen Gemeinschaft davon wissen.<\/td>\n<\/tr>\n<tr>\n<td style=\"border-bottom: none;\">\n<p class=\"hide-if-no-js\"><a id=\"set-post-thumbnail\" class=\"thickbox\" title=\"Beitragsbild festlegen\" href=\"http:\/\/www.augen-blicke-afrika.de\/blog\/wp-admin\/media-upload.php?post_id=1368&amp;type=image&amp;TB_iframe=1\"><img loading=\"lazy\" decoding=\"async\" class=\"attachment-post-thumbnail alignleft\" src=\"http:\/\/www.augen-blicke-afrika.de\/blog\/wp-content\/uploads\/2017\/10\/WUNDE_Plakat_Web.jpg\" alt=\"INXEBA - The Wound\" width=\"191\" height=\"136\"><\/a><\/p>\n<p><strong>John Trengove<\/strong>, geb. 1978 in S\u00fcdafrika, absolvierte ein Filmstudium in New York. Heute lebt er in Johannesburg und arbeitet als Drehbuchautor und Regisseur f\u00fcr \u00adTheater und Fernsehen. \u201eInxeba\u201c ist sein erster langer Spielfilm.<\/td>\n<\/tr>\n<\/tbody>\n<\/table>\n<p><iframe loading=\"lazy\" src=\"https:\/\/www.youtube.com\/embed\/0idwRX0d6nM\" allowfullscreen=\"\" width=\"560\" height=\"315\" frameborder=\"0\"><\/iframe><\/p>\n","protected":false},"excerpt":{"rendered":"<p>INXEBA &#8211; The Wound S\u00fcdafrika 2016, R.: John Trengove, 89 Min., Xhosa OF, dt. UT Eastern Cape, S\u00fcdafrika: Der einsame, allein lebende Fabrikarbeiter Xolani nimmt sich eine Auszeit von seinem Job, um als Helfer das j\u00e4hrliche Beschneidungsritual der Xhosa zu &hellip; <a href=\"http:\/\/www.augen-blicke-afrika.de\/blog\/archiv\/archiv-2017\/filme-2017\/inxeba-the-wound\/\">Weiterlesen <span class=\"meta-nav\">&rarr;<\/span><\/a><\/p>\n","protected":false},"author":3,"featured_media":5126,"parent":4179,"menu_order":0,"comment_status":"closed","ping_status":"closed","template":"afrika2017_oh.php","meta":{"footnotes":""},"class_list":["post-3482","page","type-page","status-publish","has-post-thumbnail","hentry"],"_links":{"self":[{"href":"http:\/\/www.augen-blicke-afrika.de\/blog\/wp-json\/wp\/v2\/pages\/3482","targetHints":{"allow":["GET"]}}],"collection":[{"href":"http:\/\/www.augen-blicke-afrika.de\/blog\/wp-json\/wp\/v2\/pages"}],"about":[{"href":"http:\/\/www.augen-blicke-afrika.de\/blog\/wp-json\/wp\/v2\/types\/page"}],"author":[{"embeddable":true,"href":"http:\/\/www.augen-blicke-afrika.de\/blog\/wp-json\/wp\/v2\/users\/3"}],"replies":[{"embeddable":true,"href":"http:\/\/www.augen-blicke-afrika.de\/blog\/wp-json\/wp\/v2\/comments?post=3482"}],"version-history":[{"count":5,"href":"http:\/\/www.augen-blicke-afrika.de\/blog\/wp-json\/wp\/v2\/pages\/3482\/revisions"}],"predecessor-version":[{"id":7029,"href":"http:\/\/www.augen-blicke-afrika.de\/blog\/wp-json\/wp\/v2\/pages\/3482\/revisions\/7029"}],"up":[{"embeddable":true,"href":"http:\/\/www.augen-blicke-afrika.de\/blog\/wp-json\/wp\/v2\/pages\/4179"}],"wp:featuredmedia":[{"embeddable":true,"href":"http:\/\/www.augen-blicke-afrika.de\/blog\/wp-json\/wp\/v2\/media\/5126"}],"wp:attachment":[{"href":"http:\/\/www.augen-blicke-afrika.de\/blog\/wp-json\/wp\/v2\/media?parent=3482"}],"curies":[{"name":"wp","href":"https:\/\/api.w.org\/{rel}","templated":true}]}}