{"id":3477,"date":"2017-10-11T13:11:06","date_gmt":"2017-10-11T11:11:06","guid":{"rendered":"http:\/\/www.augen-blicke-afrika.de\/blog\/?page_id=3477"},"modified":"2022-09-19T21:41:27","modified_gmt":"2022-09-19T19:41:27","slug":"cahier-africain","status":"publish","type":"page","link":"http:\/\/www.augen-blicke-afrika.de\/blog\/archiv\/archiv-2017\/filme-2017\/cahier-africain\/","title":{"rendered":"CAHIER AFRICAIN"},"content":{"rendered":"<table style=\"height: 356px;\" width=\"756\">\n<thead>\n<tr>\n<td>\n<p class=\"hide-if-no-js\"><a id=\"set-post-thumbnail\" class=\"thickbox\" title=\"Beitragsbild festlegen\" href=\"http:\/\/www.augen-blicke-afrika.de\/blog\/wp-admin\/media-upload.php?post_id=1368&amp;type=image&amp;TB_iframe=1\"><img loading=\"lazy\" decoding=\"async\" class=\"attachment-post-thumbnail alignnone\" src=\"http:\/\/www.augen-blicke-afrika.de\/blog\/wp-content\/uploads\/2017\/10\/CahierAfricain_34_00040.jpg\" alt=\"CAHIER AFRICAIN\" width=\"573\" height=\"340\"><\/a><\/p>\n<h1>CAHIER AFRICAIN<\/h1>\n<h3>Dokumentarfilm, Deutschland \/ Schweiz 2016, R.: Heidi Specogna, 119 Min, OF, dt. UT<\/h3>\n<\/td>\n<\/tr>\n<\/thead>\n<tbody>\n<tr>\n<td>Zehn Jahre nach den Gr\u00e4ueltaten und Massenvergewaltigungen durch kongolesische Rebellen in der Zentralafrikanischen Republik sind Aufzeichnungen der Opfer Ausgangspunkt dieser beeindruckenden Langzeitdokumentation. Heidi Specogna trifft die junge Muslima Amzine mit ihrer Tochter Farne und das M\u00e4dchen Arlette, um behutsam herauszufinden, welche Spuren diese Gewalterfahrungen bei den Frauen hinterlassen haben. Die bis dahin idyllische, friedliche Stimmung im Geh\u00f6ft der Frauen \u00e4ndert sich abrupt, als ein neuer Strudel der Gewalt beginnt. Muslimische Rebellen und christliche Milizen ziehen mordend und pl\u00fcndernd durchs Land. Franz\u00f6sische Schutztruppen in gepanzerten Fahrzeugen patrouillieren in den Stra\u00dfen, w\u00e4hrend die Menschen Matratzen und anderes Hab und Gut auf v\u00f6llig \u00fcberladenen Lastwagen festzurren, um zu fliehen &#8211; nicht wissend wohin. Mit gro\u00dfer Sensibilit\u00e4t folgt die Kamera den Protagonistinnen durch die erneuten Kriegswirren und dokumentiert eindrucksvoll den un\u00adglaub\u00adlichen \u00dcberlebenswillen dieser Frauen.<\/td>\n<\/tr>\n<tr>\n<td style=\"border-bottom: none;\">\n<p class=\"hide-if-no-js\"><a id=\"set-post-thumbnail\" class=\"thickbox\" title=\"Beitragsbild festlegen\" href=\"http:\/\/www.augen-blicke-afrika.de\/blog\/wp-admin\/media-upload.php?post_id=1368&amp;type=image&amp;TB_iframe=1\"><img loading=\"lazy\" decoding=\"async\" class=\"attachment-post-thumbnail alignleft\" src=\"http:\/\/www.augen-blicke-afrika.de\/blog\/wp-content\/uploads\/2017\/10\/index.jpg\" alt=\"CAHIER AFRICAIN\" width=\"191\" height=\"136\"><\/a><\/p>\n<p><strong>Heidi Specogna<\/strong>, geb. 1959 in der Schweiz, studierte \u00adzun\u00e4chst Journalismus in Z\u00fcrich und sp\u00e4ter an der Deutschen Film- und Fernsehakademie in Berlin. Sie arbeitet als Filmemacherin und Dozentin. Ihr Film \u201eCahier Africain\u201c \u00aderhielt neben zahlreichen anderen internationalen \u00adAuszeichnungen 2017 den Deutschen Filmpreis \u201eLola\u201c als beste Dokumentation.<\/td>\n<\/tr>\n<\/tbody>\n<\/table>\n<p><iframe loading=\"lazy\" src=\"https:\/\/www.youtube.com\/embed\/f6As3CemZcY\" allowfullscreen=\"allowfullscreen\" width=\"560\" height=\"315\" frameborder=\"0\"><\/iframe><\/p>\n","protected":false},"excerpt":{"rendered":"<p>CAHIER AFRICAIN Dokumentarfilm, Deutschland \/ Schweiz 2016, R.: Heidi Specogna, 119 Min, OF, dt. UT Zehn Jahre nach den Gr\u00e4ueltaten und Massenvergewaltigungen durch kongolesische Rebellen in der Zentralafrikanischen Republik sind Aufzeichnungen der Opfer Ausgangspunkt dieser beeindruckenden Langzeitdokumentation. Heidi Specogna trifft &hellip; <a href=\"http:\/\/www.augen-blicke-afrika.de\/blog\/archiv\/archiv-2017\/filme-2017\/cahier-africain\/\">Weiterlesen <span class=\"meta-nav\">&rarr;<\/span><\/a><\/p>\n","protected":false},"author":3,"featured_media":5126,"parent":4179,"menu_order":0,"comment_status":"closed","ping_status":"closed","template":"afrika2017_oh.php","meta":{"footnotes":""},"class_list":["post-3477","page","type-page","status-publish","has-post-thumbnail","hentry"],"_links":{"self":[{"href":"http:\/\/www.augen-blicke-afrika.de\/blog\/wp-json\/wp\/v2\/pages\/3477","targetHints":{"allow":["GET"]}}],"collection":[{"href":"http:\/\/www.augen-blicke-afrika.de\/blog\/wp-json\/wp\/v2\/pages"}],"about":[{"href":"http:\/\/www.augen-blicke-afrika.de\/blog\/wp-json\/wp\/v2\/types\/page"}],"author":[{"embeddable":true,"href":"http:\/\/www.augen-blicke-afrika.de\/blog\/wp-json\/wp\/v2\/users\/3"}],"replies":[{"embeddable":true,"href":"http:\/\/www.augen-blicke-afrika.de\/blog\/wp-json\/wp\/v2\/comments?post=3477"}],"version-history":[{"count":3,"href":"http:\/\/www.augen-blicke-afrika.de\/blog\/wp-json\/wp\/v2\/pages\/3477\/revisions"}],"predecessor-version":[{"id":7021,"href":"http:\/\/www.augen-blicke-afrika.de\/blog\/wp-json\/wp\/v2\/pages\/3477\/revisions\/7021"}],"up":[{"embeddable":true,"href":"http:\/\/www.augen-blicke-afrika.de\/blog\/wp-json\/wp\/v2\/pages\/4179"}],"wp:featuredmedia":[{"embeddable":true,"href":"http:\/\/www.augen-blicke-afrika.de\/blog\/wp-json\/wp\/v2\/media\/5126"}],"wp:attachment":[{"href":"http:\/\/www.augen-blicke-afrika.de\/blog\/wp-json\/wp\/v2\/media?parent=3477"}],"curies":[{"name":"wp","href":"https:\/\/api.w.org\/{rel}","templated":true}]}}