{"id":3471,"date":"2017-10-11T13:02:34","date_gmt":"2017-10-11T11:02:34","guid":{"rendered":"http:\/\/www.augen-blicke-afrika.de\/blog\/?page_id=3471"},"modified":"2022-09-19T21:54:52","modified_gmt":"2022-09-19T19:54:52","slug":"wallay-2","status":"publish","type":"page","link":"http:\/\/www.augen-blicke-afrika.de\/blog\/archiv\/archiv-2017\/filme-2017\/wallay-2\/","title":{"rendered":"WALLAY"},"content":{"rendered":"<table style=\"height: 356px;\" width=\"756\">\n<thead>\n<tr>\n<td>\n<p class=\"hide-if-no-js\"><a id=\"set-post-thumbnail\" class=\"thickbox\" title=\"Beitragsbild festlegen\" href=\"http:\/\/www.augen-blicke-afrika.de\/blog\/wp-admin\/media-upload.php?post_id=1368&amp;type=image&amp;TB_iframe=1\"><img loading=\"lazy\" decoding=\"async\" class=\"attachment-post-thumbnail alignnone\" src=\"http:\/\/www.augen-blicke-afrika.de\/blog\/wp-content\/uploads\/2017\/10\/wallay-e1507719340291.jpg\" alt=\"WALLAY\" width=\"573\" height=\"340\"><\/a><\/p>\n<h1>WALLAY<\/h1>\n<h3>Burkina Faso \/ Frankreich 2017, R.: Berin Goldblat, 82. Min., frz. \/ Dioula OF, dt. UT<\/h3>\n<\/td>\n<\/tr>\n<\/thead>\n<tbody>\n<tr>\n<td>Der dreizehnj\u00e4hrige Ady ist in Frankreich aufgewachsen, und jetzt in der Pubert\u00e4t rutscht er immer mehr in die Kleinkriminalit\u00e4t ab. Zunehmend hilflos beschlie\u00dft sein Vater, ihn zu seiner Familie nach Burkina Faso zu schicken. Dort trifft Ady auf seinen strengen Onkel, der keine Widerrede duldet. Aber Ady ist rebellisch, verweigert jegliche Mitarbeit und hat keinen Respekt vor Autorit\u00e4tspersonen. Erst als er seine alte Tante kennen lernt, die abgeschieden lebt und kein Franz\u00f6sisch spricht, kann er all sein Protestgehabe ablegen. Von ihrer w\u00fcrdevollen Haltung und anspruchslosen Lebensweise f\u00fchlt er sich angezogen, er f\u00fchlt sich anerkannt und geliebt und kann so seinen eigenen Weg finden.<\/td>\n<\/tr>\n<tr>\n<td style=\"border-bottom: none;\">\n<p class=\"hide-if-no-js\"><a id=\"set-post-thumbnail\" class=\"thickbox\" title=\"Beitragsbild festlegen\" href=\"http:\/\/www.augen-blicke-afrika.de\/blog\/wp-admin\/media-upload.php?post_id=1368&amp;type=image&amp;TB_iframe=1\"><img loading=\"lazy\" decoding=\"async\" class=\"attachment-post-thumbnail alignleft\" src=\"http:\/\/www.augen-blicke-afrika.de\/blog\/wp-content\/uploads\/2017\/10\/Wallay-Projections-e1507719639607.jpg\" alt=\"WALLAY\" width=\"191\" height=\"136\"><\/a><\/p>\n<p><strong>Berin Goldblat,<\/strong> geb. 1970 in Stockholm, ist Schweizer und lebt seit 1999 als Filmemacher und Produzent in Burkina Faso. Im Jahr 2000 \u00adgr\u00fcndete er dort eine Gesellschaft zur F\u00f6rderung der digitalen Filmindustrie. \u201eWallay\u201c ist sein erster langer Spielfilm, der beim Internationalen \u00adFilmfestival auf Sansibar (ZIFF) 2017 als bester Spielfilm &nbsp;ausgezeichnet wurde.<\/td>\n<\/tr>\n<\/tbody>\n<\/table>\n<p><iframe loading=\"lazy\" src=\"https:\/\/www.youtube.com\/embed\/iGS86rTweVI\" allowfullscreen=\"allowfullscreen\" width=\"560\" height=\"315\" frameborder=\"0\"><\/iframe><\/p>\n","protected":false},"excerpt":{"rendered":"<p>WALLAY Burkina Faso \/ Frankreich 2017, R.: Berin Goldblat, 82. Min., frz. \/ Dioula OF, dt. UT Der dreizehnj\u00e4hrige Ady ist in Frankreich aufgewachsen, und jetzt in der Pubert\u00e4t rutscht er immer mehr in die Kleinkriminalit\u00e4t ab. Zunehmend hilflos beschlie\u00dft &hellip; <a href=\"http:\/\/www.augen-blicke-afrika.de\/blog\/archiv\/archiv-2017\/filme-2017\/wallay-2\/\">Weiterlesen <span class=\"meta-nav\">&rarr;<\/span><\/a><\/p>\n","protected":false},"author":3,"featured_media":5126,"parent":4179,"menu_order":0,"comment_status":"closed","ping_status":"closed","template":"afrika2017_oh.php","meta":{"footnotes":""},"class_list":["post-3471","page","type-page","status-publish","has-post-thumbnail","hentry"],"_links":{"self":[{"href":"http:\/\/www.augen-blicke-afrika.de\/blog\/wp-json\/wp\/v2\/pages\/3471","targetHints":{"allow":["GET"]}}],"collection":[{"href":"http:\/\/www.augen-blicke-afrika.de\/blog\/wp-json\/wp\/v2\/pages"}],"about":[{"href":"http:\/\/www.augen-blicke-afrika.de\/blog\/wp-json\/wp\/v2\/types\/page"}],"author":[{"embeddable":true,"href":"http:\/\/www.augen-blicke-afrika.de\/blog\/wp-json\/wp\/v2\/users\/3"}],"replies":[{"embeddable":true,"href":"http:\/\/www.augen-blicke-afrika.de\/blog\/wp-json\/wp\/v2\/comments?post=3471"}],"version-history":[{"count":4,"href":"http:\/\/www.augen-blicke-afrika.de\/blog\/wp-json\/wp\/v2\/pages\/3471\/revisions"}],"predecessor-version":[{"id":7043,"href":"http:\/\/www.augen-blicke-afrika.de\/blog\/wp-json\/wp\/v2\/pages\/3471\/revisions\/7043"}],"up":[{"embeddable":true,"href":"http:\/\/www.augen-blicke-afrika.de\/blog\/wp-json\/wp\/v2\/pages\/4179"}],"wp:featuredmedia":[{"embeddable":true,"href":"http:\/\/www.augen-blicke-afrika.de\/blog\/wp-json\/wp\/v2\/media\/5126"}],"wp:attachment":[{"href":"http:\/\/www.augen-blicke-afrika.de\/blog\/wp-json\/wp\/v2\/media?parent=3471"}],"curies":[{"name":"wp","href":"https:\/\/api.w.org\/{rel}","templated":true}]}}