{"id":3465,"date":"2017-10-11T12:49:39","date_gmt":"2017-10-11T10:49:39","guid":{"rendered":"http:\/\/www.augen-blicke-afrika.de\/blog\/?page_id=3465"},"modified":"2022-09-19T21:43:42","modified_gmt":"2022-09-19T19:43:42","slug":"fonko","status":"publish","type":"page","link":"http:\/\/www.augen-blicke-afrika.de\/blog\/archiv\/archiv-2017\/filme-2017\/fonko\/","title":{"rendered":"FONKO"},"content":{"rendered":"<table style=\"height: 356px;\" width=\"756\">\n<thead>\n<tr>\n<td>\n<p class=\"hide-if-no-js\"><a id=\"set-post-thumbnail\" class=\"thickbox\" title=\"Beitragsbild festlegen\" href=\"http:\/\/www.augen-blicke-afrika.de\/blog\/wp-admin\/media-upload.php?post_id=1368&amp;type=image&amp;TB_iframe=1\"><img loading=\"lazy\" decoding=\"async\" class=\"attachment-post-thumbnail alignnone\" src=\"http:\/\/www.augen-blicke-afrika.de\/blog\/wp-content\/uploads\/2017\/10\/fonko-afrikas-musikalische-revolution-1.jpg\" alt=\"FONKO\" width=\"573\" height=\"340\"><\/a><\/p>\n<h1>FONKO<\/h1>\n<h3>Dokumentarfilm., Schweden 2014 R.: Lamin Daniel Jadama, G\u00f6ran Olsson, Lars Lov\u00e9n, 86 Min., OF, engl. UT<\/h3>\n<\/td>\n<\/tr>\n<\/thead>\n<tbody>\n<tr>\n<td>Es ist viel in Bewegung in den urbanen Zentren Afrikas. Die Jugend zeigt sich mit neuem Selbstbewusstsein. Die Welt der Wei\u00dfen ist nicht mehr Vorbild, Afrikanismus ist die Zukunftsvision. Vorreiter dieser \u00adBewegung sind MusikerInnen, die nicht nur unterhalten, sondern \u00adpolitisch und gesellschaftlich etwas ver\u00e4ndern wollen. Der Film stellt Vertreter dieser jungen Generation aus Ghana, Senegal, Nigeria, S\u00fcdafrika, Angola und Burkina Faso vor. Die MusikerInnen \u00adverbinden pulsierende elektronische Kl\u00e4nge mit traditionellen \u00adInstrumenten, die Texte sind politisch provozierend und oft volksnah in lokalen Sprachen vorgetragen. Den Filmemachern ist es durch einen dynamischen Schnitt und eine ungew\u00f6hnliche schriftliche Kommentierung gelungen, die Energie und Kraft des zeitgen\u00f6ssischen Sounds h\u00f6chst mitrei\u00dfend zu vermitteln.<\/td>\n<\/tr>\n<tr>\n<td style=\"border-bottom: none;\">\n<p class=\"hide-if-no-js\"><a id=\"set-post-thumbnail\" class=\"thickbox\" title=\"Beitragsbild festlegen\" href=\"http:\/\/www.augen-blicke-afrika.de\/blog\/wp-admin\/media-upload.php?post_id=1368&amp;type=image&amp;TB_iframe=1\"><img loading=\"lazy\" decoding=\"async\" class=\"attachment-post-thumbnail alignleft\" src=\"http:\/\/www.augen-blicke-afrika.de\/blog\/wp-content\/uploads\/2017\/10\/fonko-afrikas-musikalische-revolution.jpg\" alt=\"FONKO\" width=\"191\" height=\"136\"><\/a><\/p>\n<p><strong>Lamin Daniel Jadama<\/strong> arbeitete zun\u00e4chst f\u00fcr das \u00adNationale Schwedische Radio. Sein heutiger Schwerpunkt als Dokumentarfilmer ist der afrikanische Kontinent. G\u00f6ran Olsson ist ein mehrfach ausgezeichneter Dokumentarfilmer.<br \/>\n<strong>Lars Lov\u00e9n<\/strong> ist freier Journalist, Musikkritiker und DJ.<\/td>\n<\/tr>\n<\/tbody>\n<\/table>\n<p><iframe loading=\"lazy\" src=\"https:\/\/www.youtube.com\/embed\/eGf3Iq0rz3s\" allowfullscreen=\"allowfullscreen\" width=\"560\" height=\"315\" frameborder=\"0\"><\/iframe><\/p>\n","protected":false},"excerpt":{"rendered":"<p>FONKO Dokumentarfilm., Schweden 2014 R.: Lamin Daniel Jadama, G\u00f6ran Olsson, Lars Lov\u00e9n, 86 Min., OF, engl. UT Es ist viel in Bewegung in den urbanen Zentren Afrikas. Die Jugend zeigt sich mit neuem Selbstbewusstsein. Die Welt der Wei\u00dfen ist nicht &hellip; <a href=\"http:\/\/www.augen-blicke-afrika.de\/blog\/archiv\/archiv-2017\/filme-2017\/fonko\/\">Weiterlesen <span class=\"meta-nav\">&rarr;<\/span><\/a><\/p>\n","protected":false},"author":3,"featured_media":5126,"parent":4179,"menu_order":0,"comment_status":"closed","ping_status":"closed","template":"afrika2017_oh.php","meta":{"footnotes":""},"class_list":["post-3465","page","type-page","status-publish","has-post-thumbnail","hentry"],"_links":{"self":[{"href":"http:\/\/www.augen-blicke-afrika.de\/blog\/wp-json\/wp\/v2\/pages\/3465","targetHints":{"allow":["GET"]}}],"collection":[{"href":"http:\/\/www.augen-blicke-afrika.de\/blog\/wp-json\/wp\/v2\/pages"}],"about":[{"href":"http:\/\/www.augen-blicke-afrika.de\/blog\/wp-json\/wp\/v2\/types\/page"}],"author":[{"embeddable":true,"href":"http:\/\/www.augen-blicke-afrika.de\/blog\/wp-json\/wp\/v2\/users\/3"}],"replies":[{"embeddable":true,"href":"http:\/\/www.augen-blicke-afrika.de\/blog\/wp-json\/wp\/v2\/comments?post=3465"}],"version-history":[{"count":3,"href":"http:\/\/www.augen-blicke-afrika.de\/blog\/wp-json\/wp\/v2\/pages\/3465\/revisions"}],"predecessor-version":[{"id":7025,"href":"http:\/\/www.augen-blicke-afrika.de\/blog\/wp-json\/wp\/v2\/pages\/3465\/revisions\/7025"}],"up":[{"embeddable":true,"href":"http:\/\/www.augen-blicke-afrika.de\/blog\/wp-json\/wp\/v2\/pages\/4179"}],"wp:featuredmedia":[{"embeddable":true,"href":"http:\/\/www.augen-blicke-afrika.de\/blog\/wp-json\/wp\/v2\/media\/5126"}],"wp:attachment":[{"href":"http:\/\/www.augen-blicke-afrika.de\/blog\/wp-json\/wp\/v2\/media?parent=3465"}],"curies":[{"name":"wp","href":"https:\/\/api.w.org\/{rel}","templated":true}]}}