{"id":3459,"date":"2017-10-11T12:39:52","date_gmt":"2017-10-11T10:39:52","guid":{"rendered":"http:\/\/www.augen-blicke-afrika.de\/blog\/?page_id=3459"},"modified":"2022-09-19T21:49:56","modified_gmt":"2022-09-19T19:49:56","slug":"lorage-africain","status":"publish","type":"page","link":"http:\/\/www.augen-blicke-afrika.de\/blog\/archiv\/archiv-2017\/filme-2017\/lorage-africain\/","title":{"rendered":"L&#8217;ORAGE AFRICAIN"},"content":{"rendered":"<table style=\"height: 356px;\" width=\"756\">\n<thead>\n<tr>\n<td>\n<p class=\"hide-if-no-js\"><a id=\"set-post-thumbnail\" class=\"thickbox\" title=\"Beitragsbild festlegen\" href=\"http:\/\/www.augen-blicke-afrika.de\/blog\/wp-admin\/media-upload.php?post_id=1368&amp;type=image&amp;TB_iframe=1\"><img loading=\"lazy\" decoding=\"async\" class=\"attachment-post-thumbnail alignnone\" src=\"http:\/\/www.augen-blicke-afrika.de\/blog\/wp-content\/uploads\/2017\/10\/Lorage-africain-un-continent-sous-influence-de-Sylvestre-Amoussou-6.jpg\" alt=\"L'ORAGE AFRICAIN\" width=\"573\" height=\"340\"><\/a><\/p>\n<h1>L&#8217;ORAGE AFRICAIN<\/h1>\n<h3>Benin 2016, R.: Sylvestre Amoussou, 90 Min., frz. OF, engl. UT<\/h3>\n<\/td>\n<\/tr>\n<\/thead>\n<tbody>\n<tr>\n<td>Ein fiktives afrikanisches Land namens Tangara. Es herrschen B\u00fcrgerkrieg und Korruption, die Politiker sind verstrickt in windige Gesch\u00e4fte und beeinflusst durch die ehemalige Kolonialmacht. Soweit die bekannte, reale Geschichte in vielen L\u00e4ndern Afrikas. Doch dann zeigt der Film, dass es auch anders gehen k\u00f6nnte. Nach landesweiten Konsultationen stellt der Pr\u00e4sident &#8211; gespielt von Regisseur Sylvestre Amoussou &#8211; ausl\u00e4ndische Unternehmen unter nationale Kontrolle und verbietet den Verkauf von Land. Die in- und ausl\u00e4ndischen Gesch\u00e4ftsleute greifen zu allen Mitteln, um ihren Status zu erhalten, aber die Bev\u00f6lkerung und die Politiker Tangaras wissen sich zu wehren. Der Film ruft die afrikanischen L\u00e4nder dazu auf, sich auf die eigenen St\u00e4rken zu besinnen, um wirklich unabh\u00e4ngig zu werden. Das erfordert mehr demokratische Strukturen und die Abwahl der Alleinherrscher.<\/td>\n<\/tr>\n<tr>\n<td style=\"border-bottom: none;\">\n<p class=\"hide-if-no-js\"><a id=\"set-post-thumbnail\" class=\"thickbox\" title=\"Beitragsbild festlegen\" href=\"http:\/\/www.augen-blicke-afrika.de\/blog\/wp-admin\/media-upload.php?post_id=1368&amp;type=image&amp;TB_iframe=1\"><img loading=\"lazy\" decoding=\"async\" class=\"attachment-post-thumbnail alignleft\" src=\"http:\/\/www.augen-blicke-afrika.de\/blog\/wp-content\/uploads\/2017\/10\/orageafricain.jpg\" alt=\"L'ORAGE AFRICAIN\" width=\"191\" height=\"136\"><\/a><\/p>\n<p><strong>Sylvestre Amoussou<\/strong>, geb. 1964 in Benin, lebt in Frankreich. Nach einem wirtschafts- und sozialwissenschaftlichen Studium arbeitete er in den 1980er Jahren zun\u00e4chst als Schauspieler beim Theater sowie in Kino- und Fernsehfilmen. Seit 1999 steht er auch hinter der Kamera und f\u00fchrt Regie bei Filmen, in denen er stets selbst eine Rolle \u00fcbernimmt. \u201eL&#8217;Orage Africain\u201c wurde beim FESPACO 2017 wegen seiner zukunftsweisenden Perspektive mit dem zweiten Preis ausgezeichnet.<\/td>\n<\/tr>\n<\/tbody>\n<\/table>\n<p><iframe loading=\"lazy\" src=\"https:\/\/www.youtube.com\/embed\/bQvuM104vuU\" allowfullscreen=\"allowfullscreen\" width=\"560\" height=\"315\" frameborder=\"0\"><\/iframe><\/p>\n","protected":false},"excerpt":{"rendered":"<p>L&#8217;ORAGE AFRICAIN Benin 2016, R.: Sylvestre Amoussou, 90 Min., frz. OF, engl. UT Ein fiktives afrikanisches Land namens Tangara. Es herrschen B\u00fcrgerkrieg und Korruption, die Politiker sind verstrickt in windige Gesch\u00e4fte und beeinflusst durch die ehemalige Kolonialmacht. Soweit die bekannte, &hellip; <a href=\"http:\/\/www.augen-blicke-afrika.de\/blog\/archiv\/archiv-2017\/filme-2017\/lorage-africain\/\">Weiterlesen <span class=\"meta-nav\">&rarr;<\/span><\/a><\/p>\n","protected":false},"author":3,"featured_media":5126,"parent":4179,"menu_order":0,"comment_status":"closed","ping_status":"closed","template":"afrika2017_oh.php","meta":{"footnotes":""},"class_list":["post-3459","page","type-page","status-publish","has-post-thumbnail","hentry"],"_links":{"self":[{"href":"http:\/\/www.augen-blicke-afrika.de\/blog\/wp-json\/wp\/v2\/pages\/3459","targetHints":{"allow":["GET"]}}],"collection":[{"href":"http:\/\/www.augen-blicke-afrika.de\/blog\/wp-json\/wp\/v2\/pages"}],"about":[{"href":"http:\/\/www.augen-blicke-afrika.de\/blog\/wp-json\/wp\/v2\/types\/page"}],"author":[{"embeddable":true,"href":"http:\/\/www.augen-blicke-afrika.de\/blog\/wp-json\/wp\/v2\/users\/3"}],"replies":[{"embeddable":true,"href":"http:\/\/www.augen-blicke-afrika.de\/blog\/wp-json\/wp\/v2\/comments?post=3459"}],"version-history":[{"count":3,"href":"http:\/\/www.augen-blicke-afrika.de\/blog\/wp-json\/wp\/v2\/pages\/3459\/revisions"}],"predecessor-version":[{"id":7034,"href":"http:\/\/www.augen-blicke-afrika.de\/blog\/wp-json\/wp\/v2\/pages\/3459\/revisions\/7034"}],"up":[{"embeddable":true,"href":"http:\/\/www.augen-blicke-afrika.de\/blog\/wp-json\/wp\/v2\/pages\/4179"}],"wp:featuredmedia":[{"embeddable":true,"href":"http:\/\/www.augen-blicke-afrika.de\/blog\/wp-json\/wp\/v2\/media\/5126"}],"wp:attachment":[{"href":"http:\/\/www.augen-blicke-afrika.de\/blog\/wp-json\/wp\/v2\/media?parent=3459"}],"curies":[{"name":"wp","href":"https:\/\/api.w.org\/{rel}","templated":true}]}}