{"id":3456,"date":"2017-10-11T12:32:07","date_gmt":"2017-10-11T10:32:07","guid":{"rendered":"http:\/\/www.augen-blicke-afrika.de\/blog\/?page_id=3456"},"modified":"2022-09-19T21:49:29","modified_gmt":"2022-09-19T19:49:29","slug":"life-saaraba-illegal","status":"publish","type":"page","link":"http:\/\/www.augen-blicke-afrika.de\/blog\/archiv\/archiv-2017\/filme-2017\/life-saaraba-illegal\/","title":{"rendered":"LIFE SAARABA ILLEGAL"},"content":{"rendered":"<table style=\"height: 356px;\" width=\"756\">\n<thead>\n<tr>\n<td>\n<p class=\"hide-if-no-js\"><a id=\"set-post-thumbnail\" class=\"thickbox\" title=\"Beitragsbild festlegen\" href=\"http:\/\/www.augen-blicke-afrika.de\/blog\/wp-admin\/media-upload.php?post_id=1368&amp;type=image&amp;TB_iframe=1\"><img loading=\"lazy\" decoding=\"async\" class=\"attachment-post-thumbnail alignnone\" src=\"http:\/\/www.augen-blicke-afrika.de\/blog\/wp-content\/uploads\/2017\/10\/221290_1_org_image_28908da978eaa6f16e4be6c4f7d9ffd6.jpg\" alt=\"VAYA\" width=\"573\" height=\"340\"><\/a><\/p>\n<h1>LIFE SAARABA ILLEGAL<\/h1>\n<h3>Dokumentarfilm, Deutschland 2016, R.: Peter Heller, 90 Min., OF, dt. UT<\/h3>\n<\/td>\n<\/tr>\n<\/thead>\n<tbody>\n<tr>\n<td>\u201eSaaraba\u201c, das \u201egelobte Land\u201c, so wird Europa von den Bewohnern von Niodor genannt, einer kleinen Insel vor der senegalesischen K\u00fcste. \u00dcber acht Jahre begleitet der Film die Br\u00fcder Aladji und Souley. F\u00fcr junge M\u00e4nner hat die Insel wenig zu bieten, der traditionelle Fischfang bringt nur noch wenig ein, allemal nicht genug, um eine Familie zu ern\u00e4hren. So unterst\u00fctzen alle den \u00c4ltesten Aladji in seinem Vorhaben, nach Europa zu gehen. Er schafft es nach langer Odyssee als Bootsfl\u00fcchtling bis in die Gem\u00fcseplantagen Spaniens. Wie viele Migranten schickt er einen Teil seines kargen Lohns nach Hause, sorgt so f\u00fcr ein bisschen Wohlstand in seinem Dorf und erf\u00e4hrt daf\u00fcr gro\u00dfe Anerkennung. Aber sein gr\u00f6\u00dfter Wunsch geht nicht in Erf\u00fcllung. Er bekommt nirgends einen Arbeitsvertrag und lebt somit auch nach zehn Jahren illegal in Spanien. Der j\u00fcngere Bruder Souley tr\u00e4umt dennoch weiter von \u201eSaaraba\u201c und macht sich auch auf den gef\u00e4hrlichen Weg. Diese Geschichte der Migration wird begleitet von Saliou Waa Gouendoum Sarr. Er ist der Cousin der beiden Br\u00fcder und lebt als Musiker in der Hauptstadt Dakar. Mit Liedern und pers\u00f6nlichen Kommentaren f\u00fchrt er als Interpret und Mittler durch den sehr beeindruckenden Film.<\/td>\n<\/tr>\n<tr>\n<td style=\"border-bottom: none;\">\n<p class=\"hide-if-no-js\"><strong>Peter Heller,<\/strong> geb. 1946 in Prag, absolvierte die Hochschule f\u00fcr Film und Fernsehen in M\u00fcnchen. Als unabh\u00e4ngiger Autor, Regisseur und Produzent hat er zahlreiche Dokumentarfilme realisiert und wurde mehrfach ausgezeichnet.<br \/>\n<strong>Saliou Waa Gouendoum Sarr<\/strong>, geb. 1983 im Senegal, studierte Soziologie. Er ist Musiker, Schauspieler und Regisseur.<\/p>\n<\/td>\n<\/tr>\n<\/tbody>\n<\/table>\n<p><iframe loading=\"lazy\" src=\"https:\/\/www.youtube.com\/embed\/EjXiT-DGV6k\" allowfullscreen=\"allowfullscreen\" width=\"560\" height=\"315\" frameborder=\"0\"><\/iframe><\/p>\n","protected":false},"excerpt":{"rendered":"<p>LIFE SAARABA ILLEGAL Dokumentarfilm, Deutschland 2016, R.: Peter Heller, 90 Min., OF, dt. UT \u201eSaaraba\u201c, das \u201egelobte Land\u201c, so wird Europa von den Bewohnern von Niodor genannt, einer kleinen Insel vor der senegalesischen K\u00fcste. \u00dcber acht Jahre begleitet der Film &hellip; <a href=\"http:\/\/www.augen-blicke-afrika.de\/blog\/archiv\/archiv-2017\/filme-2017\/life-saaraba-illegal\/\">Weiterlesen <span class=\"meta-nav\">&rarr;<\/span><\/a><\/p>\n","protected":false},"author":3,"featured_media":5126,"parent":4179,"menu_order":0,"comment_status":"closed","ping_status":"closed","template":"afrika2017_oh.php","meta":{"footnotes":""},"class_list":["post-3456","page","type-page","status-publish","has-post-thumbnail","hentry"],"_links":{"self":[{"href":"http:\/\/www.augen-blicke-afrika.de\/blog\/wp-json\/wp\/v2\/pages\/3456","targetHints":{"allow":["GET"]}}],"collection":[{"href":"http:\/\/www.augen-blicke-afrika.de\/blog\/wp-json\/wp\/v2\/pages"}],"about":[{"href":"http:\/\/www.augen-blicke-afrika.de\/blog\/wp-json\/wp\/v2\/types\/page"}],"author":[{"embeddable":true,"href":"http:\/\/www.augen-blicke-afrika.de\/blog\/wp-json\/wp\/v2\/users\/3"}],"replies":[{"embeddable":true,"href":"http:\/\/www.augen-blicke-afrika.de\/blog\/wp-json\/wp\/v2\/comments?post=3456"}],"version-history":[{"count":2,"href":"http:\/\/www.augen-blicke-afrika.de\/blog\/wp-json\/wp\/v2\/pages\/3456\/revisions"}],"predecessor-version":[{"id":7033,"href":"http:\/\/www.augen-blicke-afrika.de\/blog\/wp-json\/wp\/v2\/pages\/3456\/revisions\/7033"}],"up":[{"embeddable":true,"href":"http:\/\/www.augen-blicke-afrika.de\/blog\/wp-json\/wp\/v2\/pages\/4179"}],"wp:featuredmedia":[{"embeddable":true,"href":"http:\/\/www.augen-blicke-afrika.de\/blog\/wp-json\/wp\/v2\/media\/5126"}],"wp:attachment":[{"href":"http:\/\/www.augen-blicke-afrika.de\/blog\/wp-json\/wp\/v2\/media?parent=3456"}],"curies":[{"name":"wp","href":"https:\/\/api.w.org\/{rel}","templated":true}]}}