{"id":3420,"date":"2017-10-09T15:59:55","date_gmt":"2017-10-09T13:59:55","guid":{"rendered":"http:\/\/www.augen-blicke-afrika.de\/blog\/?page_id=3420"},"modified":"2022-09-19T21:50:33","modified_gmt":"2022-09-19T19:50:33","slug":"mama-colonel","status":"publish","type":"page","link":"http:\/\/www.augen-blicke-afrika.de\/blog\/archiv\/archiv-2017\/filme-2017\/mama-colonel\/","title":{"rendered":"MAMA COLONEL"},"content":{"rendered":"<table style=\"height: 356px;\" width=\"756\">\n<thead>\n<tr>\n<td>\n<p class=\"hide-if-no-js\"><a id=\"set-post-thumbnail\" class=\"thickbox\" title=\"Beitragsbild festlegen\" href=\"http:\/\/www.augen-blicke-afrika.de\/blog\/wp-admin\/media-upload.php?post_id=1368&amp;type=image&amp;TB_iframe=1\"><img loading=\"lazy\" decoding=\"async\" class=\"attachment-post-thumbnail alignnone\" src=\"http:\/\/www.augen-blicke-afrika.de\/blog\/wp-content\/uploads\/2017\/10\/Mama-colonel1-1.jpg\" alt=\"Mama Colonel\" width=\"573\" height=\"340\"><\/a><\/p>\n<h1>Mama Colonel<\/h1>\n<h3>Dokumentarfilm, D. R. Kongo \/ Frankreich 2017, R.: Dieudo Hamadi, 72 Min., Swahili \/ frz. OF, engl. UT<\/h3>\n<\/td>\n<\/tr>\n<\/thead>\n<tbody>\n<tr>\n<td>Die Kongolesin Honorine Munyule ist eine resolute Witwe Mitte vierzig. Als Polizistin in f\u00fchrender Position hat sie sich zur Aufgabe gemacht, Frauen und Kindern, die Opfer von kriegerischer und h\u00e4uslicher Gewalt geworden sind, zur Seite zu stehen. Der Film begleitet sie zu ihrer neuen Einsatzst\u00e4tte in die Kleinstadt Kisangani im Grenzgebiet zum Nachbarland Ruanda. Dort ist sie mit verschiedensten Sp\u00e4tfolgen eines Krieges konfrontiert, der vor f\u00fcnfzehn Jahren stattfand, und mit einem Hexenglauben, unter dem besonders Kinder zu leiden haben. Die Kamera f\u00e4ngt nicht nur dramatische Eins\u00e4tze ein, sondern auch die m\u00fchsame Aufkl\u00e4rungsarbeit, um das auf allen lastende Schweigen zu brechen. Das gelingt ihr vornehmlich bei Frauen, die sie respektvoll \u201eMama Colonel\u201c nennen.<\/td>\n<\/tr>\n<tr>\n<td style=\"border-bottom: none;\">\n<p class=\"hide-if-no-js\"><a id=\"set-post-thumbnail\" class=\"thickbox\" title=\"Beitragsbild festlegen\" href=\"http:\/\/www.augen-blicke-afrika.de\/blog\/wp-admin\/media-upload.php?post_id=1368&amp;type=image&amp;TB_iframe=1\"><img loading=\"lazy\" decoding=\"async\" class=\"attachment-post-thumbnail alignleft\" src=\"http:\/\/www.augen-blicke-afrika.de\/blog\/wp-content\/uploads\/2017\/10\/MAMA.jpg\" alt=\"Mama Colonel\" width=\"134\" height=\"185\"><\/a><\/p>\n<p><strong>Dieudo Hamadi<\/strong>, geb.1984 in Kisangani, D. R. Kongo, \u00adstudierte zun\u00e4chst Medizin, um sich dann ganz dem \u00adDokumentarfilm zu widmen. Er ist nicht nur Regisseur, \u00adsondern steht auch hinter der Kamera.<\/td>\n<\/tr>\n<\/tbody>\n<\/table>\n<p><iframe loading=\"lazy\" src=\"https:\/\/player.vimeo.com\/video\/201292643?color=5e9a9b&amp;title=0&amp;byline=0&amp;portrait=0\" allowfullscreen=\"allowfullscreen\" width=\"560\" height=\"315\" frameborder=\"0\"><\/iframe><\/p>\n<p><a href=\"https:\/\/vimeo.com\/201292643\">MAMA COLONEL &#8211; English Trailer<\/a> from <a href=\"https:\/\/vimeo.com\/user11055648\">Andanafilms<\/a> on <a href=\"https:\/\/vimeo.com\">Vimeo<\/a>.<\/p>\n<p>&nbsp;<\/p>\n","protected":false},"excerpt":{"rendered":"<p>Mama Colonel Dokumentarfilm, D. R. Kongo \/ Frankreich 2017, R.: Dieudo Hamadi, 72 Min., Swahili \/ frz. OF, engl. UT Die Kongolesin Honorine Munyule ist eine resolute Witwe Mitte vierzig. Als Polizistin in f\u00fchrender Position hat sie sich zur Aufgabe &hellip; <a href=\"http:\/\/www.augen-blicke-afrika.de\/blog\/archiv\/archiv-2017\/filme-2017\/mama-colonel\/\">Weiterlesen <span class=\"meta-nav\">&rarr;<\/span><\/a><\/p>\n","protected":false},"author":3,"featured_media":5126,"parent":4179,"menu_order":0,"comment_status":"closed","ping_status":"closed","template":"afrika2017_oh.php","meta":{"footnotes":""},"class_list":["post-3420","page","type-page","status-publish","has-post-thumbnail","hentry"],"_links":{"self":[{"href":"http:\/\/www.augen-blicke-afrika.de\/blog\/wp-json\/wp\/v2\/pages\/3420","targetHints":{"allow":["GET"]}}],"collection":[{"href":"http:\/\/www.augen-blicke-afrika.de\/blog\/wp-json\/wp\/v2\/pages"}],"about":[{"href":"http:\/\/www.augen-blicke-afrika.de\/blog\/wp-json\/wp\/v2\/types\/page"}],"author":[{"embeddable":true,"href":"http:\/\/www.augen-blicke-afrika.de\/blog\/wp-json\/wp\/v2\/users\/3"}],"replies":[{"embeddable":true,"href":"http:\/\/www.augen-blicke-afrika.de\/blog\/wp-json\/wp\/v2\/comments?post=3420"}],"version-history":[{"count":5,"href":"http:\/\/www.augen-blicke-afrika.de\/blog\/wp-json\/wp\/v2\/pages\/3420\/revisions"}],"predecessor-version":[{"id":7035,"href":"http:\/\/www.augen-blicke-afrika.de\/blog\/wp-json\/wp\/v2\/pages\/3420\/revisions\/7035"}],"up":[{"embeddable":true,"href":"http:\/\/www.augen-blicke-afrika.de\/blog\/wp-json\/wp\/v2\/pages\/4179"}],"wp:featuredmedia":[{"embeddable":true,"href":"http:\/\/www.augen-blicke-afrika.de\/blog\/wp-json\/wp\/v2\/media\/5126"}],"wp:attachment":[{"href":"http:\/\/www.augen-blicke-afrika.de\/blog\/wp-json\/wp\/v2\/media?parent=3420"}],"curies":[{"name":"wp","href":"https:\/\/api.w.org\/{rel}","templated":true}]}}