{"id":3413,"date":"2017-10-09T15:50:08","date_gmt":"2017-10-09T13:50:08","guid":{"rendered":"http:\/\/www.augen-blicke-afrika.de\/blog\/?page_id=3413"},"modified":"2022-09-19T21:52:03","modified_gmt":"2022-09-19T19:52:03","slug":"o-ka-our-house","status":"publish","type":"page","link":"http:\/\/www.augen-blicke-afrika.de\/blog\/archiv\/archiv-2017\/filme-2017\/o-ka-our-house\/","title":{"rendered":"O KA &#8211; Our House"},"content":{"rendered":"<table style=\"height: 356px;\" width=\"756\">\n<thead>\n<tr>\n<td>\n<p class=\"hide-if-no-js\"><a id=\"set-post-thumbnail\" class=\"thickbox\" title=\"Beitragsbild festlegen\" href=\"http:\/\/www.augen-blicke-afrika.de\/blog\/wp-admin\/media-upload.php?post_id=1368&amp;type=image&amp;TB_iframe=1\"><img loading=\"lazy\" decoding=\"async\" class=\"attachment-post-thumbnail alignnone\" src=\"http:\/\/www.augen-blicke-afrika.de\/blog\/wp-content\/uploads\/2017\/10\/20170901123950-839.jpg\" alt=\"O KA - Our House\" width=\"573\" height=\"340\"><\/a><\/p>\n<h1>O KA&nbsp;&#8211; Our House<\/h1>\n<h3>Dokumentarfilm, Mali 2015, R.: Souleymane Ciss\u00e9, 96 Min., OF, engl. UT<\/h3>\n<\/td>\n<\/tr>\n<\/thead>\n<tbody>\n<tr>\n<td>Zu Beginn des Films erinnert sich der malische Regisseur Souleymane Ciss\u00e9 in poetischen Bildern an seine gl\u00fcckliche, friedvolle Kindheit. Doch Jahrzehnte sp\u00e4ter sieht die Welt ganz anders aus. Seine alten Schwestern werden gewaltsam aus dem Haus der Familie vertrieben. Eine andere Familie hatte unerwartet Anspruch auf das Grundst\u00fcck erhoben und vor Gericht Recht bekommen. Die Frauen hocken obdachlos auf der Stra\u00dfe. K\u00e4mpferisch und mit Unterst\u00fctzung anderer Betroffener fordern sie ihr Recht. F\u00fcr Souleymane Ciss\u00e9 steht diese Familientrag\u00f6die f\u00fcr die aktuelle Situation in ganz Mali. Der Norden wird von Islamisten beherrscht, im ganzen Land bestimmen Korruption und Rechtlosigkeit den Alltag der Bev\u00f6lkerung. Dieser demoralisierenden Realit\u00e4t stellt der Altmeister des malischen Films mystische Bilder und poetische Texte entgegen, um f\u00fcr sein ganzes Land Gerechtigkeit einzufordern.<\/td>\n<\/tr>\n<tr>\n<td style=\"border-bottom: none;\">\n<p class=\"hide-if-no-js\"><a id=\"set-post-thumbnail\" class=\"thickbox\" title=\"Beitragsbild festlegen\" href=\"http:\/\/www.augen-blicke-afrika.de\/blog\/wp-admin\/media-upload.php?post_id=1368&amp;type=image&amp;TB_iframe=1\"><img loading=\"lazy\" decoding=\"async\" class=\"attachment-post-thumbnail alignleft\" src=\"http:\/\/www.augen-blicke-afrika.de\/blog\/wp-content\/uploads\/2017\/10\/o-ka_2017.jpg\" alt=\"O KA - Our House\" width=\"112\" height=\"148\"><\/a><\/p>\n<p><strong>Souleymane Ciss\u00e9<\/strong>, 1940 in Bamako geboren, \u00adabsolvierte ein Filmstudium in Moskau. Seit den 70er Jahren drehte er in Mali diverse Spielfilme, u. a. \u00ad\u201eYeelen\u201c und \u201eWaati\u201c, f\u00fcr die er zahlreiche Preise \u00aderhielt.<\/td>\n<\/tr>\n<\/tbody>\n<\/table>\n<p>&nbsp;<\/p>\n","protected":false},"excerpt":{"rendered":"<p>O KA&nbsp;&#8211; Our House Dokumentarfilm, Mali 2015, R.: Souleymane Ciss\u00e9, 96 Min., OF, engl. UT Zu Beginn des Films erinnert sich der malische Regisseur Souleymane Ciss\u00e9 in poetischen Bildern an seine gl\u00fcckliche, friedvolle Kindheit. Doch Jahrzehnte sp\u00e4ter sieht die Welt &hellip; <a href=\"http:\/\/www.augen-blicke-afrika.de\/blog\/archiv\/archiv-2017\/filme-2017\/o-ka-our-house\/\">Weiterlesen <span class=\"meta-nav\">&rarr;<\/span><\/a><\/p>\n","protected":false},"author":3,"featured_media":5126,"parent":4179,"menu_order":0,"comment_status":"closed","ping_status":"closed","template":"afrika2017_oh.php","meta":{"footnotes":""},"class_list":["post-3413","page","type-page","status-publish","has-post-thumbnail","hentry"],"_links":{"self":[{"href":"http:\/\/www.augen-blicke-afrika.de\/blog\/wp-json\/wp\/v2\/pages\/3413","targetHints":{"allow":["GET"]}}],"collection":[{"href":"http:\/\/www.augen-blicke-afrika.de\/blog\/wp-json\/wp\/v2\/pages"}],"about":[{"href":"http:\/\/www.augen-blicke-afrika.de\/blog\/wp-json\/wp\/v2\/types\/page"}],"author":[{"embeddable":true,"href":"http:\/\/www.augen-blicke-afrika.de\/blog\/wp-json\/wp\/v2\/users\/3"}],"replies":[{"embeddable":true,"href":"http:\/\/www.augen-blicke-afrika.de\/blog\/wp-json\/wp\/v2\/comments?post=3413"}],"version-history":[{"count":5,"href":"http:\/\/www.augen-blicke-afrika.de\/blog\/wp-json\/wp\/v2\/pages\/3413\/revisions"}],"predecessor-version":[{"id":7038,"href":"http:\/\/www.augen-blicke-afrika.de\/blog\/wp-json\/wp\/v2\/pages\/3413\/revisions\/7038"}],"up":[{"embeddable":true,"href":"http:\/\/www.augen-blicke-afrika.de\/blog\/wp-json\/wp\/v2\/pages\/4179"}],"wp:featuredmedia":[{"embeddable":true,"href":"http:\/\/www.augen-blicke-afrika.de\/blog\/wp-json\/wp\/v2\/media\/5126"}],"wp:attachment":[{"href":"http:\/\/www.augen-blicke-afrika.de\/blog\/wp-json\/wp\/v2\/media?parent=3413"}],"curies":[{"name":"wp","href":"https:\/\/api.w.org\/{rel}","templated":true}]}}