{"id":330,"date":"2012-09-13T16:59:05","date_gmt":"2012-09-13T14:59:05","guid":{"rendered":"http:\/\/www.augen-blicke-afrika.de\/blog\/?page_id=330"},"modified":"2022-09-18T15:41:11","modified_gmt":"2022-09-18T13:41:11","slug":"viva-riva","status":"publish","type":"page","link":"http:\/\/www.augen-blicke-afrika.de\/blog\/archiv\/archiv-2012\/filme\/viva-riva\/","title":{"rendered":"Viva Riva!"},"content":{"rendered":"<h2>Viva Riva!<\/h2>\n<p><em>(Dem. Rep. Kongo \/ Frankreich \/ Belgien \/ Kanada 2010, R.: Djo Tunda Wa Munga, 97 Min., <em><em><em><em>Original mit deutschen Untertiteln<\/em><\/em><\/em><\/em>)<\/em><\/p>\n<p><a href=\"http:\/\/www.augen-blicke-afrika.de\/blog\/wp-content\/uploads\/2012\/09\/viva-riva-filmplakat.jpg\"><img loading=\"lazy\" decoding=\"async\" class=\"alignleft size-full wp-image-332\" title=\"Viva Riva!\" src=\"http:\/\/www.augen-blicke-afrika.de\/blog\/wp-content\/uploads\/2012\/09\/viva-riva-filmplakat.jpg\" alt=\"Viva Riva!\" width=\"200\" height=\"283\"><\/a>Der Traum von Macht und schnellem Geld scheint f\u00fcr Riva zum Greifen nah, als dieser den Unterweltboss Cesar um das erleichtert, was in Kinshasa so viel wert ist wie pures Gold \u2013 eine Lastwagenladung voll Benzin. Mit den Taschen voller Geld, st\u00fcrzt sich Riva in das schillernde Nachtleben der Gro\u00dfstadt. Als Riva ein Auge auf die ebenso sch\u00f6ne, wie fatale Nora wirft, scheint er den Bogen \u00fcberspannt zu haben. Fortan ist ihm auch noch Noras Mann, der skrupellose Gangsterboss Azor, auf den Fersen. Doch Angst ist f\u00fcr Riva ein Fremdwort. Es folgt eine atemlose und packende Jagd durch eine der pulsierendsten Metropolen Afrikas.<\/p>\n<p>Der Regisseur Djo Tunda Wa Munga hat sein Filmhandwerk in Belgien erlernt. Viva Riva ist ein starkes Beispiel f\u00fcr ein popul\u00e4res afrikanisches Unterhaltungskino und eine Rarit\u00e4t. Er ist keine f\u00fcr den Weltmarkt produzierte Exportware, sondern das rare St\u00fcck eines popul\u00e4ren Genrethrillers. Ein Lehrst\u00fcck \u00fcber sein Heimatland, wie er in einem Interview selbst ausf\u00fchrt.<\/p>\n<p>Trailer des Films: <a title=\"Zum Trailer des Films &quot;Viva Riva!&quot;\" href=\"http:\/\/www.youtube.com\/watch?v=j8GGI1lwgkk\" target=\"_blank\" rel=\"noopener\">http:\/\/www.youtube.com\/watch?v=j8GGI1lwgkk<\/a><\/p>\n<div id=\"attachment_333\" style=\"width: 510px\" class=\"wp-caption alignnone\"><a href=\"http:\/\/www.augen-blicke-afrika.de\/blog\/wp-content\/uploads\/2012\/09\/viva-riva01.jpg\"><img loading=\"lazy\" decoding=\"async\" aria-describedby=\"caption-attachment-333\" class=\"size-full wp-image-333\" title=\"Viva Riva!\" src=\"http:\/\/www.augen-blicke-afrika.de\/blog\/wp-content\/uploads\/2012\/09\/viva-riva01.jpg\" alt=\"Viva Riva!\" width=\"500\" height=\"281\" srcset=\"http:\/\/www.augen-blicke-afrika.de\/blog\/wp-content\/uploads\/2012\/09\/viva-riva01.jpg 500w, http:\/\/www.augen-blicke-afrika.de\/blog\/wp-content\/uploads\/2012\/09\/viva-riva01-300x168.jpg 300w\" sizes=\"auto, (max-width: 500px) 100vw, 500px\" \/><\/a><p id=\"caption-attachment-333\" class=\"wp-caption-text\">Filmfoto<\/p><\/div>\n<div id=\"attachment_334\" style=\"width: 510px\" class=\"wp-caption alignnone\"><a href=\"http:\/\/www.augen-blicke-afrika.de\/blog\/wp-content\/uploads\/2012\/09\/viva-riva02.jpg\"><img loading=\"lazy\" decoding=\"async\" aria-describedby=\"caption-attachment-334\" class=\"size-full wp-image-334\" title=\"Viva Riva!\" src=\"http:\/\/www.augen-blicke-afrika.de\/blog\/wp-content\/uploads\/2012\/09\/viva-riva02.jpg\" alt=\"Viva Riva!\" width=\"500\" height=\"333\" srcset=\"http:\/\/www.augen-blicke-afrika.de\/blog\/wp-content\/uploads\/2012\/09\/viva-riva02.jpg 500w, http:\/\/www.augen-blicke-afrika.de\/blog\/wp-content\/uploads\/2012\/09\/viva-riva02-300x199.jpg 300w, http:\/\/www.augen-blicke-afrika.de\/blog\/wp-content\/uploads\/2012\/09\/viva-riva02-450x300.jpg 450w\" sizes=\"auto, (max-width: 500px) 100vw, 500px\" \/><\/a><p id=\"caption-attachment-334\" class=\"wp-caption-text\">Filmfoto<\/p><\/div>\n<p><a title=\"Programm\u00fcbersicht\" href=\"http:\/\/www.augen-blicke-afrika.de\/blog\/programm\/\">Zur Programm\u00fcbersicht<\/a><br \/>\n<a title=\"Programm\u00fcbersicht\" href=\"http:\/\/www.augen-blicke-afrika.de\/blog\/filme\/\">Zum Filmverzeichnis<\/a><\/p>\n","protected":false},"excerpt":{"rendered":"<p>Viva Riva! (Dem. Rep. Kongo \/ Frankreich \/ Belgien \/ Kanada 2010, R.: Djo Tunda Wa Munga, 97 Min., Original mit deutschen Untertiteln) Der Traum von Macht und schnellem Geld scheint f\u00fcr Riva zum Greifen nah, als dieser den Unterweltboss &hellip; <a href=\"http:\/\/www.augen-blicke-afrika.de\/blog\/archiv\/archiv-2012\/filme\/viva-riva\/\">Weiterlesen <span class=\"meta-nav\">&rarr;<\/span><\/a><\/p>\n","protected":false},"author":1,"featured_media":357,"parent":89,"menu_order":0,"comment_status":"closed","ping_status":"closed","template":"afrika2012.php","meta":{"footnotes":""},"class_list":["post-330","page","type-page","status-publish","has-post-thumbnail","hentry"],"_links":{"self":[{"href":"http:\/\/www.augen-blicke-afrika.de\/blog\/wp-json\/wp\/v2\/pages\/330","targetHints":{"allow":["GET"]}}],"collection":[{"href":"http:\/\/www.augen-blicke-afrika.de\/blog\/wp-json\/wp\/v2\/pages"}],"about":[{"href":"http:\/\/www.augen-blicke-afrika.de\/blog\/wp-json\/wp\/v2\/types\/page"}],"author":[{"embeddable":true,"href":"http:\/\/www.augen-blicke-afrika.de\/blog\/wp-json\/wp\/v2\/users\/1"}],"replies":[{"embeddable":true,"href":"http:\/\/www.augen-blicke-afrika.de\/blog\/wp-json\/wp\/v2\/comments?post=330"}],"version-history":[{"count":11,"href":"http:\/\/www.augen-blicke-afrika.de\/blog\/wp-json\/wp\/v2\/pages\/330\/revisions"}],"predecessor-version":[{"id":6796,"href":"http:\/\/www.augen-blicke-afrika.de\/blog\/wp-json\/wp\/v2\/pages\/330\/revisions\/6796"}],"up":[{"embeddable":true,"href":"http:\/\/www.augen-blicke-afrika.de\/blog\/wp-json\/wp\/v2\/pages\/89"}],"wp:featuredmedia":[{"embeddable":true,"href":"http:\/\/www.augen-blicke-afrika.de\/blog\/wp-json\/wp\/v2\/media\/357"}],"wp:attachment":[{"href":"http:\/\/www.augen-blicke-afrika.de\/blog\/wp-json\/wp\/v2\/media?parent=330"}],"curies":[{"name":"wp","href":"https:\/\/api.w.org\/{rel}","templated":true}]}}