{"id":319,"date":"2012-09-13T16:46:14","date_gmt":"2012-09-13T14:46:14","guid":{"rendered":"http:\/\/www.augen-blicke-afrika.de\/blog\/?page_id=319"},"modified":"2022-09-18T15:40:49","modified_gmt":"2022-09-18T13:40:49","slug":"un-hommet","status":"publish","type":"page","link":"http:\/\/www.augen-blicke-afrika.de\/blog\/archiv\/archiv-2012\/filme\/un-hommet\/","title":{"rendered":"Un homme qui crie \u2013 Ein Mann der schreit"},"content":{"rendered":"<h2><a href=\"#francais\"><img loading=\"lazy\" decoding=\"async\" class=\"alignright  wp-image-576\" style=\"border: 0px none; margin: 0px;\" title=\"version francaise\" src=\"http:\/\/www.augen-blicke-afrika.de\/blog\/wp-content\/uploads\/2012\/09\/france-schrift.gif\" alt=\"franz\u00f6sische Fahne\" width=\"60\" height=\"34\"><\/a><\/h2>\n<h2>Un homme qui crie \u2013 Ein Mann der schreit<\/h2>\n<p><em>(Tschad \/ Frankreich \/ Belgien 2010, R: Mahamat-Saleh Haroun, 100 Min, <em><em><em><em>Original mit deutschen Untertiteln<\/em><\/em><\/em><\/em>. Mit Youssouf Djaoro, Dioucounda Koma, Hadje Fatime N&#8217;Goua)<\/em><\/p>\n<p><strong>Bei der Vorstellung wird R\u00e9n\u00e9 Tenenjou (Filmemacher aus Kamerun) anwesend sein.<\/strong><\/p>\n<p><a href=\"http:\/\/www.augen-blicke-afrika.de\/blog\/wp-content\/uploads\/2012\/09\/un-homme-filmplakat.jpg\"><img loading=\"lazy\" decoding=\"async\" class=\"alignleft size-full wp-image-320\" title=\"Un homme qui crie \u2013 Ein Mann der schreit\" src=\"http:\/\/www.augen-blicke-afrika.de\/blog\/wp-content\/uploads\/2012\/09\/un-homme-filmplakat.jpg\" alt=\"Un homme qui crie \u2013 Ein Mann der schreit\" width=\"200\" height=\"267\"><\/a>Der in die Jahre gekommene Adam arbeitet zufrieden als Bademeister in einem Luxushotel in N&#8217;Djamena. Als chinesische Investoren das Hotel \u00fcbernehmen, erh\u00e4lt sein Sohn den Job. Adam wird zum Parkplatzw\u00e4chter degradiert. Zeitgleich steht das Land am Rande eines B\u00fcrgerkriegs. Adam tr\u00e4gt ma\u00dfgeblich dazu bei, dass sein Sohn vom Milit\u00e4r rekrutiert wird. Generationenkonflikte und politische Umw\u00e4lzungen sind in diesem packenden Film eng miteinander verwoben.<\/p>\n<p>Der Film <em>&#8220;Un homme qui crie&#8221;<\/em> des tschadischen Regisseurs Mahamat-Saleh Haroun lief im offiziellen Wettbewerb des Filmfestivals von Cannes und wurde mit dem Preis der Jury ausgezeichnet.<\/p>\n<p>Trailer des Films: <a title=\"Trailer des Films Un homme qui crie\" href=\"http:\/\/www.youtube.com\/watch?v=NYWj6pafdhU\" target=\"_blank\" rel=\"noopener\">http:\/\/www.youtube.com\/watch?v=NYWj6pafdhU<\/a><\/p>\n<div id=\"attachment_321\" style=\"width: 510px\" class=\"wp-caption alignnone\"><a href=\"http:\/\/www.augen-blicke-afrika.de\/blog\/wp-content\/uploads\/2012\/09\/un-homme-ScreamingMan.jpg\"><img loading=\"lazy\" decoding=\"async\" aria-describedby=\"caption-attachment-321\" class=\"size-full wp-image-321\" title=\"Un homme qui crie \u2013 Ein Mann der schreit\" src=\"http:\/\/www.augen-blicke-afrika.de\/blog\/wp-content\/uploads\/2012\/09\/un-homme-ScreamingMan.jpg\" alt=\"Un homme qui crie \u2013 Ein Mann der schreit\" width=\"500\" height=\"284\" srcset=\"http:\/\/www.augen-blicke-afrika.de\/blog\/wp-content\/uploads\/2012\/09\/un-homme-ScreamingMan.jpg 500w, http:\/\/www.augen-blicke-afrika.de\/blog\/wp-content\/uploads\/2012\/09\/un-homme-ScreamingMan-300x170.jpg 300w\" sizes=\"auto, (max-width: 500px) 100vw, 500px\" \/><\/a><p id=\"caption-attachment-321\" class=\"wp-caption-text\">Filmfoto<\/p><\/div>\n<p>&nbsp;<\/p>\n<div id=\"attachment_322\" style=\"width: 510px\" class=\"wp-caption alignnone\"><a href=\"http:\/\/www.augen-blicke-afrika.de\/blog\/wp-content\/uploads\/2012\/09\/un-homme02.jpg\"><img loading=\"lazy\" decoding=\"async\" aria-describedby=\"caption-attachment-322\" class=\"size-full wp-image-322\" title=\"Un homme qui crie \u2013 Ein Mann der schreit\" src=\"http:\/\/www.augen-blicke-afrika.de\/blog\/wp-content\/uploads\/2012\/09\/un-homme02.jpg\" alt=\"Un homme qui crie \u2013 Ein Mann der schreit\" width=\"500\" height=\"284\" srcset=\"http:\/\/www.augen-blicke-afrika.de\/blog\/wp-content\/uploads\/2012\/09\/un-homme02.jpg 500w, http:\/\/www.augen-blicke-afrika.de\/blog\/wp-content\/uploads\/2012\/09\/un-homme02-300x170.jpg 300w\" sizes=\"auto, (max-width: 500px) 100vw, 500px\" \/><\/a><p id=\"caption-attachment-322\" class=\"wp-caption-text\">Filmfoto<\/p><\/div>\n<p>&nbsp;<\/p>\n<div id=\"attachment_323\" style=\"width: 510px\" class=\"wp-caption alignnone\"><a href=\"http:\/\/www.augen-blicke-afrika.de\/blog\/wp-content\/uploads\/2012\/09\/un-homme03.jpg\"><img loading=\"lazy\" decoding=\"async\" aria-describedby=\"caption-attachment-323\" class=\"size-full wp-image-323\" title=\"Un homme qui crie \u2013 Ein Mann der schreit\" src=\"http:\/\/www.augen-blicke-afrika.de\/blog\/wp-content\/uploads\/2012\/09\/un-homme03.jpg\" alt=\"Un homme qui crie \u2013 Ein Mann der schreit\" width=\"500\" height=\"284\" srcset=\"http:\/\/www.augen-blicke-afrika.de\/blog\/wp-content\/uploads\/2012\/09\/un-homme03.jpg 500w, http:\/\/www.augen-blicke-afrika.de\/blog\/wp-content\/uploads\/2012\/09\/un-homme03-300x170.jpg 300w\" sizes=\"auto, (max-width: 500px) 100vw, 500px\" \/><\/a><p id=\"caption-attachment-323\" class=\"wp-caption-text\">Filmfoto<\/p><\/div>\n<p><a name=\"francais\"><\/a><\/p>\n<h2>Un homme qui crie<\/h2>\n<p><em>(Tchad \/ France \/ Belgique 2010, Dir: Mahamat-Saleh Haroun, 100 min, OmenglU)<\/em><\/p>\n<p>Le film raconte l&#8217;histoire des ann\u00e9es de vieillissement d&#8217; Adam, qui travaille comme maitre de bains satisfait dans un h\u00f4tel de luxe. Quand des investisseurs chinois rach\u00e8tent l&#8217;h\u00f4tel, il perd comme beaucoup de ses coll\u00e8gues, son travail. Son fils l&#8217;a remplac\u00e9, lui il peut jouer le gardien du parc.<\/p>\n<p>Dans le m\u00eame temps le pays est sur le bord de la guerre civile. Les rebelles arm\u00e9s sont un d\u00e9fi au gouvernement, des jeunes hommes forts sont recrut\u00e9s, y compris le fils d&#8217;Adam.<br \/>\nConflits g\u00e9n\u00e9rationnels et des bouleversements politiques dans ce film sont intimement li\u00e9s.<\/p>\n<p>&#8220;Un Homme qui crie&#8221; a couru cette ann\u00e9e en comp\u00e9tition officielle au Festival de Cannes et le prix du jury lui a \u00e9t\u00e9 d\u00e9cern\u00e9 .<\/p>\n<p><a title=\"Programm\u00fcbersicht\" href=\"http:\/\/www.augen-blicke-afrika.de\/blog\/programm\/\">Zur Programm\u00fcbersicht<\/a><br \/>\n<a title=\"Programm\u00fcbersicht\" href=\"http:\/\/www.augen-blicke-afrika.de\/blog\/filme\/\">Zum Filmverzeichnis<\/a><\/p>\n","protected":false},"excerpt":{"rendered":"<p>Un homme qui crie \u2013 Ein Mann der schreit (Tschad \/ Frankreich \/ Belgien 2010, R: Mahamat-Saleh Haroun, 100 Min, Original mit deutschen Untertiteln. Mit Youssouf Djaoro, Dioucounda Koma, Hadje Fatime N&#8217;Goua) Bei der Vorstellung wird R\u00e9n\u00e9 Tenenjou (Filmemacher aus &hellip; <a href=\"http:\/\/www.augen-blicke-afrika.de\/blog\/archiv\/archiv-2012\/filme\/un-hommet\/\">Weiterlesen <span class=\"meta-nav\">&rarr;<\/span><\/a><\/p>\n","protected":false},"author":1,"featured_media":357,"parent":89,"menu_order":0,"comment_status":"closed","ping_status":"closed","template":"afrika2012.php","meta":{"footnotes":""},"class_list":["post-319","page","type-page","status-publish","has-post-thumbnail","hentry"],"_links":{"self":[{"href":"http:\/\/www.augen-blicke-afrika.de\/blog\/wp-json\/wp\/v2\/pages\/319","targetHints":{"allow":["GET"]}}],"collection":[{"href":"http:\/\/www.augen-blicke-afrika.de\/blog\/wp-json\/wp\/v2\/pages"}],"about":[{"href":"http:\/\/www.augen-blicke-afrika.de\/blog\/wp-json\/wp\/v2\/types\/page"}],"author":[{"embeddable":true,"href":"http:\/\/www.augen-blicke-afrika.de\/blog\/wp-json\/wp\/v2\/users\/1"}],"replies":[{"embeddable":true,"href":"http:\/\/www.augen-blicke-afrika.de\/blog\/wp-json\/wp\/v2\/comments?post=319"}],"version-history":[{"count":15,"href":"http:\/\/www.augen-blicke-afrika.de\/blog\/wp-json\/wp\/v2\/pages\/319\/revisions"}],"predecessor-version":[{"id":6795,"href":"http:\/\/www.augen-blicke-afrika.de\/blog\/wp-json\/wp\/v2\/pages\/319\/revisions\/6795"}],"up":[{"embeddable":true,"href":"http:\/\/www.augen-blicke-afrika.de\/blog\/wp-json\/wp\/v2\/pages\/89"}],"wp:featuredmedia":[{"embeddable":true,"href":"http:\/\/www.augen-blicke-afrika.de\/blog\/wp-json\/wp\/v2\/media\/357"}],"wp:attachment":[{"href":"http:\/\/www.augen-blicke-afrika.de\/blog\/wp-json\/wp\/v2\/media?parent=319"}],"curies":[{"name":"wp","href":"https:\/\/api.w.org\/{rel}","templated":true}]}}