{"id":3135,"date":"2016-10-11T23:26:14","date_gmt":"2016-10-11T21:26:14","guid":{"rendered":"http:\/\/www.augen-blicke-afrika.de\/blog\/?page_id=3135"},"modified":"2025-11-05T09:13:14","modified_gmt":"2025-11-05T08:13:14","slug":"podiumsdiskussion","status":"publish","type":"page","link":"http:\/\/www.augen-blicke-afrika.de\/blog\/archiv\/archiv-2016\/podiumsdiskussion\/","title":{"rendered":"PODIUMSDISKUSSION"},"content":{"rendered":"<p>Der Blick afrikanischer Regisseurinnen auf die Rolle der Frauen in den L\u00e4ndern Afrikas<br \/>\nMit einer speziellen Filmauswahl wollen wir in diesem Jahr den k\u00fcnstlerischen Aufbruch von Frauen im afrikanischen Kino thematisieren mit dem Ziel, den eurozentrischen Blick auf Frauen in Afrika aufzubrechen.<br \/>\nAuf dem Podium diskutieren wir mit drei Regisseurinnen aus verschiedenen L\u00e4ndern die Rolle der Frauen in afrikanischen Gesellschaften und deren Widerspiegelung im afrikanischen Kino.<br \/>\nTats\u00e4chlich haben Frauen aus Afrika in den letzten Jahren zahlreiche Filminitiativen und<br \/>\nProduktionsfirmen gegr\u00fcndet sowie Frauen-Film festivals &#8211; von der Elfenbeink\u00fcste \u00fcber Nigeria bis nach S\u00fcdafrika. Die Zahl von Frauen, die vor und hinter der Kamera stehen, hat in vielen L\u00e4ndern Afrikas wie in der Diaspora deutlich zugenommen.<br \/>\nUns interessieren in der Diskussion mit den Regisseurinnen vor allem Fragen zum Filmschaffen.<br \/>\nWelche Themen greifen die Filmemacherinnen auf und wie setzen sie diese filmisch um?<br \/>\nWelche politischen, \u00f6konomischen und sozialen Ver\u00e4nderungen in ihren L\u00e4ndern sind f\u00fcr<br \/>\nFrauen in den zur\u00fcckliegenden Jahren von Bedeutung gewesen? Wie unterscheiden sich die Produktionsbedingungen f\u00fcr Frauen von denen f\u00fcr M\u00e4nner?<\/p>\n<p>&nbsp;<\/p>\n<p><span style=\"text-decoration: underline;\">Es diskutieren:<\/span><br \/>\n<a href=\"http:\/\/www.augen-blicke-afrika.de\/blog\/wp-content\/uploads\/2016\/10\/sarah-bleher.png\"><img loading=\"lazy\" decoding=\"async\" class=\"wp-image-3179 alignleft\" src=\"http:\/\/www.augen-blicke-afrika.de\/blog\/wp-content\/uploads\/2016\/10\/sarah-bleher-281x300.png\" alt=\"sarah-bleher\" width=\"99\" height=\"104\" \/><\/a>Sara Blecher<br \/>\nS\u00fcdafrika (\u201e<a href=\"http:\/\/www.augen-blicke-afrika.de\/blog\/ayanda\/\">Ayanda<\/a>\u201c)<\/p>\n<p>&nbsp;<\/p>\n<p>&nbsp;<\/p>\n<p><a href=\"http:\/\/www.augen-blicke-afrika.de\/blog\/wp-content\/uploads\/2016\/10\/TRAORE_Apolline_2013.png\"><img loading=\"lazy\" decoding=\"async\" class=\"wp-image-3177 alignleft\" src=\"http:\/\/www.augen-blicke-afrika.de\/blog\/wp-content\/uploads\/2016\/10\/TRAORE_Apolline_2013.png\" alt=\"traore_apolline_2013\" width=\"101\" height=\"131\" \/><\/a>Apolline Traor\u00e9<br \/>\nBurkina Faso (\u201e<a href=\"http:\/\/www.augen-blicke-afrika.de\/blog\/moi-zaphira-ich-zaphira\/\">Moi, Zaphira<\/a>\u201c)<\/p>\n<p>&nbsp;<\/p>\n<p>&nbsp;<\/p>\n<p>&nbsp;<\/p>\n<p><a href=\"http:\/\/www.augen-blicke-afrika.de\/blog\/wp-content\/uploads\/2016\/10\/feriel.jpg\"><img loading=\"lazy\" decoding=\"async\" class=\"wp-image-3180 alignleft\" src=\"http:\/\/www.augen-blicke-afrika.de\/blog\/wp-content\/uploads\/2016\/10\/feriel-200x300.jpg\" alt=\"feriel\" width=\"101\" height=\"145\" \/><\/a>Feriel Ben Mahmoud<br \/>\nTunesien (\u201e<a href=\"http:\/\/www.augen-blicke-afrika.de\/blog\/la-revolution-des-femmes-un-siecle-de-feminisme-arabe\/\">La r\u00e9volution des femmes \u2013<\/a><br \/>\n<a href=\"http:\/\/www.augen-blicke-afrika.de\/blog\/la-revolution-des-femmes-un-siecle-de-feminisme-arabe\/\">Un si\u00e8cle de f\u00e9minisme arabe<\/a>\u201c)<\/p>\n<p>&nbsp;<\/p>\n<p>&nbsp;<\/p>\n<p>Diskussionsleitung:<br \/>\nKirsten Maas-Albert (Leiterin Referat Afrika, Heinrich-B\u00f6ll-Stiftung Berlin)<\/p>\n<p>&nbsp;<\/p>\n<p lang=\"en-US\"><strong><span style=\"font-family: Times New Roman,serif;\"><span style=\"font-size: large;\">PANEL DISCUSSION<\/span><\/span><\/strong><\/p>\n<p lang=\"en-US\"><span style=\"color: #000000;\"><span style=\"font-family: Times New Roman,serif;\"><span style=\"font-size: medium;\"><b>The View of Female African Film Directors on the Role of Women in the Countries of Africa<\/b><\/span><\/span><\/span><\/p>\n<p lang=\"en-US\"><span style=\"color: #000000;\"><span style=\"font-family: Times New Roman,serif;\"><span style=\"font-size: medium;\">This year, through a special selection of films, we want to address the artistic awakening of women in African cinema and thereby break open the Eurocentric perspective on women in Africa. On the podium we are discussing the roles of women in African societies and their reflection in African cinema with three directors from different countries. Women from Africa have in fact founded numerous film initiatives and production companies as well as women&#8217;s film festivals in recent years, extending from Ivory Coast to Nigeria and South Africa. The number of women in front of and behind the cameras has increased significantly in many African countries as well as in the diaspora. In our discussion with the directors, we are above all interested in questions of cinematic art: Which topics do the film makers pick up, and how do they turn them into film? Which political, economic, and social changes in their countries have been important for women in the last few years? In how far are the conditions for producing films for women different from those for men?<\/span><\/span><\/span><\/p>\n","protected":false},"excerpt":{"rendered":"<p>Der Blick afrikanischer Regisseurinnen auf die Rolle der Frauen in den L\u00e4ndern Afrikas Mit einer speziellen Filmauswahl wollen wir in diesem Jahr den k\u00fcnstlerischen Aufbruch von Frauen im afrikanischen Kino thematisieren mit dem Ziel, den eurozentrischen Blick auf Frauen in &hellip; <a href=\"http:\/\/www.augen-blicke-afrika.de\/blog\/archiv\/archiv-2016\/podiumsdiskussion\/\">Weiterlesen <span class=\"meta-nav\">&rarr;<\/span><\/a><\/p>\n","protected":false},"author":4,"featured_media":0,"parent":3336,"menu_order":0,"comment_status":"closed","ping_status":"closed","template":"afrika2016.php","meta":{"footnotes":""},"class_list":["post-3135","page","type-page","status-publish","hentry"],"_links":{"self":[{"href":"http:\/\/www.augen-blicke-afrika.de\/blog\/wp-json\/wp\/v2\/pages\/3135","targetHints":{"allow":["GET"]}}],"collection":[{"href":"http:\/\/www.augen-blicke-afrika.de\/blog\/wp-json\/wp\/v2\/pages"}],"about":[{"href":"http:\/\/www.augen-blicke-afrika.de\/blog\/wp-json\/wp\/v2\/types\/page"}],"author":[{"embeddable":true,"href":"http:\/\/www.augen-blicke-afrika.de\/blog\/wp-json\/wp\/v2\/users\/4"}],"replies":[{"embeddable":true,"href":"http:\/\/www.augen-blicke-afrika.de\/blog\/wp-json\/wp\/v2\/comments?post=3135"}],"version-history":[{"count":4,"href":"http:\/\/www.augen-blicke-afrika.de\/blog\/wp-json\/wp\/v2\/pages\/3135\/revisions"}],"predecessor-version":[{"id":3279,"href":"http:\/\/www.augen-blicke-afrika.de\/blog\/wp-json\/wp\/v2\/pages\/3135\/revisions\/3279"}],"up":[{"embeddable":true,"href":"http:\/\/www.augen-blicke-afrika.de\/blog\/wp-json\/wp\/v2\/pages\/3336"}],"wp:attachment":[{"href":"http:\/\/www.augen-blicke-afrika.de\/blog\/wp-json\/wp\/v2\/media?parent=3135"}],"curies":[{"name":"wp","href":"https:\/\/api.w.org\/{rel}","templated":true}]}}