{"id":3112,"date":"2016-10-11T16:44:14","date_gmt":"2016-10-11T14:44:14","guid":{"rendered":"http:\/\/www.augen-blicke-afrika.de\/blog\/?page_id=3112"},"modified":"2018-10-10T13:52:41","modified_gmt":"2018-10-10T11:52:41","slug":"kurzfilme","status":"publish","type":"page","link":"http:\/\/www.augen-blicke-afrika.de\/blog\/archiv\/archiv-2016\/filme-2016\/kurzfilme\/","title":{"rendered":"Kurzfilme"},"content":{"rendered":"<p><strong><span style=\"color: #000000;\"><span style=\"font-family: Arial,serif;\"><span style=\"font-size: large;\"><span lang=\"en-US\">Kwaku Ananse <\/span><\/span><\/span><\/span><\/strong><\/p>\n<p><span style=\"color: #000000;\"><span style=\"font-family: Arial,serif;\"><span style=\"font-size: large;\"><span lang=\"en-US\">Ghana \/ USA 2013, R.: Akosua Adoma Owusu, 25 Min., OF, dt. UT<\/span><\/span><\/span><\/span><\/p>\n<p><span style=\"font-family: Arial,serif;\"><span style=\"font-size: large;\">Nyan kehrt aus den USA zur Beerdigung ihres Vaters nach Ghana zur\u00fcck. Von dessen zweiter Familie hat sie sich l\u00e4ngst entfremdet. Erst eine mystische Begegnung mit dem Geist des Verstorbenen ver\u00e4ndert ihren Blick auf die traditionelle Begr\u00e4bniszeremonie. <\/span><\/span><\/p>\n<p><span style=\"font-family: Arial,serif;\"><span style=\"font-size: large;\"><b>Akosua Adoma Owusu<\/b><\/span><\/span><span style=\"font-family: Arial,serif;\"><span style=\"font-size: large;\">, geb. 1984 in den USA als Tochter einer ghanaischen Migrantenfamilie. Seit 2005 realisiert und produziert sie Kurzfilme.<\/span><\/span><\/p>\n<p><strong><span style=\"color: #000000;\"><span style=\"font-family: Arial,serif;\"><span style=\"font-size: large;\"><span lang=\"en-US\">Boys of Soweto<\/span><\/span><\/span><\/span><\/strong><\/p>\n<p><span style=\"color: #000000;\"><span style=\"font-family: Arial,serif;\"><span style=\"font-size: large;\"><span lang=\"en-US\">S\u00fcdafrika 2014, R.: Meja L. Shoba, 4 Min, OF<\/span><\/span><\/span><\/span><\/p>\n<p><span style=\"font-family: Arial,serif;\"><span style=\"font-size: large;\">Sechs junge M\u00e4nner stylen sich nach der neuesten Township-Mode, um mit ihrem Outfit h\u00fcbsche Passantinnen zu beeindrucken.<\/span><\/span><\/p>\n<p><span style=\"font-family: Arial,serif;\"><span style=\"font-size: large;\"><b>Meja Shoba, <\/b><\/span><\/span><span style=\"font-family: Arial,serif;\"><span style=\"font-size: large;\">geb.<\/span><\/span><b> <\/b><span style=\"font-family: Arial,serif;\"><span style=\"font-size: large;\">in S\u00fcdafrika. Sie arbeitet als Autorin, Regisseurin und Produzentin in Johannesburg. Sie realisiert Modefilme, Werbespots und Dokumentarfilme.<\/span><\/span><\/p>\n<p><strong><span style=\"font-family: Arial,serif;\"><span style=\"font-size: large;\">Soeur Oyo<\/span><\/span><\/strong><\/p>\n<p><span style=\"font-family: Arial,serif;\"><span style=\"font-size: large;\">D. R. Kongo 2014, R.: Monique Mbeka Phoba, 24 Min., OF, dt. UT<\/span><\/span><\/p>\n<p><span style=\"font-family: Arial,serif;\"><span style=\"font-size: large;\">Im kolonialen Kongo der 1950er Jahre schicken die Eltern die 10-j\u00e4hrige Godelive in ein katholisches Nonneninternat, f\u00fcr einheimische M\u00e4dchen die einzige franz\u00f6sischsprachige weiterf\u00fchrende Schule im Lande. Aber die strikt westliche Erziehung kollidiert mit den Erinnerungen des M\u00e4dchens an die Erz\u00e4hlungen ihrer Gro\u00dfmutter.<\/span><\/span><\/p>\n<p><span style=\"font-family: Arial,serif;\"><span style=\"font-size: large;\"><b>Monique Mbeka Phoba<\/b><\/span><\/span><span style=\"font-family: Arial,serif;\"><span style=\"font-size: large;\">, geb. 1962 in Belgien, Tochter kongolesischer Eltern. Nach ihrem Studium arbeitete sie als Journalistin und Filmemacherin mit Schwerpunkt Afrika.<\/span><\/span><\/p>\n<p><strong><span style=\"color: #000000;\"><span style=\"font-family: Arial,serif;\"><span style=\"font-size: large;\"><span lang=\"en-US\">Aya Wahl Bahr<\/span><\/span><\/span><\/span> <span style=\"color: #000000;\"><span style=\"font-family: Arial,serif;\"><span style=\"font-size: large;\"><span lang=\"en-US\">\/ Aya Goes to the Beach<\/span><\/span><\/span><\/span><\/strong><\/p>\n<p><span style=\"color: #000000;\"><span style=\"font-family: Arial,serif;\"><span style=\"font-size: large;\"><span lang=\"en-US\">Marokko 2015, R.: Maryam Touzani, 19 Min., arab. OF, dt. UT<\/span><\/span><\/span><\/span><\/p>\n<p><span style=\"font-family: Arial,serif;\"><span style=\"font-size: large;\">Harte Arbeit und dann noch Beschimpfungen &#8211; das ist der Alltag des 10-j\u00e4hrigen Hausm\u00e4dchens Aya. Bei kurzen Pausen auf dem Balkon entwickelt sich eine enge Verbundenheit zu der an den Rollstuhl gefesselten allein lebenden Nachbarin. Beide sind Gefangene und haben Tr\u00e4ume &#8211; Aya hat einen Plan.<\/span><\/span><\/p>\n<p><span style=\"color: #000000;\"><span style=\"font-family: Arial,serif;\"><span style=\"font-size: large;\"><span lang=\"en-US\"><b>Maryam Touzani<\/b><\/span><\/span><\/span><\/span><span style=\"color: #000000;\"><span style=\"font-family: Arial,serif;\"><span style=\"font-size: large;\"><span lang=\"en-US\">, geb. 1980 in Marokko, Journalistin, Autorin und Regisseurin von Kurzfilmen.<\/span><\/span><\/span><\/span><\/p>\n<p><strong><span style=\"color: #000000;\"><span style=\"font-family: Arial,serif;\"><span style=\"font-size: large;\"><span lang=\"en-US\">Maman(s)<\/span><\/span><\/span><\/span><\/strong><\/p>\n<p><span style=\"color: #000000;\"><span style=\"font-family: Arial,serif;\"><span style=\"font-size: large;\"><span lang=\"en-US\">Frankreich \/ Senegal 2015, R.: Ma\u00efmouna Doucour\u00e9, 21 Min., frz. OF, dt. UT<\/span><\/span><\/span><\/span><\/p>\n<p><span style=\"font-family: Arial,serif;\"><span style=\"font-size: large;\">Die kleine Aida lebt mit ihrer Familie in einem Pariser Vorort. Als ihr Vater von einer Reise aus dem Senegal zur\u00fcckkehrt und eine zweite Frau samt Baby mit in die Wohnung bringt, ist das M\u00e4dchen pl\u00f6tzlich mit zwei Mamas konfrontiert. Aida &#8211; gro\u00dfartig gespielt von <\/span><\/span><span style=\"font-family: Arial,serif;\"><span style=\"font-size: large;\"><b>Sokhna Diallo<\/b><\/span><\/span><span style=\"font-family: Arial,serif;\"><span style=\"font-size: large;\"> &#8211; ist entsetzt und nimmt zornig den Kampf auf f\u00fcr sich und ihre Mutter, denn sie ist europ\u00e4isiert, Polygamie ist ihr fremd.<\/span><\/span><\/p>\n<p><a name=\"__DdeLink__447_1089009681\"><\/a> <span style=\"color: #000000;\"><span style=\"font-family: Arial,serif;\"><span style=\"font-size: large;\"><span lang=\"en-US\"><b>Ma\u00efmouna Doucour\u00e9<\/b><\/span><\/span><\/span><\/span><span style=\"color: #000000;\"><span style=\"font-family: Arial,serif;\"><span style=\"font-size: large;\"><span lang=\"en-US\">,<\/span><\/span><\/span><\/span><b> <\/b><span style=\"color: #000000;\"><span style=\"font-family: Arial,serif;\"><span style=\"font-size: large;\"><span lang=\"en-US\">Schauspielerin, Drehbuchautorin und Regisseurin. \u201cMaman(s)\u201d wurde als bester Kurzfilm beim Toronto Film Festival 2015 ausgezeichnet.<\/span><\/span><\/span><\/span><\/p>\n<p><span style=\"font-family: Arial,serif;\"><span style=\"font-size: large;\">Do. 10.11., 16 Uhr (Schwerpunkt)<\/span><\/span><\/p>\n","protected":false},"excerpt":{"rendered":"<p>Kwaku Ananse Ghana \/ USA 2013, R.: Akosua Adoma Owusu, 25 Min., OF, dt. UT Nyan kehrt aus den USA zur Beerdigung ihres Vaters nach Ghana zur\u00fcck. Von dessen zweiter Familie hat sie sich l\u00e4ngst entfremdet. Erst eine mystische Begegnung &hellip; <a href=\"http:\/\/www.augen-blicke-afrika.de\/blog\/archiv\/archiv-2016\/filme-2016\/kurzfilme\/\">Weiterlesen <span class=\"meta-nav\">&rarr;<\/span><\/a><\/p>\n","protected":false},"author":4,"featured_media":0,"parent":4192,"menu_order":0,"comment_status":"closed","ping_status":"closed","template":"","meta":{"footnotes":""},"class_list":["post-3112","page","type-page","status-publish","hentry"],"_links":{"self":[{"href":"http:\/\/www.augen-blicke-afrika.de\/blog\/wp-json\/wp\/v2\/pages\/3112","targetHints":{"allow":["GET"]}}],"collection":[{"href":"http:\/\/www.augen-blicke-afrika.de\/blog\/wp-json\/wp\/v2\/pages"}],"about":[{"href":"http:\/\/www.augen-blicke-afrika.de\/blog\/wp-json\/wp\/v2\/types\/page"}],"author":[{"embeddable":true,"href":"http:\/\/www.augen-blicke-afrika.de\/blog\/wp-json\/wp\/v2\/users\/4"}],"replies":[{"embeddable":true,"href":"http:\/\/www.augen-blicke-afrika.de\/blog\/wp-json\/wp\/v2\/comments?post=3112"}],"version-history":[{"count":3,"href":"http:\/\/www.augen-blicke-afrika.de\/blog\/wp-json\/wp\/v2\/pages\/3112\/revisions"}],"predecessor-version":[{"id":3115,"href":"http:\/\/www.augen-blicke-afrika.de\/blog\/wp-json\/wp\/v2\/pages\/3112\/revisions\/3115"}],"up":[{"embeddable":true,"href":"http:\/\/www.augen-blicke-afrika.de\/blog\/wp-json\/wp\/v2\/pages\/4192"}],"wp:attachment":[{"href":"http:\/\/www.augen-blicke-afrika.de\/blog\/wp-json\/wp\/v2\/media?parent=3112"}],"curies":[{"name":"wp","href":"https:\/\/api.w.org\/{rel}","templated":true}]}}