{"id":3108,"date":"2016-10-11T16:19:25","date_gmt":"2016-10-11T14:19:25","guid":{"rendered":"http:\/\/www.augen-blicke-afrika.de\/blog\/?page_id=3108"},"modified":"2025-11-05T09:12:09","modified_gmt":"2025-11-05T08:12:09","slug":"hedi","status":"publish","type":"page","link":"http:\/\/www.augen-blicke-afrika.de\/blog\/archiv\/archiv-2016\/filme-2016\/hedi\/","title":{"rendered":"Hedi"},"content":{"rendered":"<p style=\"text-align: justify;\">\n<h1><strong>Hedi<a href=\"http:\/\/www.augen-blicke-afrika.de\/blog\/wp-content\/uploads\/2016\/10\/1101.jpg\"><img loading=\"lazy\" decoding=\"async\" class=\"size-medium wp-image-3109 alignright\" src=\"http:\/\/www.augen-blicke-afrika.de\/blog\/wp-content\/uploads\/2016\/10\/1101-300x300.jpg\" alt=\"110\" width=\"300\" height=\"300\" srcset=\"http:\/\/www.augen-blicke-afrika.de\/blog\/wp-content\/uploads\/2016\/10\/1101-300x300.jpg 300w, http:\/\/www.augen-blicke-afrika.de\/blog\/wp-content\/uploads\/2016\/10\/1101-150x150.jpg 150w, http:\/\/www.augen-blicke-afrika.de\/blog\/wp-content\/uploads\/2016\/10\/1101-144x144.jpg 144w, http:\/\/www.augen-blicke-afrika.de\/blog\/wp-content\/uploads\/2016\/10\/1101-900x900.jpg 900w, http:\/\/www.augen-blicke-afrika.de\/blog\/wp-content\/uploads\/2016\/10\/1101.jpg 960w\" sizes=\"auto, (max-width: 300px) 100vw, 300px\" \/><\/a><\/strong><\/h1>\n<p style=\"text-align: justify;\"><span style=\"font-family: Arial,serif;\"><span style=\"font-size: large;\">Tunesien \/ Belgien \/ Frankreich 2016, R.: Mohamed Ben Attia, 88 Min., arab. OF, dt. UT<\/span><\/span><\/p>\n<p style=\"text-align: justify;\"><span style=\"font-family: Arial,serif;\"><span style=\"font-size: large;\">Das Leben von Hedi, einem jungen Tunesier, verl\u00e4uft in geordneten Bahnen. \u00dcberraschungen, so glaubt er, wird es keine mehr geben. Denn die Zukunft haben andere f\u00fcr ihn geplant. Seine Mutter hat stets ihre sch\u00fctzenden Arme \u00fcber ihn ausgebreitet und mit dazu beigetragen, dass er niemals einen eigenen Willen entwickeln konnte. Auch der Chef l\u00e4sst Hedi nach seiner Pfeife tanzen und schickt ihn ausgerechnet in der Woche vor seiner Hochzeit auf Dienstreise. Aber die Familie wird sich schon um alles k\u00fcmmern, schlie\u00dflich hat die Mutter auch die Braut ausgew\u00e4hlt. Doch pl\u00f6tzlich geschieht etwas, womit niemand gerechnet h\u00e4tte: Hedi lernt im Hotel die selbstbewusste T\u00e4nzerin Rim kennen und verliebt sich in sie. <\/span><\/span><\/p>\n<p><span style=\"font-family: Arial,serif;\"><span style=\"font-size: large;\">Der Film \u00fcber einen Mann, der aus seiner Erstarrung ausbricht, ist auch als eine Parabel auf den \u201eArabischen Fr\u00fchling\u201c 2011 in Tunesien zu sehen.<\/span><\/span><\/p>\n<h4><span style=\"text-decoration: underline;\">Biografie:<\/span><\/h4>\n<h4><span style=\"font-family: Arial,serif;\"><span style=\"font-size: large;\"><b>Mohamed Ben Attia<\/b><\/span><\/span><span style=\"font-family: Arial,serif;\"><span style=\"font-size: large;\">, geb. 1976 in Tunesien, studierte in Frankreich Audiovisuelle Kommunikation. \u201eHedi\u201c ist sein Langspielfilmdeb\u00fct und wurde auf der Berlinale 2016 mit dem Silbernen B\u00e4ren ausgezeichnet.<\/span><\/span><\/h4>\n<p><span style=\"font-family: Arial,serif;\"><span style=\"font-size: large;\">So. 13.11., 20 Uhr<\/span><\/span><\/p>\n<p><a href=\"https:\/\/www.youtube.com\/watch?v=-hfyW-AFAcQ\">Trailer <\/a><\/p>\n","protected":false},"excerpt":{"rendered":"<p>Hedi Tunesien \/ Belgien \/ Frankreich 2016, R.: Mohamed Ben Attia, 88 Min., arab. OF, dt. UT Das Leben von Hedi, einem jungen Tunesier, verl\u00e4uft in geordneten Bahnen. \u00dcberraschungen, so glaubt er, wird es keine mehr geben. Denn die Zukunft &hellip; <a href=\"http:\/\/www.augen-blicke-afrika.de\/blog\/archiv\/archiv-2016\/filme-2016\/hedi\/\">Weiterlesen <span class=\"meta-nav\">&rarr;<\/span><\/a><\/p>\n","protected":false},"author":4,"featured_media":0,"parent":4192,"menu_order":0,"comment_status":"closed","ping_status":"closed","template":"afrika2016.php","meta":{"footnotes":""},"class_list":["post-3108","page","type-page","status-publish","hentry"],"_links":{"self":[{"href":"http:\/\/www.augen-blicke-afrika.de\/blog\/wp-json\/wp\/v2\/pages\/3108","targetHints":{"allow":["GET"]}}],"collection":[{"href":"http:\/\/www.augen-blicke-afrika.de\/blog\/wp-json\/wp\/v2\/pages"}],"about":[{"href":"http:\/\/www.augen-blicke-afrika.de\/blog\/wp-json\/wp\/v2\/types\/page"}],"author":[{"embeddable":true,"href":"http:\/\/www.augen-blicke-afrika.de\/blog\/wp-json\/wp\/v2\/users\/4"}],"replies":[{"embeddable":true,"href":"http:\/\/www.augen-blicke-afrika.de\/blog\/wp-json\/wp\/v2\/comments?post=3108"}],"version-history":[{"count":4,"href":"http:\/\/www.augen-blicke-afrika.de\/blog\/wp-json\/wp\/v2\/pages\/3108\/revisions"}],"predecessor-version":[{"id":12204,"href":"http:\/\/www.augen-blicke-afrika.de\/blog\/wp-json\/wp\/v2\/pages\/3108\/revisions\/12204"}],"up":[{"embeddable":true,"href":"http:\/\/www.augen-blicke-afrika.de\/blog\/wp-json\/wp\/v2\/pages\/4192"}],"wp:attachment":[{"href":"http:\/\/www.augen-blicke-afrika.de\/blog\/wp-json\/wp\/v2\/media?parent=3108"}],"curies":[{"name":"wp","href":"https:\/\/api.w.org\/{rel}","templated":true}]}}