{"id":3102,"date":"2016-10-11T15:54:25","date_gmt":"2016-10-11T13:54:25","guid":{"rendered":"http:\/\/www.augen-blicke-afrika.de\/blog\/?page_id=3102"},"modified":"2025-11-05T09:10:44","modified_gmt":"2025-11-05T08:10:44","slug":"the-cursed-ones","status":"publish","type":"page","link":"http:\/\/www.augen-blicke-afrika.de\/blog\/archiv\/archiv-2016\/filme-2016\/the-cursed-ones\/","title":{"rendered":"The Cursed Ones"},"content":{"rendered":"<h1><strong><span lang=\"en-US\"><a href=\"http:\/\/www.augen-blicke-afrika.de\/blog\/wp-content\/uploads\/2016\/10\/108.jpg\"><img loading=\"lazy\" decoding=\"async\" class=\"size-medium wp-image-3103 alignleft\" src=\"http:\/\/www.augen-blicke-afrika.de\/blog\/wp-content\/uploads\/2016\/10\/108-300x300.jpg\" alt=\"108\" width=\"300\" height=\"300\" srcset=\"http:\/\/www.augen-blicke-afrika.de\/blog\/wp-content\/uploads\/2016\/10\/108-300x300.jpg 300w, http:\/\/www.augen-blicke-afrika.de\/blog\/wp-content\/uploads\/2016\/10\/108-150x150.jpg 150w, http:\/\/www.augen-blicke-afrika.de\/blog\/wp-content\/uploads\/2016\/10\/108-144x144.jpg 144w, http:\/\/www.augen-blicke-afrika.de\/blog\/wp-content\/uploads\/2016\/10\/108.jpg 512w\" sizes=\"auto, (max-width: 300px) 100vw, 300px\" \/><\/a><\/span>The Cursed Ones<\/strong><\/h1>\n<p><span style=\"font-family: Arial,serif;\"><span style=\"font-size: large;\"><span lang=\"en-US\">Ghana \/ England 2015, R.: Nana Obiri Yeboah, 100 Min., engl. OF<\/span><\/span><\/span><\/p>\n<p><span style=\"font-family: Arial,serif;\"><span style=\"font-size: large;\"><span lang=\"en-US\">Godwin, ein junger Journalist, ist wenig motiviert, \u00fcber ein allj\u00e4hrliches Fest in einem abgelegenen Dorf zu berichten. Doch schon bald stellt er fest, dass in dem Dorf ganz eigene M\u00e4chte walten. Im Mittelpunkt steht das Findelkind Asabi. <\/span><\/span><\/span><span style=\"color: #000000;\"><span style=\"font-family: Arial,serif;\"><span style=\"font-size: large;\"><span lang=\"en-US\">Der Priester des Dorfes und ein wandernder Fetischeur bezichtigen das M\u00e4dchen der Hexerei, um ihre eigene Vormachtstellung im Dorf zu sichern und sich gleichzeitig zu bereichern. <\/span><\/span><\/span><\/span><span style=\"font-family: Arial,serif;\"><span style=\"font-size: large;\"><span lang=\"en-US\">Die an Zauberei glaubenden Dorfbewohner sind schnell davon zu \u00fcberzeugen, dass das M\u00e4dchen nur Unheil bringt. Der Journalist verliert zunehmend seine neutrale Haltung, er will das M\u00e4dchen retten und ger\u00e4t immer tiefer in den Strudel von korrupten und religi\u00f6s motivierten Machenschaften.<\/span><\/span><\/span><\/p>\n<p><span style=\"font-family: Arial,serif;\"><span style=\"font-size: large;\"><span lang=\"en-US\">Dieser beeindruckende Film \u00fcber falsche Propheten, Hexenglauben und Machtstrukturen kn\u00fcpft an einen Unicef-Report von 2010 an, nach dem Tausende von Kindern in Afrika betroffen sind<\/span><\/span><\/span><span style=\"color: #000000;\"><span style=\"font-family: Arial,serif;\"><span style=\"font-size: large;\"><span lang=\"en-US\">: S<\/span><\/span><\/span><\/span><span style=\"font-family: Arial,serif;\"><span style=\"font-size: large;\"><span lang=\"en-US\">ie werden als Hexen verfolgt, ausgesto\u00dfen oder gar get\u00f6tet, und das bis heute.<\/span><\/span><\/span><\/p>\n<h4><span style=\"text-decoration: underline;\">Biografie:<\/span><\/h4>\n<h4><strong><span style=\"font-family: Arial,serif;\"><span style=\"font-size: large;\"><span lang=\"en-US\">Nana Obiri Yeboah<\/span><\/span><\/span><\/strong><strong><span style=\"font-family: Arial,serif;\"><span style=\"font-size: large;\"><span lang=\"en-US\">, geb. 1979 in Accra \/ Ghana, Regisseur und Drehbuchautor, lebt heute in England. \u201cThe Cursed Ones\u201d ist sein zweiter Spielfilm.<\/span><\/span><\/span><\/strong><\/h4>\n<p><span style=\"font-family: Arial,serif;\"><span style=\"font-size: large;\"><span lang=\"en-US\">So. 13.11., 16 Uhr<\/span><\/span><\/span><\/p>\n<p><a href=\"https:\/\/www.youtube.com\/watch?v=viRcz7XOi4I\">Trailer<\/a><\/p>\n","protected":false},"excerpt":{"rendered":"<p>The Cursed Ones Ghana \/ England 2015, R.: Nana Obiri Yeboah, 100 Min., engl. OF Godwin, ein junger Journalist, ist wenig motiviert, \u00fcber ein allj\u00e4hrliches Fest in einem abgelegenen Dorf zu berichten. Doch schon bald stellt er fest, dass in &hellip; <a href=\"http:\/\/www.augen-blicke-afrika.de\/blog\/archiv\/archiv-2016\/filme-2016\/the-cursed-ones\/\">Weiterlesen <span class=\"meta-nav\">&rarr;<\/span><\/a><\/p>\n","protected":false},"author":4,"featured_media":0,"parent":4192,"menu_order":0,"comment_status":"closed","ping_status":"closed","template":"afrika2016.php","meta":{"footnotes":""},"class_list":["post-3102","page","type-page","status-publish","hentry"],"_links":{"self":[{"href":"http:\/\/www.augen-blicke-afrika.de\/blog\/wp-json\/wp\/v2\/pages\/3102","targetHints":{"allow":["GET"]}}],"collection":[{"href":"http:\/\/www.augen-blicke-afrika.de\/blog\/wp-json\/wp\/v2\/pages"}],"about":[{"href":"http:\/\/www.augen-blicke-afrika.de\/blog\/wp-json\/wp\/v2\/types\/page"}],"author":[{"embeddable":true,"href":"http:\/\/www.augen-blicke-afrika.de\/blog\/wp-json\/wp\/v2\/users\/4"}],"replies":[{"embeddable":true,"href":"http:\/\/www.augen-blicke-afrika.de\/blog\/wp-json\/wp\/v2\/comments?post=3102"}],"version-history":[{"count":5,"href":"http:\/\/www.augen-blicke-afrika.de\/blog\/wp-json\/wp\/v2\/pages\/3102\/revisions"}],"predecessor-version":[{"id":12202,"href":"http:\/\/www.augen-blicke-afrika.de\/blog\/wp-json\/wp\/v2\/pages\/3102\/revisions\/12202"}],"up":[{"embeddable":true,"href":"http:\/\/www.augen-blicke-afrika.de\/blog\/wp-json\/wp\/v2\/pages\/4192"}],"wp:attachment":[{"href":"http:\/\/www.augen-blicke-afrika.de\/blog\/wp-json\/wp\/v2\/media?parent=3102"}],"curies":[{"name":"wp","href":"https:\/\/api.w.org\/{rel}","templated":true}]}}