{"id":3100,"date":"2016-10-11T15:35:43","date_gmt":"2016-10-11T13:35:43","guid":{"rendered":"http:\/\/www.augen-blicke-afrika.de\/blog\/?page_id=3100"},"modified":"2025-11-05T09:09:50","modified_gmt":"2025-11-05T08:09:50","slug":"ghana-is-the-future","status":"publish","type":"page","link":"http:\/\/www.augen-blicke-afrika.de\/blog\/archiv\/archiv-2016\/filme-2016\/ghana-is-the-future\/","title":{"rendered":"Ghana is the Future"},"content":{"rendered":"<h1><strong>Ghana is the Future<\/strong><\/h1>\n<p><span style=\"font-family: Arial,serif;\"><span style=\"font-size: large;\">Dokumentarfilm, Ghana, Schweiz 2014, R.: Peter Guyer \/ Thomas Burkhalter, 27 Min., engl. OF, dt. UT<\/span><\/span><\/p>\n<p>\u201e<span style=\"font-family: Arial,serif;\"><span style=\"font-size: large;\">FOKN Bois\u201c, ein Rapper-Duo in Ghana, sammelt im Stadtgew\u00fchl lautstark Geld f\u00fcr die armen Br\u00fcder und Schwestern in Amerika, denn Ghana sei dagegen ein aufbl\u00fchendes Land mit wachsenden M\u00e4rkten. St\u00e4ndig entstehen neue Kirchengemeinden, Mobilfunkfirmen binden immer mehr Kunden. Das Duo kommentiert diese Entwicklung mit humorvollen Parodien.<\/span><\/span><\/p>\n<p>\u201e<span style=\"font-family: Arial,serif;\"><span style=\"font-size: large;\">FOKN\u201c bedeutet: Alles kann gesagt werden, kein Thema ist heilig.<\/span><\/span><\/p>\n<p><span style=\"font-family: Arial,serif;\"><span style=\"font-size: large;\">Der Film entstand im Rahmen des Film- und Multimediaprojektes \u201eSound Translations\u201c der Schweizer Medienproduzenten <\/span><\/span><span style=\"font-family: Arial,serif;\"><span style=\"font-size: large;\"><b>Thomas Burkhalter<\/b><\/span><\/span><span style=\"font-family: Arial,serif;\"><span style=\"font-size: large;\">, Gr\u00fcnder und Chef von \u201eNorient\u201c, einem Netzwerk f\u00fcr lokale und globale Musik und Medienkultur, und <\/span><\/span><span style=\"font-family: Arial,serif;\"><span style=\"font-size: large;\"><b>Peter Geyer<\/b><\/span><\/span><span style=\"font-family: Arial,serif;\"><span style=\"font-size: large;\">, Gr\u00fcnder von \u201erecycled tv\u201c, Kameramann und Regisseur zahlreicher Dokumentarfilme und Kunstvideos. <\/span><\/span><\/p>\n<p><span style=\"font-family: Arial,serif;\"><span style=\"font-size: large;\">Sa. 12.11., 20 Uhr<\/span><\/span><\/p>\n","protected":false},"excerpt":{"rendered":"<p>Ghana is the Future Dokumentarfilm, Ghana, Schweiz 2014, R.: Peter Guyer \/ Thomas Burkhalter, 27 Min., engl. OF, dt. UT \u201eFOKN Bois\u201c, ein Rapper-Duo in Ghana, sammelt im Stadtgew\u00fchl lautstark Geld f\u00fcr die armen Br\u00fcder und Schwestern in Amerika, denn &hellip; <a href=\"http:\/\/www.augen-blicke-afrika.de\/blog\/archiv\/archiv-2016\/filme-2016\/ghana-is-the-future\/\">Weiterlesen <span class=\"meta-nav\">&rarr;<\/span><\/a><\/p>\n","protected":false},"author":4,"featured_media":0,"parent":4192,"menu_order":0,"comment_status":"closed","ping_status":"closed","template":"afrika2016.php","meta":{"footnotes":""},"class_list":["post-3100","page","type-page","status-publish","hentry"],"_links":{"self":[{"href":"http:\/\/www.augen-blicke-afrika.de\/blog\/wp-json\/wp\/v2\/pages\/3100","targetHints":{"allow":["GET"]}}],"collection":[{"href":"http:\/\/www.augen-blicke-afrika.de\/blog\/wp-json\/wp\/v2\/pages"}],"about":[{"href":"http:\/\/www.augen-blicke-afrika.de\/blog\/wp-json\/wp\/v2\/types\/page"}],"author":[{"embeddable":true,"href":"http:\/\/www.augen-blicke-afrika.de\/blog\/wp-json\/wp\/v2\/users\/4"}],"replies":[{"embeddable":true,"href":"http:\/\/www.augen-blicke-afrika.de\/blog\/wp-json\/wp\/v2\/comments?post=3100"}],"version-history":[{"count":3,"href":"http:\/\/www.augen-blicke-afrika.de\/blog\/wp-json\/wp\/v2\/pages\/3100\/revisions"}],"predecessor-version":[{"id":12201,"href":"http:\/\/www.augen-blicke-afrika.de\/blog\/wp-json\/wp\/v2\/pages\/3100\/revisions\/12201"}],"up":[{"embeddable":true,"href":"http:\/\/www.augen-blicke-afrika.de\/blog\/wp-json\/wp\/v2\/pages\/4192"}],"wp:attachment":[{"href":"http:\/\/www.augen-blicke-afrika.de\/blog\/wp-json\/wp\/v2\/media?parent=3100"}],"curies":[{"name":"wp","href":"https:\/\/api.w.org\/{rel}","templated":true}]}}