{"id":3096,"date":"2016-10-11T15:23:41","date_gmt":"2016-10-11T13:23:41","guid":{"rendered":"http:\/\/www.augen-blicke-afrika.de\/blog\/?page_id=3096"},"modified":"2025-11-05T09:09:13","modified_gmt":"2025-11-05T08:09:13","slug":"100-dakar-more-than-art","status":"publish","type":"page","link":"http:\/\/www.augen-blicke-afrika.de\/blog\/archiv\/archiv-2016\/filme-2016\/100-dakar-more-than-art\/","title":{"rendered":"100% Dakar &#8211; More Than Art"},"content":{"rendered":"<h1><strong><a href=\"http:\/\/www.augen-blicke-afrika.de\/blog\/wp-content\/uploads\/2016\/10\/107a.jpg\"><img loading=\"lazy\" decoding=\"async\" class=\"size-medium wp-image-3097 alignleft\" src=\"http:\/\/www.augen-blicke-afrika.de\/blog\/wp-content\/uploads\/2016\/10\/107a-214x300.jpg\" alt=\"107a\" width=\"214\" height=\"300\" srcset=\"http:\/\/www.augen-blicke-afrika.de\/blog\/wp-content\/uploads\/2016\/10\/107a-214x300.jpg 214w, http:\/\/www.augen-blicke-afrika.de\/blog\/wp-content\/uploads\/2016\/10\/107a.jpg 300w\" sizes=\"auto, (max-width: 214px) 100vw, 214px\" \/><\/a>100% Dakar &#8211; More Than Art<\/strong><\/h1>\n<p><span style=\"font-family: Arial,serif;\"><span style=\"font-size: large;\">Dokumentarfilm,<\/span><\/span><b> <\/b><span style=\"font-family: Arial,serif;\"><span style=\"font-size: large;\">Senegal \/ \u00d6sterreich 2014, R.: Sandra Krampelhuber, 62 Min., frz. OF, dt. UT<\/span><\/span><\/p>\n<p><span style=\"font-family: Arial,serif;\"><span style=\"font-size: large;\">In der senegalesischen Hauptstadt Dakar entwickelte sich in den letzten Jahren eine breite urbane Kunst- und Kulturszene. Viele K\u00fcnstlerInnen verstehen sich als Wegbereiter und Sprachrohr einer aktiven und kreativen Jugendgeneration, die ihr Land von den verkrusteten Strukturen der alten politischen Regime befreien wollen. Sie sehen ihre Zukunft im Senegal, schaffen sich kollektive R\u00e4ume f\u00fcr Modedesign, Hip-Hop, Graffiti, Fotografie und Tanz. Ihre vielf\u00e4ltigen kulturellen Aktivit\u00e4ten stehen f\u00fcr Ver\u00e4nderung und soziale Verantwortung. Der Film f\u00fchrt durch eine Stadt im Aufbruch, in der sich leidenschaftliche Kunst- und Medienschaffende als Kulturk\u00e4mpfer mit starkem Selbstbewusstsein einbringen.<\/span><\/span><\/p>\n<h4><span style=\"text-decoration: underline;\">Biografie:<\/span><\/h4>\n<h4><span style=\"color: #000000;\"><span style=\"font-family: Arial,serif;\"><span style=\"font-size: large;\"><b>Sandra Krampelhuber<\/b><\/span><\/span><\/span><span style=\"color: #000000;\"><span style=\"font-family: Arial,serif;\"><span style=\"font-size: large;\">, geb. in \u00d6sterreich, Filmemacherin, Produktionsmanagerin und Kuratorin f\u00fcr afrikanische Musik- und Filmfestivals.<\/span><\/span><\/span><\/h4>\n<p><span style=\"font-family: Arial,serif;\"><span style=\"font-size: large;\">Sa. 12.11., 20h<br \/>\n<\/span><\/span><\/p>\n<p><a href=\"https:\/\/www.youtube.com\/watch?v=lV06LXSBSd4\">Trailer<\/a><\/p>\n","protected":false},"excerpt":{"rendered":"<p>100% Dakar &#8211; More Than Art Dokumentarfilm, Senegal \/ \u00d6sterreich 2014, R.: Sandra Krampelhuber, 62 Min., frz. OF, dt. UT In der senegalesischen Hauptstadt Dakar entwickelte sich in den letzten Jahren eine breite urbane Kunst- und Kulturszene. Viele K\u00fcnstlerInnen verstehen &hellip; <a href=\"http:\/\/www.augen-blicke-afrika.de\/blog\/archiv\/archiv-2016\/filme-2016\/100-dakar-more-than-art\/\">Weiterlesen <span class=\"meta-nav\">&rarr;<\/span><\/a><\/p>\n","protected":false},"author":4,"featured_media":0,"parent":4192,"menu_order":0,"comment_status":"closed","ping_status":"closed","template":"afrika2016.php","meta":{"footnotes":""},"class_list":["post-3096","page","type-page","status-publish","hentry"],"_links":{"self":[{"href":"http:\/\/www.augen-blicke-afrika.de\/blog\/wp-json\/wp\/v2\/pages\/3096","targetHints":{"allow":["GET"]}}],"collection":[{"href":"http:\/\/www.augen-blicke-afrika.de\/blog\/wp-json\/wp\/v2\/pages"}],"about":[{"href":"http:\/\/www.augen-blicke-afrika.de\/blog\/wp-json\/wp\/v2\/types\/page"}],"author":[{"embeddable":true,"href":"http:\/\/www.augen-blicke-afrika.de\/blog\/wp-json\/wp\/v2\/users\/4"}],"replies":[{"embeddable":true,"href":"http:\/\/www.augen-blicke-afrika.de\/blog\/wp-json\/wp\/v2\/comments?post=3096"}],"version-history":[{"count":6,"href":"http:\/\/www.augen-blicke-afrika.de\/blog\/wp-json\/wp\/v2\/pages\/3096\/revisions"}],"predecessor-version":[{"id":12200,"href":"http:\/\/www.augen-blicke-afrika.de\/blog\/wp-json\/wp\/v2\/pages\/3096\/revisions\/12200"}],"up":[{"embeddable":true,"href":"http:\/\/www.augen-blicke-afrika.de\/blog\/wp-json\/wp\/v2\/pages\/4192"}],"wp:attachment":[{"href":"http:\/\/www.augen-blicke-afrika.de\/blog\/wp-json\/wp\/v2\/media?parent=3096"}],"curies":[{"name":"wp","href":"https:\/\/api.w.org\/{rel}","templated":true}]}}