{"id":3093,"date":"2016-10-11T15:03:55","date_gmt":"2016-10-11T13:03:55","guid":{"rendered":"http:\/\/www.augen-blicke-afrika.de\/blog\/?page_id=3093"},"modified":"2025-11-05T09:08:28","modified_gmt":"2025-11-05T08:08:28","slug":"la-revolution-des-femmes-un-siecle-de-feminisme-arabe","status":"publish","type":"page","link":"http:\/\/www.augen-blicke-afrika.de\/blog\/archiv\/archiv-2016\/filme-2016\/la-revolution-des-femmes-un-siecle-de-feminisme-arabe\/","title":{"rendered":"La r\u00e9volution des femmes &#8211; Un si\u00e8cle de f\u00e9minisme arabe"},"content":{"rendered":"<p style=\"text-align: justify;\">\n<h1><strong>La r\u00e9volution des femmes &#8211; Un si\u00e8cle de f\u00e9minisme arabe<span lang=\"en-US\"><a href=\"http:\/\/www.augen-blicke-afrika.de\/blog\/wp-content\/uploads\/2016\/10\/11111.jpg\"><img loading=\"lazy\" decoding=\"async\" class=\" wp-image-3162 alignright\" src=\"http:\/\/www.augen-blicke-afrika.de\/blog\/wp-content\/uploads\/2016\/10\/11111-300x169.jpg\" alt=\"11111\" width=\"308\" height=\"177\" \/><\/a><\/span><\/strong><\/h1>\n<p style=\"text-align: justify;\"><span style=\"color: #000000;\"><span style=\"font-family: Arial,serif;\"><span style=\"font-size: large;\"><span lang=\"en-US\">(Feminists Insha&#8217;Allah! &#8211; The Story of Arab Feminism)<\/span><\/span><\/span><\/span><i><b> <\/b><\/i><\/p>\n<p style=\"text-align: justify;\"><span style=\"color: #000000;\"><span style=\"font-family: Arial,serif;\"><span style=\"font-size: large;\"><span lang=\"en-US\">Dokumentarfilm, Tunesien 2014, R.: Feriel Ben Mahmoud, 54 Min., engl. \/ frz. \/ arab. OF, dt. UT<\/span><\/span><\/span><\/span><\/p>\n<p style=\"text-align: justify;\"><span style=\"font-family: Arial,serif;\"><span style=\"font-size: large;\">Der Film erz\u00e4hlt die in Europa kaum bekannte Geschichte des arabischen Feminismus. Feriel Ben Mahmoud hat daf\u00fcr Interviews mit Frauen aus verschiedenen Generationen in \u00c4gypten, Marokko, Algerien, Tunesien, Saudi-Arabien sowie im Libanon gef\u00fchrt. Mit zum Teil unver\u00f6ffentlichtem Archivmaterial belegt sie den seit mehr als einem Jahrhundert andauernden Kampf um Frauenrechte in den muslimisch gepr\u00e4gten Gesellschaften. Der Film zeigt auch, welche innenpolitischen Auseinandersetzungen, aber auch welche au\u00dfenpolitischen Einfl\u00fcsse die Emanzipationsbewegungen in den jeweiligen L\u00e4ndern f\u00f6rderten oder zur\u00fcckwarfen.<\/span><\/span><\/p>\n<p><span style=\"font-family: Arial,serif;\"><span style=\"font-size: large;\">Zentrale Aussage des Films: Ohne Gleichberechtigung der Frauen gibt es auch keine Demokratie! <\/span><\/span><\/p>\n<h4><span style=\"text-decoration: underline;\">Biografie:<\/span><\/h4>\n<h4><span style=\"color: #000000;\"><span style=\"font-family: Arial,serif;\"><span style=\"font-size: large;\"><span lang=\"en-US\"><b>Feriel Ben Mahmoud<\/b><\/span><\/span><\/span><\/span><span style=\"color: #000000;\"><span style=\"font-family: Arial,serif;\"><span style=\"font-size: large;\"><span lang=\"en-US\">, geb. 1976, studierte Geschichte und Politikwissenschaften in Paris. Seit 2001 produziert sie Dokumentarfilme zum Thema Frauenrechte in arabischen L\u00e4ndern. F\u00fcr \u201cLa r\u00e9volution des femmes &#8211; Un si\u00e8cle de f\u00e9minisme arabe\u201d erhielt sie auf Festivals weltweit zahlreiche Auszeichnungen. <\/span><\/span><\/span><\/span><\/h4>\n<p><span style=\"font-family: Arial,serif;\"><span style=\"font-size: large;\">Sa. 12.11., 18 Uhr (Schwerpunkt)<br \/>\n<\/span><\/span><\/p>\n<h4><em>Mit Regisseurin Feriel Ben Mahmoud<\/em><\/h4>\n<p><a href=\"https:\/\/www.youtube.com\/watch?v=TbPj3xhFdQY\">Trailer<\/a><\/p>\n","protected":false},"excerpt":{"rendered":"<p>La r\u00e9volution des femmes &#8211; Un si\u00e8cle de f\u00e9minisme arabe (Feminists Insha&#8217;Allah! &#8211; The Story of Arab Feminism) Dokumentarfilm, Tunesien 2014, R.: Feriel Ben Mahmoud, 54 Min., engl. \/ frz. \/ arab. OF, dt. UT Der Film erz\u00e4hlt die in &hellip; <a href=\"http:\/\/www.augen-blicke-afrika.de\/blog\/archiv\/archiv-2016\/filme-2016\/la-revolution-des-femmes-un-siecle-de-feminisme-arabe\/\">Weiterlesen <span class=\"meta-nav\">&rarr;<\/span><\/a><\/p>\n","protected":false},"author":4,"featured_media":0,"parent":4192,"menu_order":0,"comment_status":"closed","ping_status":"closed","template":"afrika2016.php","meta":{"footnotes":""},"class_list":["post-3093","page","type-page","status-publish","hentry"],"_links":{"self":[{"href":"http:\/\/www.augen-blicke-afrika.de\/blog\/wp-json\/wp\/v2\/pages\/3093","targetHints":{"allow":["GET"]}}],"collection":[{"href":"http:\/\/www.augen-blicke-afrika.de\/blog\/wp-json\/wp\/v2\/pages"}],"about":[{"href":"http:\/\/www.augen-blicke-afrika.de\/blog\/wp-json\/wp\/v2\/types\/page"}],"author":[{"embeddable":true,"href":"http:\/\/www.augen-blicke-afrika.de\/blog\/wp-json\/wp\/v2\/users\/4"}],"replies":[{"embeddable":true,"href":"http:\/\/www.augen-blicke-afrika.de\/blog\/wp-json\/wp\/v2\/comments?post=3093"}],"version-history":[{"count":5,"href":"http:\/\/www.augen-blicke-afrika.de\/blog\/wp-json\/wp\/v2\/pages\/3093\/revisions"}],"predecessor-version":[{"id":12199,"href":"http:\/\/www.augen-blicke-afrika.de\/blog\/wp-json\/wp\/v2\/pages\/3093\/revisions\/12199"}],"up":[{"embeddable":true,"href":"http:\/\/www.augen-blicke-afrika.de\/blog\/wp-json\/wp\/v2\/pages\/4192"}],"wp:attachment":[{"href":"http:\/\/www.augen-blicke-afrika.de\/blog\/wp-json\/wp\/v2\/media?parent=3093"}],"curies":[{"name":"wp","href":"https:\/\/api.w.org\/{rel}","templated":true}]}}