{"id":3089,"date":"2016-10-11T14:28:11","date_gmt":"2016-10-11T12:28:11","guid":{"rendered":"http:\/\/www.augen-blicke-afrika.de\/blog\/?page_id=3089"},"modified":"2025-11-05T09:07:27","modified_gmt":"2025-11-05T08:07:27","slug":"the-art-of-ama-ata-aidoo","status":"publish","type":"page","link":"http:\/\/www.augen-blicke-afrika.de\/blog\/archiv\/archiv-2016\/filme-2016\/the-art-of-ama-ata-aidoo\/","title":{"rendered":"The Art of Ama Ata Aidoo"},"content":{"rendered":"<h1>T<strong>he Art of Ama Ata Aidoo<span lang=\"en-US\"><a href=\"http:\/\/www.augen-blicke-afrika.de\/blog\/wp-content\/uploads\/2016\/10\/000.png\"><img loading=\"lazy\" decoding=\"async\" class=\"size-medium wp-image-3158 alignright\" src=\"http:\/\/www.augen-blicke-afrika.de\/blog\/wp-content\/uploads\/2016\/10\/000-300x169.png\" alt=\"000\" width=\"300\" height=\"169\" srcset=\"http:\/\/www.augen-blicke-afrika.de\/blog\/wp-content\/uploads\/2016\/10\/000-300x169.png 300w, http:\/\/www.augen-blicke-afrika.de\/blog\/wp-content\/uploads\/2016\/10\/000-1024x576.png 1024w, http:\/\/www.augen-blicke-afrika.de\/blog\/wp-content\/uploads\/2016\/10\/000-500x281.png 500w, http:\/\/www.augen-blicke-afrika.de\/blog\/wp-content\/uploads\/2016\/10\/000-900x506.png 900w, http:\/\/www.augen-blicke-afrika.de\/blog\/wp-content\/uploads\/2016\/10\/000.png 1280w\" sizes=\"auto, (max-width: 300px) 100vw, 300px\" \/><\/a><\/span><\/strong><\/h1>\n<p><span style=\"color: #000000;\"><span style=\"font-family: Arial,serif;\"><span style=\"font-size: large;\"><span lang=\"en-US\">Dokumentarfilm, Ghana \/ GB 2014, R.: Yaba Badoe, 78 Min., OF, dt. UT<\/span><\/span><\/span><\/span><\/p>\n<p style=\"text-align: justify;\"><span style=\"font-family: Arial,serif;\"><span style=\"font-size: large;\">Ein Jahr lang hat die ghanaische Dokumentarfilmerin Yaba Badoe mit der Kamera Ama Ata Aidoo begleitet, eine der renommiertesten Schriftstellerinnen des afrikanischen Kontinents. <\/span><\/span><span style=\"color: #000000;\"><span style=\"font-family: Arial,serif;\"><span style=\"font-size: large;\">Ama Ata Aidoo, geb. 1942, begann schon als junges M\u00e4dchen zu schreiben. In ihren Texten verkn\u00fcpft sie Alltagsgeschichten sehr wortgewandt und unterhaltsam mit historischen, politischen und sozialen Hintergr\u00fcnden.<\/span><\/span><\/span><\/p>\n<p><span style=\"font-family: Arial,serif;\"><span style=\"font-size: large;\">Der mit viel Musik unterlegte Film zeigt die Autorin bei szenischen Lesungen neuer Kurzgeschichten in Accra, bei der Premiere von \u201eAno-wa\u201c &#8211; einem Theaterst\u00fcck \u00fcber den Sklavenhandel &#8211; an der Universit\u00e4t von Kalifornien und bei Begegnungen mit Freundinnen in ihrem Heimatdorf in Ghana. <\/span><\/span><\/p>\n<h4><span style=\"text-decoration: underline;\">Biografie:<\/span><\/h4>\n<h4><span style=\"font-family: Arial,serif;\"><span style=\"font-size: large;\"><b>Yaba Badoe<\/b><\/span><\/span><span style=\"font-family: Arial,serif;\"><span style=\"font-size: large;\">, geb. 1955 in Ghana, ist Dokumentarfilmerin, Journalistin und Buchautorin. Der Film wurde 2014 beim Afrika Film Festival im Silicon Valley (USA) als \u201ebeste Dokumentation\u201c ausgezeichnet.<\/span><\/span><\/h4>\n<p><span style=\"font-family: Arial,serif;\"><span style=\"font-size: large;\">Sa. 12.11., 16 Uhr (Schwerpunkt)<br \/>\n<\/span><\/span><\/p>\n<h4><em> Mit Regisseurin Yaba Badoe<\/em><\/h4>\n<p><a href=\"https:\/\/www.youtube.com\/watch?v=YZatfSKTKJY\">Trailer<\/a><\/p>\n","protected":false},"excerpt":{"rendered":"<p>The Art of Ama Ata Aidoo Dokumentarfilm, Ghana \/ GB 2014, R.: Yaba Badoe, 78 Min., OF, dt. UT Ein Jahr lang hat die ghanaische Dokumentarfilmerin Yaba Badoe mit der Kamera Ama Ata Aidoo begleitet, eine der renommiertesten Schriftstellerinnen des &hellip; <a href=\"http:\/\/www.augen-blicke-afrika.de\/blog\/archiv\/archiv-2016\/filme-2016\/the-art-of-ama-ata-aidoo\/\">Weiterlesen <span class=\"meta-nav\">&rarr;<\/span><\/a><\/p>\n","protected":false},"author":4,"featured_media":0,"parent":4192,"menu_order":0,"comment_status":"closed","ping_status":"closed","template":"afrika2016.php","meta":{"footnotes":""},"class_list":["post-3089","page","type-page","status-publish","hentry"],"_links":{"self":[{"href":"http:\/\/www.augen-blicke-afrika.de\/blog\/wp-json\/wp\/v2\/pages\/3089","targetHints":{"allow":["GET"]}}],"collection":[{"href":"http:\/\/www.augen-blicke-afrika.de\/blog\/wp-json\/wp\/v2\/pages"}],"about":[{"href":"http:\/\/www.augen-blicke-afrika.de\/blog\/wp-json\/wp\/v2\/types\/page"}],"author":[{"embeddable":true,"href":"http:\/\/www.augen-blicke-afrika.de\/blog\/wp-json\/wp\/v2\/users\/4"}],"replies":[{"embeddable":true,"href":"http:\/\/www.augen-blicke-afrika.de\/blog\/wp-json\/wp\/v2\/comments?post=3089"}],"version-history":[{"count":5,"href":"http:\/\/www.augen-blicke-afrika.de\/blog\/wp-json\/wp\/v2\/pages\/3089\/revisions"}],"predecessor-version":[{"id":12198,"href":"http:\/\/www.augen-blicke-afrika.de\/blog\/wp-json\/wp\/v2\/pages\/3089\/revisions\/12198"}],"up":[{"embeddable":true,"href":"http:\/\/www.augen-blicke-afrika.de\/blog\/wp-json\/wp\/v2\/pages\/4192"}],"wp:attachment":[{"href":"http:\/\/www.augen-blicke-afrika.de\/blog\/wp-json\/wp\/v2\/media?parent=3089"}],"curies":[{"name":"wp","href":"https:\/\/api.w.org\/{rel}","templated":true}]}}