{"id":3079,"date":"2016-10-11T07:57:34","date_gmt":"2016-10-11T05:57:34","guid":{"rendered":"http:\/\/www.augen-blicke-afrika.de\/blog\/?page_id=3079"},"modified":"2025-11-05T09:06:44","modified_gmt":"2025-11-05T08:06:44","slug":"ta-mere","status":"publish","type":"page","link":"http:\/\/www.augen-blicke-afrika.de\/blog\/archiv\/archiv-2016\/filme-2016\/ta-mere\/","title":{"rendered":"Ta m\u00e8re"},"content":{"rendered":"<h1><strong>Ta m\u00e8re<span lang=\"en-US\"><a href=\"http:\/\/www.augen-blicke-afrika.de\/blog\/wp-content\/uploads\/2016\/10\/55555.png\"><img loading=\"lazy\" decoding=\"async\" class=\"size-medium wp-image-3155 alignright\" src=\"http:\/\/www.augen-blicke-afrika.de\/blog\/wp-content\/uploads\/2016\/10\/55555-300x165.png\" alt=\"55555\" width=\"300\" height=\"165\" srcset=\"http:\/\/www.augen-blicke-afrika.de\/blog\/wp-content\/uploads\/2016\/10\/55555-300x165.png 300w, http:\/\/www.augen-blicke-afrika.de\/blog\/wp-content\/uploads\/2016\/10\/55555-1024x562.png 1024w, http:\/\/www.augen-blicke-afrika.de\/blog\/wp-content\/uploads\/2016\/10\/55555-500x274.png 500w, http:\/\/www.augen-blicke-afrika.de\/blog\/wp-content\/uploads\/2016\/10\/55555-900x494.png 900w, http:\/\/www.augen-blicke-afrika.de\/blog\/wp-content\/uploads\/2016\/10\/55555.png 1280w\" sizes=\"auto, (max-width: 300px) 100vw, 300px\" \/><\/a><\/span><\/strong><\/h1>\n<p><span style=\"font-family: Arial,serif;\"><span style=\"font-size: large;\"><span lang=\"en-US\">Frankreich 2015, R.:<\/span><\/span><\/span><b> <\/b><span style=\"color: #000000;\"><span style=\"font-family: Arial,serif;\"><span style=\"font-size: large;\"><span lang=\"en-US\">Touria Benzari, <\/span><\/span><\/span><\/span><span style=\"font-family: Arial,serif;\"><span style=\"font-size: large;\"><span lang=\"en-US\">78 Min., arab. \/ frz. OF, dt. UT<\/span><\/span><\/span><\/p>\n<p><span style=\"font-family: Arial,serif;\"><span style=\"font-size: large;\">Die 17-j\u00e4hrige Sofia, Tochter marokkanischer Eltern, ist in Frankreich aufgewachsen. Bei einem Urlaub in Marrakesch lernt sie Salim kennen, in den sie sich sofort verliebt. Die beiden heiraten Hals \u00fcber Kopf &#8211; sehr zur Freude ihrer M\u00fctter, denn die haben die Hochzeit arrangiert. Das Paar hat eigene Ideen vom Eheleben, doch die M\u00fctter mischen sich st\u00e4ndig ein, sind nur auf die Traditionen der Familienbande bedacht. W\u00e4hrend Salim sich seinem Schicksal f\u00fcgt, k\u00e4mpft Sofia um Unabh\u00e4ngigkeit. Sie kehrt deshalb alleine nach Frankreich zur\u00fcck und reicht die Scheidung ein. Doch diese durchzusetzen ist aus vielerlei Sicht schwieriger als erwartet.<\/span><\/span><\/p>\n<p><span style=\"font-family: Arial,serif;\"><span style=\"font-size: large;\"><a href=\"http:\/\/www.augen-blicke-afrika.de\/blog\/wp-content\/uploads\/2016\/10\/8888.jpg\"><img loading=\"lazy\" decoding=\"async\" class=\"size-medium wp-image-3156 alignleft\" src=\"http:\/\/www.augen-blicke-afrika.de\/blog\/wp-content\/uploads\/2016\/10\/8888-225x300.jpg\" alt=\"8888\" width=\"225\" height=\"300\" srcset=\"http:\/\/www.augen-blicke-afrika.de\/blog\/wp-content\/uploads\/2016\/10\/8888-225x300.jpg 225w, http:\/\/www.augen-blicke-afrika.de\/blog\/wp-content\/uploads\/2016\/10\/8888-768x1024.jpg 768w, http:\/\/www.augen-blicke-afrika.de\/blog\/wp-content\/uploads\/2016\/10\/8888-900x1200.jpg 900w, http:\/\/www.augen-blicke-afrika.de\/blog\/wp-content\/uploads\/2016\/10\/8888.jpg 960w\" sizes=\"auto, (max-width: 225px) 100vw, 225px\" \/><\/a>Mit dem Film \u201eTa m\u00e8re\u201c wirft Regisseurin Touria Benzari einen kom\u00f6diantischen Blick auf kulturelle Unterschiede und famili\u00e4re Zw\u00e4nge, mit denen junge Leute zwischen Nordafrika und der franz\u00f6sischen Diaspora zurechtkommen m\u00fcssen. <\/span><\/span><\/p>\n<h4><span style=\"text-decoration: underline;\">Biografie:<\/span><\/h4>\n<h4><span style=\"font-family: Arial,serif;\"><span style=\"font-size: large;\"><b>Touria Benzari<\/b><\/span><\/span><span style=\"font-family: Arial,serif;\"><span style=\"font-size: large;\"> lebt in Frankreich. Sie ist Regisseurin, Drehbuchautorin und Schauspielerin. \u201eTa M\u00e8re\u201c ist ihr erster Langspielfilm. <\/span><\/span><\/h4>\n<p><span style=\"font-family: Arial,serif;\"><span style=\"font-size: large;\">Fr. 11.11., 22 Uhr (Schwerpunkt)<\/span><\/span><\/p>\n","protected":false},"excerpt":{"rendered":"<p>Ta m\u00e8re Frankreich 2015, R.: Touria Benzari, 78 Min., arab. \/ frz. OF, dt. UT Die 17-j\u00e4hrige Sofia, Tochter marokkanischer Eltern, ist in Frankreich aufgewachsen. Bei einem Urlaub in Marrakesch lernt sie Salim kennen, in den sie sich sofort verliebt. &hellip; <a href=\"http:\/\/www.augen-blicke-afrika.de\/blog\/archiv\/archiv-2016\/filme-2016\/ta-mere\/\">Weiterlesen <span class=\"meta-nav\">&rarr;<\/span><\/a><\/p>\n","protected":false},"author":4,"featured_media":0,"parent":4192,"menu_order":0,"comment_status":"closed","ping_status":"closed","template":"afrika2016.php","meta":{"footnotes":""},"class_list":["post-3079","page","type-page","status-publish","hentry"],"_links":{"self":[{"href":"http:\/\/www.augen-blicke-afrika.de\/blog\/wp-json\/wp\/v2\/pages\/3079","targetHints":{"allow":["GET"]}}],"collection":[{"href":"http:\/\/www.augen-blicke-afrika.de\/blog\/wp-json\/wp\/v2\/pages"}],"about":[{"href":"http:\/\/www.augen-blicke-afrika.de\/blog\/wp-json\/wp\/v2\/types\/page"}],"author":[{"embeddable":true,"href":"http:\/\/www.augen-blicke-afrika.de\/blog\/wp-json\/wp\/v2\/users\/4"}],"replies":[{"embeddable":true,"href":"http:\/\/www.augen-blicke-afrika.de\/blog\/wp-json\/wp\/v2\/comments?post=3079"}],"version-history":[{"count":6,"href":"http:\/\/www.augen-blicke-afrika.de\/blog\/wp-json\/wp\/v2\/pages\/3079\/revisions"}],"predecessor-version":[{"id":12197,"href":"http:\/\/www.augen-blicke-afrika.de\/blog\/wp-json\/wp\/v2\/pages\/3079\/revisions\/12197"}],"up":[{"embeddable":true,"href":"http:\/\/www.augen-blicke-afrika.de\/blog\/wp-json\/wp\/v2\/pages\/4192"}],"wp:attachment":[{"href":"http:\/\/www.augen-blicke-afrika.de\/blog\/wp-json\/wp\/v2\/media?parent=3079"}],"curies":[{"name":"wp","href":"https:\/\/api.w.org\/{rel}","templated":true}]}}