{"id":3076,"date":"2016-10-11T07:52:27","date_gmt":"2016-10-11T05:52:27","guid":{"rendered":"http:\/\/www.augen-blicke-afrika.de\/blog\/?page_id=3076"},"modified":"2025-11-05T09:04:43","modified_gmt":"2025-11-05T08:04:43","slug":"moi-zaphira-ich-zaphira","status":"publish","type":"page","link":"http:\/\/www.augen-blicke-afrika.de\/blog\/archiv\/archiv-2016\/filme-2016\/moi-zaphira-ich-zaphira\/","title":{"rendered":"Moi, Zaphira &#8211; Ich, Zaphira"},"content":{"rendered":"<h1><strong>Moi, Zaphira &#8211; Ich, Zaphira<span lang=\"en-US\"><a href=\"http:\/\/www.augen-blicke-afrika.de\/blog\/wp-content\/uploads\/2016\/10\/101.jpg\"><img loading=\"lazy\" decoding=\"async\" class=\"size-medium wp-image-3077 alignright\" src=\"http:\/\/www.augen-blicke-afrika.de\/blog\/wp-content\/uploads\/2016\/10\/101-203x300.jpg\" alt=\"101\" width=\"203\" height=\"300\" srcset=\"http:\/\/www.augen-blicke-afrika.de\/blog\/wp-content\/uploads\/2016\/10\/101-203x300.jpg 203w, http:\/\/www.augen-blicke-afrika.de\/blog\/wp-content\/uploads\/2016\/10\/101.jpg 648w\" sizes=\"auto, (max-width: 203px) 100vw, 203px\" \/><\/a><\/span><\/strong><\/h1>\n<p><span style=\"font-family: Arial,serif;\"><span style=\"font-size: large;\"><span lang=\"en-US\">Burkina Faso 2012, R.: Apolline Traor\u00e9, 102 Min., Bambara OF, engl. UT <\/span><\/span><\/span><\/p>\n<p><span style=\"font-family: Arial,serif;\"><span style=\"font-size: large;\"><span lang=\"en-US\">Zaphira, eine junge Witwe, lebt mit ihrer 7-j\u00e4hrigen Tochter bei ihren Schwiegereltern in einem abgelegenen Dorf in Burkina Faso. Sie liebt das Dorfleben, wehrt sich aber gegen traditionelle Zw\u00e4nge und will ihr Leben selbst bestimmen. Als sie ein Modemagazin mit Glamourgirls in die Hand bekommt, beschlie\u00dft sie, aus ihrer kleinen Katia ein Model zu machen. Sie setzt alles daran, dieses Ziel zu erreichen, auch gegen den Willen der Tochter.<\/span><\/span><\/span><\/p>\n<p><span style=\"font-family: Arial,serif;\"><span style=\"font-size: large;\"><span lang=\"en-US\">Zaphiras Weg ist lang und hart und spiegelt viele Realit\u00e4ten im heutigen Burkina Faso wider: Prostitution zum \u00dcberleben, schlechte medizinische Versorgung, Arbeitsbedingungen in Goldminen, traditioneller Ackerbau, Ern\u00e4hrung, Rolle der M\u00e4nner und Frauenpower.<\/span><\/span><\/span><\/p>\n<p><span style=\"font-family: Arial,serif;\"><span style=\"font-size: large;\"><span lang=\"en-US\">Der Film ist<\/span><\/span><\/span> <span style=\"font-family: Arial,serif;\"><span style=\"font-size: large;\"><span lang=\"en-US\">zun\u00e4chst<\/span><\/span><\/span> <span style=\"font-family: Arial,serif;\"><span style=\"font-size: large;\"><span lang=\"en-US\">in Schwarz-Wei\u00df gehalten, nur die Zukunftsvision ist farbig. <\/span><\/span><\/span><\/p>\n<h4><span style=\"text-decoration: underline;\">Biografie:<\/span><\/h4>\n<h4><span style=\"font-family: Arial,serif;\"><span style=\"font-size: large;\"><b>Apolline Traor\u00e9, <\/b><\/span><\/span><span style=\"font-family: Arial,serif;\"><span style=\"font-size: large;\">geb.1976 in Burkina Faso. Nach ihrem Kunst- und Filmstudium in den USA arbeitete sie dort drei Jahre f\u00fcr unabh\u00e4ngige Filmproduktionen, kehrte 2001 nach Burkina Faso zur\u00fcck und realisierte mehrere Filme und Filmserien.<\/span><\/span><\/h4>\n<p><span style=\"font-family: Arial,serif;\"><span style=\"font-size: large;\">Fr. 11.11., 16 Uhr (Schwerpunkt) <\/span><\/span><\/p>\n<h4><em>Mit Regisseurin Apolline Traor\u00e9<\/em><\/h4>\n","protected":false},"excerpt":{"rendered":"<p>Moi, Zaphira &#8211; Ich, Zaphira Burkina Faso 2012, R.: Apolline Traor\u00e9, 102 Min., Bambara OF, engl. UT Zaphira, eine junge Witwe, lebt mit ihrer 7-j\u00e4hrigen Tochter bei ihren Schwiegereltern in einem abgelegenen Dorf in Burkina Faso. Sie liebt das Dorfleben, &hellip; <a href=\"http:\/\/www.augen-blicke-afrika.de\/blog\/archiv\/archiv-2016\/filme-2016\/moi-zaphira-ich-zaphira\/\">Weiterlesen <span class=\"meta-nav\">&rarr;<\/span><\/a><\/p>\n","protected":false},"author":4,"featured_media":0,"parent":4192,"menu_order":0,"comment_status":"closed","ping_status":"closed","template":"afrika2016.php","meta":{"footnotes":""},"class_list":["post-3076","page","type-page","status-publish","hentry"],"_links":{"self":[{"href":"http:\/\/www.augen-blicke-afrika.de\/blog\/wp-json\/wp\/v2\/pages\/3076","targetHints":{"allow":["GET"]}}],"collection":[{"href":"http:\/\/www.augen-blicke-afrika.de\/blog\/wp-json\/wp\/v2\/pages"}],"about":[{"href":"http:\/\/www.augen-blicke-afrika.de\/blog\/wp-json\/wp\/v2\/types\/page"}],"author":[{"embeddable":true,"href":"http:\/\/www.augen-blicke-afrika.de\/blog\/wp-json\/wp\/v2\/users\/4"}],"replies":[{"embeddable":true,"href":"http:\/\/www.augen-blicke-afrika.de\/blog\/wp-json\/wp\/v2\/comments?post=3076"}],"version-history":[{"count":5,"href":"http:\/\/www.augen-blicke-afrika.de\/blog\/wp-json\/wp\/v2\/pages\/3076\/revisions"}],"predecessor-version":[{"id":12195,"href":"http:\/\/www.augen-blicke-afrika.de\/blog\/wp-json\/wp\/v2\/pages\/3076\/revisions\/12195"}],"up":[{"embeddable":true,"href":"http:\/\/www.augen-blicke-afrika.de\/blog\/wp-json\/wp\/v2\/pages\/4192"}],"wp:attachment":[{"href":"http:\/\/www.augen-blicke-afrika.de\/blog\/wp-json\/wp\/v2\/media?parent=3076"}],"curies":[{"name":"wp","href":"https:\/\/api.w.org\/{rel}","templated":true}]}}