{"id":3069,"date":"2016-10-11T07:35:46","date_gmt":"2016-10-11T05:35:46","guid":{"rendered":"http:\/\/www.augen-blicke-afrika.de\/blog\/?page_id=3069"},"modified":"2025-11-05T09:02:09","modified_gmt":"2025-11-05T08:02:09","slug":"nakom","status":"publish","type":"page","link":"http:\/\/www.augen-blicke-afrika.de\/blog\/archiv\/archiv-2016\/filme-2016\/nakom\/","title":{"rendered":"Nakom"},"content":{"rendered":"<h1><strong>Nakom<span lang=\"en-US\"><a href=\"http:\/\/www.augen-blicke-afrika.de\/blog\/wp-content\/uploads\/2016\/10\/90.jpg\"><img loading=\"lazy\" decoding=\"async\" class=\"size-medium wp-image-3070 alignright\" src=\"http:\/\/www.augen-blicke-afrika.de\/blog\/wp-content\/uploads\/2016\/10\/90-212x300.jpg\" alt=\"90\" width=\"212\" height=\"300\" srcset=\"http:\/\/www.augen-blicke-afrika.de\/blog\/wp-content\/uploads\/2016\/10\/90-212x300.jpg 212w, http:\/\/www.augen-blicke-afrika.de\/blog\/wp-content\/uploads\/2016\/10\/90-724x1024.jpg 724w, http:\/\/www.augen-blicke-afrika.de\/blog\/wp-content\/uploads\/2016\/10\/90-900x1273.jpg 900w, http:\/\/www.augen-blicke-afrika.de\/blog\/wp-content\/uploads\/2016\/10\/90.jpg 1131w\" sizes=\"auto, (max-width: 212px) 100vw, 212px\" \/><\/a><\/span><\/strong><\/h1>\n<p><span style=\"color: #262626;\"><span style=\"font-family: Arial,serif;\"><span style=\"font-size: large;\"><span lang=\"en-US\">Ghana \/ USA 2015, R.: Kelly Daniela Norris, TW Pittman, 90 Min., OF, engl. UT<\/span><\/span><\/span><\/span><\/p>\n<p style=\"text-align: justify;\"><span style=\"color: #262626;\"><span style=\"font-family: Arial,serif;\"><span style=\"font-size: large;\"><span lang=\"en-US\">Iddrisu studiert Medizin und genie\u00dft das Leben in der Gro\u00dfstadt. Als er vom pl\u00f6tzlichen Unfalltod seines Vaters erf\u00e4hrt, kehrt er zur Beerdigung zur\u00fcck in sein Dorf. Dort wird ihm schnell bewusst, wie weit er sich entfremdet hat. Schon lange hat er seine Muttersprache Kusaal nicht mehr gesprochen. Die patriarchalischen Strukturen, die harte k\u00f6rperliche Arbeit auf dem Feld, die Abwesenheit von technologischen Errungenschaften, all das fordert ihn heraus. Zunehmend \u00fcbernimmt er die Rolle als Familienoberhaupt, nutzt seine Bildung und das Internet, um landwirtschaftliche Anbaumethoden und Vertriebssysteme zu verbessern. Immer mehr f\u00fchlt er sich von der Dorfgemeinschaft aufgenommen und anerkannt, aber soll er deshalb sein Studium aufgeben?<\/span><\/span><\/span><\/span><\/p>\n<p><span style=\"color: #262626;\">\u201c<span style=\"font-family: Arial,serif;\"><span style=\"font-size: large;\"><span lang=\"en-US\">Nakom\u201d ist ein sehr einf\u00fchlsamer Film, der die realen Lebensbedingungen auf dem Lande zeigt und deutlich macht, dass f\u00fcr eine Entwicklung beides gebraucht wird \u2013 die Tradition und moderne Bildung.<\/span><\/span><\/span><\/span><\/p>\n<h4><span style=\"text-decoration: underline;\">Biografie:<\/span><\/h4>\n<h4><span style=\"font-family: Arial,serif;\"><span style=\"font-size: large;\"><span lang=\"en-US\"><b>Kelly Daniela Norries und TW Pittman, <\/b><\/span><\/span><\/span><span style=\"font-family: Arial,serif;\"><span style=\"font-size: large;\"><span lang=\"en-US\">beide 1984 in den USA geboren, Filmstudium an der Columbia Universit\u00e4t. \u201cNakom\u201d ist Kelly Daniela Norries zweiter Spielfilm.<\/span><\/span><\/span><\/h4>\n<p><span style=\"color: #262626;\"><span style=\"font-family: Arial,serif;\"><span style=\"font-size: large;\"><span lang=\"en-US\">Do. 10.11., 20 Uhr<\/span><\/span><\/span><\/span><\/p>\n<p><a href=\"https:\/\/www.youtube.com\/watch?v=WXuN6ve6cn4\">Trailer<\/a><\/p>\n","protected":false},"excerpt":{"rendered":"<p>Nakom Ghana \/ USA 2015, R.: Kelly Daniela Norris, TW Pittman, 90 Min., OF, engl. UT Iddrisu studiert Medizin und genie\u00dft das Leben in der Gro\u00dfstadt. Als er vom pl\u00f6tzlichen Unfalltod seines Vaters erf\u00e4hrt, kehrt er zur Beerdigung zur\u00fcck in &hellip; <a href=\"http:\/\/www.augen-blicke-afrika.de\/blog\/archiv\/archiv-2016\/filme-2016\/nakom\/\">Weiterlesen <span class=\"meta-nav\">&rarr;<\/span><\/a><\/p>\n","protected":false},"author":4,"featured_media":0,"parent":4192,"menu_order":0,"comment_status":"closed","ping_status":"closed","template":"afrika2016.php","meta":{"footnotes":""},"class_list":["post-3069","page","type-page","status-publish","hentry"],"_links":{"self":[{"href":"http:\/\/www.augen-blicke-afrika.de\/blog\/wp-json\/wp\/v2\/pages\/3069","targetHints":{"allow":["GET"]}}],"collection":[{"href":"http:\/\/www.augen-blicke-afrika.de\/blog\/wp-json\/wp\/v2\/pages"}],"about":[{"href":"http:\/\/www.augen-blicke-afrika.de\/blog\/wp-json\/wp\/v2\/types\/page"}],"author":[{"embeddable":true,"href":"http:\/\/www.augen-blicke-afrika.de\/blog\/wp-json\/wp\/v2\/users\/4"}],"replies":[{"embeddable":true,"href":"http:\/\/www.augen-blicke-afrika.de\/blog\/wp-json\/wp\/v2\/comments?post=3069"}],"version-history":[{"count":5,"href":"http:\/\/www.augen-blicke-afrika.de\/blog\/wp-json\/wp\/v2\/pages\/3069\/revisions"}],"predecessor-version":[{"id":12192,"href":"http:\/\/www.augen-blicke-afrika.de\/blog\/wp-json\/wp\/v2\/pages\/3069\/revisions\/12192"}],"up":[{"embeddable":true,"href":"http:\/\/www.augen-blicke-afrika.de\/blog\/wp-json\/wp\/v2\/pages\/4192"}],"wp:attachment":[{"href":"http:\/\/www.augen-blicke-afrika.de\/blog\/wp-json\/wp\/v2\/media?parent=3069"}],"curies":[{"name":"wp","href":"https:\/\/api.w.org\/{rel}","templated":true}]}}