{"id":3060,"date":"2016-10-11T07:18:46","date_gmt":"2016-10-11T05:18:46","guid":{"rendered":"http:\/\/www.augen-blicke-afrika.de\/blog\/?page_id=3060"},"modified":"2025-11-05T08:59:06","modified_gmt":"2025-11-05T07:59:06","slug":"loeil-du-cyclone-eye-of-the-storm","status":"publish","type":"page","link":"http:\/\/www.augen-blicke-afrika.de\/blog\/archiv\/archiv-2016\/filme-2016\/loeil-du-cyclone-eye-of-the-storm\/","title":{"rendered":"L\u00b4oeil du cyclone &#8211; Eye of the Storm"},"content":{"rendered":"<h1><strong>L\u00b4oeil du cyclone &#8211; Eye of the Storm<a href=\"http:\/\/www.augen-blicke-afrika.de\/blog\/wp-content\/uploads\/2016\/10\/88.jpg\"><img loading=\"lazy\" decoding=\"async\" class=\"size-medium wp-image-3061 alignright\" src=\"http:\/\/www.augen-blicke-afrika.de\/blog\/wp-content\/uploads\/2016\/10\/88-300x300.jpg\" alt=\"88\" width=\"300\" height=\"300\" srcset=\"http:\/\/www.augen-blicke-afrika.de\/blog\/wp-content\/uploads\/2016\/10\/88-300x300.jpg 300w, http:\/\/www.augen-blicke-afrika.de\/blog\/wp-content\/uploads\/2016\/10\/88-150x150.jpg 150w, http:\/\/www.augen-blicke-afrika.de\/blog\/wp-content\/uploads\/2016\/10\/88-144x144.jpg 144w, http:\/\/www.augen-blicke-afrika.de\/blog\/wp-content\/uploads\/2016\/10\/88-900x900.jpg 900w, http:\/\/www.augen-blicke-afrika.de\/blog\/wp-content\/uploads\/2016\/10\/88.jpg 960w\" sizes=\"auto, (max-width: 300px) 100vw, 300px\" \/><\/a><\/strong><\/h1>\n<p><span style=\"font-family: Arial,serif;\"><span style=\"font-size: large;\">Burkina Faso \/ Kamerun \/ Frankreich 2015, R.:<\/span><\/span><i> <\/i><span style=\"font-family: Arial,serif;\"><span style=\"font-size: large;\">S\u00e9kou Traor\u00e9<\/span><\/span><span style=\"font-family: Arial,serif;\"><span style=\"font-size: large;\"><i>, <\/i><\/span><\/span><span style=\"font-family: Arial,serif;\"><span style=\"font-size: large;\">101 Min., frz. OF, engl. UT<\/span><\/span><\/p>\n<p style=\"text-align: justify;\"><span style=\"font-family: Arial,serif;\"><span style=\"font-size: large;\">In einem fiktiven afrikanischen Staat wird die junge idealistische Anw\u00e4ltin Emma Tou mit der Pflichtverteidigung des gefangenen Rebellen Blackshouam beauftragt. Er steht wegen schwerer Kriegsverbrechen vor Gericht, die er unter dem Kampfnamen \u201eHitler Mussolini\u201c begangen haben soll.<br \/>\nEmma z\u00f6gert zun\u00e4chst, doch nach dem ersten Kontakt im Hochsicherheitstrakt steigen in ihr Fragen auf, die ihr keine Ruhe lassen. So erf\u00e4hrt sie, dass die vermeintliche Bestie schon als Achtj\u00e4hriger f\u00fcr eine Rebellenarmee, die die Diamantenminen kontrolliert, rekrutiert und zur Kampfmaschine umprogrammiert wurde. Und \u00fcber den Krieg zwischen Regierung und Rebellen findet die Anw\u00e4ltin Dinge heraus, die den M\u00e4chtigen \u2013 nicht zuletzt ihrer eigenen Familie \u2013 h\u00f6chst unangenehm sind. Der Film ist ein spannend inszeniertes Drama zum Thema Kindersoldaten.<\/span><\/span><\/p>\n<h4 style=\"text-align: justify;\"><span style=\"text-decoration: underline;\">Biografie:<\/span><\/h4>\n<h4><span style=\"font-family: Arial,serif;\"><span style=\"font-size: large;\"><b>S\u00e9kou Traor\u00e9, <\/b><\/span><\/span><span style=\"font-family: Arial,serif;\"><span style=\"font-size: large;\">geb.1962 in Burkina Faso, Regisseur, Produzent und Produktionsmanager. Der Film erhielt zahlreiche Preise, u. a. den Bronzenen Hengst beim FESPACO in Ouagadougou 2015<\/span><\/span><span style=\"font-family: Arial,serif;\"><span style=\"font-size: large;\">. Die Hauptdarstellerin <\/span><\/span><span style=\"font-family: Arial,serif;\"><span style=\"font-size: large;\">Maimouna N\u2019Diaye wurde f\u00fcr ihre eindringliche Darstellung der couragierten Anw\u00e4ltin als beste Schauspielerin des afrikanischen Kontinents ausgezeichnet. <\/span><\/span><\/h4>\n<p><span style=\"font-family: Arial,serif;\"><span style=\"font-size: large;\">So. 06.11., 20 Uhr<\/span><\/span><\/p>\n<p><span style=\"font-family: Arial,serif;\"><span style=\"font-size: large;\">Sa. 12.11., 22 Uhr<\/span><\/span><\/p>\n<p><a href=\"https:\/\/www.youtube.com\/watch?v=CIrGrL_UGkI\">Trailer<\/a><\/p>\n","protected":false},"excerpt":{"rendered":"<p>L\u00b4oeil du cyclone &#8211; Eye of the Storm Burkina Faso \/ Kamerun \/ Frankreich 2015, R.: S\u00e9kou Traor\u00e9, 101 Min., frz. OF, engl. UT In einem fiktiven afrikanischen Staat wird die junge idealistische Anw\u00e4ltin Emma Tou mit der Pflichtverteidigung des &hellip; <a href=\"http:\/\/www.augen-blicke-afrika.de\/blog\/archiv\/archiv-2016\/filme-2016\/loeil-du-cyclone-eye-of-the-storm\/\">Weiterlesen <span class=\"meta-nav\">&rarr;<\/span><\/a><\/p>\n","protected":false},"author":4,"featured_media":0,"parent":4192,"menu_order":0,"comment_status":"closed","ping_status":"closed","template":"afrika2016.php","meta":{"footnotes":""},"class_list":["post-3060","page","type-page","status-publish","hentry"],"_links":{"self":[{"href":"http:\/\/www.augen-blicke-afrika.de\/blog\/wp-json\/wp\/v2\/pages\/3060","targetHints":{"allow":["GET"]}}],"collection":[{"href":"http:\/\/www.augen-blicke-afrika.de\/blog\/wp-json\/wp\/v2\/pages"}],"about":[{"href":"http:\/\/www.augen-blicke-afrika.de\/blog\/wp-json\/wp\/v2\/types\/page"}],"author":[{"embeddable":true,"href":"http:\/\/www.augen-blicke-afrika.de\/blog\/wp-json\/wp\/v2\/users\/4"}],"replies":[{"embeddable":true,"href":"http:\/\/www.augen-blicke-afrika.de\/blog\/wp-json\/wp\/v2\/comments?post=3060"}],"version-history":[{"count":4,"href":"http:\/\/www.augen-blicke-afrika.de\/blog\/wp-json\/wp\/v2\/pages\/3060\/revisions"}],"predecessor-version":[{"id":12188,"href":"http:\/\/www.augen-blicke-afrika.de\/blog\/wp-json\/wp\/v2\/pages\/3060\/revisions\/12188"}],"up":[{"embeddable":true,"href":"http:\/\/www.augen-blicke-afrika.de\/blog\/wp-json\/wp\/v2\/pages\/4192"}],"wp:attachment":[{"href":"http:\/\/www.augen-blicke-afrika.de\/blog\/wp-json\/wp\/v2\/media?parent=3060"}],"curies":[{"name":"wp","href":"https:\/\/api.w.org\/{rel}","templated":true}]}}