{"id":3056,"date":"2016-10-11T07:11:56","date_gmt":"2016-10-11T05:11:56","guid":{"rendered":"http:\/\/www.augen-blicke-afrika.de\/blog\/?page_id=3056"},"modified":"2025-11-05T08:58:19","modified_gmt":"2025-11-05T07:58:19","slug":"we-will-win-peace","status":"publish","type":"page","link":"http:\/\/www.augen-blicke-afrika.de\/blog\/archiv\/archiv-2016\/filme-2016\/we-will-win-peace\/","title":{"rendered":"We Will Win Peace"},"content":{"rendered":"<h1><strong>We Will Win Peace<span lang=\"en-US\"><a href=\"http:\/\/www.augen-blicke-afrika.de\/blog\/wp-content\/uploads\/2016\/10\/8.jpg\"><img loading=\"lazy\" decoding=\"async\" class=\"size-medium wp-image-3057 alignright\" src=\"http:\/\/www.augen-blicke-afrika.de\/blog\/wp-content\/uploads\/2016\/10\/8-203x300.jpg\" alt=\"8\" width=\"203\" height=\"300\" srcset=\"http:\/\/www.augen-blicke-afrika.de\/blog\/wp-content\/uploads\/2016\/10\/8-203x300.jpg 203w, http:\/\/www.augen-blicke-afrika.de\/blog\/wp-content\/uploads\/2016\/10\/8.jpg 310w\" sizes=\"auto, (max-width: 203px) 100vw, 203px\" \/><\/a><\/span><\/strong><\/h1>\n<p><span style=\"color: #000000;\"><span style=\"font-family: Arial,serif;\"><span style=\"font-size: large;\"><span lang=\"en-US\">Dokumentarfilm, USA \/ Dem. Rep. Kongo 2015, R.: Seth Chase, 98 Min., OF, engl. UT<\/span><\/span><\/span><\/span><\/p>\n<p style=\"text-align: justify;\"><span style=\"color: #000000;\"><span style=\"font-family: Arial,serif;\"><span style=\"font-size: large;\">Seit \u00fcber zwei Jahrzehnten werden schwere kriegerische Auseinandersetzungen aus dem Ost-Kongo gemeldet. Diese Region ist reich an Bodensch\u00e4tzen; speziell Mineralien wie Coltan sind weltweit hei\u00df begehrt. Beunruhigt von der Berichterstattung \u00fcber Gr\u00e4ueltaten, Kindersoldaten und Vergewaltigungen starteten Aktivisten in den USA eine breit angelegte Kampagne mit dem Ziel eines Handelsboykotts. Schlie\u00dflich erlie\u00df Pr\u00e4sident Obama 2010 ein Dekret, das alle b\u00f6rsennotierten US-Firmen verpflichtete, keine Rohstoffe aus der Konfliktregion zu verarbeiten.<\/span><\/span><\/span><\/p>\n<p><span style=\"color: #000000;\"><span style=\"font-family: Arial,serif;\"><span style=\"font-size: large;\">Seth Chase geht in seinem Film der Frage nach, welche Auswirkungen die Forderungen der Friedensbewegung in den USA auf das Leben der Bergarbeiter im Kongo haben. Tragen Aktionen in den Industrienationen wirklich dazu bei, dass sich in fernen L\u00e4ndern politische Verh\u00e4ltnisse zum Wohl der Menschen ver\u00e4ndern? Seth Chase hat Geschichten und Bilder eingefangen, die die Lebens- und Arbeitsbedingungen der Minenarbeiter und ihrer Familien in den abgelegenen Bergbauregionen beleuchten.<\/span><\/span><\/span><\/p>\n<h4><span style=\"text-decoration: underline;\">Biografie:<\/span><\/h4>\n<h4><span style=\"color: #000000;\"><span style=\"font-family: Arial,serif;\"><span style=\"font-size: large;\"><b>Seth Chase<\/b><\/span><\/span><\/span><span style=\"color: #000000;\"><span style=\"font-family: Arial,serif;\"><span style=\"font-size: large;\"> ist ein amerikanischer Video-Filmer, der seit 2007 in Ostafrika lebt und dort viele Werbefilme f\u00fcr humanit\u00e4re Organisationen realisiert hat.<\/span><\/span><\/span><\/h4>\n<p><span style=\"color: #000000;\"><span style=\"font-family: Arial,serif;\"><span style=\"font-size: large;\">So. 06.11., 18 Uhr <\/span><\/span><\/span><\/p>\n<p><em>Diskussion mit Dr. Mathias John, Vorstand AI \u2013 deutsche Sektion,<\/em><br \/>\n<em>und Sofia Warttmann, Co-Produzentin des Films<\/em><br \/>\n<em>In Zusammenarbeit mit AMNESTY INTERNATIONAL, Bezirk Hamburg<\/em><\/p>\n","protected":false},"excerpt":{"rendered":"<p>We Will Win Peace Dokumentarfilm, USA \/ Dem. Rep. Kongo 2015, R.: Seth Chase, 98 Min., OF, engl. UT Seit \u00fcber zwei Jahrzehnten werden schwere kriegerische Auseinandersetzungen aus dem Ost-Kongo gemeldet. Diese Region ist reich an Bodensch\u00e4tzen; speziell Mineralien wie &hellip; <a href=\"http:\/\/www.augen-blicke-afrika.de\/blog\/archiv\/archiv-2016\/filme-2016\/we-will-win-peace\/\">Weiterlesen <span class=\"meta-nav\">&rarr;<\/span><\/a><\/p>\n","protected":false},"author":4,"featured_media":0,"parent":4192,"menu_order":0,"comment_status":"closed","ping_status":"closed","template":"afrika2016.php","meta":{"footnotes":""},"class_list":["post-3056","page","type-page","status-publish","hentry"],"_links":{"self":[{"href":"http:\/\/www.augen-blicke-afrika.de\/blog\/wp-json\/wp\/v2\/pages\/3056","targetHints":{"allow":["GET"]}}],"collection":[{"href":"http:\/\/www.augen-blicke-afrika.de\/blog\/wp-json\/wp\/v2\/pages"}],"about":[{"href":"http:\/\/www.augen-blicke-afrika.de\/blog\/wp-json\/wp\/v2\/types\/page"}],"author":[{"embeddable":true,"href":"http:\/\/www.augen-blicke-afrika.de\/blog\/wp-json\/wp\/v2\/users\/4"}],"replies":[{"embeddable":true,"href":"http:\/\/www.augen-blicke-afrika.de\/blog\/wp-json\/wp\/v2\/comments?post=3056"}],"version-history":[{"count":5,"href":"http:\/\/www.augen-blicke-afrika.de\/blog\/wp-json\/wp\/v2\/pages\/3056\/revisions"}],"predecessor-version":[{"id":12187,"href":"http:\/\/www.augen-blicke-afrika.de\/blog\/wp-json\/wp\/v2\/pages\/3056\/revisions\/12187"}],"up":[{"embeddable":true,"href":"http:\/\/www.augen-blicke-afrika.de\/blog\/wp-json\/wp\/v2\/pages\/4192"}],"wp:attachment":[{"href":"http:\/\/www.augen-blicke-afrika.de\/blog\/wp-json\/wp\/v2\/media?parent=3056"}],"curies":[{"name":"wp","href":"https:\/\/api.w.org\/{rel}","templated":true}]}}