{"id":3053,"date":"2016-10-11T07:04:46","date_gmt":"2016-10-11T05:04:46","guid":{"rendered":"http:\/\/www.augen-blicke-afrika.de\/blog\/?page_id=3053"},"modified":"2025-11-05T08:57:18","modified_gmt":"2025-11-05T07:57:18","slug":"lafrique-en-morceaux-the-tragedy-of-the-great-lakes","status":"publish","type":"page","link":"http:\/\/www.augen-blicke-afrika.de\/blog\/archiv\/archiv-2016\/filme-2016\/lafrique-en-morceaux-the-tragedy-of-the-great-lakes\/","title":{"rendered":"L&#8217;Afrique en Morceaux &#8211; The Tragedy of the Great Lakes"},"content":{"rendered":"<h1><strong>L&#8217;Afrique en Morceaux &#8211; The Tragedy of the Great Lakes<\/strong><\/h1>\n<p><span style=\"font-family: Arial,serif;\"><span style=\"font-size: large;\">Dokumentarfilm, \u00c4gypten, Frankreich<\/span><\/span><span style=\"font-family: Arial,serif;\"><span style=\"font-size: large;\"> 2001, R.: Jihan El-Tahri,100 Min. OF, engl. UT Peter Chappell GB 2014, 147 Min.<\/span><\/span><\/p>\n<p><span style=\"color: #161413;\"><span style=\"font-family: Arial,serif;\"><span style=\"font-size: large;\">Der Film setzt sich ausf\u00fchrlich mit den geopolitischen Sp\u00e4tfolgen des Genozids von 1994 in Ruanda auseinander. Die Region der Gro\u00dfen Seen im Zentrum Afrikas steht im Mittelpunkt dieser sehr aufwendig recherchierten Dokumentation. Nachdem Pr\u00e4sident Mobutu 1998 vertrieben worden war und Kabila an die Macht kam, gab es eine Chance auf Frieden in der D.R. Kongo, aber diese Hoffnung wurde schnell vereitelt.<\/span><\/span><\/span><\/p>\n<p><span style=\"color: #161413;\"><span style=\"font-family: Arial,serif;\"><span style=\"font-size: large;\">In zahlreichen und sonst seltenen Interviews mit den Staatsm\u00e4nnern der Region sowie durch Aussagen milit\u00e4rischer Befehlshaber werden die strategischen Schachz\u00fcge der regionalen, aber auch internationalen Politik- und Machtinteressen deutlich. Die kriegerischen Auseinandersetzungen in dem an Bodensch\u00e4tzen reichen Norden der D. R. Kongo halten bis heute an.<\/span><\/span><\/span><\/p>\n<h4><span style=\"text-decoration: underline;\">Biografie:<\/span><\/h4>\n<h4><span style=\"color: #000000;\"><span style=\"font-family: Arial,serif;\"><span style=\"font-size: large;\"><b>Jihan El-Tahri<\/b><\/span><\/span><\/span><span style=\"color: #000000;\"><span style=\"font-family: Arial,serif;\"><span style=\"font-size: large;\"> ist eine mehrfach ausgezeichnete \u00e4gyptisch-franz\u00f6sische Filmemacherin, Autorin, Produzentin und Nachrichtenkorrespondentin. Schwerpunkte ihrer Arbeit sind die politische Geschichte und die Konflikte in Afrika und dem Nahen Osten.<\/span><\/span><\/span><\/h4>\n<p><span style=\"color: #000000;\"><span style=\"font-family: Arial,serif;\"><span style=\"font-size: large;\">So. 06.11.<\/span><\/span><\/span><span style=\"font-family: Arial,serif;\"><span style=\"font-size: large;\">, <\/span><\/span><span style=\"font-family: Arial,serif;\"><span style=\"font-size: large;\">16 Uhr<\/span><\/span><span style=\"color: #ff0000;\"><span style=\"font-family: Arial,serif;\"><span style=\"font-size: large;\"><br \/>\n<\/span><\/span><\/span><\/p>\n","protected":false},"excerpt":{"rendered":"<p>L&#8217;Afrique en Morceaux &#8211; The Tragedy of the Great Lakes Dokumentarfilm, \u00c4gypten, Frankreich 2001, R.: Jihan El-Tahri,100 Min. OF, engl. UT Peter Chappell GB 2014, 147 Min. Der Film setzt sich ausf\u00fchrlich mit den geopolitischen Sp\u00e4tfolgen des Genozids von 1994 &hellip; <a href=\"http:\/\/www.augen-blicke-afrika.de\/blog\/archiv\/archiv-2016\/filme-2016\/lafrique-en-morceaux-the-tragedy-of-the-great-lakes\/\">Weiterlesen <span class=\"meta-nav\">&rarr;<\/span><\/a><\/p>\n","protected":false},"author":4,"featured_media":0,"parent":4192,"menu_order":0,"comment_status":"closed","ping_status":"closed","template":"afrika2016.php","meta":{"footnotes":""},"class_list":["post-3053","page","type-page","status-publish","hentry"],"_links":{"self":[{"href":"http:\/\/www.augen-blicke-afrika.de\/blog\/wp-json\/wp\/v2\/pages\/3053","targetHints":{"allow":["GET"]}}],"collection":[{"href":"http:\/\/www.augen-blicke-afrika.de\/blog\/wp-json\/wp\/v2\/pages"}],"about":[{"href":"http:\/\/www.augen-blicke-afrika.de\/blog\/wp-json\/wp\/v2\/types\/page"}],"author":[{"embeddable":true,"href":"http:\/\/www.augen-blicke-afrika.de\/blog\/wp-json\/wp\/v2\/users\/4"}],"replies":[{"embeddable":true,"href":"http:\/\/www.augen-blicke-afrika.de\/blog\/wp-json\/wp\/v2\/comments?post=3053"}],"version-history":[{"count":5,"href":"http:\/\/www.augen-blicke-afrika.de\/blog\/wp-json\/wp\/v2\/pages\/3053\/revisions"}],"predecessor-version":[{"id":12186,"href":"http:\/\/www.augen-blicke-afrika.de\/blog\/wp-json\/wp\/v2\/pages\/3053\/revisions\/12186"}],"up":[{"embeddable":true,"href":"http:\/\/www.augen-blicke-afrika.de\/blog\/wp-json\/wp\/v2\/pages\/4192"}],"wp:attachment":[{"href":"http:\/\/www.augen-blicke-afrika.de\/blog\/wp-json\/wp\/v2\/media?parent=3053"}],"curies":[{"name":"wp","href":"https:\/\/api.w.org\/{rel}","templated":true}]}}