{"id":3049,"date":"2016-10-11T06:56:42","date_gmt":"2016-10-11T04:56:42","guid":{"rendered":"http:\/\/www.augen-blicke-afrika.de\/blog\/?page_id=3049"},"modified":"2025-11-05T08:54:33","modified_gmt":"2025-11-05T07:54:33","slug":"ephraim-und-das-lamm","status":"publish","type":"page","link":"http:\/\/www.augen-blicke-afrika.de\/blog\/archiv\/archiv-2016\/filme-2016\/ephraim-und-das-lamm\/","title":{"rendered":"Ephraim und das Lamm"},"content":{"rendered":"<h1><strong>Ephraim und das Lamm<span lang=\"en-US\"><a href=\"http:\/\/www.augen-blicke-afrika.de\/blog\/wp-content\/uploads\/2016\/10\/77.jpg\"><img loading=\"lazy\" decoding=\"async\" class=\"size-medium wp-image-3050 alignright\" src=\"http:\/\/www.augen-blicke-afrika.de\/blog\/wp-content\/uploads\/2016\/10\/77-212x300.jpg\" alt=\"77\" width=\"212\" height=\"300\" srcset=\"http:\/\/www.augen-blicke-afrika.de\/blog\/wp-content\/uploads\/2016\/10\/77-212x300.jpg 212w, http:\/\/www.augen-blicke-afrika.de\/blog\/wp-content\/uploads\/2016\/10\/77-724x1024.jpg 724w, http:\/\/www.augen-blicke-afrika.de\/blog\/wp-content\/uploads\/2016\/10\/77-900x1273.jpg 900w, http:\/\/www.augen-blicke-afrika.de\/blog\/wp-content\/uploads\/2016\/10\/77.jpg 1357w\" sizes=\"auto, (max-width: 212px) 100vw, 212px\" \/><\/a><\/span><\/strong><\/h1>\n<p><span style=\"font-family: Arial,serif;\"><span style=\"font-size: large;\"><span lang=\"en-US\">\u00c4thiopien \/ Frankreich \/ Deutschland \/ Norwegen \/ Katar 2015, R.: Yared Zeleke, 91 Min., OF, dt. UT<\/span><\/span><\/span><\/p>\n<p style=\"text-align: justify;\"><span style=\"font-family: Arial,serif;\"><span style=\"font-size: large;\">Der 9-j\u00e4hrige Ephraim und sein Sch\u00e4fchen Chuni sind unzertrennlich. Als die Mutter stirbt, beschlie\u00dft der Vater, in der Stadt Arbeit zu suchen. Ephraim soll in einem entfernten Dorf bei Verwandten bleiben, das Schaf ist seine Mitgift. Und so muss der Junge st\u00e4ndig f\u00fcr das \u00dcberleben des Tieres k\u00e4mpfen, sinnbildlich auch f\u00fcr sein eigenes. Unterst\u00fctzung findet Ephraim nur bei der \u00e4ltesten Tochter der Familie. Tsion ist aufm\u00fcpfig, m\u00fcsste l\u00e4ngst verheiratet sein, liest wissbegierig Zeitung und sehnt sich nach einem anderen Leben.<\/span><\/span><\/p>\n<p><span style=\"font-family: Arial,serif;\"><span style=\"font-size: large;\">Dieser Film, gedreht in der malerischen Bergwelt \u00c4thiopiens, f\u00fchrt ein in d\u00f6rfliche, strenge, traditionelle Familienstrukturen und Rituale und zeigt etwas m\u00e4rchenhaft die Suche nach dem Ausweg, hin zur eigenen Identit\u00e4t.<\/span><\/span><\/p>\n<h4><span style=\"text-decoration: underline;\">Biografie:<\/span><\/h4>\n<h4><span style=\"font-family: Arial,serif;\"><span style=\"font-size: large;\"><b>Jared Zeleke<\/b><\/span><\/span><span style=\"font-family: Arial,serif;\"><span style=\"font-size: large;\">, geb. 1978 in \u00c4thiopien, studierte in den USA. Sein Spielfilmdeb\u00fct \u201eEphraim und das Lamm\u201c wurde in Cannes 2015 als erster Film aus \u00c4thiopien nominiert und ausgezeichnet.<\/span><\/span><\/h4>\n<p><span style=\"font-family: Arial,serif;\"><span style=\"font-size: large;\">So. 06.11., 14 Uhr<\/span><\/span><\/p>\n<p><a href=\"https:\/\/www.youtube.com\/watch?v=DpVKGRiP7ew\">Trailer<\/a><\/p>\n","protected":false},"excerpt":{"rendered":"<p>Ephraim und das Lamm \u00c4thiopien \/ Frankreich \/ Deutschland \/ Norwegen \/ Katar 2015, R.: Yared Zeleke, 91 Min., OF, dt. UT Der 9-j\u00e4hrige Ephraim und sein Sch\u00e4fchen Chuni sind unzertrennlich. Als die Mutter stirbt, beschlie\u00dft der Vater, in der &hellip; <a href=\"http:\/\/www.augen-blicke-afrika.de\/blog\/archiv\/archiv-2016\/filme-2016\/ephraim-und-das-lamm\/\">Weiterlesen <span class=\"meta-nav\">&rarr;<\/span><\/a><\/p>\n","protected":false},"author":4,"featured_media":0,"parent":4192,"menu_order":0,"comment_status":"closed","ping_status":"closed","template":"afrika2016.php","meta":{"footnotes":""},"class_list":["post-3049","page","type-page","status-publish","hentry"],"_links":{"self":[{"href":"http:\/\/www.augen-blicke-afrika.de\/blog\/wp-json\/wp\/v2\/pages\/3049","targetHints":{"allow":["GET"]}}],"collection":[{"href":"http:\/\/www.augen-blicke-afrika.de\/blog\/wp-json\/wp\/v2\/pages"}],"about":[{"href":"http:\/\/www.augen-blicke-afrika.de\/blog\/wp-json\/wp\/v2\/types\/page"}],"author":[{"embeddable":true,"href":"http:\/\/www.augen-blicke-afrika.de\/blog\/wp-json\/wp\/v2\/users\/4"}],"replies":[{"embeddable":true,"href":"http:\/\/www.augen-blicke-afrika.de\/blog\/wp-json\/wp\/v2\/comments?post=3049"}],"version-history":[{"count":4,"href":"http:\/\/www.augen-blicke-afrika.de\/blog\/wp-json\/wp\/v2\/pages\/3049\/revisions"}],"predecessor-version":[{"id":12183,"href":"http:\/\/www.augen-blicke-afrika.de\/blog\/wp-json\/wp\/v2\/pages\/3049\/revisions\/12183"}],"up":[{"embeddable":true,"href":"http:\/\/www.augen-blicke-afrika.de\/blog\/wp-json\/wp\/v2\/pages\/4192"}],"wp:attachment":[{"href":"http:\/\/www.augen-blicke-afrika.de\/blog\/wp-json\/wp\/v2\/media?parent=3049"}],"curies":[{"name":"wp","href":"https:\/\/api.w.org\/{rel}","templated":true}]}}