{"id":3045,"date":"2016-10-11T06:49:10","date_gmt":"2016-10-11T04:49:10","guid":{"rendered":"http:\/\/www.augen-blicke-afrika.de\/blog\/?page_id=3045"},"modified":"2025-11-05T08:53:41","modified_gmt":"2025-11-05T07:53:41","slug":"stories-of-our-lives","status":"publish","type":"page","link":"http:\/\/www.augen-blicke-afrika.de\/blog\/archiv\/archiv-2016\/filme-2016\/stories-of-our-lives\/","title":{"rendered":"Stories of our Lives"},"content":{"rendered":"<h1><strong>Stories of our Lives<a href=\"http:\/\/www.augen-blicke-afrika.de\/blog\/wp-content\/uploads\/2016\/10\/666.jpg\"><img loading=\"lazy\" decoding=\"async\" class=\"size-medium wp-image-3149 alignright\" src=\"http:\/\/www.augen-blicke-afrika.de\/blog\/wp-content\/uploads\/2016\/10\/666-300x169.jpg\" alt=\"666\" width=\"300\" height=\"169\" srcset=\"http:\/\/www.augen-blicke-afrika.de\/blog\/wp-content\/uploads\/2016\/10\/666-300x169.jpg 300w, http:\/\/www.augen-blicke-afrika.de\/blog\/wp-content\/uploads\/2016\/10\/666-500x281.jpg 500w, http:\/\/www.augen-blicke-afrika.de\/blog\/wp-content\/uploads\/2016\/10\/666.jpg 700w\" sizes=\"auto, (max-width: 300px) 100vw, 300px\" \/><\/a><\/strong><\/h1>\n<p><span style=\"font-family: Arial,serif;\"><span style=\"font-size: large;\">Kenia 2014, R.: Jim Chuchu, 62 Min., engl. OF<\/span><\/span><\/p>\n<p style=\"text-align: justify;\"><span style=\"font-family: Arial,serif;\"><span style=\"font-size: large;\">In f\u00fcnf poetischen Schwarz-wei\u00df-Episoden greift der Film Lebensgeschichten von Homosexuellen in Kenia auf. Alle Geschichten erz\u00e4hlen vom Verlangen nach Liebe und der Angst davor, diese \u00f6ffentlich zu leben. Denn in Kenia ist ihre Lebensform noch immer mit bis zu 14 Jahren Gef\u00e4ngnis bedroht und gesellschaftlich sanktioniert. Das f\u00fchrt immer wieder zu der Frage, ob es besser ist, sich zu verstecken, zu resignieren und das Land zu verlassen oder zu bleiben und offen f\u00fcr sexuelle Vielfalt zu k\u00e4mpfen.<\/span><\/span><\/p>\n<p><span style=\"font-family: Arial,serif;\"><span style=\"font-size: large;\">Mehrere Monate zogen Mitglieder des Kunstkollektives \u201eThe NEST\u201c durch Kenia und sammelten Geschichten, die sie dann in ihren Kurzfilmen verarbeiteten. Trotz des Verbots, den Film in Kenia \u00f6ffentlich zu zeigen, haben sich die \u201eThe NEST\u201c- Mitglieder entschieden, ihren Kampf um Anerkennung \u00f6ffentlich weiterzuf\u00fchren.<\/span><\/span><\/p>\n<h4><span style=\"text-decoration: underline;\">Biografie:<\/span><\/h4>\n<h4><span style=\"color: #000000;\"><span style=\"font-family: Arial,serif;\"><span style=\"font-size: large;\"><b>Jim Chuchu<\/b><\/span><\/span><\/span><span style=\"color: #000000;\"><span style=\"font-family: Arial,serif;\"><span style=\"font-size: large;\">, geb.1982 in Kenia, arbeitet seit 2006 als Regisseur, Fotograf, Musiker und Musikproduzent. Sein Name steht stellvertretend f\u00fcr die anderen am Projekt beteiligten FilmemacherInnen.<\/span><\/span><\/span><\/h4>\n<p><span style=\"color: #000000;\"><span style=\"font-family: Arial,serif;\"><span style=\"font-size: large;\">Sa. 05.11., 22 Uhr<br \/>\nDiskussion mit Uta Schwenke, Lesben- und Schwulenverband in Deutschland (LSVD)<\/span><\/span><\/span><\/p>\n<p><a href=\"https:\/\/www.youtube.com\/watch?v=KxDr1ue-lHc\">Trailer<\/a><\/p>\n","protected":false},"excerpt":{"rendered":"<p>Stories of our Lives Kenia 2014, R.: Jim Chuchu, 62 Min., engl. OF In f\u00fcnf poetischen Schwarz-wei\u00df-Episoden greift der Film Lebensgeschichten von Homosexuellen in Kenia auf. Alle Geschichten erz\u00e4hlen vom Verlangen nach Liebe und der Angst davor, diese \u00f6ffentlich zu &hellip; <a href=\"http:\/\/www.augen-blicke-afrika.de\/blog\/archiv\/archiv-2016\/filme-2016\/stories-of-our-lives\/\">Weiterlesen <span class=\"meta-nav\">&rarr;<\/span><\/a><\/p>\n","protected":false},"author":4,"featured_media":0,"parent":4192,"menu_order":0,"comment_status":"closed","ping_status":"closed","template":"afrika2016.php","meta":{"footnotes":""},"class_list":["post-3045","page","type-page","status-publish","hentry"],"_links":{"self":[{"href":"http:\/\/www.augen-blicke-afrika.de\/blog\/wp-json\/wp\/v2\/pages\/3045","targetHints":{"allow":["GET"]}}],"collection":[{"href":"http:\/\/www.augen-blicke-afrika.de\/blog\/wp-json\/wp\/v2\/pages"}],"about":[{"href":"http:\/\/www.augen-blicke-afrika.de\/blog\/wp-json\/wp\/v2\/types\/page"}],"author":[{"embeddable":true,"href":"http:\/\/www.augen-blicke-afrika.de\/blog\/wp-json\/wp\/v2\/users\/4"}],"replies":[{"embeddable":true,"href":"http:\/\/www.augen-blicke-afrika.de\/blog\/wp-json\/wp\/v2\/comments?post=3045"}],"version-history":[{"count":6,"href":"http:\/\/www.augen-blicke-afrika.de\/blog\/wp-json\/wp\/v2\/pages\/3045\/revisions"}],"predecessor-version":[{"id":12182,"href":"http:\/\/www.augen-blicke-afrika.de\/blog\/wp-json\/wp\/v2\/pages\/3045\/revisions\/12182"}],"up":[{"embeddable":true,"href":"http:\/\/www.augen-blicke-afrika.de\/blog\/wp-json\/wp\/v2\/pages\/4192"}],"wp:attachment":[{"href":"http:\/\/www.augen-blicke-afrika.de\/blog\/wp-json\/wp\/v2\/media?parent=3045"}],"curies":[{"name":"wp","href":"https:\/\/api.w.org\/{rel}","templated":true}]}}