{"id":3033,"date":"2016-10-10T21:48:25","date_gmt":"2016-10-10T19:48:25","guid":{"rendered":"http:\/\/www.augen-blicke-afrika.de\/blog\/?page_id=3033"},"modified":"2025-11-05T08:49:29","modified_gmt":"2025-11-05T07:49:29","slug":"life-is-waiting-referendum-and-resistance-in-western-sahara","status":"publish","type":"page","link":"http:\/\/www.augen-blicke-afrika.de\/blog\/archiv\/archiv-2016\/filme-2016\/life-is-waiting-referendum-and-resistance-in-western-sahara\/","title":{"rendered":"Life is Waiting: Referendum and Resistance in Western Sahara"},"content":{"rendered":"<p><del><a href=\"http:\/\/www.augen-blicke-afrika.de\/blog\/wp-content\/uploads\/2016\/10\/999.jpg\"><img loading=\"lazy\" decoding=\"async\" class=\"wp-image-3138 aligncenter\" src=\"http:\/\/www.augen-blicke-afrika.de\/blog\/wp-content\/uploads\/2016\/10\/999-300x76.jpg\" alt=\"999\" width=\"442\" height=\"120\" \/><\/a><\/del><\/p>\n<h1><strong>Life is Waiting: Referendum and Resistance in Western Sahara<\/strong><\/h1>\n<p><span style=\"font-family: Arial,serif;\"><span style=\"font-size: large;\">Dokumentarfilm, West-Sahara \/ USA 2015, R.: Iara Lee, 58 Min., OF, dt. UT<\/span><\/span><\/p>\n<p><span style=\"font-family: Arial,serif;\"><span style=\"font-size: large;\">Der Film ruft einen fast vergessenen Kampf um Unabh\u00e4ngigkeit in Erinnerung &#8211; die leidvolle Geschichte der Sahrauis.<\/span><\/span><\/p>\n<p><span style=\"font-family: Arial,serif;\"><span style=\"font-size: large;\">Vor 40 Jahren zogen sich die Spanier aus ihrer Kolonie West-Sahara zur\u00fcck und Marokko besetzte gro\u00dfe Teile davon. Nach langen kriegerischen Auseinandersetzungen zwischen marokkanischem Milit\u00e4r und der Widerstandsgruppe Polisario ist die West-Sahara seit 1991 geteilt. Der K\u00fcstenstreifen ist weiterhin von Marokko besetzt, das angrenzende W\u00fcstengebiet, die \u201ebefreite Zone\u201c, wird durch die Sahrauis verwaltet. W\u00e4hrend des Befreiungskampfes flohen Zehntausende, viele haben in Spanien Zuflucht gefunden und 125.000 Sahrauis leben noch immer in einem Fl\u00fcchtlingslager in Algerien. Der bewaffnete Kampf ruht, aber bis heute k\u00e4mpfen die Sahrauis mit politischen Aktionen und k\u00fcnstlerischen Ausdrucksformen um die R\u00fcckgabe der besetzten K\u00fcstenregion, um ihr Recht, ihre Tradition zu erhalten und selbstbestimmt zu leben.<\/span><\/span><\/p>\n<p><span style=\"font-family: Arial,serif;\"><span style=\"font-size: large;\">Der Film schildert, untermalt mit traditioneller Musik, Rap und Poesie, den unerm\u00fcdlichen Freiheitswillen der W\u00fcstenbewohner.<\/span><\/span><\/p>\n<h4><span style=\"text-decoration: underline;\">Biografie:<\/span><\/h4>\n<h4><span style=\"font-family: Arial,serif;\"><span style=\"font-size: large;\"><b>Iara Lee <\/b><\/span><\/span><span style=\"font-family: Arial,serif;\"><span style=\"font-size: large;\">ist Filmemacherin, Aktivistin und Direktorin von \u201eCultures of Resistence Network\u201c, einer Organisation, die f\u00fcr eine gerechtere Welt k\u00e4mpft, indem sie weltweit friedliche Aktionen und kreativen Widerstand unterst\u00fctzt.<\/span><\/span><\/h4>\n<p><span style=\"font-family: Arial,serif;\"><span style=\"font-size: large;\">Sa. 05.11., 16 Uhr<br \/>\nDiskussion mit Axel Goldau (Westsahara-Informationsprojekt \/ ifak e.V. &amp; WSRW)<\/span><\/span><\/p>\n<p><a href=\"https:\/\/www.youtube.com\/watch?v=8zLuoxRS3Ss\">Trailer<\/a><\/p>\n","protected":false},"excerpt":{"rendered":"<p>Life is Waiting: Referendum and Resistance in Western Sahara Dokumentarfilm, West-Sahara \/ USA 2015, R.: Iara Lee, 58 Min., OF, dt. UT Der Film ruft einen fast vergessenen Kampf um Unabh\u00e4ngigkeit in Erinnerung &#8211; die leidvolle Geschichte der Sahrauis. Vor &hellip; <a href=\"http:\/\/www.augen-blicke-afrika.de\/blog\/archiv\/archiv-2016\/filme-2016\/life-is-waiting-referendum-and-resistance-in-western-sahara\/\">Weiterlesen <span class=\"meta-nav\">&rarr;<\/span><\/a><\/p>\n","protected":false},"author":4,"featured_media":0,"parent":4192,"menu_order":0,"comment_status":"closed","ping_status":"closed","template":"afrika2016.php","meta":{"footnotes":""},"class_list":["post-3033","page","type-page","status-publish","hentry"],"_links":{"self":[{"href":"http:\/\/www.augen-blicke-afrika.de\/blog\/wp-json\/wp\/v2\/pages\/3033","targetHints":{"allow":["GET"]}}],"collection":[{"href":"http:\/\/www.augen-blicke-afrika.de\/blog\/wp-json\/wp\/v2\/pages"}],"about":[{"href":"http:\/\/www.augen-blicke-afrika.de\/blog\/wp-json\/wp\/v2\/types\/page"}],"author":[{"embeddable":true,"href":"http:\/\/www.augen-blicke-afrika.de\/blog\/wp-json\/wp\/v2\/users\/4"}],"replies":[{"embeddable":true,"href":"http:\/\/www.augen-blicke-afrika.de\/blog\/wp-json\/wp\/v2\/comments?post=3033"}],"version-history":[{"count":6,"href":"http:\/\/www.augen-blicke-afrika.de\/blog\/wp-json\/wp\/v2\/pages\/3033\/revisions"}],"predecessor-version":[{"id":12178,"href":"http:\/\/www.augen-blicke-afrika.de\/blog\/wp-json\/wp\/v2\/pages\/3033\/revisions\/12178"}],"up":[{"embeddable":true,"href":"http:\/\/www.augen-blicke-afrika.de\/blog\/wp-json\/wp\/v2\/pages\/4192"}],"wp:attachment":[{"href":"http:\/\/www.augen-blicke-afrika.de\/blog\/wp-json\/wp\/v2\/media?parent=3033"}],"curies":[{"name":"wp","href":"https:\/\/api.w.org\/{rel}","templated":true}]}}