{"id":303,"date":"2012-09-13T16:33:22","date_gmt":"2012-09-13T14:33:22","guid":{"rendered":"http:\/\/www.augen-blicke-afrika.de\/blog\/?page_id=303"},"modified":"2022-09-18T15:40:24","modified_gmt":"2022-09-18T13:40:24","slug":"teza","status":"publish","type":"page","link":"http:\/\/www.augen-blicke-afrika.de\/blog\/archiv\/archiv-2012\/filme\/teza\/","title":{"rendered":"Teza &#8211; Morgentau"},"content":{"rendered":"<h2><a href=\"#francais\"><img loading=\"lazy\" decoding=\"async\" class=\"alignright  wp-image-576\" style=\"border: 0px none; margin: 0px;\" title=\"version francaise\" src=\"http:\/\/www.augen-blicke-afrika.de\/blog\/wp-content\/uploads\/2012\/09\/france-schrift.gif\" alt=\"franz\u00f6sische Fahne\" width=\"60\" height=\"34\"><\/a><\/h2>\n<h2>Teza \u2013 Morgentau<\/h2>\n<p><em>(USA \/ Deutschland \/ Frankreich 2008, R.: Haile Gerima, 138 Min., <em><em><em>Original mit deutschen Untertiteln<\/em><\/em><\/em>. Mit Aaron Arefe, Abiye Tedla, Takelech Beyene, Teje Tesfahun)<\/em><\/p>\n<p><a href=\"http:\/\/www.augen-blicke-afrika.de\/blog\/wp-content\/uploads\/2012\/09\/teza-filmplakat.jpg\"><img loading=\"lazy\" decoding=\"async\" class=\"alignleft size-full wp-image-305\" title=\"Teza - Morgentau\" src=\"http:\/\/www.augen-blicke-afrika.de\/blog\/wp-content\/uploads\/2012\/09\/teza-filmplakat.jpg\" alt=\"Teza - Morgentau\" width=\"200\" height=\"283\"><\/a>Nachdem Anberber einige Jahre in Deutschland Medizin studiert hat, kehrt er voller Hoffnung in seine Heimat \u00c4thiopien zur\u00fcck. Ein ganzes Dorf z\u00e4hlt auf ihn, erwartet sich Fortschritt von dem in der Fremde ausgebildeten Heimkehrer. Doch gleich am ersten Abend wird deutlich, dass die herrschende Junta einem Wandelentgegensteht. Sein Neuanfang wird durch die politischen Verh\u00e4ltnisse massiv in Frage gestellt. Erinnerungen Anberbers an seine Kindheit tauchen auf.<\/p>\n<p>Der \u00e4thiopische Film \u201e<em>Teza<\/em>\u201c, sorgte f\u00fcr absolute Begeisterung beim FESPACO-Filmfestival. Regisseur Haile Gerima erhielt daf\u00fcr das afrikanische Pendant zum Oskar, den Goldenen Hengst von Yennenga.<\/p>\n<p>Haile Gerima wurde 1946 in \u00c4thiopien geboren und ging fr\u00fch in die USA, um am Goodman Theater in Chicago, sp\u00e4ter an der Universit\u00e4t von S\u00fcdkalifornien (UCLA) Schauspiel und Regie zu studieren. Seit 1975 ist er Professor an der Howard Universit\u00e4t in Washington D.C. f\u00fcr Radio, Fernsehen und Film. Er ist Mitglied der Los Angeles School of Black Film Makers und hat mehrere Filme \u00fcber Sklavenhandel und Kolonialismus gedreht. Sein bisher ber\u00fchmtester Film ist der mehrfach preisgekr\u00f6nte Spielfilm <em>\u201eSankofa\u201c<\/em> von 1993.<\/p>\n<p>Trailer des Films: <a title=\"Zum Trailer des Films &quot;Teza - Morgentau&quot;\" href=\"http:\/\/www.youtube.com\/watch?v=dSOUUdqddZw\" target=\"_blank\" rel=\"noopener\">http:\/\/www.youtube.com\/watch?v=dSOUUdqddZw<\/a><\/p>\n<div id=\"attachment_306\" style=\"width: 510px\" class=\"wp-caption alignnone\"><a href=\"http:\/\/www.augen-blicke-afrika.de\/blog\/wp-content\/uploads\/2012\/09\/teza01.jpg\"><img loading=\"lazy\" decoding=\"async\" aria-describedby=\"caption-attachment-306\" class=\"size-full wp-image-306\" title=\"Teza - Morgentau\" src=\"http:\/\/www.augen-blicke-afrika.de\/blog\/wp-content\/uploads\/2012\/09\/teza01.jpg\" alt=\"Teza - Morgentau\" width=\"500\" height=\"300\" srcset=\"http:\/\/www.augen-blicke-afrika.de\/blog\/wp-content\/uploads\/2012\/09\/teza01.jpg 500w, http:\/\/www.augen-blicke-afrika.de\/blog\/wp-content\/uploads\/2012\/09\/teza01-300x180.jpg 300w\" sizes=\"auto, (max-width: 500px) 100vw, 500px\" \/><\/a><p id=\"caption-attachment-306\" class=\"wp-caption-text\">Filmfoto<\/p><\/div>\n<p>&nbsp;<\/p>\n<p><a name=\"francais\"><\/a><\/p>\n<h2>TEZA<\/h2>\n<p><em>(USA \/ Allemagne \/ France 2008, R.: Haile Gerima, 138 min, OmdtU<\/em>)<\/p>\n<p>Plein d&#8217;espoir retourne Anberber \u00e0 son ancienne maison dans sa patrie en Ethiopie pour commencer une nouvelle vie l\u00e0-bas, apr\u00e8s avoir \u00e9tudi\u00e9 plusieurs ann\u00e9es en Europe. Un village entier compte sur lui, attend du progr\u00e8s du rapatri\u00e9 form\u00e9 \u00e0 l&#8217;\u00e9tranger. Mais d\u00e8s le premier soir Anberber est confront\u00e9 \u00e0 l&#8217;agitation politique dans le pays, qui pos\u00e9 son nouveau d\u00e9part en question.<\/p>\n<p>Le film \u00e9thiopien &#8220;Teza&#8221;, a fait sensation compl\u00e8te au festival du film FESPACO. Du Pr\u00e9sident Blaise Compaor\u00e9 du Burkina \u2013 Faso il a recui l&#8217;\u00e9quivalent africain de l&#8217;Oscar, l&#8217;Etalon d&#8217;or de Yennenga.<\/p>\n<p>Haile Gerima est n\u00e9 en 1946 en Ethiopie et est all\u00e9 t\u00f4t pour les \u00c9tats-Unis, au Goodman Theatre de Chicago, puis \u00e0 l&#8217;Universit\u00e9 de Californie du Sud (UCLA) \u00e0 \u00e9tudier l&#8217;art dramatique et de la r\u00e9alisation. Depuis 1975, il est professeur \u00e0 l&#8217;universit\u00e9 Howard \u00e0 Washington DC pour la radio, la t\u00e9l\u00e9vision et le cin\u00e9ma. Il est membre de l&#8217;\u00c9cole de Los Angeles des cin\u00e9astes noirs, et a r\u00e9alis\u00e9 plusieurs films sur la traite n\u00e9gri\u00e8re et le colonialisme. Son film le plus c\u00e9l\u00e8bre est le film prim\u00e9 &#8220;Sankofa&#8221; de 1993.<\/p>\n<div id=\"attachment_307\" style=\"width: 510px\" class=\"wp-caption alignnone\"><a href=\"http:\/\/www.augen-blicke-afrika.de\/blog\/wp-content\/uploads\/2012\/09\/teza02.jpg\"><img loading=\"lazy\" decoding=\"async\" aria-describedby=\"caption-attachment-307\" class=\"size-full wp-image-307\" title=\"Teza - Morgentau\" src=\"http:\/\/www.augen-blicke-afrika.de\/blog\/wp-content\/uploads\/2012\/09\/teza02.jpg\" alt=\"Teza - Morgentau\" width=\"500\" height=\"254\" srcset=\"http:\/\/www.augen-blicke-afrika.de\/blog\/wp-content\/uploads\/2012\/09\/teza02.jpg 500w, http:\/\/www.augen-blicke-afrika.de\/blog\/wp-content\/uploads\/2012\/09\/teza02-300x152.jpg 300w\" sizes=\"auto, (max-width: 500px) 100vw, 500px\" \/><\/a><p id=\"caption-attachment-307\" class=\"wp-caption-text\">Filmfoto<\/p><\/div>\n<p>&nbsp;<\/p>\n<div id=\"attachment_308\" style=\"width: 510px\" class=\"wp-caption alignnone\"><a href=\"http:\/\/www.augen-blicke-afrika.de\/blog\/wp-content\/uploads\/2012\/09\/teza03.jpg\"><img loading=\"lazy\" decoding=\"async\" aria-describedby=\"caption-attachment-308\" class=\"size-full wp-image-308\" title=\"Teza - Morgentau\" src=\"http:\/\/www.augen-blicke-afrika.de\/blog\/wp-content\/uploads\/2012\/09\/teza03.jpg\" alt=\"Teza - Morgentau\" width=\"500\" height=\"254\" srcset=\"http:\/\/www.augen-blicke-afrika.de\/blog\/wp-content\/uploads\/2012\/09\/teza03.jpg 500w, http:\/\/www.augen-blicke-afrika.de\/blog\/wp-content\/uploads\/2012\/09\/teza03-300x152.jpg 300w\" sizes=\"auto, (max-width: 500px) 100vw, 500px\" \/><\/a><p id=\"caption-attachment-308\" class=\"wp-caption-text\">Filmfoto<\/p><\/div>\n<p><a title=\"Programm\u00fcbersicht\" href=\"http:\/\/www.augen-blicke-afrika.de\/blog\/programm\/\">Zur Programm\u00fcbersicht<\/a><br \/>\n<a title=\"Programm\u00fcbersicht\" href=\"http:\/\/www.augen-blicke-afrika.de\/blog\/filme\/\">Zum Filmverzeichnis<\/a><\/p>\n","protected":false},"excerpt":{"rendered":"<p>Teza \u2013 Morgentau (USA \/ Deutschland \/ Frankreich 2008, R.: Haile Gerima, 138 Min., Original mit deutschen Untertiteln. Mit Aaron Arefe, Abiye Tedla, Takelech Beyene, Teje Tesfahun) Nachdem Anberber einige Jahre in Deutschland Medizin studiert hat, kehrt er voller Hoffnung &hellip; <a href=\"http:\/\/www.augen-blicke-afrika.de\/blog\/archiv\/archiv-2012\/filme\/teza\/\">Weiterlesen <span class=\"meta-nav\">&rarr;<\/span><\/a><\/p>\n","protected":false},"author":1,"featured_media":357,"parent":89,"menu_order":0,"comment_status":"closed","ping_status":"closed","template":"afrika2012.php","meta":{"footnotes":""},"class_list":["post-303","page","type-page","status-publish","has-post-thumbnail","hentry"],"_links":{"self":[{"href":"http:\/\/www.augen-blicke-afrika.de\/blog\/wp-json\/wp\/v2\/pages\/303","targetHints":{"allow":["GET"]}}],"collection":[{"href":"http:\/\/www.augen-blicke-afrika.de\/blog\/wp-json\/wp\/v2\/pages"}],"about":[{"href":"http:\/\/www.augen-blicke-afrika.de\/blog\/wp-json\/wp\/v2\/types\/page"}],"author":[{"embeddable":true,"href":"http:\/\/www.augen-blicke-afrika.de\/blog\/wp-json\/wp\/v2\/users\/1"}],"replies":[{"embeddable":true,"href":"http:\/\/www.augen-blicke-afrika.de\/blog\/wp-json\/wp\/v2\/comments?post=303"}],"version-history":[{"count":14,"href":"http:\/\/www.augen-blicke-afrika.de\/blog\/wp-json\/wp\/v2\/pages\/303\/revisions"}],"predecessor-version":[{"id":6794,"href":"http:\/\/www.augen-blicke-afrika.de\/blog\/wp-json\/wp\/v2\/pages\/303\/revisions\/6794"}],"up":[{"embeddable":true,"href":"http:\/\/www.augen-blicke-afrika.de\/blog\/wp-json\/wp\/v2\/pages\/89"}],"wp:featuredmedia":[{"embeddable":true,"href":"http:\/\/www.augen-blicke-afrika.de\/blog\/wp-json\/wp\/v2\/media\/357"}],"wp:attachment":[{"href":"http:\/\/www.augen-blicke-afrika.de\/blog\/wp-json\/wp\/v2\/media?parent=303"}],"curies":[{"name":"wp","href":"https:\/\/api.w.org\/{rel}","templated":true}]}}