{"id":3027,"date":"2016-10-10T21:30:56","date_gmt":"2016-10-10T19:30:56","guid":{"rendered":"http:\/\/www.augen-blicke-afrika.de\/blog\/?page_id=3027"},"modified":"2018-10-10T13:58:03","modified_gmt":"2018-10-10T11:58:03","slug":"the-boda-boda-thieves","status":"publish","type":"page","link":"http:\/\/www.augen-blicke-afrika.de\/blog\/archiv\/archiv-2016\/filme-2016\/the-boda-boda-thieves\/","title":{"rendered":"The Boda Boda Thieves"},"content":{"rendered":"<p><span style=\"font-family: Arial,serif;\"><span style=\"font-size: large;\">\u00a0<a href=\"http:\/\/www.augen-blicke-afrika.de\/blog\/wp-content\/uploads\/2016\/10\/5.png\"><img loading=\"lazy\" decoding=\"async\" class=\"alignnone size-medium wp-image-3029\" src=\"http:\/\/www.augen-blicke-afrika.de\/blog\/wp-content\/uploads\/2016\/10\/5-300x165.png\" alt=\"5\" width=\"300\" height=\"165\" srcset=\"http:\/\/www.augen-blicke-afrika.de\/blog\/wp-content\/uploads\/2016\/10\/5-300x165.png 300w, http:\/\/www.augen-blicke-afrika.de\/blog\/wp-content\/uploads\/2016\/10\/5-1024x562.png 1024w, http:\/\/www.augen-blicke-afrika.de\/blog\/wp-content\/uploads\/2016\/10\/5-500x275.png 500w, http:\/\/www.augen-blicke-afrika.de\/blog\/wp-content\/uploads\/2016\/10\/5-900x494.png 900w, http:\/\/www.augen-blicke-afrika.de\/blog\/wp-content\/uploads\/2016\/10\/5.png 1280w\" sizes=\"auto, (max-width: 300px) 100vw, 300px\" \/><\/a><\/span><\/span><\/p>\n<p><span style=\"font-family: Arial,serif;\"><span style=\"font-size: large;\">Uganda \/ Deutschland 20<\/span><\/span><span style=\"font-family: Arial,serif;\"><span style=\"font-size: large;\">15, R.: Donald Mugisha, 85 Min., OF, engl. UT <\/span><\/span><\/p>\n<p><span style=\"font-family: Arial,serif;\"><span style=\"font-size: large;\">Der 15-j\u00e4hrige Abel lebt mit seinen Eltern in einem der Ghettos von Kampala, der Hauptstadt von Uganda. Wie viele andere Familien zogen sie vor einigen Jahren vom Land in die Stadt, auf der Suche nach Arbeit und einem besseren Leben. Der Vater musste sich Geld leihen, um ein Motorradtaxi anzuschaffen, in Uganda \u201eBoda Boda\u201c genannt. Als Abels <\/span><\/span><span style=\"font-family: Arial,serif;\"><span style=\"font-size: large;\">Vater bei einem Unfall verletzt wird, <\/span><\/span><span style=\"font-family: Arial,serif;\"><span style=\"font-size: large;\">\u00fcbernimmt der Junge den Job. Doch er kennt die Gesetze des Gro\u00dfstadtdschungels nicht, ger\u00e4t in die F\u00e4nge einer Gang, die von Taschenraub lebt, und wird mitgerissen in ein Leben von schnellem Geld und kurzen Kicks. Diese euphorische Phase findet ein j\u00e4hes Ende, als das Motorrad gestohlen wird. <\/span><\/span><\/p>\n<p><span style=\"font-family: Arial,serif;\"><span style=\"font-size: large;\">Die Suche f\u00fchrt durch die quirligen Stra\u00dfen von Kampala und bietet einen faszinierenden Einblick in die reale Boda Boda Welt.<\/span><\/span><span style=\"font-family: Arial,serif;\"><span style=\"font-size: large;\"><a href=\"http:\/\/www.augen-blicke-afrika.de\/blog\/wp-content\/uploads\/2016\/10\/4.jpg\"><img loading=\"lazy\" decoding=\"async\" class=\"size-medium wp-image-3028 alignright\" src=\"http:\/\/www.augen-blicke-afrika.de\/blog\/wp-content\/uploads\/2016\/10\/4-213x300.jpg\" alt=\"4\" width=\"213\" height=\"300\" srcset=\"http:\/\/www.augen-blicke-afrika.de\/blog\/wp-content\/uploads\/2016\/10\/4-213x300.jpg 213w, http:\/\/www.augen-blicke-afrika.de\/blog\/wp-content\/uploads\/2016\/10\/4-727x1024.jpg 727w, http:\/\/www.augen-blicke-afrika.de\/blog\/wp-content\/uploads\/2016\/10\/4-900x1267.jpg 900w, http:\/\/www.augen-blicke-afrika.de\/blog\/wp-content\/uploads\/2016\/10\/4.jpg 909w\" sizes=\"auto, (max-width: 213px) 100vw, 213px\" \/><\/a><\/span><\/span><\/p>\n<p style=\"text-align: justify;\"><span style=\"text-decoration: underline;\">Biografie:<\/span><\/p>\n<p style=\"text-align: justify;\"><span style=\"font-family: Arial,serif;\"><span style=\"font-size: large;\"><b>Donald Mugisha<\/b><\/span><\/span><span style=\"font-family: Arial,serif;\"><span style=\"font-size: large;\">, geb. in Uganda. Schon fr\u00fch interessierte er sich f\u00fcr Filme von Rossellini und Truffaut und er orientiert sich bei seinen Filmen gerne an deren neo-realistischem Stil. Er studierte Massenkommunikation an der Universit\u00e4t in Kampala, produzierte viele Musikvideos und ist Gr\u00fcndungsmitglied des pan-afrikanischen Filmkollektivs \u201eYes! It&#8217;s Us\u201c.<\/span><\/span><\/p>\n<p>&nbsp;<\/p>\n<p><span style=\"font-family: Arial,serif;\"><span style=\"font-size: large;\">Fr. 04.11., 22 Uhr<\/span><\/span><\/p>\n<p><a href=\"https:\/\/www.youtube.com\/watch?v=ob6UUHrXFZY\">Trailer<\/a><\/p>\n","protected":false},"excerpt":{"rendered":"<p>\u00a0 Uganda \/ Deutschland 2015, R.: Donald Mugisha, 85 Min., OF, engl. UT Der 15-j\u00e4hrige Abel lebt mit seinen Eltern in einem der Ghettos von Kampala, der Hauptstadt von Uganda. Wie viele andere Familien zogen sie vor einigen Jahren vom &hellip; <a href=\"http:\/\/www.augen-blicke-afrika.de\/blog\/archiv\/archiv-2016\/filme-2016\/the-boda-boda-thieves\/\">Weiterlesen <span class=\"meta-nav\">&rarr;<\/span><\/a><\/p>\n","protected":false},"author":4,"featured_media":0,"parent":4192,"menu_order":0,"comment_status":"closed","ping_status":"closed","template":"","meta":{"footnotes":""},"class_list":["post-3027","page","type-page","status-publish","hentry"],"_links":{"self":[{"href":"http:\/\/www.augen-blicke-afrika.de\/blog\/wp-json\/wp\/v2\/pages\/3027","targetHints":{"allow":["GET"]}}],"collection":[{"href":"http:\/\/www.augen-blicke-afrika.de\/blog\/wp-json\/wp\/v2\/pages"}],"about":[{"href":"http:\/\/www.augen-blicke-afrika.de\/blog\/wp-json\/wp\/v2\/types\/page"}],"author":[{"embeddable":true,"href":"http:\/\/www.augen-blicke-afrika.de\/blog\/wp-json\/wp\/v2\/users\/4"}],"replies":[{"embeddable":true,"href":"http:\/\/www.augen-blicke-afrika.de\/blog\/wp-json\/wp\/v2\/comments?post=3027"}],"version-history":[{"count":4,"href":"http:\/\/www.augen-blicke-afrika.de\/blog\/wp-json\/wp\/v2\/pages\/3027\/revisions"}],"predecessor-version":[{"id":3240,"href":"http:\/\/www.augen-blicke-afrika.de\/blog\/wp-json\/wp\/v2\/pages\/3027\/revisions\/3240"}],"up":[{"embeddable":true,"href":"http:\/\/www.augen-blicke-afrika.de\/blog\/wp-json\/wp\/v2\/pages\/4192"}],"wp:attachment":[{"href":"http:\/\/www.augen-blicke-afrika.de\/blog\/wp-json\/wp\/v2\/media?parent=3027"}],"curies":[{"name":"wp","href":"https:\/\/api.w.org\/{rel}","templated":true}]}}