{"id":3023,"date":"2016-10-09T23:25:43","date_gmt":"2016-10-09T21:25:43","guid":{"rendered":"http:\/\/www.augen-blicke-afrika.de\/blog\/?page_id=3023"},"modified":"2025-11-05T08:47:51","modified_gmt":"2025-11-05T07:47:51","slug":"475-break-the-silence","status":"publish","type":"page","link":"http:\/\/www.augen-blicke-afrika.de\/blog\/archiv\/archiv-2016\/filme-2016\/475-break-the-silence\/","title":{"rendered":"475 &#8211; Break the Silence"},"content":{"rendered":"<h1><strong>475 &#8211; Break the Silence<\/strong><\/h1>\n<p><span style=\"font-family: Arial,serif;\"><span style=\"font-size: large;\">Dokumentarfilm, Marokko \/ GB 2013, R.: Hind Bensari, 46 Min., arab. OF, engl. UT<\/span><\/span><\/p>\n<p style=\"text-align: justify;\"><span style=\"font-family: Arial,serif;\"><span style=\"font-size: large;\">Amina Fillali ist gerade einmal 16 Jahre alt, als sie 2012 Selbstmord begeht. Sie kann <\/span><\/span><span style=\"font-family: Arial,serif;\"><span style=\"font-size: large;\"><a href=\"http:\/\/www.augen-blicke-afrika.de\/blog\/wp-content\/uploads\/2016\/10\/5555.jpg\"><img loading=\"lazy\" decoding=\"async\" class=\"size-medium wp-image-3127 alignright\" src=\"http:\/\/www.augen-blicke-afrika.de\/blog\/wp-content\/uploads\/2016\/10\/5555-300x125.jpg\" alt=\"5555\" width=\"300\" height=\"125\" srcset=\"http:\/\/www.augen-blicke-afrika.de\/blog\/wp-content\/uploads\/2016\/10\/5555-300x125.jpg 300w, http:\/\/www.augen-blicke-afrika.de\/blog\/wp-content\/uploads\/2016\/10\/5555.jpg 460w\" sizes=\"auto, (max-width: 300px) 100vw, 300px\" \/><\/a><\/span><\/span><span style=\"font-family: Arial,serif;\"><span style=\"font-size: large;\">es nicht verkraften, dass sie nach einer Vergewaltigung den T\u00e4ter heiraten muss. So will es laut \u00a7 475 das marokkanische Gesetz. Amina ist kein Einzelfall, aber dieses Mal greifen die Medien das Thema auf, Frauenaktivistinnen gehen auf die Stra\u00dfe, fordern die Streichung des Paragraphen.<\/span><\/span><\/p>\n<p><span style=\"font-family: Arial,serif;\"><span style=\"font-size: large;\">Hind Bensari<\/span><\/span><span style=\"color: #000000;\"><span style=\"font-family: Arial,serif;\"><span style=\"font-size: large;\"> interviewt in ihrem Film M\u00e4nner und Frauen auf Marokkos Stra\u00dfen und legt deren Einstellungen zu Vergewaltigung, Sex vor der Ehe und zum Geschlechterverh\u00e4ltnis allgemein offen. Der Film soll Frauen ermutigen, Anzeige zu erstatten, \u00f6ffentlich \u00fcber Gewalt und T\u00e4ter zu reden. Und es geht darum, das Bewusstsein der Bev\u00f6lkerung zu ver\u00e4ndern, denn f\u00fcr viele ist Vergewaltigung kein krimineller Akt. <\/span><\/span><\/span><\/p>\n<h4><span style=\"text-decoration: underline;\">Biografie:<\/span><\/h4>\n<h4><span style=\"font-family: Arial,serif;\"><span style=\"font-size: large;\"><b>Hind Bensari, <\/b><\/span><\/span><span style=\"font-family: Arial,serif;\"><span style=\"font-size: large;\">geb. in Marokko, studierte \u00d6konomie und Politikwissenschaften in England. Der Film brach alle Zuschauerrekorde im marokkanischen Fernsehen und trug entscheidend dazu bei, dass der \u00a7 475 reformiert wurde.<\/span><\/span><\/h4>\n<p><span style=\"color: #00000a;\"><span style=\"font-family: Arial,serif;\"><span style=\"font-size: large;\">Fr. 04.11., 20 Uhr<\/span><\/span><\/span><\/p>\n<h2><span style=\"color: #00000a;\"><span style=\"font-family: Arial,serif;\"><span style=\"font-size: large;\">Diskussion mit Regisseurin Hind Bensari.<\/span><\/span><\/span><br \/>\n<a name=\"__DdeLink__935_2009308729\"><\/a> <span style=\"color: #00000a;\"><span style=\"font-family: Arial,serif;\"><span style=\"font-size: large;\">Moderation: Blessing S. Hoppe (F.A.R.D. e.V., Afrikanische Frauen f\u00fcr Wiederaufbau und Entwicklung)<\/span><\/span><\/span><br \/>\n<span style=\"color: #00000a;\"><span style=\"font-family: Arial,serif;\"><span style=\"font-size: large;\">In Zusammenarbeit mit der Rosa Luxemburg Stiftung<\/span><\/span><\/span><\/h2>\n<p><a href=\"https:\/\/www.youtube.com\/watch?v=hFTifZZicT4\">Trailer<\/a><\/p>\n","protected":false},"excerpt":{"rendered":"<p>475 &#8211; Break the Silence Dokumentarfilm, Marokko \/ GB 2013, R.: Hind Bensari, 46 Min., arab. OF, engl. UT Amina Fillali ist gerade einmal 16 Jahre alt, als sie 2012 Selbstmord begeht. Sie kann es nicht verkraften, dass sie nach &hellip; <a href=\"http:\/\/www.augen-blicke-afrika.de\/blog\/archiv\/archiv-2016\/filme-2016\/475-break-the-silence\/\">Weiterlesen <span class=\"meta-nav\">&rarr;<\/span><\/a><\/p>\n","protected":false},"author":4,"featured_media":0,"parent":4192,"menu_order":0,"comment_status":"closed","ping_status":"closed","template":"afrika2016.php","meta":{"footnotes":""},"class_list":["post-3023","page","type-page","status-publish","hentry"],"_links":{"self":[{"href":"http:\/\/www.augen-blicke-afrika.de\/blog\/wp-json\/wp\/v2\/pages\/3023","targetHints":{"allow":["GET"]}}],"collection":[{"href":"http:\/\/www.augen-blicke-afrika.de\/blog\/wp-json\/wp\/v2\/pages"}],"about":[{"href":"http:\/\/www.augen-blicke-afrika.de\/blog\/wp-json\/wp\/v2\/types\/page"}],"author":[{"embeddable":true,"href":"http:\/\/www.augen-blicke-afrika.de\/blog\/wp-json\/wp\/v2\/users\/4"}],"replies":[{"embeddable":true,"href":"http:\/\/www.augen-blicke-afrika.de\/blog\/wp-json\/wp\/v2\/comments?post=3023"}],"version-history":[{"count":9,"href":"http:\/\/www.augen-blicke-afrika.de\/blog\/wp-json\/wp\/v2\/pages\/3023\/revisions"}],"predecessor-version":[{"id":12176,"href":"http:\/\/www.augen-blicke-afrika.de\/blog\/wp-json\/wp\/v2\/pages\/3023\/revisions\/12176"}],"up":[{"embeddable":true,"href":"http:\/\/www.augen-blicke-afrika.de\/blog\/wp-json\/wp\/v2\/pages\/4192"}],"wp:attachment":[{"href":"http:\/\/www.augen-blicke-afrika.de\/blog\/wp-json\/wp\/v2\/media?parent=3023"}],"curies":[{"name":"wp","href":"https:\/\/api.w.org\/{rel}","templated":true}]}}