{"id":3020,"date":"2016-10-09T23:12:56","date_gmt":"2016-10-09T21:12:56","guid":{"rendered":"http:\/\/www.augen-blicke-afrika.de\/blog\/?page_id=3020"},"modified":"2025-11-05T08:56:14","modified_gmt":"2025-11-05T07:56:14","slug":"difret-das-maedchen-hirut","status":"publish","type":"page","link":"http:\/\/www.augen-blicke-afrika.de\/blog\/archiv\/archiv-2016\/filme-2016\/difret-das-maedchen-hirut\/","title":{"rendered":"Difret &#8211; Das M\u00e4dchen Hirut"},"content":{"rendered":"<h1><strong>Difret &#8211; Das M\u00e4dchen Hirut<img loading=\"lazy\" decoding=\"async\" class=\"size-medium wp-image-3125 alignright\" src=\"http:\/\/www.augen-blicke-afrika.de\/blog\/wp-content\/uploads\/2016\/10\/099-300x300.jpg\" alt=\"099\" width=\"300\" height=\"300\" srcset=\"http:\/\/www.augen-blicke-afrika.de\/blog\/wp-content\/uploads\/2016\/10\/099-300x300.jpg 300w, http:\/\/www.augen-blicke-afrika.de\/blog\/wp-content\/uploads\/2016\/10\/099-150x150.jpg 150w, http:\/\/www.augen-blicke-afrika.de\/blog\/wp-content\/uploads\/2016\/10\/099-144x144.jpg 144w, http:\/\/www.augen-blicke-afrika.de\/blog\/wp-content\/uploads\/2016\/10\/099.jpg 528w\" sizes=\"auto, (max-width: 300px) 100vw, 300px\" \/><\/strong><\/h1>\n<p><span style=\"font-family: Arial,serif;\"><span style=\"font-size: large;\">\u00c4thopien \/ USA 2014, R.: Zeresenay Berkane Mehari, 95 Min., Amharisch OF, dt. UT<\/span><\/span><\/p>\n<p style=\"text-align: justify;\"><span style=\"font-family: Arial,serif;\"><span style=\"font-size: large;\">Die 14-j\u00e4hrige Hirut wird auf dem Heimweg von der Schule entf\u00fchrt, eingesperrt und vergewaltigt,<\/span><\/span><span style=\"color: #000000;\"><span style=\"font-family: Arial,serif;\"><span style=\"font-size: large;\"> denn auf dem Land gilt 1996 in \u00c4thiopien die Tradition der \u201eTelefa\u201c, der Entf\u00fchrung zum Zweck der Eheschlie\u00dfung. Hirut <\/span><\/span><\/span><span style=\"font-family: Arial,serif;\"><span style=\"font-size: large;\">gelingt es auszubrechen, aber sie wird gejagt und erschie\u00dft auf der Flucht ihren Peiniger. Sie wird gefasst und des Mordes angeklagt. Dem M\u00e4dchen droht die Todesstrafe, doch deren Vollstreckung will die Anw\u00e4ltin und Menschenrechtlerin Meaza Ashenafi unbedingt verhindern. Im Gerichtssaal fordert Meaza einen fairen Prozess.<\/span><\/span><\/p>\n<p><span style=\"font-family: Arial,serif;\"><span style=\"font-size: large;\">Der Film greift einen wahren Fall auf, der dank der Hartn\u00e4ckigkeit der Anw\u00e4ltin in \u00c4thiopien gro\u00dfes Aufsehen erregte und zum Wendepunkt f\u00fcr die <\/span><\/span><u> <\/u><span style=\"color: #0000ff;\"><span lang=\"de-DE\"><span style=\"color: #000000;\"><span style=\"font-family: Arial,serif;\"><span style=\"font-size: large;\">Frauenrechte<\/span><\/span><\/span><\/span><\/span><span style=\"font-family: Arial,serif;\"><span style=\"font-size: large;\"> im Land wurde. Entf\u00fchrung und Vergewaltigung werden seitdem mit mindestens 15 Jahren Haft bestraft. Gewalt gegen Frauen, auch weibliche Beschneidung, wird erstmalig als Straftat angesehen.<\/span><\/span><\/p>\n<h4><span style=\"text-decoration: underline;\">Biografie<\/span><\/h4>\n<h4><a name=\"__DdeLink__4290_515613373\"><\/a> <span style=\"font-family: Arial,serif;\"><span style=\"font-size: large;\"><b>Zeresenay Berhane Mehari<\/b><\/span><\/span><span style=\"font-family: Arial,serif;\"><span style=\"font-size: large;\">, geb. und aufgewachsen in \u00c4thiopien, Film-Studium in den USA, Drehbuchautor und Regisseur. \u201eDas M\u00e4dchen Hirut\u201c ist sein Spielfilmdeb\u00fct.<\/span><\/span><\/h4>\n<p><span style=\"font-family: Arial,serif;\"><span style=\"font-size: large;\">Fr. 04.11., 18 Uhr (Schwerpunkt)<\/span><\/span><\/p>\n<p><a href=\"https:\/\/www.youtube.com\/watch?v=kIkiEI4sit8\">Trailer <\/a><\/p>\n","protected":false},"excerpt":{"rendered":"<p>Difret &#8211; Das M\u00e4dchen Hirut \u00c4thopien \/ USA 2014, R.: Zeresenay Berkane Mehari, 95 Min., Amharisch OF, dt. UT Die 14-j\u00e4hrige Hirut wird auf dem Heimweg von der Schule entf\u00fchrt, eingesperrt und vergewaltigt, denn auf dem Land gilt 1996 in &hellip; <a href=\"http:\/\/www.augen-blicke-afrika.de\/blog\/archiv\/archiv-2016\/filme-2016\/difret-das-maedchen-hirut\/\">Weiterlesen <span class=\"meta-nav\">&rarr;<\/span><\/a><\/p>\n","protected":false},"author":4,"featured_media":0,"parent":4192,"menu_order":0,"comment_status":"closed","ping_status":"closed","template":"afrika2016.php","meta":{"footnotes":""},"class_list":["post-3020","page","type-page","status-publish","hentry"],"_links":{"self":[{"href":"http:\/\/www.augen-blicke-afrika.de\/blog\/wp-json\/wp\/v2\/pages\/3020","targetHints":{"allow":["GET"]}}],"collection":[{"href":"http:\/\/www.augen-blicke-afrika.de\/blog\/wp-json\/wp\/v2\/pages"}],"about":[{"href":"http:\/\/www.augen-blicke-afrika.de\/blog\/wp-json\/wp\/v2\/types\/page"}],"author":[{"embeddable":true,"href":"http:\/\/www.augen-blicke-afrika.de\/blog\/wp-json\/wp\/v2\/users\/4"}],"replies":[{"embeddable":true,"href":"http:\/\/www.augen-blicke-afrika.de\/blog\/wp-json\/wp\/v2\/comments?post=3020"}],"version-history":[{"count":18,"href":"http:\/\/www.augen-blicke-afrika.de\/blog\/wp-json\/wp\/v2\/pages\/3020\/revisions"}],"predecessor-version":[{"id":12184,"href":"http:\/\/www.augen-blicke-afrika.de\/blog\/wp-json\/wp\/v2\/pages\/3020\/revisions\/12184"}],"up":[{"embeddable":true,"href":"http:\/\/www.augen-blicke-afrika.de\/blog\/wp-json\/wp\/v2\/pages\/4192"}],"wp:attachment":[{"href":"http:\/\/www.augen-blicke-afrika.de\/blog\/wp-json\/wp\/v2\/media?parent=3020"}],"curies":[{"name":"wp","href":"https:\/\/api.w.org\/{rel}","templated":true}]}}