{"id":3015,"date":"2016-10-09T23:01:25","date_gmt":"2016-10-09T21:01:25","guid":{"rendered":"http:\/\/www.augen-blicke-afrika.de\/blog\/?page_id=3015"},"modified":"2025-11-05T08:35:21","modified_gmt":"2025-11-05T07:35:21","slug":"aji-bi-les-femmes-de-lhorloge-under-the-clock-tower","status":"publish","type":"page","link":"http:\/\/www.augen-blicke-afrika.de\/blog\/archiv\/archiv-2016\/filme-2016\/aji-bi-les-femmes-de-lhorloge-under-the-clock-tower\/","title":{"rendered":"Aji-bi, les femmes de l&#8217;horloge &#8211; Under the Clock Tower"},"content":{"rendered":"<p><span style=\"font-family: Arial,serif;\"><span style=\"font-size: large;\"><a href=\"http:\/\/www.augen-blicke-afrika.de\/blog\/wp-content\/uploads\/2016\/10\/2.jpg\"><img loading=\"lazy\" decoding=\"async\" class=\"alignnone size-medium wp-image-3017\" src=\"http:\/\/www.augen-blicke-afrika.de\/blog\/wp-content\/uploads\/2016\/10\/2-300x169.jpg\" alt=\"2\" width=\"300\" height=\"169\" srcset=\"http:\/\/www.augen-blicke-afrika.de\/blog\/wp-content\/uploads\/2016\/10\/2-300x169.jpg 300w, http:\/\/www.augen-blicke-afrika.de\/blog\/wp-content\/uploads\/2016\/10\/2-1024x576.jpg 1024w, http:\/\/www.augen-blicke-afrika.de\/blog\/wp-content\/uploads\/2016\/10\/2-500x281.jpg 500w, http:\/\/www.augen-blicke-afrika.de\/blog\/wp-content\/uploads\/2016\/10\/2-900x506.jpg 900w, http:\/\/www.augen-blicke-afrika.de\/blog\/wp-content\/uploads\/2016\/10\/2.jpg 1280w\" sizes=\"auto, (max-width: 300px) 100vw, 300px\" \/><\/a><\/span><\/span><\/p>\n<h1><strong>Aji-bi, les femmes de l&#8217;horloge &#8211; Under the Clock Tower<\/strong><\/h1>\n<p><span style=\"font-family: Arial,serif;\"><span style=\"font-size: large;\">Dokumentarfilm, Marokko 2015, R.: Raja Saddiki, 67 Min., frz. \/ Wolof OF, dt. UT <\/span><\/span><\/p>\n<p><span style=\"font-family: Arial,serif;\"><span style=\"font-size: large;\">Falsche Wimpern oder Rastaz\u00f6pfe \u2013 f\u00fcr ein paar Euro versch\u00f6nert Mareme Passantinnen am Rande der Medina von Casablanca. Sie geh\u00f6rt zu einer Gemeinschaft senegalesischer Frauen, die ihr Schicksal teilen: Unschl\u00fcssig dar\u00fcber, ob sie bleiben oder den gef\u00e4hrlichen Weg nach Europa einschlagen sollen, versuchen sie, sich in der oft fremdenfeindlichen marokkanischen Gesellschaft \u00fcber Wasser zu halten. Viele haben Kinder in ihrer Heimat zur\u00fcckgelassen<\/span><\/span><span style=\"color: #0000ff;\"><span style=\"font-family: Arial,serif;\"><span style=\"font-size: large;\">. <\/span><\/span><\/span><span style=\"font-family: Arial,serif;\"><span style=\"font-size: large;\">Mit dem ersparten Geld sichern sie das \u00dcberleben ihrer Familien in der Heimat. Deshalb werden sie \u201eaji-bi\u201c genannt, im Senegal ein Begriff f\u00fcr besonders gesch\u00e4ftst\u00fcchtige und erfolgreiche Frauen. <\/span><\/span><\/p>\n<p><span style=\"font-family: Arial,serif;\"><span style=\"font-size: large;\">Ein quirliger Film \u00fcber innerafrikanische Migration und Frauensolidarit\u00e4t in den Gassen von Casablanca.<\/span><\/span><\/p>\n<h4><span style=\"text-decoration: underline;\">Biografie<\/span><\/h4>\n<h4><span style=\"font-family: Arial,serif;\"><span style=\"font-size: large;\"><b>Raja Saddiki, <\/b><\/span><\/span><span style=\"font-family: Arial,serif;\"><span style=\"font-size: large;\">geb. in Marokko, studierte und lebt in Casablanca. Sie ist Kamerafrau und Filmemacherin; Kamerafrau beim Film \u201e Break the Silence\u201c von Hind Bensari in unserem Festival-Programm.<\/span><\/span><\/h4>\n<p><span style=\"font-family: Arial,serif;\"><span style=\"font-size: large;\">Fr. 04.11., 16 Uhr (Schwerpunkt)<\/span><\/span><\/p>\n","protected":false},"excerpt":{"rendered":"<p>Aji-bi, les femmes de l&#8217;horloge &#8211; Under the Clock Tower Dokumentarfilm, Marokko 2015, R.: Raja Saddiki, 67 Min., frz. \/ Wolof OF, dt. UT Falsche Wimpern oder Rastaz\u00f6pfe \u2013 f\u00fcr ein paar Euro versch\u00f6nert Mareme Passantinnen am Rande der Medina &hellip; <a href=\"http:\/\/www.augen-blicke-afrika.de\/blog\/archiv\/archiv-2016\/filme-2016\/aji-bi-les-femmes-de-lhorloge-under-the-clock-tower\/\">Weiterlesen <span class=\"meta-nav\">&rarr;<\/span><\/a><\/p>\n","protected":false},"author":4,"featured_media":0,"parent":4192,"menu_order":0,"comment_status":"closed","ping_status":"closed","template":"afrika2016.php","meta":{"footnotes":""},"class_list":["post-3015","page","type-page","status-publish","hentry"],"_links":{"self":[{"href":"http:\/\/www.augen-blicke-afrika.de\/blog\/wp-json\/wp\/v2\/pages\/3015","targetHints":{"allow":["GET"]}}],"collection":[{"href":"http:\/\/www.augen-blicke-afrika.de\/blog\/wp-json\/wp\/v2\/pages"}],"about":[{"href":"http:\/\/www.augen-blicke-afrika.de\/blog\/wp-json\/wp\/v2\/types\/page"}],"author":[{"embeddable":true,"href":"http:\/\/www.augen-blicke-afrika.de\/blog\/wp-json\/wp\/v2\/users\/4"}],"replies":[{"embeddable":true,"href":"http:\/\/www.augen-blicke-afrika.de\/blog\/wp-json\/wp\/v2\/comments?post=3015"}],"version-history":[{"count":3,"href":"http:\/\/www.augen-blicke-afrika.de\/blog\/wp-json\/wp\/v2\/pages\/3015\/revisions"}],"predecessor-version":[{"id":12158,"href":"http:\/\/www.augen-blicke-afrika.de\/blog\/wp-json\/wp\/v2\/pages\/3015\/revisions\/12158"}],"up":[{"embeddable":true,"href":"http:\/\/www.augen-blicke-afrika.de\/blog\/wp-json\/wp\/v2\/pages\/4192"}],"wp:attachment":[{"href":"http:\/\/www.augen-blicke-afrika.de\/blog\/wp-json\/wp\/v2\/media?parent=3015"}],"curies":[{"name":"wp","href":"https:\/\/api.w.org\/{rel}","templated":true}]}}