{"id":294,"date":"2012-09-13T16:24:35","date_gmt":"2012-09-13T14:24:35","guid":{"rendered":"http:\/\/www.augen-blicke-afrika.de\/blog\/?page_id=294"},"modified":"2022-09-18T15:40:01","modified_gmt":"2022-09-18T13:40:01","slug":"18-days","status":"publish","type":"page","link":"http:\/\/www.augen-blicke-afrika.de\/blog\/archiv\/archiv-2012\/filme\/18-days\/","title":{"rendered":"Tamantashar Yom Sektion: Agenda 11 \u2013 18 Days"},"content":{"rendered":"<p><strong><span style=\"color:red\">Achtung, Programm\u00e4nderung!<br \/>\nDieser Film f\u00e4llt leider aus!<\/span><br \/>\nStattdessen wird der Film <a href=\"http:\/\/www.augen-blicke-afrika.de\/blog\/microphone\/\">Microphone<\/a> gezeigt.<\/strong><\/p>\n<h2>Tamantashar Yom Sektion: Agenda 11 \u2013 18 Days<\/h2>\n<p><em>(Dokumentarfilme, \u00c4gypten 2011, R.: Sherif Arafa Kamla, Abou Zikri, Marwan Hamed, Mohamed Aly, Sherif El Bendari, Khaled Marei, Mariam Abou Ouf, Ahmad Abdallah, Yousry Nasrallah, Ahmad Alaa, 125 Min., <em><em><em>Original mit englischen Untertiteln<\/em><\/em><\/em>)<\/em><\/p>\n<p><a href=\"http:\/\/www.augen-blicke-afrika.de\/blog\/wp-content\/uploads\/2012\/09\/18-days-filmplakat.jpg\"><img loading=\"lazy\" decoding=\"async\" class=\"alignleft size-full wp-image-296\" title=\"Tamantashar Yom Sektion Agenda 11 \u2013 18 Days\" src=\"http:\/\/www.augen-blicke-afrika.de\/blog\/wp-content\/uploads\/2012\/09\/18-days-filmplakat.jpg\" alt=\"Tamantashar Yom Sektion Agenda 11 \u2013 18 Days\" width=\"200\" height=\"282\"><\/a>25. Januar 2011. Tausende \u00c4gypter protestieren in Kairos Stra\u00dfen gegen Pr\u00e4sident Mubarak. Der Aufstand greift um sich, das Regime wehrt sich. Zehn \u00e4gyptische Regisseure dokumentieren in der Kurzfilm-Collage <em>\u201e18 Days\u201c<\/em> diese Erhebung. Eine junge Frau aus den Slums findet sich mitten im Stra\u00dfenkampf wieder (\u201e<em>God\u2019s Creation\u201c<\/em>), zwei M\u00e4nner geraten zwischen die R\u00e4der der Propaganda <em>(\u201etahrir 2\/2\u201c<\/em>), w\u00e4hrend ein naiver Schneider an eine israelische Invasion glaubt (\u201e<em>Revolution Cookies\u201c<\/em>). Zentraler Schauplatz ist der Tahrir-Platz in Kairo, der zum Symbol des Aufstandes in der arabischen Welt wurde.<\/p>\n<p>Zur Webseite des Films mit Trailer: <a title=\"Zur Webseite des Films &quot;18 days&quot; mit Trailer\" href=\"http:\/\/www.18days-movie.com\/\" target=\"_blank\" rel=\"noopener\">http:\/\/www.18days-movie.com\/<\/a><\/p>\n<div id=\"attachment_297\" style=\"width: 510px\" class=\"wp-caption alignnone\"><a href=\"http:\/\/www.augen-blicke-afrika.de\/blog\/wp-content\/uploads\/2012\/09\/18-days.jpg\"><img loading=\"lazy\" decoding=\"async\" aria-describedby=\"caption-attachment-297\" class=\"size-full wp-image-297\" title=\"Tamantashar Yom Sektion Agenda 11 \u2013 18 Days\" src=\"http:\/\/www.augen-blicke-afrika.de\/blog\/wp-content\/uploads\/2012\/09\/18-days.jpg\" alt=\"Tamantashar Yom Sektion Agenda 11 \u2013 18 Days\" width=\"500\" height=\"281\" srcset=\"http:\/\/www.augen-blicke-afrika.de\/blog\/wp-content\/uploads\/2012\/09\/18-days.jpg 500w, http:\/\/www.augen-blicke-afrika.de\/blog\/wp-content\/uploads\/2012\/09\/18-days-300x168.jpg 300w\" sizes=\"auto, (max-width: 500px) 100vw, 500px\" \/><\/a><p id=\"caption-attachment-297\" class=\"wp-caption-text\">Filmfoto<\/p><\/div>\n<p><a title=\"Programm\u00fcbersicht\" href=\"http:\/\/www.augen-blicke-afrika.de\/blog\/programm\/\">Zur Programm\u00fcbersicht<\/a><br \/>\n<a title=\"Programm\u00fcbersicht\" href=\"http:\/\/www.augen-blicke-afrika.de\/blog\/filme\/\">Zum Filmverzeichnis<\/a><\/p>\n","protected":false},"excerpt":{"rendered":"<p>Achtung, Programm\u00e4nderung! Dieser Film f\u00e4llt leider aus! Stattdessen wird der Film Microphone gezeigt. Tamantashar Yom Sektion: Agenda 11 \u2013 18 Days (Dokumentarfilme, \u00c4gypten 2011, R.: Sherif Arafa Kamla, Abou Zikri, Marwan Hamed, Mohamed Aly, Sherif El Bendari, Khaled Marei, Mariam &hellip; <a href=\"http:\/\/www.augen-blicke-afrika.de\/blog\/archiv\/archiv-2012\/filme\/18-days\/\">Weiterlesen <span class=\"meta-nav\">&rarr;<\/span><\/a><\/p>\n","protected":false},"author":1,"featured_media":357,"parent":89,"menu_order":0,"comment_status":"closed","ping_status":"closed","template":"afrika2012.php","meta":{"footnotes":""},"class_list":["post-294","page","type-page","status-publish","has-post-thumbnail","hentry"],"_links":{"self":[{"href":"http:\/\/www.augen-blicke-afrika.de\/blog\/wp-json\/wp\/v2\/pages\/294","targetHints":{"allow":["GET"]}}],"collection":[{"href":"http:\/\/www.augen-blicke-afrika.de\/blog\/wp-json\/wp\/v2\/pages"}],"about":[{"href":"http:\/\/www.augen-blicke-afrika.de\/blog\/wp-json\/wp\/v2\/types\/page"}],"author":[{"embeddable":true,"href":"http:\/\/www.augen-blicke-afrika.de\/blog\/wp-json\/wp\/v2\/users\/1"}],"replies":[{"embeddable":true,"href":"http:\/\/www.augen-blicke-afrika.de\/blog\/wp-json\/wp\/v2\/comments?post=294"}],"version-history":[{"count":16,"href":"http:\/\/www.augen-blicke-afrika.de\/blog\/wp-json\/wp\/v2\/pages\/294\/revisions"}],"predecessor-version":[{"id":6793,"href":"http:\/\/www.augen-blicke-afrika.de\/blog\/wp-json\/wp\/v2\/pages\/294\/revisions\/6793"}],"up":[{"embeddable":true,"href":"http:\/\/www.augen-blicke-afrika.de\/blog\/wp-json\/wp\/v2\/pages\/89"}],"wp:featuredmedia":[{"embeddable":true,"href":"http:\/\/www.augen-blicke-afrika.de\/blog\/wp-json\/wp\/v2\/media\/357"}],"wp:attachment":[{"href":"http:\/\/www.augen-blicke-afrika.de\/blog\/wp-json\/wp\/v2\/media?parent=294"}],"curies":[{"name":"wp","href":"https:\/\/api.w.org\/{rel}","templated":true}]}}