{"id":2595,"date":"2015-10-07T13:18:55","date_gmt":"2015-10-07T11:18:55","guid":{"rendered":"http:\/\/www.augen-blicke-afrika.de\/blog\/?page_id=2595"},"modified":"2022-09-18T17:59:13","modified_gmt":"2022-09-18T15:59:13","slug":"party-2015","status":"publish","type":"page","link":"http:\/\/www.augen-blicke-afrika.de\/blog\/archiv\/archiv-2015\/party-2015\/","title":{"rendered":"Party 2015"},"content":{"rendered":"<h1>Abschlussparty<\/h1>\n<div><a href=\"http:\/\/www.augen-blicke-afrika.de\/blog\/wp-content\/uploads\/2015\/10\/DSC_3817.jpg\"><img loading=\"lazy\" decoding=\"async\" class=\" wp-image-2597\" src=\"http:\/\/www.augen-blicke-afrika.de\/blog\/wp-content\/uploads\/2015\/10\/DSC_3817-300x200.jpg\" alt=\"DSC_3817\" width=\"316\" height=\"215\"><\/a>&nbsp;&nbsp;&nbsp;<a href=\"http:\/\/www.augen-blicke-afrika.de\/blog\/wp-content\/uploads\/2015\/10\/DSC_3814.jpg\"><img loading=\"lazy\" decoding=\"async\" class=\"wp-image-2596\" src=\"http:\/\/www.augen-blicke-afrika.de\/blog\/wp-content\/uploads\/2015\/10\/DSC_3814-300x200.jpg\" alt=\"DSC_3814\" width=\"316\" height=\"215\"><\/a><\/div>\n<p>Unsere afrikanische Tanznacht ist inzwischen schon legend\u00e4r. DJ Falo und G\u00e4ste werden wieder eine hei\u00dfe Mischung verschiedener Stile pr\u00e4sentieren &#8211; von westafrikanischen Rhythmen zu Soukous, Afrobeat, Rumba, Salsa, Reggae und HipHop aus vielen L\u00e4ndern des Kontinents. Afrikanische K\u00f6stlichkeiten und Getr\u00e4nke werden nicht fehlen und wir garantieren eine schwei\u00dftreibende Nacht.<br \/>\n\u00dcberraschungsg\u00e4ste sind nicht auszuschlie\u00dfen.<\/p>\n<div><\/div>\n<div><\/div>\n<div>\n<h3><a href=\"http:\/\/www.augen-blicke-afrika.de\/blog\/wp-content\/uploads\/2012\/09\/Anfahrt_Centro_Sociale2.gif\"><img loading=\"lazy\" decoding=\"async\" class=\"size-medium wp-image-2603 alignleft\" style=\"border: none; padding: 0px;\" src=\"http:\/\/www.augen-blicke-afrika.de\/blog\/wp-content\/uploads\/2012\/09\/Anfahrt_Centro_Sociale2-300x188.gif\" alt=\"Anfahrt_Centro_Sociale2\" width=\"300\" height=\"188\" srcset=\"http:\/\/www.augen-blicke-afrika.de\/blog\/wp-content\/uploads\/2012\/09\/Anfahrt_Centro_Sociale2-300x188.gif 300w, http:\/\/www.augen-blicke-afrika.de\/blog\/wp-content\/uploads\/2012\/09\/Anfahrt_Centro_Sociale2-479x300.gif 479w\" sizes=\"auto, (max-width: 300px) 100vw, 300px\" \/><\/a>Sa. 14.11. &#8211; 22:00<br \/>\nim <strong>Centro Sociale<\/strong><br \/>\nSternstr. 2, 20357 Hamburg<br \/>\nU-Bahn Feldstra\u00dfe<\/h3>\n<\/div>\n","protected":false},"excerpt":{"rendered":"<p>Abschlussparty &nbsp;&nbsp;&nbsp; Unsere afrikanische Tanznacht ist inzwischen schon legend\u00e4r. DJ Falo und G\u00e4ste werden wieder eine hei\u00dfe Mischung verschiedener Stile pr\u00e4sentieren &#8211; von westafrikanischen Rhythmen zu Soukous, Afrobeat, Rumba, Salsa, Reggae und HipHop aus vielen L\u00e4ndern des Kontinents. Afrikanische K\u00f6stlichkeiten &hellip; <a href=\"http:\/\/www.augen-blicke-afrika.de\/blog\/archiv\/archiv-2015\/party-2015\/\">Weiterlesen <span class=\"meta-nav\">&rarr;<\/span><\/a><\/p>\n","protected":false},"author":3,"featured_media":2073,"parent":4181,"menu_order":0,"comment_status":"closed","ping_status":"closed","template":"afrika2015.php","meta":{"footnotes":""},"class_list":["post-2595","page","type-page","status-publish","has-post-thumbnail","hentry"],"_links":{"self":[{"href":"http:\/\/www.augen-blicke-afrika.de\/blog\/wp-json\/wp\/v2\/pages\/2595","targetHints":{"allow":["GET"]}}],"collection":[{"href":"http:\/\/www.augen-blicke-afrika.de\/blog\/wp-json\/wp\/v2\/pages"}],"about":[{"href":"http:\/\/www.augen-blicke-afrika.de\/blog\/wp-json\/wp\/v2\/types\/page"}],"author":[{"embeddable":true,"href":"http:\/\/www.augen-blicke-afrika.de\/blog\/wp-json\/wp\/v2\/users\/3"}],"replies":[{"embeddable":true,"href":"http:\/\/www.augen-blicke-afrika.de\/blog\/wp-json\/wp\/v2\/comments?post=2595"}],"version-history":[{"count":19,"href":"http:\/\/www.augen-blicke-afrika.de\/blog\/wp-json\/wp\/v2\/pages\/2595\/revisions"}],"predecessor-version":[{"id":6906,"href":"http:\/\/www.augen-blicke-afrika.de\/blog\/wp-json\/wp\/v2\/pages\/2595\/revisions\/6906"}],"up":[{"embeddable":true,"href":"http:\/\/www.augen-blicke-afrika.de\/blog\/wp-json\/wp\/v2\/pages\/4181"}],"wp:featuredmedia":[{"embeddable":true,"href":"http:\/\/www.augen-blicke-afrika.de\/blog\/wp-json\/wp\/v2\/media\/2073"}],"wp:attachment":[{"href":"http:\/\/www.augen-blicke-afrika.de\/blog\/wp-json\/wp\/v2\/media?parent=2595"}],"curies":[{"name":"wp","href":"https:\/\/api.w.org\/{rel}","templated":true}]}}