{"id":255,"date":"2012-09-13T14:55:28","date_gmt":"2012-09-13T12:55:28","guid":{"rendered":"http:\/\/www.augen-blicke-afrika.de\/blog\/?page_id=255"},"modified":"2022-09-18T15:39:36","modified_gmt":"2022-09-18T13:39:36","slug":"vhs-africa","status":"publish","type":"page","link":"http:\/\/www.augen-blicke-afrika.de\/blog\/archiv\/archiv-2012\/filme\/vhs-africa\/","title":{"rendered":"Tales of Here and Beyond"},"content":{"rendered":"<h2><a href=\"#francais\"><img loading=\"lazy\" decoding=\"async\" class=\"alignright  wp-image-576\" style=\"border: 0px none; margin: 0px;\" title=\"version francaise\" src=\"http:\/\/www.augen-blicke-afrika.de\/blog\/wp-content\/uploads\/2012\/09\/france-schrift.gif\" alt=\"franz\u00f6sische Fahne\" width=\"60\" height=\"34\"><\/a><\/h2>\n<h2>Charlotte Bank (Kuratorin) pr\u00e4sentiert<br \/>\nTales of Here and Beyond<\/h2>\n<p><em>Nordafrikanische Experimentalfilme und Videos 2010-12 (Originalfassung mit Kommentar\/UT)<\/em><\/p>\n<p>Charlotte Bank arbeitet seit langem als unabh\u00e4ngige Kuratorin und Dozentin \u00fcber arabische und islamische Kultur. Sie lebt wechselnd in Berlin und Damaskus.<\/p>\n<p>Das Programm <em>\u201cTales of Here and Beyond\u201d<\/em> zeigt neue Kurzfilme und Videos aus Nordafrika. Die Region erlebt derzeit gro\u00dfe Ver\u00e4nderungen und Umw\u00e4lzungen, was sich auch in der Kunst bemerkbar macht. Das junges Kino und die junge Videokunst zeigen sich experimentierfreudig und st\u00e4ndig auf der Suche nach neuen Formen. Die Arbeiten der K\u00fcnstler erz\u00e4hlen von Erinnerungen, von dem Zwischenraum zwischen dem Jetzt und Vergangenem, von der Sehnsucht nach Erf\u00fcllung, von der Suche nach dem Platz des Individuums in der Welt, von Trauer und Hoffnung.<\/p>\n<div id=\"attachment_282\" style=\"width: 510px\" class=\"wp-caption alignnone\"><a href=\"http:\/\/www.augen-blicke-afrika.de\/blog\/wp-content\/uploads\/2012\/09\/AliHeraize_Adam01.jpg\"><img loading=\"lazy\" decoding=\"async\" aria-describedby=\"caption-attachment-282\" class=\"size-full wp-image-282\" title=\"AliHeraize_Adam\" src=\"http:\/\/www.augen-blicke-afrika.de\/blog\/wp-content\/uploads\/2012\/09\/AliHeraize_Adam01.jpg\" alt=\"\" width=\"500\" height=\"281\" srcset=\"http:\/\/www.augen-blicke-afrika.de\/blog\/wp-content\/uploads\/2012\/09\/AliHeraize_Adam01.jpg 500w, http:\/\/www.augen-blicke-afrika.de\/blog\/wp-content\/uploads\/2012\/09\/AliHeraize_Adam01-300x168.jpg 300w\" sizes=\"auto, (max-width: 500px) 100vw, 500px\" \/><\/a><p id=\"caption-attachment-282\" class=\"wp-caption-text\">Filmfoto<\/p><\/div>\n<p>&nbsp;<\/p>\n<div id=\"attachment_283\" style=\"width: 510px\" class=\"wp-caption alignnone\"><a href=\"http:\/\/www.augen-blicke-afrika.de\/blog\/wp-content\/uploads\/2012\/09\/HichamQaidi_SongOfPain02.jpg\"><img loading=\"lazy\" decoding=\"async\" aria-describedby=\"caption-attachment-283\" class=\"size-full wp-image-283\" title=\"Hicham Qaidi Song Of Pain\" src=\"http:\/\/www.augen-blicke-afrika.de\/blog\/wp-content\/uploads\/2012\/09\/HichamQaidi_SongOfPain02.jpg\" alt=\"Hicham Qaidi Song Of Pain\" width=\"500\" height=\"400\" srcset=\"http:\/\/www.augen-blicke-afrika.de\/blog\/wp-content\/uploads\/2012\/09\/HichamQaidi_SongOfPain02.jpg 500w, http:\/\/www.augen-blicke-afrika.de\/blog\/wp-content\/uploads\/2012\/09\/HichamQaidi_SongOfPain02-300x240.jpg 300w, http:\/\/www.augen-blicke-afrika.de\/blog\/wp-content\/uploads\/2012\/09\/HichamQaidi_SongOfPain02-375x300.jpg 375w\" sizes=\"auto, (max-width: 500px) 100vw, 500px\" \/><\/a><p id=\"caption-attachment-283\" class=\"wp-caption-text\">Filmfoto<\/p><\/div>\n<p>&nbsp;<\/p>\n<div id=\"attachment_285\" style=\"width: 510px\" class=\"wp-caption alignnone\"><a href=\"http:\/\/www.augen-blicke-afrika.de\/blog\/wp-content\/uploads\/2012\/09\/Ikon_OneEyeOpen01.jpg\"><img loading=\"lazy\" decoding=\"async\" aria-describedby=\"caption-attachment-285\" class=\"size-full wp-image-285\" title=\"Ikon One Eye Open\" src=\"http:\/\/www.augen-blicke-afrika.de\/blog\/wp-content\/uploads\/2012\/09\/Ikon_OneEyeOpen01.jpg\" alt=\"Ikon One Eye Open\" width=\"500\" height=\"282\" srcset=\"http:\/\/www.augen-blicke-afrika.de\/blog\/wp-content\/uploads\/2012\/09\/Ikon_OneEyeOpen01.jpg 500w, http:\/\/www.augen-blicke-afrika.de\/blog\/wp-content\/uploads\/2012\/09\/Ikon_OneEyeOpen01-300x169.jpg 300w\" sizes=\"auto, (max-width: 500px) 100vw, 500px\" \/><\/a><p id=\"caption-attachment-285\" class=\"wp-caption-text\">Filmfoto<\/p><\/div>\n<p><a name=\"francais\"><\/a><\/p>\n<h2>Charlotte Bank &#8211; conservateur pr\u00e9sente actuelle<br \/>\nVIDEOS AFRIQUE DU NORD ARTISTES 2011\/12<\/h2>\n<p><em>(OV avec commentaire \/ UT) <\/em><\/p>\n<p>Charlotte Bank a \u00e9tudi\u00e9e l&#8217;arch\u00e9ologie du Moyen-Orient, l&#8217;assyriologie et de l&#8217;histoire. Elle a particip\u00e9e \u00e0 plusieurs exp\u00e9ditions arch\u00e9ologiques au Moyen-Orient et a travaill\u00e9e comme commissaire ind\u00e9pendante et charg\u00e9e de cours sur la culture arabe et islamique.<br \/>\nElle publie r\u00e9guli\u00e8rement des articles et pr\u00e9sente des \u0153uvres artistiques de la culture arabe et islamique, y compris les films, vid\u00e9os, et l&#8217;art contemporain.<\/p>\n<p>Charlotte Bank vie et travaille \u00e0 Berlin et \u00e0 Damas.<br \/>\nAu festival, elle sera pr\u00e9sente pour commenter les derniers vid\u00e9os de jeunes artistes en provenance du Maroc, l&#8217;Egypte, la Tunisie et l&#8217;Alg\u00e9rie.<\/p>\n<p><a title=\"Programm\u00fcbersicht\" href=\"http:\/\/www.augen-blicke-afrika.de\/blog\/programm\/\">Zur Programm\u00fcbersicht<\/a><br \/>\n<a title=\"Programm\u00fcbersicht\" href=\"http:\/\/www.augen-blicke-afrika.de\/blog\/filme\/\">Zum Filmverzeichnis<\/a><\/p>\n","protected":false},"excerpt":{"rendered":"<p>Charlotte Bank (Kuratorin) pr\u00e4sentiert Tales of Here and Beyond Nordafrikanische Experimentalfilme und Videos 2010-12 (Originalfassung mit Kommentar\/UT) Charlotte Bank arbeitet seit langem als unabh\u00e4ngige Kuratorin und Dozentin \u00fcber arabische und islamische Kultur. Sie lebt wechselnd in Berlin und Damaskus. Das &hellip; <a href=\"http:\/\/www.augen-blicke-afrika.de\/blog\/archiv\/archiv-2012\/filme\/vhs-africa\/\">Weiterlesen <span class=\"meta-nav\">&rarr;<\/span><\/a><\/p>\n","protected":false},"author":1,"featured_media":357,"parent":89,"menu_order":0,"comment_status":"closed","ping_status":"closed","template":"afrika2012.php","meta":{"footnotes":""},"class_list":["post-255","page","type-page","status-publish","has-post-thumbnail","hentry"],"_links":{"self":[{"href":"http:\/\/www.augen-blicke-afrika.de\/blog\/wp-json\/wp\/v2\/pages\/255","targetHints":{"allow":["GET"]}}],"collection":[{"href":"http:\/\/www.augen-blicke-afrika.de\/blog\/wp-json\/wp\/v2\/pages"}],"about":[{"href":"http:\/\/www.augen-blicke-afrika.de\/blog\/wp-json\/wp\/v2\/types\/page"}],"author":[{"embeddable":true,"href":"http:\/\/www.augen-blicke-afrika.de\/blog\/wp-json\/wp\/v2\/users\/1"}],"replies":[{"embeddable":true,"href":"http:\/\/www.augen-blicke-afrika.de\/blog\/wp-json\/wp\/v2\/comments?post=255"}],"version-history":[{"count":17,"href":"http:\/\/www.augen-blicke-afrika.de\/blog\/wp-json\/wp\/v2\/pages\/255\/revisions"}],"predecessor-version":[{"id":6792,"href":"http:\/\/www.augen-blicke-afrika.de\/blog\/wp-json\/wp\/v2\/pages\/255\/revisions\/6792"}],"up":[{"embeddable":true,"href":"http:\/\/www.augen-blicke-afrika.de\/blog\/wp-json\/wp\/v2\/pages\/89"}],"wp:featuredmedia":[{"embeddable":true,"href":"http:\/\/www.augen-blicke-afrika.de\/blog\/wp-json\/wp\/v2\/media\/357"}],"wp:attachment":[{"href":"http:\/\/www.augen-blicke-afrika.de\/blog\/wp-json\/wp\/v2\/media?parent=255"}],"curies":[{"name":"wp","href":"https:\/\/api.w.org\/{rel}","templated":true}]}}