{"id":2531,"date":"2015-10-01T13:09:18","date_gmt":"2015-10-01T11:09:18","guid":{"rendered":"http:\/\/www.augen-blicke-afrika.de\/blog\/?page_id=2531"},"modified":"2022-09-18T18:00:43","modified_gmt":"2022-09-18T16:00:43","slug":"vorfuehrungen-fuer-schulklasse","status":"publish","type":"page","link":"http:\/\/www.augen-blicke-afrika.de\/blog\/archiv\/archiv-2015\/vorfuehrungen-fuer-schulklasse\/","title":{"rendered":"Vorf\u00fchrungen f\u00fcr Schulklasse"},"content":{"rendered":"<h1>Vorf\u00fchrungen f\u00fcr Schulklassen im Rahmen des<br \/>\nafrikanischen Filmfestival<\/h1>\n<h2>06. November 2015 und 13. November 2015 im Studio-Kino Hamburg<\/h2>\n<p>In Kooperation mit der Open School 21.<\/p>\n<p><strong>Der Verein AUGEN BLICKE AFRIKA e. V. bietet im Rahmen des vierten afrikanischen Filmfestivals im November 2015 zwei Vorstellungen f\u00fcr Sch\u00fcler\/innen im Studio-Kino Hamburg an.<br \/>\n<\/strong><\/p>\n<p><a href=\"http:\/\/www.augen-blicke-afrika.de\/blog\/wp-content\/uploads\/2015\/10\/th-Ouaga.jpg\"><img loading=\"lazy\" decoding=\"async\" class=\"size-full wp-image-2486 alignleft\" src=\"http:\/\/www.augen-blicke-afrika.de\/blog\/wp-content\/uploads\/2015\/10\/th-Ouaga.jpg\" alt=\"th-Ouaga\" width=\"281\" height=\"197\"><\/a>In der ersten Vorstellung, am <strong>Freitag, den 06.11<\/strong>., zeigen wir den Film <strong><a href=\"http:\/\/www.augen-blicke-afrika.de\/blog\/ouaga-saga\/\">\u201eOUGA-SAGA\u201c<\/a><\/strong>. Der phantasievolle Spielfilm erz\u00e4hlt vom Alltag und den Tr\u00e4umen Jugendlicher in Ouagadougou. Im Anschluss gibt es ein Filmgespr\u00e4ch mit dem Regisseur Dani Kouyat\u00e9 aus Burkina Faso. Der Film ist f\u00fcr Sch\u00fcler\/innen ab 12 Jahren (6. Klasse) geeignet.<br \/>\nZeitrahmen: 10:00 &#8211; 13:00 Uhr.<\/p>\n<p><a href=\"http:\/\/www.augen-blicke-afrika.de\/blog\/wp-content\/uploads\/2015\/10\/th-1making.jpg\"><img loading=\"lazy\" decoding=\"async\" class=\"size-full wp-image-2485 alignright\" src=\"http:\/\/www.augen-blicke-afrika.de\/blog\/wp-content\/uploads\/2015\/10\/th-1making.jpg\" alt=\"th-1making\" width=\"328\" height=\"184\" srcset=\"http:\/\/www.augen-blicke-afrika.de\/blog\/wp-content\/uploads\/2015\/10\/th-1making.jpg 328w, http:\/\/www.augen-blicke-afrika.de\/blog\/wp-content\/uploads\/2015\/10\/th-1making-300x168.jpg 300w\" sizes=\"auto, (max-width: 328px) 100vw, 328px\" \/><\/a>In der zweiten Vorstellung, am <strong>Freitag, den 13.11<\/strong>., zeigen wir den Film <a href=\"http:\/\/www.augen-blicke-afrika.de\/blog\/making-of-kamikaze\/\"><strong>\u201eMaking of \u2013 Kamikaze\u201c.<\/strong><\/a> Der Film thematisiert, wie Jugendliche ohne Perspektive von gewaltbereiten islamistischen Organisationen vereinnahmt werden k\u00f6nnen.<\/p>\n<p>Im Anschluss gibt es ein Filmgespr\u00e4ch mit dem Anwalt Mahmut Erdem, der Familien vertritt, deren Kinder sich dem IS angeschlossen haben.<br \/>\nDer Film ist ab der 10. Klasse geeignet. Zeitrahmen: 10:00 &#8211; 13:30 Uhr.<\/p>\n<p>Ort:<br \/>\nStudio-Kino Hamburg, Bernstorffstr. 93 &#8211; 95, 22767 Hamburg<\/p>\n<p>Eintritt f\u00fcr Sch\u00fcler\/innen:<br \/>\n3.50 \u20ac, Begleitungen haben freien Eintritt.<\/p>\n<p>Anmeldung Schulklassen:<br \/>\n<a href=\"http:\/\/www.augen-blicke-afrika.de\/blog\/wp-content\/uploads\/2012\/09\/Screenshot-2015-09-28-22.03.45.png\"><img loading=\"lazy\" decoding=\"async\" class=\"alignnone wp-image-2643\" style=\"border: none; padding: 0px;\" src=\"http:\/\/www.augen-blicke-afrika.de\/blog\/wp-content\/uploads\/2012\/09\/Screenshot-2015-09-28-22.03.45-300x114.png\" alt=\"Screenshot 2015-09-28 22.03.45\" width=\"184\" height=\"70\" srcset=\"http:\/\/www.augen-blicke-afrika.de\/blog\/wp-content\/uploads\/2012\/09\/Screenshot-2015-09-28-22.03.45-300x114.png 300w, http:\/\/www.augen-blicke-afrika.de\/blog\/wp-content\/uploads\/2012\/09\/Screenshot-2015-09-28-22.03.45.png 456w\" sizes=\"auto, (max-width: 184px) 100vw, 184px\" \/><br \/>\n<\/a><br \/>\n<a href=\"mailto:info@openschool21.de\">info@openschool21.de<\/a>, Tel.: 040\/39 80 76 90<\/p>\n<p>&nbsp;<\/p>\n","protected":false},"excerpt":{"rendered":"<p>Vorf\u00fchrungen f\u00fcr Schulklassen im Rahmen des afrikanischen Filmfestival 06. November 2015 und 13. November 2015 im Studio-Kino Hamburg In Kooperation mit der Open School 21. Der Verein AUGEN BLICKE AFRIKA e. V. bietet im Rahmen des vierten afrikanischen Filmfestivals im &hellip; <a href=\"http:\/\/www.augen-blicke-afrika.de\/blog\/archiv\/archiv-2015\/vorfuehrungen-fuer-schulklasse\/\">Weiterlesen <span class=\"meta-nav\">&rarr;<\/span><\/a><\/p>\n","protected":false},"author":3,"featured_media":2073,"parent":4181,"menu_order":0,"comment_status":"closed","ping_status":"closed","template":"afrika2015.php","meta":{"footnotes":""},"class_list":["post-2531","page","type-page","status-publish","has-post-thumbnail","hentry"],"_links":{"self":[{"href":"http:\/\/www.augen-blicke-afrika.de\/blog\/wp-json\/wp\/v2\/pages\/2531","targetHints":{"allow":["GET"]}}],"collection":[{"href":"http:\/\/www.augen-blicke-afrika.de\/blog\/wp-json\/wp\/v2\/pages"}],"about":[{"href":"http:\/\/www.augen-blicke-afrika.de\/blog\/wp-json\/wp\/v2\/types\/page"}],"author":[{"embeddable":true,"href":"http:\/\/www.augen-blicke-afrika.de\/blog\/wp-json\/wp\/v2\/users\/3"}],"replies":[{"embeddable":true,"href":"http:\/\/www.augen-blicke-afrika.de\/blog\/wp-json\/wp\/v2\/comments?post=2531"}],"version-history":[{"count":11,"href":"http:\/\/www.augen-blicke-afrika.de\/blog\/wp-json\/wp\/v2\/pages\/2531\/revisions"}],"predecessor-version":[{"id":6909,"href":"http:\/\/www.augen-blicke-afrika.de\/blog\/wp-json\/wp\/v2\/pages\/2531\/revisions\/6909"}],"up":[{"embeddable":true,"href":"http:\/\/www.augen-blicke-afrika.de\/blog\/wp-json\/wp\/v2\/pages\/4181"}],"wp:featuredmedia":[{"embeddable":true,"href":"http:\/\/www.augen-blicke-afrika.de\/blog\/wp-json\/wp\/v2\/media\/2073"}],"wp:attachment":[{"href":"http:\/\/www.augen-blicke-afrika.de\/blog\/wp-json\/wp\/v2\/media?parent=2531"}],"curies":[{"name":"wp","href":"https:\/\/api.w.org\/{rel}","templated":true}]}}