{"id":2522,"date":"2015-10-01T12:30:58","date_gmt":"2015-10-01T10:30:58","guid":{"rendered":"http:\/\/www.augen-blicke-afrika.de\/blog\/?page_id=2522"},"modified":"2022-09-18T18:01:05","modified_gmt":"2022-09-18T16:01:05","slug":"videofilme-in-tansania","status":"publish","type":"page","link":"http:\/\/www.augen-blicke-afrika.de\/blog\/archiv\/archiv-2015\/filme-2015\/videofilme-in-tansania\/","title":{"rendered":"Videofilme in Tansania"},"content":{"rendered":"<p><a href=\"http:\/\/www.augen-blicke-afrika.de\/blog\/wp-content\/uploads\/2012\/09\/asien-afrika-institut.png\">&nbsp;<\/a><\/p>\n<h1><img loading=\"lazy\" decoding=\"async\" class=\"wp-image-2648 alignleft\" style=\"border: none; padding: 0px;\" src=\"http:\/\/www.augen-blicke-afrika.de\/blog\/wp-content\/uploads\/2012\/09\/asien-afrika-institut-300x78.png\" alt=\"asien-afrika-institut\" width=\"211\" height=\"55\" srcset=\"http:\/\/www.augen-blicke-afrika.de\/blog\/wp-content\/uploads\/2012\/09\/asien-afrika-institut-300x78.png 300w, http:\/\/www.augen-blicke-afrika.de\/blog\/wp-content\/uploads\/2012\/09\/asien-afrika-institut.png 304w\" sizes=\"auto, (max-width: 211px) 100vw, 211px\" \/>Uni Hamburg (AAI):<br \/>\nVideofilme in Tansania<\/h1>\n<p>&nbsp;<\/p>\n<p><strong>Der Verein \u201eAugen Blicke Afrika e.V.\u201c freut sich \u00fcber die Zusammenarbeit mit der Abteilung f\u00fcr Afrikanistik und \u00c4thiopistik des Asien-Afrika-Instituts (AAI) der Universit\u00e4t Hamburg.<\/strong><\/p>\n<p>Eine Veranstaltungsreihe am AAI gibt Interessenten und Freunden des afrikanischen Films die Gelegenheit, Einblicke in die Videofilmproduktion in Tansania zu erhalten. In diesem ostafrikanischen Land ist seit ca. 2000 eine boomende Videofilmindustrie entstanden, die auf den lokalen und regionalen Markt abzielt und bei einem breiten &#8211; vor allem weiblichen &#8211; Publikum \u00fcber soziale Grenzen hinweg \u00e4u\u00dferst popul\u00e4r ist. Sie steht an zweiter Stelle in Afrika hinter der nigerianischen Videofilmindustrie \u201eNollywood\u201c. Seit einigen Jahren werden die meisten Filme mit englischen Untertiteln versehen und an Pay-TV-Sender f\u00fcr die afrikaweite Ausstrahlung verkauft.<\/p>\n<p><strong>Programm der Veranstaltungen<\/strong> im Asien-Afrika-Institut, Universit\u00e4t Hamburg<\/p>\n<p><strong>07.11.:<\/strong> im Rahmen der \u201eLangen Nacht des Wissens\u201c:&nbsp; <strong>\u201e<a href=\"http:\/\/nachtdeswissens.hamburg.de\/index.php?article_id=161&amp;id=103\">Sanda Nyeusi &#8211; Das schwarze Leichentuch<\/a>\u201c<\/strong> Tansania, R.: Sultan Tamba, 150 Minuten, OF Swahili, dt. UT.<br \/>\nLeitung: Dr. Uta Reuster-Jahn (AAI). Hauptgeb\u00e4ude der Universit\u00e4t,<br \/>\nEdmund-Siemers-Allee 1, H\u00f6rsaal M, Beginn 18 Uhr.<br \/>\nInfos: <a href=\"https:\/\/www.uni-hamburg.de\/nacht-des-wissens.html\">www.uni-hamburg.de\/nacht-des-wissens.html<\/a><\/p>\n<p><strong>09.11.:<\/strong> <strong>\u201eVideofilmproduktion in Tansania\u201c<\/strong>. \u00dcberblicksvortrag mit anschlie\u00dfender Diskussion. Dr. Claudia B\u00f6hme, Universit\u00e4t Trier. Moderation Dr. Uta Reuster-Jahn (AAI).<br \/>\nOrt: Raum 121 (AAI, Edmund Siemers-Alle 1-Ost), Zeit: 18-20 Uhr<\/p>\n<p><strong>10.11.:<\/strong> Vorstellung des Projekts <strong>\u201eDeutsche Untertitel des Swahili Videofilms <\/strong><br \/>\n<strong>\u201aSanda Nyeusi\u2018 &#8211; ein Werkstattbericht\u201c<\/strong>. Dr. Uta Reuster-Jahn und Sabine K\u00f6rner (AAI).<br \/>\nOrt: Raum 122 (AAI), Zeit: 18-20 Uhr<\/p>\n<p><strong>11.11.:<\/strong> Vortrag <strong>\u201eInterferenzen des Swahili in englischen Untertiteln des Videofilms \u201aMasafa Marefu\u2018 (A long distance) von Sultan Tamba\u201c<\/strong>; Moritz Kesslau, B.A. (AAI).<br \/>\nOrt: Raum 122 (AAI), Zeit: 18-20 Uhr<br \/>\nInfos zur Vortragsreihe: <a href=\"http:\/\/www.aai.uni-hamburg.de\/\">www.aai.uni-hamburg.de<\/a> unter \u201eAktuelles\u201c<\/p>\n<p>&nbsp;<\/p>\n","protected":false},"excerpt":{"rendered":"<p>&nbsp; Uni Hamburg (AAI): Videofilme in Tansania &nbsp; Der Verein \u201eAugen Blicke Afrika e.V.\u201c freut sich \u00fcber die Zusammenarbeit mit der Abteilung f\u00fcr Afrikanistik und \u00c4thiopistik des Asien-Afrika-Instituts (AAI) der Universit\u00e4t Hamburg. Eine Veranstaltungsreihe am AAI gibt Interessenten und Freunden &hellip; <a href=\"http:\/\/www.augen-blicke-afrika.de\/blog\/archiv\/archiv-2015\/filme-2015\/videofilme-in-tansania\/\">Weiterlesen <span class=\"meta-nav\">&rarr;<\/span><\/a><\/p>\n","protected":false},"author":3,"featured_media":2073,"parent":2076,"menu_order":0,"comment_status":"closed","ping_status":"closed","template":"afrika2015.php","meta":{"footnotes":""},"class_list":["post-2522","page","type-page","status-publish","has-post-thumbnail","hentry"],"_links":{"self":[{"href":"http:\/\/www.augen-blicke-afrika.de\/blog\/wp-json\/wp\/v2\/pages\/2522","targetHints":{"allow":["GET"]}}],"collection":[{"href":"http:\/\/www.augen-blicke-afrika.de\/blog\/wp-json\/wp\/v2\/pages"}],"about":[{"href":"http:\/\/www.augen-blicke-afrika.de\/blog\/wp-json\/wp\/v2\/types\/page"}],"author":[{"embeddable":true,"href":"http:\/\/www.augen-blicke-afrika.de\/blog\/wp-json\/wp\/v2\/users\/3"}],"replies":[{"embeddable":true,"href":"http:\/\/www.augen-blicke-afrika.de\/blog\/wp-json\/wp\/v2\/comments?post=2522"}],"version-history":[{"count":13,"href":"http:\/\/www.augen-blicke-afrika.de\/blog\/wp-json\/wp\/v2\/pages\/2522\/revisions"}],"predecessor-version":[{"id":6910,"href":"http:\/\/www.augen-blicke-afrika.de\/blog\/wp-json\/wp\/v2\/pages\/2522\/revisions\/6910"}],"up":[{"embeddable":true,"href":"http:\/\/www.augen-blicke-afrika.de\/blog\/wp-json\/wp\/v2\/pages\/2076"}],"wp:featuredmedia":[{"embeddable":true,"href":"http:\/\/www.augen-blicke-afrika.de\/blog\/wp-json\/wp\/v2\/media\/2073"}],"wp:attachment":[{"href":"http:\/\/www.augen-blicke-afrika.de\/blog\/wp-json\/wp\/v2\/media?parent=2522"}],"curies":[{"name":"wp","href":"https:\/\/api.w.org\/{rel}","templated":true}]}}