{"id":2513,"date":"2015-10-01T11:49:04","date_gmt":"2015-10-01T09:49:04","guid":{"rendered":"http:\/\/www.augen-blicke-afrika.de\/blog\/?page_id=2513"},"modified":"2022-09-18T17:59:38","modified_gmt":"2022-09-18T15:59:38","slug":"queer-africa","status":"publish","type":"page","link":"http:\/\/www.augen-blicke-afrika.de\/blog\/archiv\/archiv-2015\/queer-africa\/","title":{"rendered":"Queer Africa"},"content":{"rendered":"<h1>Queer Africa<\/h1>\n<h3>In Kooperation mit <em>umdenken<\/em> \u2013 Heinrich-B\u00f6ll-Stiftung Hamburg e.V.<br \/>\n(Gef\u00f6rdert mit Mitteln der Landeszentrale f\u00fcr politische Bildung Hamburg), mit Queeramnesty und dem Lesben- und Schwulenverband in Deutschland.<\/h3>\n<p><a href=\"http:\/\/www.augen-blicke-afrika.de\/blog\/wp-content\/uploads\/2014\/10\/bestes-umdenken-Logo1225611.png\"><img loading=\"lazy\" decoding=\"async\" class=\"wp-image-1823 alignnone\" style=\"border: none; padding: 0px;\" src=\"http:\/\/www.augen-blicke-afrika.de\/blog\/wp-content\/uploads\/2014\/10\/bestes-umdenken-Logo1225611.png\" alt=\"bestes umdenken Logo1225611\" width=\"83\" height=\"37\"><\/a><a href=\"http:\/\/www.augen-blicke-afrika.de\/blog\/wp-content\/uploads\/2012\/09\/QA_Logo_Print_rgb.jpg\">&nbsp;&nbsp; <img loading=\"lazy\" decoding=\"async\" class=\"alignnone wp-image-2642\" style=\"border: none; padding: 0px;\" src=\"http:\/\/www.augen-blicke-afrika.de\/blog\/wp-content\/uploads\/2012\/09\/QA_Logo_Print_rgb-300x60.jpg\" alt=\"QA_Logo_Print_rgb\" width=\"185\" height=\"37\" srcset=\"http:\/\/www.augen-blicke-afrika.de\/blog\/wp-content\/uploads\/2012\/09\/QA_Logo_Print_rgb-300x60.jpg 300w, http:\/\/www.augen-blicke-afrika.de\/blog\/wp-content\/uploads\/2012\/09\/QA_Logo_Print_rgb-500x100.jpg 500w, http:\/\/www.augen-blicke-afrika.de\/blog\/wp-content\/uploads\/2012\/09\/QA_Logo_Print_rgb.jpg 515w\" sizes=\"auto, (max-width: 185px) 100vw, 185px\" \/><\/a><a href=\"http:\/\/www.augen-blicke-afrika.de\/blog\/wp-content\/uploads\/2012\/09\/LSVD_4-c_Mac_m_Namen.png\">&nbsp;&nbsp; <img loading=\"lazy\" decoding=\"async\" class=\"wp-image-2652 alignnone\" style=\"border: none; padding: 0px;\" src=\"http:\/\/www.augen-blicke-afrika.de\/blog\/wp-content\/uploads\/2012\/09\/LSVD_4-c_Mac_m_Namen-300x144.png\" alt=\"LSVD_4-c_Mac_m_Namen\" width=\"76\" height=\"37\" srcset=\"http:\/\/www.augen-blicke-afrika.de\/blog\/wp-content\/uploads\/2012\/09\/LSVD_4-c_Mac_m_Namen-300x144.png 300w, http:\/\/www.augen-blicke-afrika.de\/blog\/wp-content\/uploads\/2012\/09\/LSVD_4-c_Mac_m_Namen.png 421w\" sizes=\"auto, (max-width: 76px) 100vw, 76px\" \/><\/a><\/p>\n<p><strong>Liebe ist ein Menschenrecht<\/strong><br \/>\nZur Situation von Lesben, Schwulen und Transgender in Afrika<\/p>\n<p>Im letzten Jahr gerieten Uganda und Nigeria wegen massiver Strafrechtsversch\u00e4rfungen gegen Homosexuelle in die Schlagzeilen. In Mauretanien oder dem Sudan droht ihnen sogar die Todesstrafe. Aber auch in vielen anderen L\u00e4ndern Afrikas haben Schwule und Lesben einen schweren Stand.<br \/>\nImmer wieder werden Einrichtungen, die sich f\u00fcr sexuelle Minderheiten engagieren, \u00adbehindert oder gar geschlossen. Die Ver\u00f6ffentlichung von Fotos und Namen von Lesben und Schwulen durch die Regenbogenpresse f\u00fchrt zu Suiziden, Vergewaltigungen, Entf\u00fchrungen und Erpressungen.<br \/>\nAktivistInnen in zahlreichen afrikanischen L\u00e4ndern fordern einen Stopp dieser Politik und versuchen, die \u00d6ffentlichkeit aufzukl\u00e4ren. Auch international wird die Situation von Lesben, Schwulen, Bisexuellen, Transgender und intersexuellen Menschen (LGBTI) verst\u00e4rkt wahrgenommen. NGOs organisieren Rundreisen mit AktivistInnen und Amnesty International startete in Deutschland die bundesweite Plakat-Kampagne \u201eF\u00fcnf Jahre Haft f\u00fcr einen Kuss\u201c und verlieh den Menschenrechtspreis 2014 \u00addemonstrativ an die Anw\u00e4ltin Alice Nkom, die sich in Kamerun f\u00fcr die Rechte von LGBTI einsetzt.<br \/>\nIn verschiedenen L\u00e4ndern Afrikas sind in den letzten Jahren Filme \u00fcber die Diskriminierung von Homosexuellen produziert worden. Auf unserem Festival zeigen wir am 13.11. ab 18 Uhr zwei \u00adDokumentarfilme aus S\u00fcdafrika und einen, der die Situation in Kamerun beleuchtet.<\/p>\n<h2><\/h2>\n<h5><a href=\"http:\/\/www.augen-blicke-afrika.de\/blog\/difficult-love\/\">DIFFICULT LOVE<\/a><\/h5>\n<p><span class=\"UNTERZEILE\">Dokumentarfilm, S\u00fcdafrika 2011, R.: Zanele Muholi, Peter Goldsmid, 48 Min., OF, dt. UT<\/span><\/p>\n<h5><a href=\"http:\/\/www.augen-blicke-afrika.de\/blog\/fithrah\/\">FITRAH<\/a><\/h5>\n<p><span class=\"UNTERZEILE\">Dokumentarfilm, S\u00fcdafrika 2013, R.: Muhsin Hendricks, Latheem Nair,&nbsp; 48 Min, OF, dt. UT<\/span><\/p>\n<h6>In Anwesenheit des Regisseurs Muhsin Hendricks<\/h6>\n<h5><a href=\"http:\/\/www.augen-blicke-afrika.de\/blog\/born-this-way\/\">BORN THIS WAY<\/a><\/h5>\n<h6>Dokumentarfilm, USA \/ Kamerun 2013, R.: Shaun Kadlec, Deb Tullmann, 82 Min., OF engl.\/ frz., dt. UT<\/h6>\n<p>Begleitend laden wir zu einer Podiumsdiskussion \u00fcber \u201eAfrikanische Initiativen gegen Homophobie\u201c ein.<\/p>\n<p>Es diskutieren:<br \/>\n&#8211; Muhsin Hendricks (schwuler Imam aus Kapstadt)<br \/>\n&#8211; Alice Nkom (Anw\u00e4ltin aus Kamerun) angefragt<br \/>\n&#8211; Uta Schwenke (LSVD-Bundesvorstand\/Hirschfeld-Eddy-Stiftung)<br \/>\n&#8211; Diskussionsleitung Anika Becher (Afrikareferentin AMNESTY INTERNATIONAL)<\/p>\n<p>&nbsp;<\/p>\n","protected":false},"excerpt":{"rendered":"<p>Queer Africa In Kooperation mit umdenken \u2013 Heinrich-B\u00f6ll-Stiftung Hamburg e.V. (Gef\u00f6rdert mit Mitteln der Landeszentrale f\u00fcr politische Bildung Hamburg), mit Queeramnesty und dem Lesben- und Schwulenverband in Deutschland. &nbsp;&nbsp; &nbsp;&nbsp; Liebe ist ein Menschenrecht Zur Situation von Lesben, Schwulen und &hellip; <a href=\"http:\/\/www.augen-blicke-afrika.de\/blog\/archiv\/archiv-2015\/queer-africa\/\">Weiterlesen <span class=\"meta-nav\">&rarr;<\/span><\/a><\/p>\n","protected":false},"author":3,"featured_media":2073,"parent":4181,"menu_order":0,"comment_status":"closed","ping_status":"closed","template":"afrika2015.php","meta":{"footnotes":""},"class_list":["post-2513","page","type-page","status-publish","has-post-thumbnail","hentry"],"_links":{"self":[{"href":"http:\/\/www.augen-blicke-afrika.de\/blog\/wp-json\/wp\/v2\/pages\/2513","targetHints":{"allow":["GET"]}}],"collection":[{"href":"http:\/\/www.augen-blicke-afrika.de\/blog\/wp-json\/wp\/v2\/pages"}],"about":[{"href":"http:\/\/www.augen-blicke-afrika.de\/blog\/wp-json\/wp\/v2\/types\/page"}],"author":[{"embeddable":true,"href":"http:\/\/www.augen-blicke-afrika.de\/blog\/wp-json\/wp\/v2\/users\/3"}],"replies":[{"embeddable":true,"href":"http:\/\/www.augen-blicke-afrika.de\/blog\/wp-json\/wp\/v2\/comments?post=2513"}],"version-history":[{"count":12,"href":"http:\/\/www.augen-blicke-afrika.de\/blog\/wp-json\/wp\/v2\/pages\/2513\/revisions"}],"predecessor-version":[{"id":6907,"href":"http:\/\/www.augen-blicke-afrika.de\/blog\/wp-json\/wp\/v2\/pages\/2513\/revisions\/6907"}],"up":[{"embeddable":true,"href":"http:\/\/www.augen-blicke-afrika.de\/blog\/wp-json\/wp\/v2\/pages\/4181"}],"wp:featuredmedia":[{"embeddable":true,"href":"http:\/\/www.augen-blicke-afrika.de\/blog\/wp-json\/wp\/v2\/media\/2073"}],"wp:attachment":[{"href":"http:\/\/www.augen-blicke-afrika.de\/blog\/wp-json\/wp\/v2\/media?parent=2513"}],"curies":[{"name":"wp","href":"https:\/\/api.w.org\/{rel}","templated":true}]}}