{"id":2421,"date":"2015-09-24T18:06:00","date_gmt":"2015-09-24T16:06:00","guid":{"rendered":"http:\/\/www.augen-blicke-afrika.de\/blog\/?page_id=2421"},"modified":"2023-09-03T16:44:00","modified_gmt":"2023-09-03T14:44:00","slug":"programm-2","status":"publish","type":"page","link":"http:\/\/www.augen-blicke-afrika.de\/blog\/archiv\/archiv-2015\/programm-2\/","title":{"rendered":"Programm 2015"},"content":{"rendered":"<table style=\"border-bottom: none;\" cellspacing=\"0\" cellpadding=\"0\" border=\"0\">\n<tbody>\n<tr>\n<th colspan=\"2\">\n<h1>Programm<\/h1>\n<p><span style=\"color: #000000;\">Afrikanisches Film Festival &#8220;AUGEN BLICKE AFRIKA&#8221;, NOV 2015<\/span><\/th>\n<\/tr>\n<tr>\n<td style=\"border-bottom: none;\" colspan=\"2\">\n<h3>Alle Filme im <strong><span style=\"color: #000000;\"><a style=\"color: #000000;\" href=\"http:\/\/www.studio-kino.de\/\" target=\"_blank\" rel=\"noopener\">Studio-Kino<\/a><\/span><\/strong> Hamburg, Bernstorffstr. 93-95, 22767 Hamburg<\/h3>\n<h3>Eintrittspreis bei jeder Filmveranstaltung 8 EUR\/ erm\u00e4\u00dfigt 6,50 EUR.<br \/>\nDas Programmheft als PDF gibt es hier: <strong><span style=\"color: #000000;\"><a style=\"color: #000000;\" title=\"Das Programmheft von Augen Blicke Afrika 2015 als pdf\" href=\"http:\/\/www.augen-blicke-afrika.de\/blog\/wp-content\/uploads\/2012\/09\/programm_afrika-filmfestival-2015.pdf\" target=\"_blank\" rel=\"noopener\">Programmheft 2015<\/a><\/span><\/strong><\/h3>\n<\/td>\n<\/tr>\n<\/tbody>\n<\/table>\n<table style=\"border-bottom: none;\">\n<tbody>\n<tr style=\"height: 25px;\">\n<td style=\"height: 10px; width: 30px; vertical-align: top;\" scope=\"rowgroup\">\n<h1>Do.<\/h1>\n<\/td>\n<td style=\"height: 10px; vertical-align: top;\" scope=\"rowgroup\">\n<h1>05.11.<\/h1>\n<\/td>\n<\/tr>\n<tr>\n<td style=\"text-align: left; vertical-align: top;\" scope=\"rowgroup\">\n<h2>18:00<\/h2>\n<\/td>\n<td style=\"text-align: left; vertical-align: top;\" scope=\"rowgroup\">\n<h4><strong>Er\u00f6ffnung mit Empfang mit Schirmherr Dani Kouyat\u00e9<br \/>\n<\/strong><\/h4>\n<\/td>\n<\/tr>\n<tr>\n<td style=\"text-align: left; vertical-align: top;\" scope=\"rowgroup\">\n<h2>20:00<\/h2>\n<\/td>\n<td style=\"text-align: left; vertical-align: top;\">\n<h2><span style=\"color: #000000;\"><a style=\"color: #000000;\" title=\"Soleils\" href=\"http:\/\/www.augen-blicke-afrika.de\/blog\/soleils\/\"><strong>Soleils<\/strong><\/a><\/span><\/h2>\n<h3>Frankreich \/ Burkina Faso 2013, 95 Min., OF, dt. UT<\/h3>\n<\/td>\n<\/tr>\n<tr>\n<td style=\"text-align: left; vertical-align: top;\" scope=\"rowgroup\">\n<h2>22:00<\/h2>\n<\/td>\n<td style=\"text-align: left; vertical-align: top;\" scope=\"rowgroup\">\n<h2><span style=\"color: #000000;\"><a style=\"color: #000000;\" title=\"Run\" href=\"http:\/\/www.augen-blicke-afrika.de\/blog\/run\/\"><strong>Run<\/strong><\/a><\/span><\/h2>\n<h3>Elfenbeink\u00fcste \/ Frankreich 2014, 100 Min., OF, engl. UT<\/h3>\n<\/td>\n<\/tr>\n<\/tbody>\n<\/table>\n<table style=\"border-bottom: none;\">\n<tbody>\n<tr style=\"height: 25px;\">\n<td style=\"height: 10px; width: 30px; vertical-align: top;\" scope=\"rowgroup\">\n<h1>Fr.<\/h1>\n<\/td>\n<td style=\"height: 10px; vertical-align: top;\" scope=\"rowgroup\">\n<h1>06.11.<\/h1>\n<\/td>\n<\/tr>\n<tr>\n<td style=\"text-align: left; vertical-align: top;\" scope=\"rowgroup\">\n<h2>10:00<\/h2>\n<\/td>\n<td style=\"text-align: left; vertical-align: top;\" scope=\"rowgroup\">\n<h3><strong><a href=\"http:\/\/www.augen-blicke-afrika.de\/blog\/vorfuehrungen-fuer-schulklasse\/\">Sch\u00fclervorstellung<\/a><\/strong><\/h3>\n<h2><span style=\"color: #000000;\"><a style=\"color: #000000;\" title=\"Ouaga Saga\" href=\"http:\/\/www.augen-blicke-afrika.de\/blog\/ouaga-saga\/\"><strong>Ouaga Saga<\/strong><\/a><\/span><\/h2>\n<h3>Burkina Faso 2005, 96 Min., OF, dt. UT<\/h3>\n<h3><strong>Mit Schirmherr und Regisseur Dani Kouyat\u00e9<\/strong><\/h3>\n<\/td>\n<\/tr>\n<tr>\n<td style=\"text-align: left; vertical-align: top;\" scope=\"rowgroup\">\n<h2>16:00<\/h2>\n<\/td>\n<td style=\"text-align: left; vertical-align: top;\" scope=\"rowgroup\">\n<h3><strong>Kurzfilme<\/strong><\/h3>\n<h2><span style=\"color: #000000;\"><a style=\"color: #000000;\" title=\"African Metropolis\" href=\"http:\/\/www.augen-blicke-afrika.de\/blog\/african-metropolis\/\"><strong>African Metropolis<\/strong><\/a><\/span><\/h2>\n<h3>92 Min., OF, dt. UT<\/h3>\n<\/td>\n<\/tr>\n<tr>\n<td style=\"text-align: left; vertical-align: top;\" scope=\"rowgroup\">\n<h2>18:00<\/h2>\n<\/td>\n<td style=\"text-align: left; vertical-align: top;\">\n<h2><span style=\"color: #000000;\"><a style=\"color: #000000;\" title=\"Heremakono - Waiting for Happiness\" href=\"http:\/\/www.augen-blicke-afrika.de\/blog\/heremakono-waiting-for-happiness\/\"><strong>Heremakono &#8211; Waiting for Happiness<\/strong><\/a><\/span><\/h2>\n<h3>Mauretanien 2002, 95 Min., OF, dt. UT<\/h3>\n<\/td>\n<\/tr>\n<tr>\n<td style=\"text-align: left; vertical-align: top;\" scope=\"rowgroup\">\n<h2>20:00<\/h2>\n<\/td>\n<td style=\"text-align: left; vertical-align: top;\" scope=\"rowgroup\">\n<h3><strong><a href=\"http:\/\/www.augen-blicke-afrika.de\/blog\/jugend-und-protestbewegungen\/\">Schwerpunkt: Jugend und Protestbewegungen in Westafrika<\/a><\/strong><\/h3>\n<h3><strong>In Kooperation mit der Rosa Luxemburg Stiftung Hamburg<br \/>\n<\/strong><\/h3>\n<h2><span style=\"color: #000000;\"><a style=\"color: #000000;\" title=\"Boy Saloum\" href=\"http:\/\/www.augen-blicke-afrika.de\/blog\/boy-saloum\/\"><strong>Boy Saloum<\/strong><\/a><\/span><\/h2>\n<h3>Dokumentarfilm, Senegal \/ Frankreich 2013, 74 Min., OF frz. \/ Wolof, engl. UT<\/h3>\n<h3><strong>Mit Thiat (Rapper aus Senegal)<br \/>\n<\/strong><\/h3>\n<\/td>\n<\/tr>\n<tr>\n<td style=\"text-align: left; vertical-align: top;\" scope=\"rowgroup\">\n<h2>22:00<\/h2>\n<\/td>\n<td style=\"text-align: left; vertical-align: top;\" scope=\"rowgroup\">\n<h3><strong><a href=\"http:\/\/www.augen-blicke-afrika.de\/blog\/jugend-und-protestbewegungen\/\">Schwerpunkt: Jugend und Protestbewegungen in Westafrika<\/a><\/strong><\/h3>\n<h3><strong>In Kooperation mit der Rosa Luxemburg Stiftung Hamburg<\/strong><\/h3>\n<h3><strong><br \/>\nWeltpremiere<br \/>\n<\/strong><\/h3>\n<h2><span style=\"color: #000000;\"><a style=\"color: #000000;\" title=\"Le Trajectoire d'un Peuple. \u2013 Revolution mit blo\u00dfen H\u00e4nden\" href=\"http:\/\/www.augen-blicke-afrika.de\/blog\/le-trajectoire-dun-peuple-le-burkina-faso-revolution-mit-blossen-haenden\/\"><strong>Le Trajectoire d&#8217;un Peuple. \u2013 Revolution mit blo\u00dfen H\u00e4nden<\/strong><\/a><\/span><\/h2>\n<h3>Dokumentarfilm, Burkina Faso \/ Schweiz \/ Deutschland 2015, 90 Min., OF, dt. UT<\/h3>\n<h3><strong>In Anwesenheit der Regisseure Moussa Ouedraogo und Hans-Georg Eberl<br \/>\nKooperation mit dem Netzwerk \u201eafrique-europe-interact\u201c<br \/>\n<\/strong><\/h3>\n<\/td>\n<\/tr>\n<\/tbody>\n<\/table>\n<table style=\"border-bottom: none;\">\n<tbody>\n<tr style=\"height: 25px;\">\n<td style=\"height: 10px; width: 30px; vertical-align: top;\" scope=\"rowgroup\">\n<h1>Sa.<\/h1>\n<\/td>\n<td style=\"height: 10px; vertical-align: top;\" scope=\"rowgroup\">\n<h1>07.11.<\/h1>\n<\/td>\n<\/tr>\n<tr>\n<td style=\"text-align: left; vertical-align: top;\" scope=\"rowgroup\">\n<h2>16:00<\/h2>\n<\/td>\n<td style=\"text-align: left; vertical-align: top;\" scope=\"rowgroup\">\n<h3><strong>Kurzfilme<\/strong><\/h3>\n<h2><span style=\"color: #000000;\"><a style=\"color: #000000;\" title=\"Twaaga\" href=\"http:\/\/www.augen-blicke-afrika.de\/blog\/twaaga\/\"><strong>Twaaga<\/strong><\/a><\/span><\/h2>\n<h3>Burkina Faso 2013, 30 Min., OF, engl. UT<\/h3>\n<h2><span style=\"color: #000000;\"><a style=\"color: #000000;\" title=\"Madama Esther\" href=\"http:\/\/www.augen-blicke-afrika.de\/blog\/madama-esther\/\"><strong>Madama Esther<\/strong><\/a><\/span><\/h2>\n<h3>Madagaskar 2013, 15 Min., OF, engl. UT<\/h3>\n<h2><span style=\"color: #000000;\"><a style=\"color: #000000;\" title=\"Taxi Sisters\" href=\"http:\/\/www.augen-blicke-afrika.de\/blog\/taxi-sisters\/\"><strong>Taxi Sisters<\/strong><\/a><\/span><\/h2>\n<h3>Dokumentarfilm, Senegal 2011, 28 Min., OF, engl. UT<\/h3>\n<\/td>\n<\/tr>\n<tr>\n<td style=\"text-align: left; vertical-align: top;\" scope=\"rowgroup\">\n<h2>18:00<\/h2>\n<\/td>\n<td style=\"text-align: left; vertical-align: top;\" scope=\"rowgroup\">\n<h2><span style=\"color: #000000;\"><a style=\"color: #000000;\" title=\"Sanda Nyeusi - Das schwarze Leichentuch\" href=\"http:\/\/nachtdeswissens.hamburg.de\/index.php?article_id=161&amp;id=103\"><strong>Sanda Nyeusi &#8211; Das schwarze Leichentuch<\/strong><\/a><\/span><\/h2>\n<h3>Tansania, 150 Minuten, OF swahili, dt. UT<\/h3>\n<h3><strong>Edmund-Siemers-Allee 1, Universit\u00e4t, H\u00f6rsaal M<\/strong><\/h3>\n<\/td>\n<\/tr>\n<tr>\n<td style=\"text-align: left; vertical-align: top;\" scope=\"rowgroup\">\n<h2>18:00<\/h2>\n<\/td>\n<td style=\"text-align: left; vertical-align: top;\" scope=\"rowgroup\">\n<h2><span style=\"color: #000000;\"><a style=\"color: #000000;\" title=\"Soleils\" href=\"http:\/\/www.augen-blicke-afrika.de\/blog\/soleils\/\"><strong>Soleils<\/strong><\/a><\/span><\/h2>\n<h3>Frankreich \/ Burkina Faso 2013, 95 Min., OF, dt. UT<\/h3>\n<h3><strong>mit Regisseur Dani Kouyat\u00e9 <\/strong><\/h3>\n<\/td>\n<\/tr>\n<tr>\n<td style=\"text-align: left; vertical-align: top;\" scope=\"rowgroup\">\n<h2>20:00<\/h2>\n<\/td>\n<td style=\"text-align: left; vertical-align: top;\">\n<h2><span style=\"color: #000000;\"><a style=\"color: #000000;\" title=\"O Espinho da Rosa \u2013 The Thorn of the Rose\" href=\"http:\/\/www.augen-blicke-afrika.de\/blog\/o-espinho-da-rosa-the-thorn-of-the-rose\/\"><strong>O Espinho da Rosa \u2013 The Thorn of The Rose<\/strong><\/a><\/span><\/h2>\n<h3>Guinea Bissau \/ Portugal 2013, 97 Min., OF, engl. UT<\/h3>\n<h3><strong>mit Regisseur Filipe Henriques <\/strong><\/h3>\n<\/td>\n<\/tr>\n<tr>\n<td style=\"text-align: left; vertical-align: top;\" scope=\"rowgroup\">\n<h2>22:30<\/h2>\n<\/td>\n<td style=\"text-align: left; vertical-align: top;\" scope=\"rowgroup\">\n<h2><span style=\"color: #000000;\"><a style=\"color: #000000;\" title=\"Grigris\" href=\"http:\/\/www.augen-blicke-afrika.de\/blog\/grigris\/\"><strong>Grigris<\/strong><\/a><\/span><\/h2>\n<h3>Tschad 2013, 101 Min., OF, engl. UT<\/h3>\n<\/td>\n<\/tr>\n<\/tbody>\n<\/table>\n<table style=\"border-bottom: none;\">\n<tbody>\n<tr style=\"height: 25px;\">\n<td style=\"height: 10px; width: 30px; vertical-align: top;\" scope=\"rowgroup\">\n<h1>So.<\/h1>\n<\/td>\n<td style=\"height: 10px; vertical-align: top;\" scope=\"rowgroup\">\n<h1>08.11.<\/h1>\n<\/td>\n<\/tr>\n<tr>\n<td style=\"text-align: left; vertical-align: top;\" scope=\"rowgroup\">\n<h2>16:00<\/h2>\n<\/td>\n<td style=\"text-align: left; vertical-align: top;\" scope=\"rowgroup\">\n<h2><span style=\"color: #000000;\"><a style=\"color: #000000;\" title=\"Making of - Kamikaze\" href=\"http:\/\/www.augen-blicke-afrika.de\/blog\/making-of-kamikaze\/\"><strong>Making of &#8211; Kamikaze<\/strong><\/a><\/span><\/h2>\n<h3>Tunesien \/ Frankreich \/ Deutschland 2006, 115 Min., OF, dt. UT<\/h3>\n<\/td>\n<\/tr>\n<tr>\n<td style=\"text-align: left; vertical-align: top;\" scope=\"rowgroup\">\n<h2>18:00<\/h2>\n<\/td>\n<td style=\"text-align: left; vertical-align: top;\" scope=\"rowgroup\">\n<h2><span style=\"color: #000000;\"><a style=\"color: #000000;\" title=\"Beats of the Antonov\" href=\"http:\/\/www.augen-blicke-afrika.de\/blog\/beats-of-the-antonov\/\"><strong>Beats of the Antonov<\/strong><\/a><\/span><\/h2>\n<h3>Dokumentarfilm, Sudan \/ S\u00fcdafrika 2014, 68 Min., OF, engl. UT<\/h3>\n<h3><strong>Mit Alfred Buss, Sudan-Experte, AMNESTY INTERNATIONAL.<br \/>\nIn Zusammenarbeit mit AMNESTY INTERNATIONAL, Bezirk Hamburg<\/strong><\/h3>\n<\/td>\n<\/tr>\n<tr>\n<td style=\"text-align: left; vertical-align: top;\" scope=\"rowgroup\">\n<h2>20:00<\/h2>\n<\/td>\n<td style=\"text-align: left; vertical-align: top;\">\n<h2><span style=\"color: #000000;\"><a style=\"color: #000000;\" title=\"Hope\" href=\"http:\/\/www.augen-blicke-afrika.de\/blog\/hope\/\"><strong>Hope<\/strong><\/a><\/span><\/h2>\n<h3>Frankreich 2014, 91 Min., OF, engl. UT<\/h3>\n<\/td>\n<\/tr>\n<tr>\n<td style=\"text-align: left; vertical-align: top;\" scope=\"rowgroup\">\n<h2>22:00<\/h2>\n<\/td>\n<td style=\"text-align: left; vertical-align: top;\" scope=\"rowgroup\">\n<h2><span style=\"color: #000000;\"><a style=\"color: #000000;\" title=\"Entre le marteau et l\u2019enclume\" href=\"http:\/\/www.augen-blicke-afrika.de\/blog\/entre-le-marteau-et-lenclume\/\"><strong>Entre le marteau et l\u2019enclume<\/strong><\/a><\/span><\/h2>\n<h3>Republik Kongo 2013, 109 Min., OF frz., keine UT<\/h3>\n<\/td>\n<\/tr>\n<\/tbody>\n<\/table>\n<table style=\"border-bottom: none;\">\n<tbody>\n<tr style=\"height: 25px;\">\n<td style=\"height: 10px; width: 30px; vertical-align: top;\" scope=\"rowgroup\">\n<h1>Mo.<\/h1>\n<\/td>\n<td style=\"height: 10px; vertical-align: top;\" scope=\"rowgroup\">\n<h1>09.11.&nbsp;&nbsp;&nbsp; &#8211;&nbsp;&nbsp;&nbsp; Mi. &nbsp; 11.11<\/h1>\n<\/td>\n<\/tr>\n<tr>\n<td style=\"text-align: left; vertical-align: top;\" scope=\"rowgroup\">\n<h2>18:00<\/h2>\n<\/td>\n<td style=\"text-align: left; vertical-align: top;\" scope=\"rowgroup\">\n<h3><strong><a href=\"http:\/\/www.augen-blicke-afrika.de\/blog\/videofilme-in-tansania\/\">Am Asien-Afrika-Institut der Uni Hamburg (AAI)<\/a> <\/strong><\/h3>\n<h2><span style=\"color: #000000;\"><a style=\"color: #000000;\" title=\"Filme von Sultan Tamba<\" href=\"http:\/\/www.augen-blicke-afrika.de\/blog\/videofilme-in-tansania\/\"><strong>Videofilme in Tansania<\/strong><\/a><\/span><\/h2>\n<h3>Vortragsreihe, die Leitung hat Dr. Uta Reuster-Jahn<\/h3>\n<\/td>\n<\/tr>\n<\/tbody>\n<\/table>\n<table style=\"border-bottom: none;\">\n<tbody>\n<tr style=\"height: 25px;\">\n<td style=\"height: 10px; width: 30px; vertical-align: top;\" scope=\"rowgroup\">\n<h1>Do.<\/h1>\n<\/td>\n<td style=\"height: 10px; vertical-align: top;\" scope=\"rowgroup\">\n<h1>12.11.<\/h1>\n<\/td>\n<\/tr>\n<tr>\n<td style=\"text-align: left; vertical-align: top;\" scope=\"rowgroup\">\n<h2>16:00<\/h2>\n<\/td>\n<td style=\"text-align: left; vertical-align: top;\" scope=\"rowgroup\">\n<h2><span style=\"color: #000000;\"><a style=\"color: #000000;\" title=\"Ouaga Saga\" href=\"http:\/\/www.augen-blicke-afrika.de\/blog\/ouaga-saga\/\"><strong>Ouaga Saga<\/strong><\/a><\/span><\/h2>\n<h3>Burkina Faso 2005, 96 Min., OF, dt. UT<\/h3>\n<\/td>\n<\/tr>\n<tr>\n<td style=\"text-align: left; vertical-align: top;\" scope=\"rowgroup\">\n<h2>18:00<\/h2>\n<\/td>\n<td style=\"text-align: left; vertical-align: top;\" scope=\"rowgroup\">\n<h2><span style=\"color: #000000;\"><a style=\"color: #000000;\" title=\"Ninas's Dowry\" href=\"http:\/\/www.augen-blicke-afrika.de\/blog\/ninass-dowry\/\"><strong>Ninah&#8217;s Dowry<\/strong><\/a><\/span><\/h2>\n<h3>Kamerun 2012, 95 Min., OF, engl. UT<\/h3>\n<\/td>\n<\/tr>\n<tr>\n<td style=\"text-align: left; vertical-align: top;\" scope=\"rowgroup\">\n<h2>20:00<\/h2>\n<\/td>\n<td style=\"text-align: left; vertical-align: top;\">\n<h2><span style=\"color: #000000;\"><a style=\"color: #000000;\" title=\"Morbayassa \u2013 Le serment de Koumba\" href=\"http:\/\/www.augen-blicke-afrika.de\/blog\/morbayassa-le-serment-de-koumba\/\"><strong>Morbayassa \u2013 Le serment de Koumba<\/strong><\/a><\/span><\/h2>\n<h3>Guinea \/ Frankreich 2012, 120 Min., OF frz., engl. UT<\/h3>\n<h3><strong>mit Regisseur Cheick F. Camara<\/strong><\/h3>\n<\/td>\n<\/tr>\n<tr>\n<td style=\"text-align: left; vertical-align: top;\" scope=\"rowgroup\">\n<h2>22:30<\/h2>\n<\/td>\n<td style=\"text-align: left; vertical-align: top;\" scope=\"rowgroup\">\n<h2><span style=\"color: #000000;\"><a style=\"color: #000000;\" title=\"Finding Fela\" href=\"http:\/\/www.augen-blicke-afrika.de\/blog\/finding-fela\/\"><strong>Finding Fela<\/strong><\/a><\/span><\/h2>\n<h3>Dokumentarfilm USA\/GB\/FR\/Nigeria 2014, 119 Min., OF., engl. UT<\/h3>\n<\/td>\n<\/tr>\n<\/tbody>\n<\/table>\n<table style=\"border-bottom: none;\">\n<tbody>\n<tr style=\"height: 25px;\">\n<td style=\"height: 10px; width: 30px; vertical-align: top;\" scope=\"rowgroup\">\n<h1>Fr.<\/h1>\n<\/td>\n<td style=\"height: 10px; vertical-align: top;\" scope=\"rowgroup\">\n<h1>13.11.<\/h1>\n<\/td>\n<\/tr>\n<tr>\n<td style=\"text-align: left; vertical-align: top;\" scope=\"rowgroup\">\n<h2>10:00<\/h2>\n<\/td>\n<td style=\"text-align: left; vertical-align: top;\" scope=\"rowgroup\">\n<h3><strong><a href=\"http:\/\/www.augen-blicke-afrika.de\/blog\/vorfuehrungen-fuer-schulklasse\/\">Sch\u00fclervorstellung<\/a><\/strong><\/h3>\n<h2><span style=\"color: #000000;\"><a style=\"color: #000000;\" title=\"Making of - Kamikaze\" href=\"http:\/\/www.augen-blicke-afrika.de\/blog\/making-of-kamikaze\/\"><strong>Making of &#8211; Kamikaze<\/strong><\/a><\/span><\/h2>\n<h3>Tunesien \/ Frankreich \/ Deutschland 2006, 115 Min., OF, dt. UT<\/h3>\n<\/td>\n<\/tr>\n<tr>\n<td style=\"text-align: left; vertical-align: top;\" scope=\"rowgroup\">\n<h2>16:00<\/h2>\n<\/td>\n<td style=\"text-align: left; vertical-align: top;\" scope=\"rowgroup\">\n<h2><span style=\"color: #000000;\"><a style=\"color: #000000;\" title=\"Hope\" href=\"http:\/\/www.augen-blicke-afrika.de\/blog\/hope\/\"><strong>Hope<\/strong><\/a><\/span><\/h2>\n<h3>Frankreich 2014, 91 Min., OF, engl. UT<\/h3>\n<\/td>\n<\/tr>\n<tr>\n<td style=\"text-align: left; vertical-align: top;\" scope=\"rowgroup\">\n<h2>18:00<\/h2>\n<\/td>\n<td style=\"text-align: left; vertical-align: top;\" scope=\"rowgroup\">\n<h3><strong><a href=\"http:\/\/www.augen-blicke-afrika.de\/blog\/queer-africa\/\">Schwerpunkt: Queer Africa<\/a><br \/>\nIn Kooperation mit <em>umdenken<\/em> Heinrich-B\u00f6ll-Stiftung Hamburg e.V., Queeramnesty und dem Lesben- und Schwulenverband in Deutschland<br \/>\n<\/strong><\/h3>\n<h2><span style=\"color: #000000;\"><a style=\"color: #000000;\" title=\"Difficult love\" href=\"http:\/\/www.augen-blicke-afrika.de\/blog\/difficult-love\/\"><strong>Difficult love<\/strong><\/a><\/span><\/h2>\n<h3>Dokumentarfilm, S\u00fcdafrika 2011, 48 Min., OF, dt. UT<\/h3>\n<h2><span style=\"color: #000000;\"><a style=\"color: #000000;\" title=\"Fithrah\" href=\"http:\/\/www.augen-blicke-afrika.de\/blog\/fithrah\/\"><strong>Fitrah<\/strong><\/a><\/span><\/h2>\n<h3>Dokumentarfilm, S\u00fcdafrika 2013, 48 Min., OF, dt. UT<\/h3>\n<\/td>\n<\/tr>\n<tr>\n<td style=\"text-align: left; vertical-align: top;\" scope=\"rowgroup\">\n<h2>20:00<\/h2>\n<\/td>\n<td style=\"text-align: left; vertical-align: top;\">\n<h3><strong><a href=\"http:\/\/www.augen-blicke-afrika.de\/blog\/queer-africa\/\">Schwerpunkt: Queer Africa<\/a><\/strong><\/h3>\n<h3><strong>In Kooperation mit <em>umdenken<\/em> Heinrich-B\u00f6ll-Stiftung Hamburg e.V., Queeramnesty und dem Lesben- und Schwulenverband in Deutschland<\/strong><\/h3>\n<h2><a href=\"http:\/\/www.augen-blicke-afrika.de\/blog\/queer-africa\/\"><span style=\"color: #000000;\"><strong>Diskussion<\/strong><\/span><\/a><\/h2>\n<h3><strong>mit<br \/>\n&#8211; Muhsin Hendricks<\/strong> (Imam und Regisseur aus Kapstadt)<br \/>\n&#8211; <strong>Alice Nkom<\/strong> (Menschenrechtsanw\u00e4ltin; angefragt)<br \/>\n&#8211; <strong>Uta Schwenke<\/strong> (LSVD-Bundesvorstand\/Hirschfeld-Eddy-Stiftung)<\/h3>\n<h3><strong>Diskussionsleitung: <\/strong><\/h3>\n<h3><strong>Anika Becher<\/strong> (Afrikareferentin AMNESTY INTERNATIONAL)<\/h3>\n<h3>Eintritt frei<\/h3>\n<\/td>\n<\/tr>\n<tr>\n<td style=\"text-align: left; vertical-align: top;\" scope=\"rowgroup\">\n<h2>22:00<\/h2>\n<\/td>\n<td style=\"text-align: left; vertical-align: top;\" scope=\"rowgroup\">\n<h3><strong><a href=\"http:\/\/www.augen-blicke-afrika.de\/blog\/queer-africa\/\">Schwerpunkt: Queer Africa<\/a><\/strong><\/h3>\n<h3><strong>In Kooperation mit <em>umdenken<\/em> Heinrich-B\u00f6ll-Stiftung Hamburg e.V., Queeramnesty und dem Lesben- und Schwulenverband in Deutschland<\/strong><\/h3>\n<h2><span style=\"color: #000000;\"><a style=\"color: #000000;\" title=\"Born this Way\" href=\"http:\/\/www.augen-blicke-afrika.de\/blog\/born-this-way\/\"><strong>Born this Way<\/strong><\/a><\/span><\/h2>\n<h3>Dokumentarfilm, USA \/ Kamerun 2013, 82 Min., OF engl.\/ frz., dt. UT<\/h3>\n<\/td>\n<\/tr>\n<\/tbody>\n<\/table>\n<table style=\"border-bottom: none;\">\n<tbody>\n<tr style=\"height: 25px;\">\n<td style=\"height: 10px; width: 30px; vertical-align: top;\" scope=\"rowgroup\">\n<h1>Sa.<\/h1>\n<\/td>\n<td style=\"height: 10px; vertical-align: top;\" scope=\"rowgroup\">\n<h1>14.11.<\/h1>\n<\/td>\n<\/tr>\n<tr>\n<td style=\"text-align: left; vertical-align: top;\" scope=\"rowgroup\">\n<h2>16:00<\/h2>\n<\/td>\n<td style=\"text-align: left; vertical-align: top;\" scope=\"rowgroup\">\n<h2><span style=\"color: #000000;\"><a style=\"color: #000000;\" title=\"Ady gasy \u2013 The Malagasy way\" href=\"http:\/\/www.augen-blicke-afrika.de\/blog\/ady-gasy-the-malagasy-way\/\"><strong>Ady gasy \u2013 The Malagasy way<\/strong><\/a><\/span><\/h2>\n<h3>Dokumentarfilm, Madagaskar 2014, 84 Min., OF, engl. UT<\/h3>\n<\/td>\n<\/tr>\n<tr>\n<td style=\"text-align: left; vertical-align: top;\" scope=\"rowgroup\">\n<h2>18:00<\/h2>\n<\/td>\n<td style=\"text-align: left; vertical-align: top;\" scope=\"rowgroup\">\n<h2><span style=\"color: #000000;\"><a style=\"color: #000000;\" title=\"Miners Shot Down\" href=\"http:\/\/www.augen-blicke-afrika.de\/blog\/miners-shot-down\/\"><strong>Miners Shot Down<\/strong><\/a><\/span><\/h2>\n<h3>Dokumentarfilm, S\u00fcdafrika 2014, 86 Min., OF, dt. UT<\/h3>\n<h3><strong>Mit dem britischen Menschenrechtsanwalt James Nichol<\/strong><\/h3>\n<\/td>\n<\/tr>\n<tr>\n<td style=\"text-align: left; vertical-align: top;\" scope=\"rowgroup\">\n<h2>20:00<\/h2>\n<\/td>\n<td style=\"text-align: left; vertical-align: top;\" scope=\"rowgroup\">\n<h2><span style=\"color: #000000;\"><a style=\"color: #000000;\" title=\"Finding Fela\" href=\"http:\/\/www.augen-blicke-afrika.de\/blog\/finding-fela\/\"><strong>Finding Fela<\/strong><\/a><\/span><\/h2>\n<h3>Dokumentarfilm USA\/GB\/FR\/Nigeria 2014, 119 Min., OF, engl. UT<\/h3>\n<\/td>\n<\/tr>\n<tr>\n<td style=\"text-align: left; vertical-align: top;\" scope=\"rowgroup\">\n<h2>22:30<\/h2>\n<\/td>\n<td style=\"text-align: left; vertical-align: top;\">\n<h2><span style=\"color: #000000;\"><a style=\"color: #000000;\" title=\"Morbayassa \u2013 Le serment de Koumba\" href=\"http:\/\/www.augen-blicke-afrika.de\/blog\/morbayassa-le-serment-de-koumba\/\"><strong>Morbayassa \u2013 Le serment de Koumba<\/strong><\/a><\/span><\/h2>\n<h3>Guinea \/ Frankreich 2012, 120 Min., OF frz., engl. UT<\/h3>\n<\/td>\n<\/tr>\n<tr>\n<td style=\"text-align: left; vertical-align: top;\" scope=\"rowgroup\">\n<h2>22:00<\/h2>\n<\/td>\n<td style=\"text-align: left; vertical-align: top;\" scope=\"rowgroup\">\n<h2><span style=\"color: #000000;\"><strong>Abschluss-Party im Centro Sociale<\/strong><\/span><\/h2>\n<\/td>\n<\/tr>\n<\/tbody>\n<\/table>\n<table style=\"border-bottom: none;\">\n<tbody>\n<tr style=\"height: 25px;\">\n<td style=\"height: 10px; width: 30px; vertical-align: top;\" scope=\"rowgroup\">\n<h1>So.<\/h1>\n<\/td>\n<td style=\"height: 10px; vertical-align: top;\" scope=\"rowgroup\">\n<h1>15.11.<\/h1>\n<\/td>\n<\/tr>\n<tr>\n<td style=\"text-align: left; vertical-align: top;\" scope=\"rowgroup\">\n<h2>16:00<\/h2>\n<\/td>\n<td style=\"text-align: left; vertical-align: top;\" scope=\"rowgroup\">\n<h2><span style=\"color: #000000;\"><a style=\"color: #000000;\" title=\"Hamou beya - Sandfishers\" href=\"http:\/\/www.augen-blicke-afrika.de\/blog\/hamou-beya-sandfishers\/\"><strong>Hamou beya &#8211; Sandfishers<\/strong><\/a><\/span><\/h2>\n<h3>Dokumentarfilm, Mali 2012, 72 Min., OF Bozo \/ Bambara, engl. UT<\/h3>\n<\/td>\n<\/tr>\n<tr>\n<td style=\"text-align: left; vertical-align: top;\" scope=\"rowgroup\">\n<h2>18:00<\/h2>\n<\/td>\n<td style=\"text-align: left; vertical-align: top;\" scope=\"rowgroup\">\n<h2><span style=\"color: #000000;\"><a style=\"color: #000000;\" title=\"Run\" href=\"http:\/\/www.augen-blicke-afrika.de\/blog\/run\/\"><strong>Run<\/strong><\/a><\/span><\/h2>\n<h3>Elfenbeink\u00fcste \/ Frankreich 2014, 100 Min., OF, engl. UT<\/h3>\n<\/td>\n<\/tr>\n<tr>\n<td style=\"text-align: left; vertical-align: top;\" scope=\"rowgroup\">\n<h2>20:00<\/h2>\n<\/td>\n<td style=\"text-align: left; vertical-align: top;\" scope=\"rowgroup\">\n<h2><span style=\"color: #000000;\"><a style=\"color: #000000;\" title=\"Je suis le Peuple \u2013 I am the People\" href=\"http:\/\/www.augen-blicke-afrika.de\/blog\/je-suis-le-peuple-i-am-the-people\/\"><strong>Je suis le Peuple \u2013 I am The People<\/strong><\/a><\/span><\/h2>\n<h3>Dokumentarfilm, Frankreich \/ \u00c4gypten 2014, 110 Min., OF, engl. UT<\/h3>\n<\/td>\n<\/tr>\n<tr>\n<td style=\"text-align: left; vertical-align: top;\" scope=\"rowgroup\">\n<h2>22:00<\/h2>\n<\/td>\n<td style=\"text-align: left; vertical-align: top;\" scope=\"rowgroup\">\n<h2><span style=\"color: #000000;\"><a style=\"color: #000000;\" title=\"O Espinho da Rosa \u2013 The Thorn of the Rose\" href=\"http:\/\/www.augen-blicke-afrika.de\/blog\/o-espinho-da-rosa-the-thorn-of-the-rose\/\"><strong>O Espinho da Rosa \u2013 The Thorn of The Rose<\/strong><\/a><\/span><\/h2>\n<h3>Guinea Bissau \/ Portugal 2013, 97 Min., OF, engl. UT<\/h3>\n<\/td>\n<\/tr>\n<\/tbody>\n<\/table>\n","protected":false},"excerpt":{"rendered":"<p>Programm Afrikanisches Film Festival &#8220;AUGEN BLICKE AFRIKA&#8221;, NOV 2015 Alle Filme im Studio-Kino Hamburg, Bernstorffstr. 93-95, 22767 Hamburg Eintrittspreis bei jeder Filmveranstaltung 8 EUR\/ erm\u00e4\u00dfigt 6,50 EUR. Das Programmheft als PDF gibt es hier: Programmheft 2015 Do. 05.11. 18:00 Er\u00f6ffnung &hellip; <a href=\"http:\/\/www.augen-blicke-afrika.de\/blog\/archiv\/archiv-2015\/programm-2\/\">Weiterlesen <span class=\"meta-nav\">&rarr;<\/span><\/a><\/p>\n","protected":false},"author":3,"featured_media":0,"parent":4181,"menu_order":0,"comment_status":"closed","ping_status":"closed","template":"afrika2015.php","meta":{"footnotes":""},"class_list":["post-2421","page","type-page","status-publish","hentry"],"_links":{"self":[{"href":"http:\/\/www.augen-blicke-afrika.de\/blog\/wp-json\/wp\/v2\/pages\/2421","targetHints":{"allow":["GET"]}}],"collection":[{"href":"http:\/\/www.augen-blicke-afrika.de\/blog\/wp-json\/wp\/v2\/pages"}],"about":[{"href":"http:\/\/www.augen-blicke-afrika.de\/blog\/wp-json\/wp\/v2\/types\/page"}],"author":[{"embeddable":true,"href":"http:\/\/www.augen-blicke-afrika.de\/blog\/wp-json\/wp\/v2\/users\/3"}],"replies":[{"embeddable":true,"href":"http:\/\/www.augen-blicke-afrika.de\/blog\/wp-json\/wp\/v2\/comments?post=2421"}],"version-history":[{"count":70,"href":"http:\/\/www.augen-blicke-afrika.de\/blog\/wp-json\/wp\/v2\/pages\/2421\/revisions"}],"predecessor-version":[{"id":7492,"href":"http:\/\/www.augen-blicke-afrika.de\/blog\/wp-json\/wp\/v2\/pages\/2421\/revisions\/7492"}],"up":[{"embeddable":true,"href":"http:\/\/www.augen-blicke-afrika.de\/blog\/wp-json\/wp\/v2\/pages\/4181"}],"wp:attachment":[{"href":"http:\/\/www.augen-blicke-afrika.de\/blog\/wp-json\/wp\/v2\/media?parent=2421"}],"curies":[{"name":"wp","href":"https:\/\/api.w.org\/{rel}","templated":true}]}}