{"id":233,"date":"2012-09-13T14:41:20","date_gmt":"2012-09-13T12:41:20","guid":{"rendered":"http:\/\/www.augen-blicke-afrika.de\/blog\/?page_id=233"},"modified":"2022-09-18T15:38:38","modified_gmt":"2022-09-18T13:38:38","slug":"notre","status":"publish","type":"page","link":"http:\/\/www.augen-blicke-afrika.de\/blog\/archiv\/archiv-2012\/filme\/notre\/","title":{"rendered":"Notre \u00e9trang\u00e8re \u2013 The Place In Between"},"content":{"rendered":"<h2><a href=\"#francais\"><img loading=\"lazy\" decoding=\"async\" class=\"alignright  wp-image-576\" style=\"border: 0px none; margin: 0px;\" title=\"version francaise\" src=\"http:\/\/www.augen-blicke-afrika.de\/blog\/wp-content\/uploads\/2012\/09\/france-schrift.gif\" alt=\"franz\u00f6sische Fahne\" width=\"60\" height=\"34\"><\/a><\/h2>\n<h2><a name=\"notre\"><\/a>Notre \u00e9trang\u00e8re \u2013 The Place In Between<\/h2>\n<p><em>(Burkina Faso \/ Frankreich 2010, R.: Sarah Bouyain, 82 Min., <em><em><em>Original mit englischen Untertiteln<\/em><\/em><\/em>. Mit Dorylia Calmel, Assita Ou\u00e9draogo, Nathalie Richard, Blandine Yam\u00e9ogo, Nadine Kambou Y\u00e9ri)<\/em><\/p>\n<p><a href=\"http:\/\/www.augen-blicke-afrika.de\/blog\/wp-content\/uploads\/2012\/09\/notre-filmplakat.jpg\"><img loading=\"lazy\" decoding=\"async\" class=\"alignleft size-full wp-image-235\" title=\"Notre etrangere \u2013 The Place In Between\" src=\"http:\/\/www.augen-blicke-afrika.de\/blog\/wp-content\/uploads\/2012\/09\/notre-filmplakat.jpg\" alt=\"Notre etrangere \u2013 The Place In Between\" width=\"200\" height=\"267\"><\/a><br \/>\n<strong>Bei der Vorstellung am 26.10. wird die Hauptdarstellerin des Films Dorylia Meredith Calmel anwesend sein.<\/strong><\/p>\n<p>Erz\u00e4hlt wird die Geschichte zweier Frauen zwischen den Kulturen.<\/p>\n<p>Die Afrikanerin Amy w\u00e4chst bei einer franz\u00f6sischen Familie in Frankreich auf. Nach dem Tod ihres franz\u00f6sischen Vaters reist sie nach Burkina Faso, um ihre leibliche Mutter zu finden. Im Heimatdorf angekommen, trifft sie nur ihre Tante, eine einsame Trinkerin. Amy f\u00fchlt sich als Fremde, versteht weder Sprache noch Kultur. Schlie\u00dflich erkennt sie, dass sie in ihrem Geburtsland immer eine Fremde bleiben wird.<\/p>\n<p>Die 45-j\u00e4hrige Mariam aus Burkina Faso lebt in Frankreich. Sie kennt nur den tristen Alltag als Putzfrau. Ihr Leben nimmt eine ungeahnte Wendung, als sie der Franz\u00f6sin Esther begegnet, die ganz begierig ist, ihre Muttersprache zu lernen. Die beiden Frauen n\u00e4hern sich langsam an.<br \/>\n<em>\u201eNotre \u00e9trang\u00e8re\u201c<\/em> ist der Erstlingsfilm der franz\u00f6sisch-burkinischen Regisseurin Sarah Bouyain.<\/p>\n<p>Trailer des Films (franz.): <a title=\"Link zum Trailer des Films &quot;Notre \u00e9trang\u00e8re&quot; (Originalfassung franz\u00f6sisch)\" href=\"http:\/\/tinyurl.com\/9mcy7oe\" target=\"_blank\" rel=\"noopener\">http:\/\/tinyurl.com\/9mcy7oe<strong><\/strong><\/a><\/p>\n<div id=\"attachment_236\" style=\"width: 510px\" class=\"wp-caption alignnone\"><a href=\"http:\/\/www.augen-blicke-afrika.de\/blog\/wp-content\/uploads\/2012\/09\/notre.jpg\"><img loading=\"lazy\" decoding=\"async\" aria-describedby=\"caption-attachment-236\" class=\"size-full wp-image-236\" title=\"Notre etrangere \u2013 The Place In Between\" src=\"http:\/\/www.augen-blicke-afrika.de\/blog\/wp-content\/uploads\/2012\/09\/notre.jpg\" alt=\"Notre etrangere \u2013 The Place In Between\" width=\"500\" height=\"271\" srcset=\"http:\/\/www.augen-blicke-afrika.de\/blog\/wp-content\/uploads\/2012\/09\/notre.jpg 500w, http:\/\/www.augen-blicke-afrika.de\/blog\/wp-content\/uploads\/2012\/09\/notre-300x162.jpg 300w\" sizes=\"auto, (max-width: 500px) 100vw, 500px\" \/><\/a><p id=\"caption-attachment-236\" class=\"wp-caption-text\">Filmfoto &#8220;Notre \u00e9trang\u00e8re \u2013 The Place In Between&#8221;<\/p><\/div>\n<p><a name=\"francais\"><\/a><\/p>\n<h2>NOTRE ETRANGERE<\/h2>\n<p><em>(Burkina Faso \/ France, 2010, R: Sarah Bouyain) <\/em><\/p>\n<p>Il raconte l&#8217;histoire de deux femmes entre les cultures.<br \/>\nL&#8217; africaine Amy a grandi dans une famille fran\u00e7aise en France. Comme une jeune femme, elle s&#8217;est rendue au Burkina Faso pour retrouver sa m\u00e8re biologique. Une fois dans le village, elle se sent comme \u00e9trang\u00e8re. Elle ne comprend ni la langue ni la culture.<\/p>\n<p>Mariam de 45 ans du Burkina Faso vie en France. Elle ne conna\u00eet que la vie morne comme une femme de m\u00e9nage. Sa vie prend une tournure inattendue quand elle rencontre la Fran\u00e7aise Esther, qui est tr\u00e8s d\u00e9sireuse d&#8217;apprendre sa langue maternelle.<br \/>\n\u00abNotre Etrang\u00e8re&#8221; est le premier film de la r\u00e9alisatrice franco-burkinab\u00e9 Sarah Bouyain.<\/p>\n<p><a title=\"Programm\u00fcbersicht\" href=\"http:\/\/www.augen-blicke-afrika.de\/blog\/programm\/\">Zur\u00fcck zur Programm\u00fcbersicht<\/a><br \/>\n<a title=\"Programm\u00fcbersicht\" href=\"http:\/\/www.augen-blicke-afrika.de\/blog\/filme\/\">Zur\u00fcck zum Filmverzeichnis<\/a><\/p>\n","protected":false},"excerpt":{"rendered":"<p>Notre \u00e9trang\u00e8re \u2013 The Place In Between (Burkina Faso \/ Frankreich 2010, R.: Sarah Bouyain, 82 Min., Original mit englischen Untertiteln. Mit Dorylia Calmel, Assita Ou\u00e9draogo, Nathalie Richard, Blandine Yam\u00e9ogo, Nadine Kambou Y\u00e9ri) Bei der Vorstellung am 26.10. wird die &hellip; <a href=\"http:\/\/www.augen-blicke-afrika.de\/blog\/archiv\/archiv-2012\/filme\/notre\/\">Weiterlesen <span class=\"meta-nav\">&rarr;<\/span><\/a><\/p>\n","protected":false},"author":1,"featured_media":357,"parent":89,"menu_order":0,"comment_status":"closed","ping_status":"closed","template":"afrika2012.php","meta":{"footnotes":""},"class_list":["post-233","page","type-page","status-publish","has-post-thumbnail","hentry"],"_links":{"self":[{"href":"http:\/\/www.augen-blicke-afrika.de\/blog\/wp-json\/wp\/v2\/pages\/233","targetHints":{"allow":["GET"]}}],"collection":[{"href":"http:\/\/www.augen-blicke-afrika.de\/blog\/wp-json\/wp\/v2\/pages"}],"about":[{"href":"http:\/\/www.augen-blicke-afrika.de\/blog\/wp-json\/wp\/v2\/types\/page"}],"author":[{"embeddable":true,"href":"http:\/\/www.augen-blicke-afrika.de\/blog\/wp-json\/wp\/v2\/users\/1"}],"replies":[{"embeddable":true,"href":"http:\/\/www.augen-blicke-afrika.de\/blog\/wp-json\/wp\/v2\/comments?post=233"}],"version-history":[{"count":23,"href":"http:\/\/www.augen-blicke-afrika.de\/blog\/wp-json\/wp\/v2\/pages\/233\/revisions"}],"predecessor-version":[{"id":6790,"href":"http:\/\/www.augen-blicke-afrika.de\/blog\/wp-json\/wp\/v2\/pages\/233\/revisions\/6790"}],"up":[{"embeddable":true,"href":"http:\/\/www.augen-blicke-afrika.de\/blog\/wp-json\/wp\/v2\/pages\/89"}],"wp:featuredmedia":[{"embeddable":true,"href":"http:\/\/www.augen-blicke-afrika.de\/blog\/wp-json\/wp\/v2\/media\/357"}],"wp:attachment":[{"href":"http:\/\/www.augen-blicke-afrika.de\/blog\/wp-json\/wp\/v2\/media?parent=233"}],"curies":[{"name":"wp","href":"https:\/\/api.w.org\/{rel}","templated":true}]}}