{"id":2268,"date":"2015-09-24T12:32:57","date_gmt":"2015-09-24T10:32:57","guid":{"rendered":"http:\/\/www.augen-blicke-afrika.de\/blog\/?page_id=2268"},"modified":"2018-10-10T13:19:36","modified_gmt":"2018-10-10T11:19:36","slug":"hamou-beya-sandfishers","status":"publish","type":"page","link":"http:\/\/www.augen-blicke-afrika.de\/blog\/archiv\/archiv-2015\/filme-2015\/hamou-beya-sandfishers\/","title":{"rendered":"Hamou Beya &#8211; Sandfishers"},"content":{"rendered":"<table style=\"height: 356px;\" width=\"756\">\n<thead>\n<tr>\n<td>\n<p class=\"hide-if-no-js\"><a href=\"http:\/\/www.augen-blicke-afrika.de\/blog\/wp-content\/uploads\/2015\/09\/hamou.jpg\"><img loading=\"lazy\" decoding=\"async\" class=\"alignnone size-full wp-image-2166\" src=\"http:\/\/www.augen-blicke-afrika.de\/blog\/wp-content\/uploads\/2015\/09\/hamou.jpg\" alt=\"hamou\" width=\"500\" height=\"281\" srcset=\"http:\/\/www.augen-blicke-afrika.de\/blog\/wp-content\/uploads\/2015\/09\/hamou.jpg 500w, http:\/\/www.augen-blicke-afrika.de\/blog\/wp-content\/uploads\/2015\/09\/hamou-300x169.jpg 300w\" sizes=\"auto, (max-width: 500px) 100vw, 500px\" \/><\/a><\/p>\n<h1>Hamou beya &#8211; Sandfishers<\/h1>\n<h3>Dokumentarfilm, Mali 2012, R.: Andrey Samout\u00e9 Diarra, 72 Min., OF Bozo \/ Bambara, engl. UT<\/h3>\n<\/td>\n<\/tr>\n<\/thead>\n<tbody>\n<tr>\n<td>F\u00fcr die Bozo aus der Region um die Stadt Mopti in Mali ist die Fischerei im Niger seit jeher Haupteinnahmequelle und Existenzgrundlage. Sie verbindet eine spirituelle Beziehung zu dem Fluss. Doch nun ist auch hier der Klimawandel sp\u00fcrbar, der Wasserstand ist niedrig, nur noch wenige Fische verfangen sich im Netz. Viele junge M\u00e4nner verlassen deshalb die D\u00f6rfer und werden zu \u201eSandfischern\u201c in der hunderte Kilometer entfernten Hauptstadt Bamako. Die Baubranche boomt hier, der Bedarf an Bausand ist gro\u00df. Der Sand aus dem Flussbett des Niger ist daf\u00fcr bestens geeignet, mit Eimern wird er unter Wasser von den M\u00e4nnern abgebaut. Der Film dokumentiert am Beispiel des jungen Gala sehr eindringlich das Thema Landflucht und den damit verbundenen Wertewandel einer Gesellschaft.<\/td>\n<\/tr>\n<tr>\n<td style=\"border-bottom: none;\">\n<p class=\"hide-if-no-js\"><a href=\"http:\/\/www.augen-blicke-afrika.de\/blog\/wp-content\/uploads\/2015\/09\/hamou_poster.jpg\"><img loading=\"lazy\" decoding=\"async\" class=\"size-full wp-image-2165 alignleft\" src=\"http:\/\/www.augen-blicke-afrika.de\/blog\/wp-content\/uploads\/2015\/09\/hamou_poster.jpg\" alt=\"hamou_poster\" width=\"117\" height=\"165\" \/><\/a><\/p>\n<p><strong>Andrey Samout\u00e9 Diarra,<\/strong> geb. in Mali, studierte zun\u00e4chst Marketing, produzierte als Autodidakt kleine Filme f\u00fcr NGOs, als Regieassistent arbeitete er an diversen Filmen mit. Ab 2010 studierte er an der Stendhal Universit\u00e4t in Grenoble zum Master als Filmproduzent. Zum Abschluss realisierte er seinen ersten langen Dokumentarfilm \u201eHamou Beya\u201c.<\/td>\n<\/tr>\n<\/tbody>\n<\/table>\n<p>&nbsp;<\/p>\n","protected":false},"excerpt":{"rendered":"<p>Hamou beya &#8211; Sandfishers Dokumentarfilm, Mali 2012, R.: Andrey Samout\u00e9 Diarra, 72 Min., OF Bozo \/ Bambara, engl. UT F\u00fcr die Bozo aus der Region um die Stadt Mopti in Mali ist die Fischerei im Niger seit jeher Haupteinnahmequelle und &hellip; <a href=\"http:\/\/www.augen-blicke-afrika.de\/blog\/archiv\/archiv-2015\/filme-2015\/hamou-beya-sandfishers\/\">Weiterlesen <span class=\"meta-nav\">&rarr;<\/span><\/a><\/p>\n","protected":false},"author":3,"featured_media":0,"parent":2076,"menu_order":0,"comment_status":"closed","ping_status":"closed","template":"afrika2015_oh.php","meta":{"footnotes":""},"class_list":["post-2268","page","type-page","status-publish","hentry"],"_links":{"self":[{"href":"http:\/\/www.augen-blicke-afrika.de\/blog\/wp-json\/wp\/v2\/pages\/2268","targetHints":{"allow":["GET"]}}],"collection":[{"href":"http:\/\/www.augen-blicke-afrika.de\/blog\/wp-json\/wp\/v2\/pages"}],"about":[{"href":"http:\/\/www.augen-blicke-afrika.de\/blog\/wp-json\/wp\/v2\/types\/page"}],"author":[{"embeddable":true,"href":"http:\/\/www.augen-blicke-afrika.de\/blog\/wp-json\/wp\/v2\/users\/3"}],"replies":[{"embeddable":true,"href":"http:\/\/www.augen-blicke-afrika.de\/blog\/wp-json\/wp\/v2\/comments?post=2268"}],"version-history":[{"count":5,"href":"http:\/\/www.augen-blicke-afrika.de\/blog\/wp-json\/wp\/v2\/pages\/2268\/revisions"}],"predecessor-version":[{"id":2795,"href":"http:\/\/www.augen-blicke-afrika.de\/blog\/wp-json\/wp\/v2\/pages\/2268\/revisions\/2795"}],"up":[{"embeddable":true,"href":"http:\/\/www.augen-blicke-afrika.de\/blog\/wp-json\/wp\/v2\/pages\/2076"}],"wp:attachment":[{"href":"http:\/\/www.augen-blicke-afrika.de\/blog\/wp-json\/wp\/v2\/media?parent=2268"}],"curies":[{"name":"wp","href":"https:\/\/api.w.org\/{rel}","templated":true}]}}