{"id":2266,"date":"2015-09-24T12:31:00","date_gmt":"2015-09-24T10:31:00","guid":{"rendered":"http:\/\/www.augen-blicke-afrika.de\/blog\/?page_id=2266"},"modified":"2018-10-10T13:16:24","modified_gmt":"2018-10-10T11:16:24","slug":"miners-shot-down","status":"publish","type":"page","link":"http:\/\/www.augen-blicke-afrika.de\/blog\/archiv\/archiv-2015\/filme-2015\/miners-shot-down\/","title":{"rendered":"Miners Shot Down"},"content":{"rendered":"<table style=\"height: 356px;\" width=\"756\">\n<thead>\n<tr>\n<td>\n<p class=\"hide-if-no-js\"><a href=\"http:\/\/www.augen-blicke-afrika.de\/blog\/wp-content\/uploads\/2015\/09\/miners.jpg\"><img loading=\"lazy\" decoding=\"async\" class=\"alignnone size-full wp-image-2168\" src=\"http:\/\/www.augen-blicke-afrika.de\/blog\/wp-content\/uploads\/2015\/09\/miners.jpg\" alt=\"miners\" width=\"500\" height=\"333\" srcset=\"http:\/\/www.augen-blicke-afrika.de\/blog\/wp-content\/uploads\/2015\/09\/miners.jpg 500w, http:\/\/www.augen-blicke-afrika.de\/blog\/wp-content\/uploads\/2015\/09\/miners-300x200.jpg 300w, http:\/\/www.augen-blicke-afrika.de\/blog\/wp-content\/uploads\/2015\/09\/miners-450x300.jpg 450w\" sizes=\"auto, (max-width: 500px) 100vw, 500px\" \/><\/a><\/p>\n<h1>Miners Shot Down<\/h1>\n<h3>Dokumentarfilm, S\u00fcdafrika 2014, R.: Rehad Desai, 86 Min., OF, dt. UT<\/h3>\n<\/td>\n<\/tr>\n<\/thead>\n<tbody>\n<tr>\n<td>In den Minen S\u00fcdafrikas kommt es immer wieder zu Streiks. Die Lebens- und Arbeitsbedingungen der Minenarbeiter sind miserabel, die Bezahlung ist schlecht. Auch nach dem Ende des Apartheidregimes hat sich ihre Situation nicht wesentlich ver\u00e4ndert.<br \/>\nIm August 2012 sind die Verhandlungen mit dem Arbeitgeber der Platin-Mine von Marikana im Nordosten des Landes festgefahren, die Arbeiter f\u00fchlen sich von den rivalisierenden m\u00e4chtigen Ge\u00adwerk\u00adschaftsf\u00fchrern nicht mehr vertreten. Ein \u201ewilder\u201c Streik beginnt, der nach sieben Tagen in einem Blutbad endet.<br \/>\n3.000 streikenden Minenarbeitern mit St\u00f6cken und Macheten bewaffnet stehen 1.500 hoch ger\u00fcstete Polizeikr\u00e4fte gegen\u00fcber \u2013 eine ausweglose Lage. Die Streikenden treten den R\u00fcckzug an, doch dann werden sie beschossen: Am 16. August finden 34 Bergarbeiter den Tod, mindestens 78 werden schwer verletzt.<br \/>\nDieser politisch brisante Film geht anhand von beeindruckenden Filmmaterialien, Augenzeugenberichten und Interviews der Frage nach: Wer ist verantwortlich f\u00fcr das Massaker?<\/td>\n<\/tr>\n<tr>\n<td style=\"border-bottom: none;\">\n<p class=\"hide-if-no-js\"><a href=\"http:\/\/www.augen-blicke-afrika.de\/blog\/wp-content\/uploads\/2015\/09\/miners_poster.jpg\"><img loading=\"lazy\" decoding=\"async\" class=\"size-full wp-image-2167 alignleft\" src=\"http:\/\/www.augen-blicke-afrika.de\/blog\/wp-content\/uploads\/2015\/09\/miners_poster.jpg\" alt=\"miners_poster\" width=\"117\" height=\"165\" \/><\/a><\/p>\n<p><strong>Rehad Desai<\/strong>, geb. in S\u00fcdafrika, studierte in Simbabwe Geschichte, nach l\u00e4ngerer Zeit im Exil lebt er seit 1990 wieder in S\u00fcdafrika und beendete dort 1997 sein Studium in Sozialwissenschaften. Seit 1996 arbeitet er als Regisseur und Produzent mit eigener Produktionsfirma. Sein Schwerpunkt sind historische und sozialpolitische Dokumentarfilme, f\u00fcr die er schon zahlreiche Auszeichnungen erhielt. \u201eMiners shot down\u201c erhielt u.a. beim FESPACO 2015 den Preis als bester Dokumentarfilm.<\/td>\n<\/tr>\n<\/tbody>\n<\/table>\n<p>In Anwesenheit des britischen Menschenrechtsanwalts James Nichol.<\/p>\n","protected":false},"excerpt":{"rendered":"<p>Miners Shot Down Dokumentarfilm, S\u00fcdafrika 2014, R.: Rehad Desai, 86 Min., OF, dt. UT In den Minen S\u00fcdafrikas kommt es immer wieder zu Streiks. Die Lebens- und Arbeitsbedingungen der Minenarbeiter sind miserabel, die Bezahlung ist schlecht. Auch nach dem Ende &hellip; <a href=\"http:\/\/www.augen-blicke-afrika.de\/blog\/archiv\/archiv-2015\/filme-2015\/miners-shot-down\/\">Weiterlesen <span class=\"meta-nav\">&rarr;<\/span><\/a><\/p>\n","protected":false},"author":3,"featured_media":0,"parent":2076,"menu_order":0,"comment_status":"closed","ping_status":"closed","template":"afrika2015_oh.php","meta":{"footnotes":""},"class_list":["post-2266","page","type-page","status-publish","hentry"],"_links":{"self":[{"href":"http:\/\/www.augen-blicke-afrika.de\/blog\/wp-json\/wp\/v2\/pages\/2266","targetHints":{"allow":["GET"]}}],"collection":[{"href":"http:\/\/www.augen-blicke-afrika.de\/blog\/wp-json\/wp\/v2\/pages"}],"about":[{"href":"http:\/\/www.augen-blicke-afrika.de\/blog\/wp-json\/wp\/v2\/types\/page"}],"author":[{"embeddable":true,"href":"http:\/\/www.augen-blicke-afrika.de\/blog\/wp-json\/wp\/v2\/users\/3"}],"replies":[{"embeddable":true,"href":"http:\/\/www.augen-blicke-afrika.de\/blog\/wp-json\/wp\/v2\/comments?post=2266"}],"version-history":[{"count":3,"href":"http:\/\/www.augen-blicke-afrika.de\/blog\/wp-json\/wp\/v2\/pages\/2266\/revisions"}],"predecessor-version":[{"id":2793,"href":"http:\/\/www.augen-blicke-afrika.de\/blog\/wp-json\/wp\/v2\/pages\/2266\/revisions\/2793"}],"up":[{"embeddable":true,"href":"http:\/\/www.augen-blicke-afrika.de\/blog\/wp-json\/wp\/v2\/pages\/2076"}],"wp:attachment":[{"href":"http:\/\/www.augen-blicke-afrika.de\/blog\/wp-json\/wp\/v2\/media?parent=2266"}],"curies":[{"name":"wp","href":"https:\/\/api.w.org\/{rel}","templated":true}]}}