{"id":2264,"date":"2015-09-24T12:29:21","date_gmt":"2015-09-24T10:29:21","guid":{"rendered":"http:\/\/www.augen-blicke-afrika.de\/blog\/?page_id=2264"},"modified":"2022-09-18T18:05:22","modified_gmt":"2022-09-18T16:05:22","slug":"ady-gasy-the-malagasy-way","status":"publish","type":"page","link":"http:\/\/www.augen-blicke-afrika.de\/blog\/archiv\/archiv-2015\/filme-2015\/ady-gasy-the-malagasy-way\/","title":{"rendered":"Ady gasy \u2013 The Malagasy way"},"content":{"rendered":"<table style=\"height: 356px;\" width=\"756\">\n<thead>\n<tr>\n<td>\n<p class=\"hide-if-no-js\"><a href=\"http:\/\/www.augen-blicke-afrika.de\/blog\/wp-content\/uploads\/2015\/09\/ady.jpg\"><img loading=\"lazy\" decoding=\"async\" class=\"alignnone size-full wp-image-2170\" src=\"http:\/\/www.augen-blicke-afrika.de\/blog\/wp-content\/uploads\/2015\/09\/ady.jpg\" alt=\"ady\" width=\"500\" height=\"336\" srcset=\"http:\/\/www.augen-blicke-afrika.de\/blog\/wp-content\/uploads\/2015\/09\/ady.jpg 500w, http:\/\/www.augen-blicke-afrika.de\/blog\/wp-content\/uploads\/2015\/09\/ady-300x202.jpg 300w, http:\/\/www.augen-blicke-afrika.de\/blog\/wp-content\/uploads\/2015\/09\/ady-446x300.jpg 446w\" sizes=\"auto, (max-width: 500px) 100vw, 500px\" \/><\/a><\/p>\n<h1>Ady gasy \u2013 The Malagasy way<\/h1>\n<h3>Dokumentarfilm, Madagaskar 2014, R.: Nantenaina Lova, 84 Min., OF, engl. UT<\/h3>\n<\/td>\n<\/tr>\n<\/thead>\n<tbody>\n<tr>\n<td>Der Film ist eine poetische Reise in die Lebenswelten und die Kultur der Bev\u00f6lkerung Madagaskars. Ihre widrigen Lebensumst\u00e4nde haben Bauern und K\u00fcnstlerInnen nicht resignieren lassen, sondern sie reagieren und agieren auf kreative Weise.<br \/>\n\u00dcberleben ist oft nur durch Einfallsreichtum m\u00f6glich und so hat sich eine lebendige Recycling-Kultur entwickelt. Auch Musik und Theater spielen eine gro\u00dfe Rolle beim \u00dcberleben und so vermittelt der Film ein beeindruckendes Bild traditioneller Sitten und Gebr\u00e4uche von der viertgr\u00f6\u00dften Insel der Welt im Indischen Ozean, die zum afrikanischen Kontinent geh\u00f6rt.<\/td>\n<\/tr>\n<tr>\n<td style=\"border-bottom: none;\">\n<p class=\"hide-if-no-js\"><a href=\"http:\/\/www.augen-blicke-afrika.de\/blog\/wp-content\/uploads\/2015\/09\/ady_poster.jpg\"><img loading=\"lazy\" decoding=\"async\" class=\"size-full wp-image-2169 alignleft\" src=\"http:\/\/www.augen-blicke-afrika.de\/blog\/wp-content\/uploads\/2015\/09\/ady_poster.jpg\" alt=\"ady_poster\" width=\"117\" height=\"165\"><\/a><\/p>\n<p><strong>Nantenaina Lova<\/strong>, geb. 1977 in Madagaskar, verlie\u00df 1999 wegen anhaltender politischer Unruhen sein Land und studierte in Frankreich Sozialwissenschaften. Zur\u00fcck in Madagaskar arbeitete er von 2003 &#8211; 2005 als Zeitungsjournalist. Danach besuchte er die ESAV Filmschule in Toulouse. \u201eAdy Gasy\u201c ist sein erster langer Dokumentarfilm.<br \/>\nMit seiner Filmproduktionsfirma will er andere Regisseure auf der Insel unterst\u00fctzen und somit das unabh\u00e4ngige Madagaskar-Kino ausbauen.<\/td>\n<\/tr>\n<\/tbody>\n<\/table>\n<p>&nbsp;<\/p>\n","protected":false},"excerpt":{"rendered":"<p>Ady gasy \u2013 The Malagasy way Dokumentarfilm, Madagaskar 2014, R.: Nantenaina Lova, 84 Min., OF, engl. UT Der Film ist eine poetische Reise in die Lebenswelten und die Kultur der Bev\u00f6lkerung Madagaskars. Ihre widrigen Lebensumst\u00e4nde haben Bauern und K\u00fcnstlerInnen nicht &hellip; <a href=\"http:\/\/www.augen-blicke-afrika.de\/blog\/archiv\/archiv-2015\/filme-2015\/ady-gasy-the-malagasy-way\/\">Weiterlesen <span class=\"meta-nav\">&rarr;<\/span><\/a><\/p>\n","protected":false},"author":3,"featured_media":2073,"parent":2076,"menu_order":0,"comment_status":"closed","ping_status":"closed","template":"afrika2015_oh.php","meta":{"footnotes":""},"class_list":["post-2264","page","type-page","status-publish","has-post-thumbnail","hentry"],"_links":{"self":[{"href":"http:\/\/www.augen-blicke-afrika.de\/blog\/wp-json\/wp\/v2\/pages\/2264","targetHints":{"allow":["GET"]}}],"collection":[{"href":"http:\/\/www.augen-blicke-afrika.de\/blog\/wp-json\/wp\/v2\/pages"}],"about":[{"href":"http:\/\/www.augen-blicke-afrika.de\/blog\/wp-json\/wp\/v2\/types\/page"}],"author":[{"embeddable":true,"href":"http:\/\/www.augen-blicke-afrika.de\/blog\/wp-json\/wp\/v2\/users\/3"}],"replies":[{"embeddable":true,"href":"http:\/\/www.augen-blicke-afrika.de\/blog\/wp-json\/wp\/v2\/comments?post=2264"}],"version-history":[{"count":9,"href":"http:\/\/www.augen-blicke-afrika.de\/blog\/wp-json\/wp\/v2\/pages\/2264\/revisions"}],"predecessor-version":[{"id":6912,"href":"http:\/\/www.augen-blicke-afrika.de\/blog\/wp-json\/wp\/v2\/pages\/2264\/revisions\/6912"}],"up":[{"embeddable":true,"href":"http:\/\/www.augen-blicke-afrika.de\/blog\/wp-json\/wp\/v2\/pages\/2076"}],"wp:featuredmedia":[{"embeddable":true,"href":"http:\/\/www.augen-blicke-afrika.de\/blog\/wp-json\/wp\/v2\/media\/2073"}],"wp:attachment":[{"href":"http:\/\/www.augen-blicke-afrika.de\/blog\/wp-json\/wp\/v2\/media?parent=2264"}],"curies":[{"name":"wp","href":"https:\/\/api.w.org\/{rel}","templated":true}]}}