{"id":2262,"date":"2015-09-24T12:27:37","date_gmt":"2015-09-24T10:27:37","guid":{"rendered":"http:\/\/www.augen-blicke-afrika.de\/blog\/?page_id=2262"},"modified":"2018-10-10T13:11:58","modified_gmt":"2018-10-10T11:11:58","slug":"born-this-way","status":"publish","type":"page","link":"http:\/\/www.augen-blicke-afrika.de\/blog\/archiv\/archiv-2015\/filme-2015\/born-this-way\/","title":{"rendered":"Born This Way"},"content":{"rendered":"<table style=\"height: 356px;\" width=\"756\">\n<thead>\n<tr>\n<td>\n<p class=\"hide-if-no-js\"><a href=\"http:\/\/www.augen-blicke-afrika.de\/blog\/wp-content\/uploads\/2015\/09\/born.jpg\"><img loading=\"lazy\" decoding=\"async\" class=\"alignnone size-full wp-image-2172\" src=\"http:\/\/www.augen-blicke-afrika.de\/blog\/wp-content\/uploads\/2015\/09\/born.jpg\" alt=\"born\" width=\"500\" height=\"281\" srcset=\"http:\/\/www.augen-blicke-afrika.de\/blog\/wp-content\/uploads\/2015\/09\/born.jpg 500w, http:\/\/www.augen-blicke-afrika.de\/blog\/wp-content\/uploads\/2015\/09\/born-300x169.jpg 300w\" sizes=\"auto, (max-width: 500px) 100vw, 500px\" \/><\/a><\/p>\n<h1>Born This Way<\/h1>\n<h3>Dokumentarfilm, USA \/ Kamerun 2013, R.: Shaun Kadlec, Deb Tullmann,<br \/>\n82 Min., OF engl.\/ frz., dt. UT<\/h3>\n<\/td>\n<\/tr>\n<\/thead>\n<tbody>\n<tr>\n<td>Im Mittelpunkt des Films stehen Cedric und Gertrude, die in Douala, der gr\u00f6\u00dften Stadt Kameruns leben. Beide engagieren sich im Zentrum \u201eAlternatives Cameroun\u201c, offiziell eine HIV\/Aids\u2013Beratungsstelle, unter deren Dach auch Lesben, Schwule, Bisexuelle und Transgender einen Schutz- und Aktionsraum haben.<br \/>\nEs ist der einzige Ort, an dem sich Homosexuelle outen und sicher f\u00fchlen k\u00f6nnen.<br \/>\nDenn der Druck und die Bedrohung durch Freunde und Familie und Gef\u00e4ngnisstrafen bis zu f\u00fcnf Jahren lassen es nicht zu, ein freies, selbstbestimmtes Leben zu f\u00fchren.<br \/>\nDer Film bietet einen intimen Einblick in das t\u00e4gliche Leben dieser AktivistInnen, die den Mut haben, an die \u00d6ffentlichkeit zu gehen, damit sich endlich die verst\u00e4ndnislose, aggressive gesellschaftliche Haltung gegen\u00fcber Homosexuellen wandelt. Unterst\u00fctzt wird die Organisation von der Anw\u00e4ltin und Menschenrechtlerin Alice Nkom, die seit vielen Jahren wegen Homosexualit\u00e4t angeklagte Personen vor Gericht vertritt.<\/td>\n<\/tr>\n<tr>\n<td style=\"border-bottom: none;\">\n<p class=\"hide-if-no-js\"><a href=\"http:\/\/www.augen-blicke-afrika.de\/blog\/wp-content\/uploads\/2015\/09\/born_poster.jpg\"><img loading=\"lazy\" decoding=\"async\" class=\"size-full wp-image-2171 alignleft\" src=\"http:\/\/www.augen-blicke-afrika.de\/blog\/wp-content\/uploads\/2015\/09\/born_poster.jpg\" alt=\"born_poster\" width=\"117\" height=\"175\" \/><\/a><\/p>\n<p><strong>Shaun Kadlec<\/strong> und <strong>Deb Tullmann<\/strong> arbeiten seit acht Jahren im Bereich Dokumentarfilm zusammen. \u201eBorn This Way\u201c ist ihre erste lange Dokumentation. F\u00fcr dieses sensible Thema hatten sie keine Dreherlaubnis in Kamerun. Au\u00dferhalb des Privatbereichs haben sie deshalb mit versteckter Kamera gedreht.<\/td>\n<\/tr>\n<\/tbody>\n<\/table>\n<p>Queer Africa<\/p>\n<h3>In Kooperation mit <em>umdenken<\/em> \u2013 Heinrich-B\u00f6ll-Stiftung Hamburg e.V.<br \/>\n(Gef\u00f6rdert mit Mitteln der Landeszentrale f\u00fcr politische Bildung Hamburg), mit Queeramnesty und dem Lesben- und Schwulenverband in Deutschland.<\/h3>\n<p><a href=\"http:\/\/www.augen-blicke-afrika.de\/blog\/wp-content\/uploads\/2014\/10\/bestes-umdenken-Logo1225611.png\"><img loading=\"lazy\" decoding=\"async\" class=\"wp-image-1823 alignnone\" style=\"border: none; padding: 0px;\" src=\"http:\/\/www.augen-blicke-afrika.de\/blog\/wp-content\/uploads\/2014\/10\/bestes-umdenken-Logo1225611.png\" alt=\"bestes umdenken Logo1225611\" width=\"83\" height=\"37\" \/><\/a><a href=\"http:\/\/www.augen-blicke-afrika.de\/blog\/wp-content\/uploads\/2012\/09\/QA_Logo_Print_rgb.jpg\">\u00a0\u00a0 <img loading=\"lazy\" decoding=\"async\" class=\"alignnone wp-image-2642\" style=\"border: none; padding: 0px;\" src=\"http:\/\/www.augen-blicke-afrika.de\/blog\/wp-content\/uploads\/2012\/09\/QA_Logo_Print_rgb-300x60.jpg\" alt=\"QA_Logo_Print_rgb\" width=\"185\" height=\"37\" srcset=\"http:\/\/www.augen-blicke-afrika.de\/blog\/wp-content\/uploads\/2012\/09\/QA_Logo_Print_rgb-300x60.jpg 300w, http:\/\/www.augen-blicke-afrika.de\/blog\/wp-content\/uploads\/2012\/09\/QA_Logo_Print_rgb-500x100.jpg 500w, http:\/\/www.augen-blicke-afrika.de\/blog\/wp-content\/uploads\/2012\/09\/QA_Logo_Print_rgb.jpg 515w\" sizes=\"auto, (max-width: 185px) 100vw, 185px\" \/><\/a><a href=\"http:\/\/www.augen-blicke-afrika.de\/blog\/wp-content\/uploads\/2012\/09\/LSVD_4-c_Mac_m_Namen.png\">\u00a0\u00a0 <img loading=\"lazy\" decoding=\"async\" class=\"wp-image-2652 alignnone\" style=\"border: none; padding: 0px;\" src=\"http:\/\/www.augen-blicke-afrika.de\/blog\/wp-content\/uploads\/2012\/09\/LSVD_4-c_Mac_m_Namen-300x144.png\" alt=\"LSVD_4-c_Mac_m_Namen\" width=\"76\" height=\"37\" srcset=\"http:\/\/www.augen-blicke-afrika.de\/blog\/wp-content\/uploads\/2012\/09\/LSVD_4-c_Mac_m_Namen-300x144.png 300w, http:\/\/www.augen-blicke-afrika.de\/blog\/wp-content\/uploads\/2012\/09\/LSVD_4-c_Mac_m_Namen.png 421w\" sizes=\"auto, (max-width: 76px) 100vw, 76px\" \/><\/a><\/p>\n","protected":false},"excerpt":{"rendered":"<p>Born This Way Dokumentarfilm, USA \/ Kamerun 2013, R.: Shaun Kadlec, Deb Tullmann, 82 Min., OF engl.\/ frz., dt. UT Im Mittelpunkt des Films stehen Cedric und Gertrude, die in Douala, der gr\u00f6\u00dften Stadt Kameruns leben. Beide engagieren sich im &hellip; <a href=\"http:\/\/www.augen-blicke-afrika.de\/blog\/archiv\/archiv-2015\/filme-2015\/born-this-way\/\">Weiterlesen <span class=\"meta-nav\">&rarr;<\/span><\/a><\/p>\n","protected":false},"author":3,"featured_media":0,"parent":2076,"menu_order":0,"comment_status":"closed","ping_status":"closed","template":"afrika2015_oh.php","meta":{"footnotes":""},"class_list":["post-2262","page","type-page","status-publish","hentry"],"_links":{"self":[{"href":"http:\/\/www.augen-blicke-afrika.de\/blog\/wp-json\/wp\/v2\/pages\/2262","targetHints":{"allow":["GET"]}}],"collection":[{"href":"http:\/\/www.augen-blicke-afrika.de\/blog\/wp-json\/wp\/v2\/pages"}],"about":[{"href":"http:\/\/www.augen-blicke-afrika.de\/blog\/wp-json\/wp\/v2\/types\/page"}],"author":[{"embeddable":true,"href":"http:\/\/www.augen-blicke-afrika.de\/blog\/wp-json\/wp\/v2\/users\/3"}],"replies":[{"embeddable":true,"href":"http:\/\/www.augen-blicke-afrika.de\/blog\/wp-json\/wp\/v2\/comments?post=2262"}],"version-history":[{"count":6,"href":"http:\/\/www.augen-blicke-afrika.de\/blog\/wp-json\/wp\/v2\/pages\/2262\/revisions"}],"predecessor-version":[{"id":2809,"href":"http:\/\/www.augen-blicke-afrika.de\/blog\/wp-json\/wp\/v2\/pages\/2262\/revisions\/2809"}],"up":[{"embeddable":true,"href":"http:\/\/www.augen-blicke-afrika.de\/blog\/wp-json\/wp\/v2\/pages\/2076"}],"wp:attachment":[{"href":"http:\/\/www.augen-blicke-afrika.de\/blog\/wp-json\/wp\/v2\/media?parent=2262"}],"curies":[{"name":"wp","href":"https:\/\/api.w.org\/{rel}","templated":true}]}}